{"id":949,"date":"2025-03-26T17:33:27","date_gmt":"2025-03-26T16:33:27","guid":{"rendered":"https:\/\/www.acapp.fr\/?page_id=949"},"modified":"2025-08-22T16:35:00","modified_gmt":"2025-08-22T14:35:00","slug":"croatie","status":"publish","type":"page","link":"https:\/\/www.acapp.fr\/index.php\/sorties-culturelles\/croatie\/","title":{"rendered":"Croatie"},"content":{"rendered":"\n<p class=\"has-text-align-center has-foreground-color has-secondary-background-color has-text-color has-background has-link-color has-large-font-size wp-elements-cbc0f023c3160c4b507c6176d504a77c\"><strong>LES JOYAUX DE LA CROATIE<\/strong><\/p>\n\n\n\n<p class=\"has-text-align-center has-vivid-red-color has-text-color has-link-color has-large-font-size wp-elements-17534a7dea838a0a857f8308d5347a02\"><strong>8 jours du 23 au 30 septembre 2025<\/strong><\/p>\n\n\n<p><span style=\"color: #000000;\">La Croatie s\u00e9duit autant par ses paysages idylliques que par son patrimoine culturel, d\u2019une extraordinaire richesse, h\u00e9rit\u00e9 des \u00e9poques antique, m\u00e9di\u00e9vale et renaissance. Nous d\u00e9couvrirons des villes m\u00e9di\u00e9vales \u00e0 l\u2019allure v\u00e9nitienne dont Dubrovnik est l\u2019un des joyaux\u2026 Le tout sublim\u00e9 par une nature d&rsquo;une rare magnificence, o\u00f9 mer et montagne s&rsquo;enlacent, o\u00f9 l\u2019eau se fait tant\u00f4t limpide, tant\u00f4t azur entre les \u00eeles du littoral ou dans les Bouches de Kotor, incontournable excursion mont\u00e9n\u00e9grine aux portes de la Croatie\u2026<\/span><\/p>\n<p><span style=\"color: #000000;\"><strong><u>JOUR 1<\/u><\/strong><strong>\u00a0: <u>MARSEILLE \/ DUBROVNIK<\/u><\/strong><\/span><\/p>\n<p><span style=\"color: #000000;\">Rendez-vous de <strong>tous les participants<\/strong> <strong>\u00e0 la gare routi\u00e8re du Palio \u00e0 Istres<\/strong> et d\u00e9part en autocar jusqu\u2019\u00e0 <strong>l\u2019a\u00e9roport de Marseille-Provence. <\/strong>Accueil et assistance d\u2019un repr\u00e9sentant Sabardu Tourisme. Formalit\u00e9s d\u2019enregistrement. Envol pour Dubrovnik <strong>sur vol direct de la compagnie Volotea.<\/strong> Accueil \u00e0 l\u2019arriv\u00e9e par votre guide et transfert \u00e0 votre h\u00f4tel dans la r\u00e9gion de Dubrovnik. Installation \u00e0 l\u2019h\u00f4tel. D\u00eener et logement.<\/span><\/p>\n\n\n<figure class=\"wp-block-gallery has-nested-images columns-default is-cropped wp-block-gallery-1 is-layout-flex wp-block-gallery-is-layout-flex\">\n<figure class=\"wp-block-image size-large\"><a href=\"https:\/\/www.acapp.fr\/wp-content\/uploads\/2025\/03\/Dubrovnik-2-1.jpg\"><img loading=\"lazy\" decoding=\"async\" width=\"540\" height=\"312\" data-id=\"950\" src=\"https:\/\/www.acapp.fr\/wp-content\/uploads\/2025\/03\/Dubrovnik-2-1.jpg\" alt=\"\" class=\"wp-image-950\" srcset=\"https:\/\/www.acapp.fr\/wp-content\/uploads\/2025\/03\/Dubrovnik-2-1.jpg 540w, https:\/\/www.acapp.fr\/wp-content\/uploads\/2025\/03\/Dubrovnik-2-1-300x173.jpg 300w\" sizes=\"auto, (max-width: 540px) 100vw, 540px\" \/><\/a><\/figure>\n\n\n\n<figure class=\"wp-block-image size-large\"><a href=\"https:\/\/www.acapp.fr\/wp-content\/uploads\/2025\/03\/Dubrovnik.jpg\"><img loading=\"lazy\" decoding=\"async\" width=\"540\" height=\"312\" data-id=\"951\" src=\"https:\/\/www.acapp.fr\/wp-content\/uploads\/2025\/03\/Dubrovnik.jpg\" alt=\"\" class=\"wp-image-951\" srcset=\"https:\/\/www.acapp.fr\/wp-content\/uploads\/2025\/03\/Dubrovnik.jpg 540w, https:\/\/www.acapp.fr\/wp-content\/uploads\/2025\/03\/Dubrovnik-300x173.jpg 300w\" sizes=\"auto, (max-width: 540px) 100vw, 540px\" \/><\/a><\/figure>\n<\/figure>\n\n\n<p><span style=\"color: #000000;\"><strong><u>JOUR 2<\/u><\/strong><strong>\u00a0: <\/strong><strong><u>DUBROVNIK<\/u><\/strong><\/span><\/p>\n<p><span style=\"color: #000000;\">Petit-d\u00e9jeuner et d\u00e9part \u00e0 la <strong>d\u00e9couverte des beaut\u00e9s<\/strong> <strong>de Dubrovnik<\/strong>, ville unique, enserr\u00e9e dans ses remparts, semblant flotter entre mer et montagne. Accueil par le guide local et<strong> visite de la ville avec le couvent des franciscains<\/strong>. Puis promenade \u00e0 pied dans les all\u00e9es romantiques de la ville. Vous ne d\u00e9couvrirez pas seulement les lieux les plus embl\u00e9matiques mais vous ressentirez aussi l\u2019atmosph\u00e8re sp\u00e9ciale, presque mystique qui se d\u00e9gage des vieux murs en pierre. D\u00e9jeuner. L\u2019apr\u00e8s-midi, temps libre pour fl\u00e2ner dans la merveilleuse ville de Dubrovnik. Retour \u00e0 l\u2019h\u00f4tel. D\u00eener et nuit.<\/span><\/p>\n\n\n<figure class=\"wp-block-image aligncenter size-full is-resized\"><a href=\"https:\/\/www.acapp.fr\/wp-content\/uploads\/2025\/03\/Bouches-de-kotor.webp\"><img loading=\"lazy\" decoding=\"async\" width=\"185\" height=\"119\" src=\"https:\/\/www.acapp.fr\/wp-content\/uploads\/2025\/03\/Bouches-de-kotor.webp\" alt=\"\" class=\"wp-image-952\" style=\"width:273px;height:auto\"\/><\/a><\/figure>\n\n\n<p><span style=\"color: #000000;\"><strong><u>JOUR 3<\/u><\/strong><strong>\u00a0:<u> LES BOUCHES DE KOTOR (Au Mont\u00e9n\u00e9gro)<\/u><\/strong><\/span><\/p>\n<p><span style=\"color: #000000;\">Petit-d\u00e9jeuner et <strong>excursion \u00e0 la journ\u00e9e au Mont\u00e9n\u00e9gro<\/strong> <strong>et d\u00e9couverte des Bouches de Kotor,<\/strong> <strong>le plus grand fjord de l\u2019Adriatique<\/strong>. En longeant la c\u00f4te escarp\u00e9e, arr\u00eat dans la ville baroque de<strong> Peras<\/strong>t. Courte <strong>travers\u00e9e en bateau <\/strong>de Perast jusqu\u2019\u00e0 la petite \u00eele situ\u00e9e juste en face. <strong>Visite de l\u2019\u00e9glise Notre-Dame des Rochers <\/strong>dont l&rsquo;int\u00e9rieur, tr\u00e8s richement d\u00e9cor\u00e9, abrite une soixantaine de peintures r\u00e9alis\u00e9es par Tripo Kokolja, un artiste originaire de Perast. Retour vers l\u2019embarcad\u00e8re et un cours trajet vous conduira vers Kotor, lieu du d\u00e9jeuner. <em><strong>Kotor est une ville impr\u00e9gn\u00e9e de tradition et d&rsquo;histoire, d&rsquo;o\u00f9 l&rsquo;on peut admirer un panorama somptueux<\/strong><\/em>. Apr\u00e8s-midi, <strong>visite du centre historique de Kotor i<\/strong><em><strong>nscrit au patrimoine mondial de l\u2019Unesco<\/strong><\/em><strong>.<\/strong> La vieille ville fut construite entre le XII\u00e8me et le XIV\u00e8me si\u00e8cle et regorge de monuments historiques d&rsquo;architecture m\u00e9di\u00e9vale. Les remparts de 4 km qui ont prot\u00e9g\u00e9 Kotor pendant des si\u00e8cles s&rsquo;\u00e9l\u00e8vent jusqu&rsquo;\u00e0 la forteresse de Saint Ivan. Temps libre <strong>puis travers\u00e9e en ferry de Lepetane \u00e0 Kamenari <\/strong>avant de rejoindre la Croatie. D\u00eener et logement \u00e0 votre h\u00f4tel.<\/span><\/p>\n\n\n<figure class=\"wp-block-gallery has-nested-images columns-default is-cropped wp-block-gallery-2 is-layout-flex wp-block-gallery-is-layout-flex\">\n<figure class=\"wp-block-image size-large\"><a href=\"https:\/\/www.acapp.fr\/wp-content\/uploads\/2025\/03\/split-1-1.jpg\"><img loading=\"lazy\" decoding=\"async\" width=\"540\" height=\"312\" data-id=\"957\" src=\"https:\/\/www.acapp.fr\/wp-content\/uploads\/2025\/03\/split-1-1.jpg\" alt=\"\" class=\"wp-image-957\" srcset=\"https:\/\/www.acapp.fr\/wp-content\/uploads\/2025\/03\/split-1-1.jpg 540w, https:\/\/www.acapp.fr\/wp-content\/uploads\/2025\/03\/split-1-1-300x173.jpg 300w\" sizes=\"auto, (max-width: 540px) 100vw, 540px\" \/><\/a><\/figure>\n\n\n\n<figure class=\"wp-block-image size-large\"><a href=\"https:\/\/www.acapp.fr\/wp-content\/uploads\/2025\/03\/split-2-1.jpg\"><img loading=\"lazy\" decoding=\"async\" width=\"540\" height=\"312\" data-id=\"958\" src=\"https:\/\/www.acapp.fr\/wp-content\/uploads\/2025\/03\/split-2-1.jpg\" alt=\"\" class=\"wp-image-958\" srcset=\"https:\/\/www.acapp.fr\/wp-content\/uploads\/2025\/03\/split-2-1.jpg 540w, https:\/\/www.acapp.fr\/wp-content\/uploads\/2025\/03\/split-2-1-300x173.jpg 300w\" sizes=\"auto, (max-width: 540px) 100vw, 540px\" \/><\/a><\/figure>\n<\/figure>\n\n\n\n<figure class=\"wp-block-gallery has-nested-images columns-default is-cropped wp-block-gallery-3 is-layout-flex wp-block-gallery-is-layout-flex\">\n<figure class=\"wp-block-image size-large\"><a href=\"https:\/\/www.acapp.fr\/wp-content\/uploads\/2025\/03\/Trogir-1-1.jpg\"><img loading=\"lazy\" decoding=\"async\" width=\"540\" height=\"312\" data-id=\"959\" src=\"https:\/\/www.acapp.fr\/wp-content\/uploads\/2025\/03\/Trogir-1-1.jpg\" alt=\"\" class=\"wp-image-959\" srcset=\"https:\/\/www.acapp.fr\/wp-content\/uploads\/2025\/03\/Trogir-1-1.jpg 540w, https:\/\/www.acapp.fr\/wp-content\/uploads\/2025\/03\/Trogir-1-1-300x173.jpg 300w\" sizes=\"auto, (max-width: 540px) 100vw, 540px\" \/><\/a><\/figure>\n\n\n\n<figure class=\"wp-block-image size-large\"><a href=\"https:\/\/www.acapp.fr\/wp-content\/uploads\/2025\/03\/Trogir-2-1.jpg\"><img loading=\"lazy\" decoding=\"async\" width=\"540\" height=\"312\" data-id=\"960\" src=\"https:\/\/www.acapp.fr\/wp-content\/uploads\/2025\/03\/Trogir-2-1.jpg\" alt=\"\" class=\"wp-image-960\" srcset=\"https:\/\/www.acapp.fr\/wp-content\/uploads\/2025\/03\/Trogir-2-1.jpg 540w, https:\/\/www.acapp.fr\/wp-content\/uploads\/2025\/03\/Trogir-2-1-300x173.jpg 300w\" sizes=\"auto, (max-width: 540px) 100vw, 540px\" \/><\/a><\/figure>\n<\/figure>\n\n\n<p><span style=\"color: #000000;\"><strong><u>JOUR 4<\/u><\/strong><strong>\u00a0: <u>DUBROVNIK \/ SPLIT \/ TROGIR<\/u><\/strong><\/span><\/p>\n<p><span style=\"color: #000000;\">Petit-d\u00e9jeuner puis d\u00e9part en direction de <strong>Split, la capitale de la Dalmatie<\/strong>. D\u00e9jeuner en cours de route. En d\u00e9but d\u2019apr\u00e8s-midi, arriv\u00e9e \u00e0 Split et rencontre avec votre guide local. D\u00e9part le long de la promenade maritime jusqu\u2019\u00e0 la porte sud du palais de Diocl\u00e9tien. <strong>Le centre historique de la ville, inscrit au patrimoine culturel de l\u2019Unesco, est blotti dans l\u2019enceinte du gigantesque palais romain <\/strong>et offre l\u2019exemple unique d\u2019une cit\u00e9 qui s\u2019est d\u00e9velopp\u00e9e au sein d\u2019une demeure priv\u00e9e. <strong>Visite <\/strong><strong>de la ville et d\u00e9couverte du palais de l\u2019empereur Diocl\u00e9tien avec acc\u00e8s au sous-sol du palais inclus. <\/strong>Continuation en direction de<strong> Trogir, v\u00e9ritable bijou du moyen-\u00e2ge, class\u00e9 patrimoine mondial par l\u2019Unesco<\/strong>. <strong>En compagnie de votre guide, promenade dans les ruelles d\u00e9voilant de nombreuses \u00e9glises et<\/strong> <strong>palais gothiques<\/strong>, pour arriver jusqu\u2019\u00e0 la Grand\u2019Place o\u00f9<strong> vous visiterez la cath\u00e9drale <\/strong>et son portail, chef d\u2019\u0153uvre de l\u2019art roman. Installation \u00e0 l\u2019h\u00f4tel dans la r\u00e9gion de Sibenik ou Vodice. D\u00eener et nuit.<\/span><\/p>\n\n\n<figure class=\"wp-block-gallery has-nested-images columns-default is-cropped wp-block-gallery-4 is-layout-flex wp-block-gallery-is-layout-flex\">\n<figure class=\"wp-block-image size-large\"><a href=\"https:\/\/www.acapp.fr\/wp-content\/uploads\/2025\/03\/Chutes-de-la-krka.jpg\"><img loading=\"lazy\" decoding=\"async\" width=\"184\" height=\"144\" data-id=\"961\" src=\"https:\/\/www.acapp.fr\/wp-content\/uploads\/2025\/03\/Chutes-de-la-krka.jpg\" alt=\"\" class=\"wp-image-961\"\/><\/a><\/figure>\n\n\n\n<figure class=\"wp-block-image size-large\"><a href=\"https:\/\/www.acapp.fr\/wp-content\/uploads\/2025\/03\/Sibenik.jpg\"><img loading=\"lazy\" decoding=\"async\" width=\"540\" height=\"312\" data-id=\"962\" src=\"https:\/\/www.acapp.fr\/wp-content\/uploads\/2025\/03\/Sibenik.jpg\" alt=\"\" class=\"wp-image-962\" srcset=\"https:\/\/www.acapp.fr\/wp-content\/uploads\/2025\/03\/Sibenik.jpg 540w, https:\/\/www.acapp.fr\/wp-content\/uploads\/2025\/03\/Sibenik-300x173.jpg 300w\" sizes=\"auto, (max-width: 540px) 100vw, 540px\" \/><\/a><\/figure>\n<\/figure>\n\n\n<p><span style=\"color: #000000;\"><strong><u>JOUR 5<\/u><\/strong><strong>\u00a0: <u>SIBENIK \/ CHUTES DE LA KRKA<\/u><\/strong><\/span><\/p>\n<p><span style=\"color: #000000;\">Petit-d\u00e9jeuner et d\u00e9part pour <strong>\u0160ibenik<\/strong>, l&rsquo;une des plus belles villes de Dalmatie centrale. Domin\u00e9e par une forteresse, \u0160ibenik conserve un riche patrimoine rappelant son pass\u00e9 v\u00e9nitien. \u00c0 cela s&rsquo;ajoute le charme d&rsquo;une cit\u00e9 qui invite \u00e0 la fl\u00e2nerie et \u00e0 l&rsquo;errance, avec ses ruelles dall\u00e9es, son animation et ses boutiques. Rencontre avec le guide local et <strong>visite de la ville<\/strong> <strong>ainsi que<\/strong><strong> la cath\u00e9drale St Jacques,<\/strong> <strong>inscrite au Patrimoine de l&rsquo;humanit\u00e9 par l&rsquo;Unesco<\/strong>. D\u00e9jeuner. Apr\u00e8s-midi, excursion au<strong> parc national des chutes de la Krka<\/strong>, se jetant dans la mer par<strong> une succession de chutes consid\u00e9r\u00e9es comme les plus belles de la M\u00e9diterran\u00e9e. <\/strong>D\u00e9couverte \u00e0 votre rythme de ce parc consid\u00e9r\u00e9 comme l\u2019un des joyaux de la Croatie. Retour \u00e0 votre h\u00f4tel, d\u00eener et logement.<\/span><\/p>\n\n\n<figure class=\"wp-block-gallery has-nested-images columns-default is-cropped wp-block-gallery-5 is-layout-flex wp-block-gallery-is-layout-flex\">\n<figure class=\"wp-block-image size-large\"><a href=\"https:\/\/www.acapp.fr\/wp-content\/uploads\/2025\/03\/Zadar-1.jpg\"><img loading=\"lazy\" decoding=\"async\" width=\"540\" height=\"312\" data-id=\"964\" src=\"https:\/\/www.acapp.fr\/wp-content\/uploads\/2025\/03\/Zadar-1.jpg\" alt=\"\" class=\"wp-image-964\" srcset=\"https:\/\/www.acapp.fr\/wp-content\/uploads\/2025\/03\/Zadar-1.jpg 540w, https:\/\/www.acapp.fr\/wp-content\/uploads\/2025\/03\/Zadar-1-300x173.jpg 300w\" sizes=\"auto, (max-width: 540px) 100vw, 540px\" \/><\/a><\/figure>\n\n\n\n<figure class=\"wp-block-image size-large\"><a href=\"https:\/\/www.acapp.fr\/wp-content\/uploads\/2025\/03\/Zadar-2.jpg\"><img loading=\"lazy\" decoding=\"async\" width=\"540\" height=\"312\" data-id=\"963\" src=\"https:\/\/www.acapp.fr\/wp-content\/uploads\/2025\/03\/Zadar-2.jpg\" alt=\"\" class=\"wp-image-963\" srcset=\"https:\/\/www.acapp.fr\/wp-content\/uploads\/2025\/03\/Zadar-2.jpg 540w, https:\/\/www.acapp.fr\/wp-content\/uploads\/2025\/03\/Zadar-2-300x173.jpg 300w\" sizes=\"auto, (max-width: 540px) 100vw, 540px\" \/><\/a><\/figure>\n<\/figure>\n\n\n<p><span style=\"color: #000000;\"><strong><u>JOUR 6<\/u><\/strong><strong>\u00a0: <u>SIBENIK \/ ZADAR \/ REGION MAKARSKA<\/u><\/strong><\/span><\/p>\n<p><span style=\"color: #000000;\">Petit d\u00e9jeuner et d\u00e9part pour <strong>Zadar<\/strong>, ancienne cit\u00e9 fortifi\u00e9e cern\u00e9e par la mer sur trois c\u00f4t\u00e9s. Elle conserve dans ses murs d&rsquo;inestimables souvenirs de<strong> deux mill\u00e9naires d&rsquo;histoire, depuis le forum romain jusqu&rsquo;aux tr\u00e9sors baroques.<\/strong> Rencontre avec le guide local et tour d\u2019orientation de la ville avec le port, le centre historique et les ravissantes \u00e9glises romanes. <strong>Visite de l\u2019\u00e9glise St Donat,<\/strong> l\u2019un des monuments les plus c\u00e9l\u00e8bres de Croatie et l&#8217;embl\u00e8me de Zadar. La visite se terminera avec <strong>la visite de la cath\u00e9drale. <\/strong>D\u00e9jeuner. Apr\u00e8s le repas, d\u00e9part en direction de la r\u00e9gion de Makarska, en passant par la route \u00ab\u00a0Magistrale\u00a0\u00bb. <strong>Cette route, coinc\u00e9e entre mer et montagne, longe la c\u00f4te Dalmate du nord au sud de la Croatie et offre des points de vue fabuleux sur des villages typiques de Croatie. <\/strong>Installation \u00e0 l\u2019h\u00f4tel, d\u00eener et logement.<\/span><\/p>\n\n\n<figure class=\"wp-block-image aligncenter size-full is-resized\"><a href=\"https:\/\/www.acapp.fr\/wp-content\/uploads\/2025\/03\/Korkula.jpg\"><img loading=\"lazy\" decoding=\"async\" width=\"540\" height=\"312\" src=\"https:\/\/www.acapp.fr\/wp-content\/uploads\/2025\/03\/Korkula.jpg\" alt=\"\" class=\"wp-image-965\" style=\"width:358px;height:auto\" srcset=\"https:\/\/www.acapp.fr\/wp-content\/uploads\/2025\/03\/Korkula.jpg 540w, https:\/\/www.acapp.fr\/wp-content\/uploads\/2025\/03\/Korkula-300x173.jpg 300w\" sizes=\"auto, (max-width: 540px) 100vw, 540px\" \/><\/a><\/figure>\n\n\n<p><span style=\"color: #000000;\"><strong><u>JOUR 7<\/u><\/strong><strong>\u00a0: <u>REGION MAKARSKA \/ KORCULA \/ NEUM<\/u><\/strong><\/span><\/p>\n<p><span style=\"color: #000000;\">Petit-d\u00e9jeuner. D\u00e9part pour une <strong>visite de l\u2019\u00eele de Korcula<\/strong>. Travers\u00e9e en ferry de Ploce \u00e0 Trpanj. Puis embarquement \u00e0 Orebic pour une belle travers\u00e9e. Arriv\u00e9e \u00e0 <strong>Korcula, petite ville mus\u00e9e avec ses maisons du XV<sup>\u00e8me<\/sup> si\u00e8cle<\/strong>, ses petites places orn\u00e9es de palais. D\u00e9jeuner. L\u2019apr\u00e8s-midi, d\u00e9part avec votre guide pour une promenade dans les ruelles de l\u2019\u00eele avec passage devant l\u2019\u00e9glise de Tous les Saints abritant <strong>une collection d\u2019ic\u00f4nes cr\u00e9toises et la maison natale de Marco Polo.<\/strong> <strong>Visite de la cath\u00e9drale St Marc<\/strong> pr\u00e9sentant une fa\u00e7ade orn\u00e9e d&rsquo;une magnifique\u00a0rosace\u00a0et d&rsquo;une splendide\u00a0frise sculpt\u00e9e\u00a0de motifs fantastiques. Reprise du bateau jusqu\u2019\u00e0 Orebic et d\u00e9part vers Neum, en Bosnie Herz\u00e9govine. Installation \u00e0 votre h\u00f4tel dans la r\u00e9gion de Neum. D\u00eener et nuit.<\/span><\/p>\n<p><span style=\"color: #000000;\"><strong><u>JOUR 8<\/u><\/strong><strong>\u00a0: <u>NEUM \/ <\/u><\/strong><strong><u>DUBROVNIK \/ MARSEILLE<\/u><\/strong><\/span><\/p>\n<p><span style=\"color: #000000;\">Petit-d\u00e9jeuner et dans la matin\u00e9e, transfert \u00e0 <strong>l\u2019a\u00e9roport de Dubrovnik.<\/strong> Formalit\u00e9s d\u2019enregistrement. Envol pour Marseille-Provence<strong> sur vol direct Volotea.<\/strong> \u00c0 votre arriv\u00e9e, retour en autocar vers la gare du Palio \u00e0 Istres.<\/span><\/p>\n\n\n<p class=\"has-vivid-green-cyan-color has-text-color has-link-color wp-elements-2a01180342af993cb897cf700604d1f1\"><\/p>\n\n\n\n<p class=\"has-vivid-green-cyan-color has-text-color has-link-color wp-elements-2a01180342af993cb897cf700604d1f1\"><\/p>\n\n\n\n<p><\/p>\n","protected":false},"excerpt":{"rendered":"<p>LES JOYAUX DE LA CROATIE 8 jours du 23 au 30 septembre 2025 La Croatie s\u00e9duit autant par ses paysages idylliques que par son patrimoine culturel, d\u2019une extraordinaire richesse, h\u00e9rit\u00e9 des \u00e9poques antique, m\u00e9di\u00e9vale et renaissance. Nous d\u00e9couvrirons des villes m\u00e9di\u00e9vales \u00e0 l\u2019allure v\u00e9nitienne dont Dubrovnik est l\u2019un des joyaux\u2026 Le tout sublim\u00e9 par une [&hellip;]<\/p>\n","protected":false},"author":1,"featured_media":0,"parent":103,"menu_order":0,"comment_status":"closed","ping_status":"closed","template":"","meta":{"footnotes":""},"class_list":["post-949","page","type-page","status-publish","hentry"],"_links":{"self":[{"href":"https:\/\/www.acapp.fr\/index.php\/wp-json\/wp\/v2\/pages\/949","targetHints":{"allow":["GET"]}}],"collection":[{"href":"https:\/\/www.acapp.fr\/index.php\/wp-json\/wp\/v2\/pages"}],"about":[{"href":"https:\/\/www.acapp.fr\/index.php\/wp-json\/wp\/v2\/types\/page"}],"author":[{"embeddable":true,"href":"https:\/\/www.acapp.fr\/index.php\/wp-json\/wp\/v2\/users\/1"}],"replies":[{"embeddable":true,"href":"https:\/\/www.acapp.fr\/index.php\/wp-json\/wp\/v2\/comments?post=949"}],"version-history":[{"count":2,"href":"https:\/\/www.acapp.fr\/index.php\/wp-json\/wp\/v2\/pages\/949\/revisions"}],"predecessor-version":[{"id":1079,"href":"https:\/\/www.acapp.fr\/index.php\/wp-json\/wp\/v2\/pages\/949\/revisions\/1079"}],"up":[{"embeddable":true,"href":"https:\/\/www.acapp.fr\/index.php\/wp-json\/wp\/v2\/pages\/103"}],"wp:attachment":[{"href":"https:\/\/www.acapp.fr\/index.php\/wp-json\/wp\/v2\/media?parent=949"}],"curies":[{"name":"wp","href":"https:\/\/api.w.org\/{rel}","templated":true}]}}