{"id":942,"date":"2025-03-26T11:21:03","date_gmt":"2025-03-26T10:21:03","guid":{"rendered":"https:\/\/www.acapp.fr\/?page_id=942"},"modified":"2025-03-26T11:21:03","modified_gmt":"2025-03-26T10:21:03","slug":"ateliers-artistes","status":"publish","type":"page","link":"https:\/\/www.acapp.fr\/index.php\/conferences\/ateliers-artistes\/","title":{"rendered":"Ateliers artistes"},"content":{"rendered":"\n<p class=\"has-text-align-center has-foreground-color has-secondary-background-color has-text-color has-background has-link-color has-large-font-size wp-elements-77be616ededfab2e20c96700695ae6c4\"><strong>MARDI 29 AVRIL 2025 \u00c0 18H<\/strong><\/p>\n\n\n\n<p class=\"has-text-align-center has-foreground-color has-text-color has-link-color has-large-font-size wp-elements-e7b52a0c7147f5945336c0e69aa515bf\"><strong>CONF\u00c9RENCE <em>\u00ab\u00a0Les ateliers d&rsquo;artistes \u00bb<\/em><\/strong><\/p>\n\n\n\n<p class=\"has-text-align-center has-foreground-color has-text-color has-link-color wp-elements-e45fb240e1c944b6fa997c3293ac49d9\"><strong>Pr\u00e9sent\u00e9e par Agn\u00e8s Guenassia<\/strong><\/p>\n\n\n\n<p class=\"has-text-align-center has-foreground-color has-text-color has-link-color wp-elements-a5aff165ab354bf45ad986d71b224de8\"><strong>Conf\u00e9renci\u00e8re en Art Moderne et Contemporain, professeur d\u2019Arts Plastiques<\/strong><\/p>\n\n\n\n<figure class=\"wp-block-image aligncenter size-full\"><img loading=\"lazy\" decoding=\"async\" width=\"292\" height=\"274\" src=\"https:\/\/www.acapp.fr\/wp-content\/uploads\/2025\/03\/Atelier-1.jpg\" alt=\"\" class=\"wp-image-943\"\/><\/figure>\n\n\n<p><span style=\"color: #000000;\">L&rsquo;atelier, lieu o\u00f9 s&rsquo;\u00e9labore l\u2019\u0153uvre, est parfois un lieu fr\u00e9quent\u00e9 par les intimes, \u00e9l\u00e8ves, amis, collectionneurs, parfois un lieu jalousement gard\u00e9 secret. Il est marqu\u00e9 par la personnalit\u00e9 de l&rsquo;artiste, par sa d\u00e9marche ( Mondrian, Bacon&#8230;) jusqu&rsquo;\u00e0 parfois devenir \u0153uvre en lui-m\u00eame.<\/span><\/p>\n<p><span style=\"color: #000000;\">Un temps remis en question par les artistes choisissant de travailler \u00abin situ\u00bb, il est n\u00e9anmoins tr\u00e8s pr\u00e9sent aujourd&rsquo;hui, jusqu&rsquo;\u00e0 prendre chez certains la dimension d&rsquo;une v\u00e9ritable entreprise de production. L&rsquo;atelier est aussi un sujet de la peinture et de la photographie, ce qui nous permettra d&rsquo;envisager la question sous tous ces angles<\/span><\/p>\n\n\n<p class=\"has-text-align-center has-foreground-color has-text-color has-link-color wp-elements-27b1a0d54612eafdc83f09a4682b9b3b\"><strong>Auditorium Andr\u00e9 No\u00ebl \u2013 H\u00f4tel de ville<\/strong><\/p>\n\n\n\n<p class=\"has-text-align-center has-foreground-color has-text-color has-link-color wp-elements-2d2abc02042d1046100c8730aa918772\"><strong>Esplanade Bernardin Laugier \u2013 Istres<\/strong><\/p>\n\n\n\n<p class=\"has-text-align-center\"><strong>(L\u2019INSCRIPTION EST GRATUITE MAIS OBLIGATOIRE)<\/strong><\/p>\n","protected":false},"excerpt":{"rendered":"<p>MARDI 29 AVRIL 2025 \u00c0 18H CONF\u00c9RENCE \u00ab\u00a0Les ateliers d&rsquo;artistes \u00bb Pr\u00e9sent\u00e9e par Agn\u00e8s Guenassia Conf\u00e9renci\u00e8re en Art Moderne et Contemporain, professeur d\u2019Arts Plastiques L&rsquo;atelier, lieu o\u00f9 s&rsquo;\u00e9labore l\u2019\u0153uvre, est parfois un lieu fr\u00e9quent\u00e9 par les intimes, \u00e9l\u00e8ves, amis, collectionneurs, parfois un lieu jalousement gard\u00e9 secret. Il est marqu\u00e9 par la personnalit\u00e9 de l&rsquo;artiste, par [&hellip;]<\/p>\n","protected":false},"author":1,"featured_media":0,"parent":172,"menu_order":0,"comment_status":"closed","ping_status":"closed","template":"","meta":{"footnotes":""},"class_list":["post-942","page","type-page","status-publish","hentry"],"_links":{"self":[{"href":"https:\/\/www.acapp.fr\/index.php\/wp-json\/wp\/v2\/pages\/942","targetHints":{"allow":["GET"]}}],"collection":[{"href":"https:\/\/www.acapp.fr\/index.php\/wp-json\/wp\/v2\/pages"}],"about":[{"href":"https:\/\/www.acapp.fr\/index.php\/wp-json\/wp\/v2\/types\/page"}],"author":[{"embeddable":true,"href":"https:\/\/www.acapp.fr\/index.php\/wp-json\/wp\/v2\/users\/1"}],"replies":[{"embeddable":true,"href":"https:\/\/www.acapp.fr\/index.php\/wp-json\/wp\/v2\/comments?post=942"}],"version-history":[{"count":1,"href":"https:\/\/www.acapp.fr\/index.php\/wp-json\/wp\/v2\/pages\/942\/revisions"}],"predecessor-version":[{"id":944,"href":"https:\/\/www.acapp.fr\/index.php\/wp-json\/wp\/v2\/pages\/942\/revisions\/944"}],"up":[{"embeddable":true,"href":"https:\/\/www.acapp.fr\/index.php\/wp-json\/wp\/v2\/pages\/172"}],"wp:attachment":[{"href":"https:\/\/www.acapp.fr\/index.php\/wp-json\/wp\/v2\/media?parent=942"}],"curies":[{"name":"wp","href":"https:\/\/api.w.org\/{rel}","templated":true}]}}