{"id":925,"date":"2025-03-26T10:02:36","date_gmt":"2025-03-26T09:02:36","guid":{"rendered":"https:\/\/www.acapp.fr\/?page_id=925"},"modified":"2025-03-28T10:02:25","modified_gmt":"2025-03-28T09:02:25","slug":"assemblee-generale","status":"publish","type":"page","link":"https:\/\/www.acapp.fr\/index.php\/actions\/assemblee-generale\/","title":{"rendered":"Assembl\u00e9e G\u00e9n\u00e9rale"},"content":{"rendered":"<p><strong><span style=\"color: #000000;\">Le vendredi 21 mars s&rsquo;est tenue l&rsquo;Assembl\u00e9e G\u00e9n\u00e9rale de l&rsquo;ACAPP \u00e0 La Grange d&rsquo;Entressen.<\/span><\/strong><\/p>\n<p><strong><span style=\"color: #000000;\">Le quorum \u00e9tant atteint, l&rsquo;assembl\u00e9e a valid\u00e9 le rapport d&rsquo;activit\u00e9 ainsi que le rapport financier 2024 \u00e0 l&rsquo;unanimit\u00e9.<\/span><\/strong><\/p>\n<p><strong><span style=\"color: #000000;\">Notre pr\u00e9sidente, Fran\u00e7oise Lezer, a pr\u00e9sent\u00e9 le rapport moral 2024 et d&rsquo;orientation 2025 ci-dessous.<\/span><\/strong><\/p>\n\n\n<figure class=\"wp-block-gallery has-nested-images columns-default is-cropped wp-block-gallery-1 is-layout-flex wp-block-gallery-is-layout-flex\">\n<figure class=\"wp-block-image size-large\"><a href=\"https:\/\/www.acapp.fr\/wp-content\/uploads\/2025\/03\/AG-ACAPP-1-scaled.jpg\"><img loading=\"lazy\" decoding=\"async\" width=\"1024\" height=\"473\" data-id=\"927\" src=\"https:\/\/www.acapp.fr\/wp-content\/uploads\/2025\/03\/AG-ACAPP-1-1024x473.jpg\" alt=\"\" class=\"wp-image-927\" srcset=\"https:\/\/www.acapp.fr\/wp-content\/uploads\/2025\/03\/AG-ACAPP-1-1024x473.jpg 1024w, https:\/\/www.acapp.fr\/wp-content\/uploads\/2025\/03\/AG-ACAPP-1-300x139.jpg 300w, https:\/\/www.acapp.fr\/wp-content\/uploads\/2025\/03\/AG-ACAPP-1-768x355.jpg 768w, https:\/\/www.acapp.fr\/wp-content\/uploads\/2025\/03\/AG-ACAPP-1-1536x709.jpg 1536w, https:\/\/www.acapp.fr\/wp-content\/uploads\/2025\/03\/AG-ACAPP-1-2048x946.jpg 2048w\" sizes=\"auto, (max-width: 1024px) 100vw, 1024px\" \/><\/a><\/figure>\n\n\n\n<figure class=\"wp-block-image size-large\"><a href=\"https:\/\/www.acapp.fr\/wp-content\/uploads\/2025\/03\/AG-ACAPP-2-1-scaled.jpg\"><img loading=\"lazy\" decoding=\"async\" width=\"1024\" height=\"666\" data-id=\"926\" src=\"https:\/\/www.acapp.fr\/wp-content\/uploads\/2025\/03\/AG-ACAPP-2-1-1024x666.jpg\" alt=\"\" class=\"wp-image-926\" srcset=\"https:\/\/www.acapp.fr\/wp-content\/uploads\/2025\/03\/AG-ACAPP-2-1-1024x666.jpg 1024w, https:\/\/www.acapp.fr\/wp-content\/uploads\/2025\/03\/AG-ACAPP-2-1-300x195.jpg 300w, https:\/\/www.acapp.fr\/wp-content\/uploads\/2025\/03\/AG-ACAPP-2-1-768x500.jpg 768w, https:\/\/www.acapp.fr\/wp-content\/uploads\/2025\/03\/AG-ACAPP-2-1-1536x999.jpg 1536w, https:\/\/www.acapp.fr\/wp-content\/uploads\/2025\/03\/AG-ACAPP-2-1-2048x1332.jpg 2048w\" sizes=\"auto, (max-width: 1024px) 100vw, 1024px\" \/><\/a><\/figure>\n<\/figure>\n\n\n<p style=\"text-align: center;\"><span style=\"color: #000000;\"><strong><u>Rapport moral 2024<\/u><\/strong><\/span><\/p>\n<p style=\"text-align: center;\"><span style=\"color: #000000;\"><strong><u>et<\/u><\/strong><\/span><\/p>\n<p style=\"text-align: center;\"><span style=\"color: #000000;\"><strong><u>D\u2019orientation 2025<\/u><\/strong><\/span><\/p>\n<p><span style=\"color: #000000;\"><strong><u>\u00a0<\/u><\/strong><\/span><\/p>\n<p><span style=\"color: #000000;\">Par l&rsquo;ind\u00e9fectible appui et soutien moral et financier de la ville d&rsquo;Istres, de <strong>Mr Bernardini<\/strong> et de <strong>Mme Joulia<\/strong>, de la M\u00e9tropole, des villes de Miramas et Grans\u00a0; par la mise \u00e0 disposition de nos locaux et l&rsquo;indispensable mise \u00e0 disposition\u00a0 de deux agent(e)s sans lesquelles ne seraient pas assur\u00e9s le fonctionnement au quotidien de notre association et la r\u00e9alisation concr\u00e8te de toutes les propositions auxquelles vous adh\u00e9rez\u00a0; sans oublier tous nos partenaires sur le territoire\u00a0: les m\u00e9diath\u00e8ques, Polaris Centre d&rsquo;Art, les cin\u00e9mas le Coluche, l&rsquo;Odyss\u00e9e, le Com\u0153dia, l&rsquo;AFPA et le CEC, la chapelle St Sulpice, cette ann\u00e9e encore l&rsquo;Acapp a pu mener \u00e0 bien ses missions d&rsquo;initiation, de formation, de d\u00e9couverte dans le domaine des arts visuels et de notre patrimoine.<\/span><\/p>\n<p><span style=\"color: #000000;\">L&rsquo;Association en chiffres\u00a0c&rsquo;est : 499 adh\u00e9rents en d\u00e9cembre 2024, <strong>445 adh\u00e9rents<\/strong> \u00e0 ce jour qui ont b\u00e9n\u00e9fici\u00e9 chacun s&rsquo;ils le souhaitaient de\u00a0: <strong>54 heures de cours d&rsquo;histoire de l&rsquo;Art, 45 heures de stages, 206 heures d&rsquo;ateliers, de 11 conf\u00e9rences, de 27 sorties dont 11 en autocar, de 2 voyages \u00e0 l&rsquo;\u00e9tranger<\/strong> et de divers rendez-vous conviviaux appr\u00e9ci\u00e9s de nos adh\u00e9rents comme moments de partage.<\/span><\/p>\n<p><span style=\"color: #000000;\">L&rsquo;ann\u00e9e 2024 a \u00e9t\u00e9 pour nous source de changements positifs gr\u00e2ce \u00e0 l&rsquo;apport de nouveaux b\u00e9n\u00e9voles qui ont r\u00e9pondu \u00e0 notre demande d&rsquo;aide ponctuelle lors de nos rendez-vous conviviaux et j&rsquo;ai appr\u00e9ci\u00e9 leur implication dans la vie de l&rsquo;association et surtout la pr\u00e9sence tr\u00e8s active et comp\u00e9tente de notre nouveau tr\u00e9sorier Jo\u00ebl Delande que nous avons \u00e9lu lors de notre dernier conseil d&rsquo;administration et qui travaille \u00e0 nos c\u00f4t\u00e9s depuis plusieurs mois avec efficacit\u00e9 et me rend personnellement plus sereine. C&rsquo;est aussi gr\u00e2ce \u00e0 lui que vous recevez chaque d\u00e9but de mois par mail une newsletter (ou lettre d&rsquo;information) qui vous pr\u00e9sente toute l&rsquo;actualit\u00e9 de l&rsquo;Acapp, reprend celle du mois pr\u00e9c\u00e9dent et annonce celle \u00e0 venir, une nouveaut\u00e9 dans notre mode de communication vers vous.<\/span><\/p>\n<p><span style=\"color: #000000;\">L&rsquo;ann\u00e9e 2024 a aussi \u00e9t\u00e9 celle de notre participation aux Olympiades culturelles illustr\u00e9es avec le sport \u00e0 la chapelle Saint Sulpice et lors du passage de la flamme.<\/span><\/p>\n<p><span style=\"color: #000000;\">En 2025 le CA et moi m\u00eame nous continuerons \u00e0 animer l&rsquo;association avec toujours la volont\u00e9 de vous proposer de nombreuses opportunit\u00e9s culturelles en allant toujours plus loin que ce que mentionne la plaquette de rentr\u00e9e car nous essayons de \u00ab\u00a0coller\u00a0\u00bb \u00e0 la tr\u00e8s riche actualit\u00e9 de notre r\u00e9gion.<\/span><\/p>\n<p><span style=\"color: #000000;\">Cette ann\u00e9e sera marqu\u00e9e aussi par la r\u00e9alisation du projet caritatif annonc\u00e9 et amorc\u00e9 en fin d&rsquo;ann\u00e9e 2024, avec la mobilisation g\u00e9n\u00e9reuse des talents des adh\u00e9rents des ateliers de l&rsquo;association et de leurs intervenants.<\/span><\/p>\n<p><span style=\"color: #000000;\">Nous comptons aussi sur la participation de l&rsquo;ensemble des adh\u00e9rents qui viendront \u00e0 la vente aux ench\u00e8res au profit du Point Rose.<\/span><\/p>\n<p><span style=\"color: #000000;\">Je souhaite \u00e9videmment que cette action qui aura repr\u00e9sent\u00e9 un fort investissement de notre part, soit un succ\u00e8s marquant une fois encore, avec l&rsquo;int\u00e9gration et l&rsquo;implication de notre association \u00e0 la vie de la cit\u00e9 avec des adh\u00e9rents-citoyens.<\/span><\/p>\n<p>&nbsp;<\/p>\n<p style=\"text-align: center;\"><strong><span style=\"color: #000000;\">La pr\u00e9sidente<\/span><\/strong><\/p>\n<p style=\"text-align: center;\"><strong><span style=\"color: #000000;\">Fran\u00e7oise LEZER<\/span><\/strong><\/p>","protected":false},"excerpt":{"rendered":"<p>Le vendredi 21 mars s&rsquo;est tenue l&rsquo;Assembl\u00e9e G\u00e9n\u00e9rale de l&rsquo;ACAPP \u00e0 La Grange d&rsquo;Entressen. Le quorum \u00e9tant atteint, l&rsquo;assembl\u00e9e a valid\u00e9 le rapport d&rsquo;activit\u00e9 ainsi que le rapport financier 2024 \u00e0 l&rsquo;unanimit\u00e9. Notre pr\u00e9sidente, Fran\u00e7oise Lezer, a pr\u00e9sent\u00e9 le rapport moral 2024 et d&rsquo;orientation 2025 ci-dessous. Rapport moral 2024 et D\u2019orientation 2025 \u00a0 Par l&rsquo;ind\u00e9fectible [&hellip;]<\/p>\n","protected":false},"author":1,"featured_media":0,"parent":272,"menu_order":0,"comment_status":"closed","ping_status":"closed","template":"","meta":{"footnotes":""},"class_list":["post-925","page","type-page","status-publish","hentry"],"_links":{"self":[{"href":"https:\/\/www.acapp.fr\/index.php\/wp-json\/wp\/v2\/pages\/925","targetHints":{"allow":["GET"]}}],"collection":[{"href":"https:\/\/www.acapp.fr\/index.php\/wp-json\/wp\/v2\/pages"}],"about":[{"href":"https:\/\/www.acapp.fr\/index.php\/wp-json\/wp\/v2\/types\/page"}],"author":[{"embeddable":true,"href":"https:\/\/www.acapp.fr\/index.php\/wp-json\/wp\/v2\/users\/1"}],"replies":[{"embeddable":true,"href":"https:\/\/www.acapp.fr\/index.php\/wp-json\/wp\/v2\/comments?post=925"}],"version-history":[{"count":3,"href":"https:\/\/www.acapp.fr\/index.php\/wp-json\/wp\/v2\/pages\/925\/revisions"}],"predecessor-version":[{"id":979,"href":"https:\/\/www.acapp.fr\/index.php\/wp-json\/wp\/v2\/pages\/925\/revisions\/979"}],"up":[{"embeddable":true,"href":"https:\/\/www.acapp.fr\/index.php\/wp-json\/wp\/v2\/pages\/272"}],"wp:attachment":[{"href":"https:\/\/www.acapp.fr\/index.php\/wp-json\/wp\/v2\/media?parent=925"}],"curies":[{"name":"wp","href":"https:\/\/api.w.org\/{rel}","templated":true}]}}