{"id":894,"date":"2025-02-27T11:01:35","date_gmt":"2025-02-27T10:01:35","guid":{"rendered":"https:\/\/www.acapp.fr\/?page_id=894"},"modified":"2025-03-28T10:38:22","modified_gmt":"2025-03-28T09:38:22","slug":"vallabregues","status":"publish","type":"page","link":"https:\/\/www.acapp.fr\/index.php\/sorties-culturelles\/vallabregues\/","title":{"rendered":"Vallabregues"},"content":{"rendered":"\n<p class=\"has-text-align-center has-foreground-color has-secondary-background-color has-text-color has-background has-link-color has-large-font-size wp-elements-d996f137b3374a80fa1b4b0f46475d20\"><strong>SORTIE CULTURELLE \u00c0 VALLABR\u00c8GUES<\/strong><\/p>\n\n\n\n<p class=\"has-text-align-center has-foreground-color has-secondary-background-color has-text-color has-background has-link-color has-medium-font-size wp-elements-af5fa7bc42119031e90a4ed163b26889\"><strong>Visite du village et du mus\u00e9e de la Vannerie<\/strong> <strong>&amp;<\/strong> <strong>Visite de l\u2019Abbaye troglodyte de St Roman de Beaucaire<\/strong> <\/p>\n\n\n\n<p class=\"has-text-align-center has-foreground-color has-text-color has-link-color has-large-font-size wp-elements-fac88a49809920a28fcb39c8cb9c655e\"><strong><strong>Samedi 5 avril 2025 en autocar<\/strong><\/strong><\/p>\n\n\n\n<p class=\"has-text-align-center has-foreground-color has-text-color has-link-color has-large-font-size wp-elements-59c00d5cdb9fce5e9ca6597aa406e91b\"><strong><strong>Prix&nbsp;: 20 euros <\/strong>&nbsp;<\/strong><\/p>\n\n\n\n<p class=\"has-foreground-color has-text-color has-link-color wp-elements-f962410b5d11933467aff9d641dfcb79\">Rendez-vous \u00e0 <strong>8h15<\/strong> \u00e0 la gare routi\u00e8re du Palio pour un d\u00e9part \u00e0 <strong>8h30 <\/strong>&#8211; Retour aux alentours de <strong>19h.<\/strong><\/p>\n\n\n<p><span style=\"color: #000000;\"><strong><u>Le matin :<\/u><\/strong><strong> Visite du village de Vallabr\u00e8gues<\/strong><\/span><\/p>\n<p><span style=\"color: #000000;\">Bien que l\u2019origine de la cit\u00e9 soit inconnue, Vallabr\u00e8gues aurait \u00e9t\u00e9 fond\u00e9 aux environs de 3500 ans avant J\u00e9sus Christ. Le Rh\u00f4ne fut \u00e9troitement associ\u00e9 \u00e0 la vie de la population, contrainte de supporter ses col\u00e8res. En contrepartie, sa situation g\u00e9ographique expos\u00e9e \u00e0 de terribles inondations a permis de nourrir la plaine agricole d\u2019un limon fertile et a favoris\u00e9 le d\u00e9veloppement de la culture de l\u2019osier qui poussait naturellement apr\u00e8s chaque crue. Les vanniers de Vallabr\u00e8gues cr\u00e9\u00e8rent de nombreux articles pour le foyer, la p\u00eache et surtout, de multiples emballages (corbeilles, malles, paniers&#8230;) n\u00e9cessaires aux transports des marchandises. Le village avait m\u00eame \u00e9t\u00e9 choisi par Fr\u00e9d\u00e9ric Mistral comme terre d\u2019asile de Vincent, le vannier, amoureux de \u201cMireille\u201d parce que c\u2019\u00e9tait, selon le po\u00e8te, le lieu de Provence o\u00f9 l\u2019on fabriquait les plus belles banastes. Vous y visiterez l&rsquo;\u00e9glise St Andr\u00e9 joyau du village, monterez sur la \u00ab\u00a0butte\u00a0\u00bb qui domine et apprendrez l\u2019histoire du pass\u00e9 du village, du Presbyt\u00e8re, du ch\u00e2teau et sa Tour, vous visiterez \u00e9galement le Mus\u00e9e de la vannerie et ses 1500 objets fabriqu\u00e9s par les anciens.<\/span><\/p>\n<p><span style=\"color: #000000;\">D\u00e9gustation des produits du terroir.<\/span><\/p>\n\n\n<figure class=\"wp-block-gallery has-nested-images columns-default is-cropped wp-block-gallery-1 is-layout-flex wp-block-gallery-is-layout-flex\">\n<figure class=\"wp-block-image size-large\"><a href=\"https:\/\/www.acapp.fr\/wp-content\/uploads\/2025\/02\/Musee-de-la-vannerie-vallabregues.jpg\"><img loading=\"lazy\" decoding=\"async\" width=\"1024\" height=\"680\" data-id=\"895\" src=\"https:\/\/www.acapp.fr\/wp-content\/uploads\/2025\/02\/Musee-de-la-vannerie-vallabregues-1024x680.jpg\" alt=\"\" class=\"wp-image-895\" srcset=\"https:\/\/www.acapp.fr\/wp-content\/uploads\/2025\/02\/Musee-de-la-vannerie-vallabregues-1024x680.jpg 1024w, https:\/\/www.acapp.fr\/wp-content\/uploads\/2025\/02\/Musee-de-la-vannerie-vallabregues-300x199.jpg 300w, https:\/\/www.acapp.fr\/wp-content\/uploads\/2025\/02\/Musee-de-la-vannerie-vallabregues-768x510.jpg 768w, https:\/\/www.acapp.fr\/wp-content\/uploads\/2025\/02\/Musee-de-la-vannerie-vallabregues.jpg 1160w\" sizes=\"auto, (max-width: 1024px) 100vw, 1024px\" \/><\/a><\/figure>\n\n\n\n<figure class=\"wp-block-image size-large\"><a href=\"https:\/\/www.acapp.fr\/wp-content\/uploads\/2025\/02\/Vallabregues-scaled.jpg\"><img loading=\"lazy\" decoding=\"async\" width=\"1024\" height=\"768\" data-id=\"896\" src=\"https:\/\/www.acapp.fr\/wp-content\/uploads\/2025\/02\/Vallabregues-1024x768.jpg\" alt=\"\" class=\"wp-image-896\" srcset=\"https:\/\/www.acapp.fr\/wp-content\/uploads\/2025\/02\/Vallabregues-1024x768.jpg 1024w, https:\/\/www.acapp.fr\/wp-content\/uploads\/2025\/02\/Vallabregues-300x225.jpg 300w, https:\/\/www.acapp.fr\/wp-content\/uploads\/2025\/02\/Vallabregues-768x576.jpg 768w, https:\/\/www.acapp.fr\/wp-content\/uploads\/2025\/02\/Vallabregues-1536x1152.jpg 1536w, https:\/\/www.acapp.fr\/wp-content\/uploads\/2025\/02\/Vallabregues-2048x1536.jpg 2048w\" sizes=\"auto, (max-width: 1024px) 100vw, 1024px\" \/><\/a><\/figure>\n<\/figure>\n\n\n\n<p class=\"has-foreground-color has-text-color has-link-color wp-elements-362d01b5b5182e16c34ac1b4ea5394d9\"><strong><u>D\u00e9jeuner au restaurant \u00ab\u00a0le Bar du Cours\u00a0\u00bb\u00a0. Menu 20<strong><u>\u20ac<\/u><\/strong> ou d\u00e9jeuner libre<\/u><\/strong><\/p>\n\n\n\n<p class=\"has-foreground-color has-text-color has-link-color wp-elements-ac3ecd7a23413f7821ce90bb85249c53\"><strong>Menu<\/strong> : Salade du Cours &#8211; Fondant de porc et riz de Camargue &#8211; Mousse au chocolat &#8211; Th\u00e9 ou caf\u00e9 offert<\/p>\n\n\n\n<figure class=\"wp-block-image aligncenter size-large is-resized\"><a href=\"https:\/\/www.acapp.fr\/wp-content\/uploads\/2025\/02\/Bar-du-cours-vallabregues.png\"><img loading=\"lazy\" decoding=\"async\" width=\"1024\" height=\"411\" src=\"https:\/\/www.acapp.fr\/wp-content\/uploads\/2025\/02\/Bar-du-cours-vallabregues-1024x411.png\" alt=\"\" class=\"wp-image-897\" style=\"width:376px;height:auto\" srcset=\"https:\/\/www.acapp.fr\/wp-content\/uploads\/2025\/02\/Bar-du-cours-vallabregues-1024x411.png 1024w, https:\/\/www.acapp.fr\/wp-content\/uploads\/2025\/02\/Bar-du-cours-vallabregues-300x121.png 300w, https:\/\/www.acapp.fr\/wp-content\/uploads\/2025\/02\/Bar-du-cours-vallabregues-768x309.png 768w, https:\/\/www.acapp.fr\/wp-content\/uploads\/2025\/02\/Bar-du-cours-vallabregues.png 1160w\" sizes=\"auto, (max-width: 1024px) 100vw, 1024px\" \/><\/a><\/figure>\n\n\n<p><span style=\"color: #000000;\"><strong><u>L\u2019Apr\u00e8s-midi\u00a0:<\/u><\/strong><strong> 14h30 Visite de L\u2019Abbaye troglodytique de St Roman \u00e0 Beaucaire<\/strong><\/span><\/p>\n<p><span style=\"color: #000000;\"><strong>D\u00e9conseill\u00e9 aux personnes \u00e0 mobilit\u00e9 r\u00e9duite.<\/strong> <strong>Attention, il n&rsquo;y a pas d&rsquo;acc\u00e8s en voiture au pied de l&rsquo;abbaye. L&rsquo;abbaye n&rsquo;est accessible qu&rsquo;\u00e0 l&rsquo;issue d&rsquo;une courte marche \u00e0 pied. C&rsquo;est un chemin facile qui grimpe doucement mais s\u00fbrement (sous forme de marches) durant environ 15 minutes avant d&rsquo;atteindre votre destination&#8230;<\/strong> <strong>pensez \u00e0 pr\u00e9voir votre gourde d&rsquo;eau et des chaussures ferm\u00e9es.<\/strong><\/span><\/p>\n<p><span style=\"color: #000000;\">Situ\u00e9e \u00e0 Beaucaire, Ville d\u2019Art et d\u2019Histoire, l\u2019Abbaye de Saint-Roman abrite les vestiges d\u2019un monast\u00e8re creus\u00e9 dans une colline d\u00e8s le Xe si\u00e8cle. \u00a0Depuis le parking surveill\u00e9, un chemin vous emm\u00e8ne \u00e0 travers la garrigue jusqu\u2019au sommet de la colline calcaire. Vous d\u00e9couvrirez chapelle et cellules rupestres, grandes salles ou encore citernes et silos, vestiges de vie monastique troglodytique. Une v\u00e9ritable n\u00e9cropole accueillant des centaines de s\u00e9pultures creus\u00e9es dans le rocher et les vestiges de la fortification m\u00e9di\u00e9vale subsistent sur la terrasse sup\u00e9rieure.<\/span><\/p>\n<p><span style=\"color: #000000;\">De l\u00e0, un magnifique panorama s\u2019offre \u00e0 vous sur le Rh\u00f4ne face aux Alpilles, avec une vue unique sur la Provence.<\/span><\/p>\n<p><span style=\"color: #000000;\"><strong><u>Attention cette visite ne peut se faire si vous avez des difficult\u00e9s pour la marche.<\/u><\/strong><\/span><\/p>\n\n\n<figure class=\"wp-block-image aligncenter size-full is-resized\"><a href=\"https:\/\/www.acapp.fr\/wp-content\/uploads\/2025\/02\/Abbaye-de-saint-roman.jpg\"><img loading=\"lazy\" decoding=\"async\" width=\"680\" height=\"382\" src=\"https:\/\/www.acapp.fr\/wp-content\/uploads\/2025\/02\/Abbaye-de-saint-roman.jpg\" alt=\"\" class=\"wp-image-898\" style=\"width:450px;height:auto\" srcset=\"https:\/\/www.acapp.fr\/wp-content\/uploads\/2025\/02\/Abbaye-de-saint-roman.jpg 680w, https:\/\/www.acapp.fr\/wp-content\/uploads\/2025\/02\/Abbaye-de-saint-roman-300x169.jpg 300w\" sizes=\"auto, (max-width: 680px) 100vw, 680px\" \/><\/a><\/figure>\n\n\n\n<p class=\"has-text-align-center has-vivid-red-color has-text-color has-link-color has-large-font-size wp-elements-38710ae4151aedeca3a1c6ba33cb8b55\"><strong>Date de d\u00e9but d\u2019inscription&nbsp;: vendredi 14 mars 2025<\/strong><\/p>\n\n\n<p style=\"text-align: center;\"><span style=\"color: #000000;\"><strong><u>Merci de r\u00e9gler d\u00e8s votre inscription. <\/u><\/strong><\/span><\/p>\n<p><span style=\"color: #000000;\">Le ch\u00e8que de <strong>20\u20ac<\/strong> est \u00e0 libeller au nom de <strong>l\u2019ACAPP<\/strong>.<\/span><\/p>\n<p><span style=\"color: #000000;\">Le ch\u00e8que de <strong>20\u20ac<\/strong> pour le repas est \u00e0 libeller au nom du restaurant <strong>\u00ab le bar du cours \u00bb<\/strong><\/span><\/p>\n<p><span style=\"color: #000000;\"><strong><u>Inscriptions<\/u><\/strong><strong>\u00a0: sur place ou par t\u00e9l\u00e9phone<\/strong> <strong>: <\/strong>ACAPP 6 rue Juiverie 13800 Istres T\u00e9l.\u00a0: <strong>04 13 22 81 33<\/strong>.\u00a0\u00a0\u00a0\u00a0<\/span>\u00a0\u00a0\u00a0\u00a0\u00a0\u00a0\u00a0\u00a0\u00a0<\/p>\n\n\n<p><\/p>\n","protected":false},"excerpt":{"rendered":"<p>SORTIE CULTURELLE \u00c0 VALLABR\u00c8GUES Visite du village et du mus\u00e9e de la Vannerie &amp; Visite de l\u2019Abbaye troglodyte de St Roman de Beaucaire Samedi 5 avril 2025 en autocar Prix&nbsp;: 20 euros &nbsp; Rendez-vous \u00e0 8h15 \u00e0 la gare routi\u00e8re du Palio pour un d\u00e9part \u00e0 8h30 &#8211; Retour aux alentours de 19h. Le matin [&hellip;]<\/p>\n","protected":false},"author":1,"featured_media":0,"parent":103,"menu_order":0,"comment_status":"closed","ping_status":"closed","template":"","meta":{"footnotes":""},"class_list":["post-894","page","type-page","status-publish","hentry"],"_links":{"self":[{"href":"https:\/\/www.acapp.fr\/index.php\/wp-json\/wp\/v2\/pages\/894","targetHints":{"allow":["GET"]}}],"collection":[{"href":"https:\/\/www.acapp.fr\/index.php\/wp-json\/wp\/v2\/pages"}],"about":[{"href":"https:\/\/www.acapp.fr\/index.php\/wp-json\/wp\/v2\/types\/page"}],"author":[{"embeddable":true,"href":"https:\/\/www.acapp.fr\/index.php\/wp-json\/wp\/v2\/users\/1"}],"replies":[{"embeddable":true,"href":"https:\/\/www.acapp.fr\/index.php\/wp-json\/wp\/v2\/comments?post=894"}],"version-history":[{"count":5,"href":"https:\/\/www.acapp.fr\/index.php\/wp-json\/wp\/v2\/pages\/894\/revisions"}],"predecessor-version":[{"id":987,"href":"https:\/\/www.acapp.fr\/index.php\/wp-json\/wp\/v2\/pages\/894\/revisions\/987"}],"up":[{"embeddable":true,"href":"https:\/\/www.acapp.fr\/index.php\/wp-json\/wp\/v2\/pages\/103"}],"wp:attachment":[{"href":"https:\/\/www.acapp.fr\/index.php\/wp-json\/wp\/v2\/media?parent=894"}],"curies":[{"name":"wp","href":"https:\/\/api.w.org\/{rel}","templated":true}]}}