{"id":884,"date":"2025-02-27T10:31:37","date_gmt":"2025-02-27T09:31:37","guid":{"rendered":"https:\/\/www.acapp.fr\/?page_id=884"},"modified":"2025-03-28T10:03:46","modified_gmt":"2025-03-28T09:03:46","slug":"draguignan","status":"publish","type":"page","link":"https:\/\/www.acapp.fr\/index.php\/sorties-culturelles\/draguignan\/","title":{"rendered":"Draguignan"},"content":{"rendered":"\n<h1 class=\"wp-block-heading has-text-align-center has-foreground-color has-secondary-background-color has-text-color has-background has-link-color has-large-font-size wp-elements-85aa83001ad6137ddb701fcf4ba50b52\"><strong>SORTIE CULTURELLE \u00c0 DRAGUIGNAN  &#8211;                  Visite guid\u00e9e de la ville et de l&rsquo;exposition \u00ab&nbsp;Jardins et Palais d\u2019orient&nbsp;\u00bb <\/strong><\/h1>\n\n\n\n<p class=\"has-text-align-center has-foreground-color has-text-color has-link-color has-large-font-size wp-elements-e26666930a8d6f1f62e6d941247c1052\"><strong>Mardi 1<sup>er<\/sup> avril 2025 (en autocar)<\/strong><\/p>\n\n\n\n<p class=\"has-text-align-center has-foreground-color has-text-color has-link-color wp-elements-520c83b92390e8fe029f5a4f9a369b80\"><strong><u>Prix<\/u>&nbsp;:<\/strong> <strong>20 euros<\/strong> <strong>(2 groupes de 25 personnes)<\/strong><\/p>\n\n\n\n<p class=\"has-foreground-color has-text-color has-link-color wp-elements-3689641ea1bd5ff4f2159f88b14473a6\">Rendez-vous \u00e0 <strong>7h15<\/strong> \u00e0 la gare routi\u00e8re du Palio pour un d\u00e9part \u00e0 <strong>7h30 <\/strong>&#8211; Retour aux alentours de <strong>19h.<\/strong><\/p>\n\n\n<p><span style=\"color: #000000;\"><strong><u>Le Matin\u00a0:<\/u><\/strong><\/span><\/p>\n<p><span style=\"color: #000000;\"><strong><u>1<sup>er<\/sup> groupe :<\/u><\/strong> <strong><u>10h30 visite guid\u00e9e de la ville <\/u><\/strong><\/span><\/p>\n<p><span style=\"color: #000000;\">Draguignan, ancienne pr\u00e9fecture du Var, est situ\u00e9e sur la voie m\u00e9di\u00e9vale qui traverse l&rsquo;int\u00e9rieur de la Provence entre le Comt\u00e9 de Nice et la Vall\u00e9e du Rh\u00f4ne.\u00a0Au sortir du Moyen Age elle est la quatri\u00e8me ville de Provence.\u00a0\u00a0Son c\u0153ur historique conserve 2 portes du rempart du XIII\u00e8me si\u00e8cle qui ouvraient sur la \u00ab\u00a0Cit\u00e9 Comtale\u00a0\u00bb, au XVI\u00e8me un rempart, aujourd&rsquo;hui disparu, prot\u00e9geait ce qui \u00e9tait devenu \u00ab\u00a0Ville Royale\u00a0\u00bb.\u00a0Les grands travaux du XIX\u00e8me si\u00e8cle ont fa\u00e7onn\u00e9 le Draguignan d&rsquo;aujourd&rsquo;hui (\u00e9glise Saint Michel, th\u00e9\u00e2tre, palais de justice, jardins.). C&rsquo;est cette Histoire, celle de la l\u00e9gende du Dragon et d&rsquo;autres \u00ab\u00a0histoires\u00a0\u00bb qui vont seront cont\u00e9es lors de votre venue \u00e0 Draguignan.<\/span><\/p>\n\n\n<figure class=\"wp-block-image aligncenter size-full is-resized\"><a href=\"https:\/\/www.acapp.fr\/wp-content\/uploads\/2025\/02\/Draguignan.jpg\"><img loading=\"lazy\" decoding=\"async\" width=\"540\" height=\"312\" src=\"https:\/\/www.acapp.fr\/wp-content\/uploads\/2025\/02\/Draguignan.jpg\" alt=\"\" class=\"wp-image-885\" style=\"width:386px;height:auto\" srcset=\"https:\/\/www.acapp.fr\/wp-content\/uploads\/2025\/02\/Draguignan.jpg 540w, https:\/\/www.acapp.fr\/wp-content\/uploads\/2025\/02\/Draguignan-300x173.jpg 300w\" sizes=\"auto, (max-width: 540px) 100vw, 540px\" \/><\/a><\/figure>\n\n\n<p><span style=\"color: #000000;\"><strong><u>2<sup>\u00e8me<\/sup> groupe\u00a0: 10h30 visite guid\u00e9e de l\u2019exposition \u00ab\u00a0jardins et Palais d\u2019Orient\u00a0\u00bb \u00e0 l\u2019H\u00f4tel D\u00e9partemental des Expositions du Var (HDE)<\/u><\/strong><\/span><\/p>\n<p><span style=\"color: #000000;\">Exposition immersive organis\u00e9e par le D\u00e9partement du Var et le mus\u00e9e du Louvre. Po\u00e9tique, raffin\u00e9e, une v\u00e9ritable ode aux jardins et palais d\u2019Orient. A la fois th\u00e9matique et chronologique, elle entra\u00eene le visiteur dans une promenade \u00e0 travers les jardins mythiques de l\u2019Antiquit\u00e9, les jardins-palais de l\u2019Espagne m\u00e9di\u00e9vale, les jardins imp\u00e9riaux de l\u2019Iran, du monde Ottoman et de l\u2019Inde moghole. 260 \u0153uvres pr\u00e9sent\u00e9es dont plus de 200 pr\u00eat\u00e9es par le Louvre et le d\u00e9partement des Arts de l\u2019Islam. Le parcours s\u2019\u00e9tend sur les 3 \u00e9tages de l\u2019HDE Var (H\u00f4tel D\u00e9partemental des Expositions du Var) et \u00e9voque une promenade initiatique en s\u00e9quences : la port\u00e9e symbolique, l\u2019architecture indissociable du palais et du jardin, les usages \u00e0 travers la po\u00e9sie et les traditions litt\u00e9raires.<\/span><\/p>\n\n\n<figure class=\"wp-block-image aligncenter size-full is-resized\"><a href=\"https:\/\/www.acapp.fr\/wp-content\/uploads\/2025\/02\/jardins-et-palais-d-orient.jpg\"><img loading=\"lazy\" decoding=\"async\" width=\"530\" height=\"353\" src=\"https:\/\/www.acapp.fr\/wp-content\/uploads\/2025\/02\/jardins-et-palais-d-orient.jpg\" alt=\"\" class=\"wp-image-886\" style=\"width:362px;height:auto\" srcset=\"https:\/\/www.acapp.fr\/wp-content\/uploads\/2025\/02\/jardins-et-palais-d-orient.jpg 530w, https:\/\/www.acapp.fr\/wp-content\/uploads\/2025\/02\/jardins-et-palais-d-orient-300x200.jpg 300w\" sizes=\"auto, (max-width: 530px) 100vw, 530px\" \/><\/a><\/figure>\n\n\n<p><span style=\"color: #000000;\"><strong>D\u00e9jeuner au restaurant \u00ab\u00a0Les 3 gar\u00e7ons\u00a0\u00bb, menu au choix (entr\u00e9e et plat) 25\u20ac ou D\u00e9jeuner libre <\/strong><\/span><\/p>\n<p><span style=\"color: #000000;\"><strong>Entr\u00e9e\u00a0:<\/strong> \u0152uf Mimosa Nature ou Jambon Cerda, <strong>Plats\u00a0:<\/strong> Poitrine de Veau, Accompagn\u00e9e de pommes de terre confites &amp; salade verte ou Dos de lieu noir, Beurre Blanc, <strong>1 Caf\u00e9 par personne<\/strong><\/span><\/p>\n\n\n<figure class=\"wp-block-image aligncenter size-full\"><a href=\"https:\/\/www.acapp.fr\/wp-content\/uploads\/2025\/02\/Les-3-garcons-draguignan.jpg\"><img loading=\"lazy\" decoding=\"async\" width=\"243\" height=\"174\" src=\"https:\/\/www.acapp.fr\/wp-content\/uploads\/2025\/02\/Les-3-garcons-draguignan.jpg\" alt=\"\" class=\"wp-image-887\"\/><\/a><\/figure>\n\n\n<p><span style=\"color: #000000;\"><strong><u>L\u2019Apr\u00e8s-midi\u00a0: <\/u><\/strong><\/span><\/p>\n<p><span style=\"color: #000000;\"><strong><u>1<sup>er<\/sup> groupe :<\/u><\/strong><strong><u> 14h30 visite guid\u00e9e de l\u2019exposition \u00ab\u00a0jardins et Palais d\u2019Orient\u00a0\u00bb \u00e0 l\u2019H\u00f4tel D\u00e9partemental des Expositions du Var (HDE)<\/u><\/strong><\/span><\/p>\n<p><span style=\"color: #000000;\"><strong><u>2<sup>\u00e8me<\/sup> groupe\u00a0: 14h30 visite guid\u00e9e de la ville<\/u><\/strong><\/span><\/p>\n\n\n<p class=\"has-foreground-color has-text-color has-link-color wp-elements-10c8462d11bd816875ddbdec2cb2196e\"><strong><em>ATTENTION LES PERSONNES NE MANGEANT PAS AU RESTAURANT DEVRONT SE PR\u00c9SENTER \u00c0 14H15 DEVANT LE HDE.<\/em><\/strong><\/p>\n\n\n\n<p class=\"has-text-align-center has-vivid-red-color has-text-color has-link-color has-large-font-size wp-elements-38710ae4151aedeca3a1c6ba33cb8b55\"><strong>Date de d\u00e9but d\u2019inscription&nbsp;: vendredi 14 mars 2025<\/strong><\/p>\n\n\n<p style=\"text-align: center;\"><em><span style=\"color: #000000;\"><strong>Merci de r\u00e9gler le plus vite possible apr\u00e8s votre inscription<\/strong><\/span><\/em><\/p>\n<p><span style=\"color: #000000;\"><strong>R\u00e8glements\u00a0: 20\u20ac, esp\u00e8ce ou ch\u00e8que libell\u00e9 au nom de l\u2019ACAPP.<\/strong><\/span><\/p>\n<p><span style=\"color: #000000;\"><strong>\u00a0\u00a0\u00a0\u00a0\u00a0\u00a0\u00a0\u00a0\u00a0\u00a0\u00a0 \u00a0\u00a0\u00a0\u00a0\u00a0\u00a0\u00a0 \u00a0\u00a025\u20ac, esp\u00e8ce ou ch\u00e8que libell\u00e9 au nom du restaurant \u00ab\u00a0Les 3 gar\u00e7ons\u00a0\u00bb<\/strong><\/span><\/p>\n<p><span style=\"color: #000000;\"><strong><u>Inscriptions<\/u><\/strong><strong>\u00a0: sur place ou par t\u00e9l\u00e9phone<\/strong> <strong>: <\/strong>ACAPP 6 rue Juiverie 13800 Istres T\u00e9l.\u00a0: 04 13 22 81 33<\/span><\/p>","protected":false},"excerpt":{"rendered":"<p>SORTIE CULTURELLE \u00c0 DRAGUIGNAN &#8211; Visite guid\u00e9e de la ville et de l&rsquo;exposition \u00ab&nbsp;Jardins et Palais d\u2019orient&nbsp;\u00bb Mardi 1er avril 2025 (en autocar) Prix&nbsp;: 20 euros (2 groupes de 25 personnes) Rendez-vous \u00e0 7h15 \u00e0 la gare routi\u00e8re du Palio pour un d\u00e9part \u00e0 7h30 &#8211; Retour aux alentours de 19h. Le Matin\u00a0: 1er groupe [&hellip;]<\/p>\n","protected":false},"author":1,"featured_media":0,"parent":103,"menu_order":0,"comment_status":"closed","ping_status":"closed","template":"","meta":{"footnotes":""},"class_list":["post-884","page","type-page","status-publish","hentry"],"_links":{"self":[{"href":"https:\/\/www.acapp.fr\/index.php\/wp-json\/wp\/v2\/pages\/884","targetHints":{"allow":["GET"]}}],"collection":[{"href":"https:\/\/www.acapp.fr\/index.php\/wp-json\/wp\/v2\/pages"}],"about":[{"href":"https:\/\/www.acapp.fr\/index.php\/wp-json\/wp\/v2\/types\/page"}],"author":[{"embeddable":true,"href":"https:\/\/www.acapp.fr\/index.php\/wp-json\/wp\/v2\/users\/1"}],"replies":[{"embeddable":true,"href":"https:\/\/www.acapp.fr\/index.php\/wp-json\/wp\/v2\/comments?post=884"}],"version-history":[{"count":6,"href":"https:\/\/www.acapp.fr\/index.php\/wp-json\/wp\/v2\/pages\/884\/revisions"}],"predecessor-version":[{"id":981,"href":"https:\/\/www.acapp.fr\/index.php\/wp-json\/wp\/v2\/pages\/884\/revisions\/981"}],"up":[{"embeddable":true,"href":"https:\/\/www.acapp.fr\/index.php\/wp-json\/wp\/v2\/pages\/103"}],"wp:attachment":[{"href":"https:\/\/www.acapp.fr\/index.php\/wp-json\/wp\/v2\/media?parent=884"}],"curies":[{"name":"wp","href":"https:\/\/api.w.org\/{rel}","templated":true}]}}