{"id":859,"date":"2025-02-01T09:00:09","date_gmt":"2025-02-01T08:00:09","guid":{"rendered":"https:\/\/www.acapp.fr\/?page_id=859"},"modified":"2025-02-01T09:00:09","modified_gmt":"2025-02-01T08:00:09","slug":"vitrail","status":"publish","type":"page","link":"https:\/\/www.acapp.fr\/index.php\/ateliers\/vitrail\/","title":{"rendered":"Vitrail"},"content":{"rendered":"\n<p class=\"has-text-align-center has-foreground-color has-secondary-background-color has-text-color has-background has-link-color has-large-font-size wp-elements-f7e4dfd93fdc5639c079c3749e2686bc\"><strong>LE VITRAIL D\u2019HIER \u00e0 AUJOURD\u2019HUI<\/strong><\/p>\n\n\n<p><span style=\"color: #000000;\">L\u2019<strong>ACAPP<\/strong> en partenariat avec l\u2019<strong>ARTOTHEQUE DE MIRAMAS<\/strong> vous propose une <strong>Conf\u00e9rence et un atelier <\/strong>tout public autour de la d\u00e9couverte du vitrail<\/span><\/p>\n<p style=\"text-align: center;\"><strong><span style=\"color: #000000;\">Anim\u00e9 par Benjamin FERRERO, artisan designer<\/span><\/strong><\/p>\n<p style=\"text-align: center;\"><strong><span style=\"color: #000000;\">12 personnes maximum<\/span><\/strong><\/p>\n\n\n<figure class=\"wp-block-image aligncenter size-large is-resized\"><img loading=\"lazy\" decoding=\"async\" width=\"683\" height=\"1024\" src=\"https:\/\/www.acapp.fr\/wp-content\/uploads\/2025\/02\/Photo-vitrail-1.jpeg-miramas-683x1024.jpeg\" alt=\"\" class=\"wp-image-860\" style=\"width:233px;height:auto\" srcset=\"https:\/\/www.acapp.fr\/wp-content\/uploads\/2025\/02\/Photo-vitrail-1.jpeg-miramas-683x1024.jpeg 683w, https:\/\/www.acapp.fr\/wp-content\/uploads\/2025\/02\/Photo-vitrail-1.jpeg-miramas-200x300.jpeg 200w, https:\/\/www.acapp.fr\/wp-content\/uploads\/2025\/02\/Photo-vitrail-1.jpeg-miramas-768x1151.jpeg 768w, https:\/\/www.acapp.fr\/wp-content\/uploads\/2025\/02\/Photo-vitrail-1.jpeg-miramas.jpeg 854w\" sizes=\"auto, (max-width: 683px) 100vw, 683px\" \/><\/figure>\n\n\n\n<p class=\"has-text-align-center has-foreground-color has-text-color has-link-color has-large-font-size wp-elements-1176684ea0790c1df0044aafa33ee79f\"><strong>Le samedi 22 mars 2025<\/strong><\/p>\n\n\n\n<p class=\"has-text-align-center has-foreground-color has-text-color has-link-color wp-elements-a74a2608654544cf8080893e16927e26\"><strong>Rendez-vous \u00e0 10H15<\/strong> <strong>Au sein des locaux de la M\u00e9diath\u00e8que de MIRAMAS<\/strong><\/p>\n\n\n<p><span style=\"color: #000000;\">Le matin (1h30)\u00a0: conf\u00e9rence <strong>\u00ab histoire et technique du vitrail d\u2019hier \u00e0 aujourd\u2019hui \u00bb<\/strong><\/span><\/p>\n<p><span style=\"color: #000000;\">L\u2019apr\u00e8s-midi atelier (2h)\u00a0: <strong>\u00ab fabrication de mobiles en vitrail \u00bb<\/strong><\/span><\/p>\n<p><span style=\"color: #000000;\">Le Mat\u00e9riel est mis \u00e0 disposition par l\u2019intervenant.<\/span><\/p>\n<p><span style=\"color: #000000;\">Benjamin Ferrero est designer et artisan vitrailliste de formation, artiste-auteur \u00e0 plein temps et enseignant de m\u00e9ditation depuis 2014. Form\u00e9 \u00e0 l\u2019Ecole Cantonale d\u2019Art de Lausanne, il travaille dans plusieurs studios en Suisse et en France avant d\u2019\u00e9tablir son propre atelier \u00e0 Martigues en 2019 (www.ferrerostudio.com). Co-fondateur de la Raffinerie et directeur de r\u00e9daction de la Torche, Benjamin expose r\u00e9guli\u00e8rement ses peintures et gravures en France. Form\u00e9 \u00e0 l\u2019Ecole Suisse de Vitrail et Cr\u00e9ation aupr\u00e8s de Guy Christina ainsi qu\u2019au Centre International du Vitrail de Chartres il se consacre aujourd\u2019hui \u00e0 la cr\u00e9ation de vitraux sur mesure pour les particuliers et les collectivit\u00e9s ainsi qu\u2019\u00e0 la r\u00e9flexion sur l\u2019art th\u00e9rapie comme vecteur de bien \u00eatre individuel et collectif.<\/span><\/p>\n\n\n<p class=\"has-text-align-center has-foreground-color has-text-color has-link-color wp-elements-8b4a4ae0f9a491be6d8b20df901ef374\"><strong>INSCRIPTION AUPR\u00c8S DE LA MEDIATHEQUE<\/strong><\/p>\n\n\n\n<p class=\"has-text-align-center has-foreground-color has-text-color has-link-color wp-elements-d5f60807d7a03c0c795d6476738e2136\"><strong>04.42.56.82.36<\/strong><\/p>\n","protected":false},"excerpt":{"rendered":"<p>LE VITRAIL D\u2019HIER \u00e0 AUJOURD\u2019HUI L\u2019ACAPP en partenariat avec l\u2019ARTOTHEQUE DE MIRAMAS vous propose une Conf\u00e9rence et un atelier tout public autour de la d\u00e9couverte du vitrail Anim\u00e9 par Benjamin FERRERO, artisan designer 12 personnes maximum Le samedi 22 mars 2025 Rendez-vous \u00e0 10H15 Au sein des locaux de la M\u00e9diath\u00e8que de MIRAMAS Le matin [&hellip;]<\/p>\n","protected":false},"author":1,"featured_media":0,"parent":84,"menu_order":0,"comment_status":"closed","ping_status":"closed","template":"","meta":{"footnotes":""},"class_list":["post-859","page","type-page","status-publish","hentry"],"_links":{"self":[{"href":"https:\/\/www.acapp.fr\/index.php\/wp-json\/wp\/v2\/pages\/859","targetHints":{"allow":["GET"]}}],"collection":[{"href":"https:\/\/www.acapp.fr\/index.php\/wp-json\/wp\/v2\/pages"}],"about":[{"href":"https:\/\/www.acapp.fr\/index.php\/wp-json\/wp\/v2\/types\/page"}],"author":[{"embeddable":true,"href":"https:\/\/www.acapp.fr\/index.php\/wp-json\/wp\/v2\/users\/1"}],"replies":[{"embeddable":true,"href":"https:\/\/www.acapp.fr\/index.php\/wp-json\/wp\/v2\/comments?post=859"}],"version-history":[{"count":1,"href":"https:\/\/www.acapp.fr\/index.php\/wp-json\/wp\/v2\/pages\/859\/revisions"}],"predecessor-version":[{"id":861,"href":"https:\/\/www.acapp.fr\/index.php\/wp-json\/wp\/v2\/pages\/859\/revisions\/861"}],"up":[{"embeddable":true,"href":"https:\/\/www.acapp.fr\/index.php\/wp-json\/wp\/v2\/pages\/84"}],"wp:attachment":[{"href":"https:\/\/www.acapp.fr\/index.php\/wp-json\/wp\/v2\/media?parent=859"}],"curies":[{"name":"wp","href":"https:\/\/api.w.org\/{rel}","templated":true}]}}