{"id":851,"date":"2025-01-31T18:43:08","date_gmt":"2025-01-31T17:43:08","guid":{"rendered":"https:\/\/www.acapp.fr\/?page_id=851"},"modified":"2025-02-01T08:36:40","modified_gmt":"2025-02-01T07:36:40","slug":"censure","status":"publish","type":"page","link":"https:\/\/www.acapp.fr\/index.php\/conferences\/censure\/","title":{"rendered":"Censure"},"content":{"rendered":"\n<p class=\"has-text-align-center has-foreground-color has-secondary-background-color has-text-color has-background has-link-color has-large-font-size wp-elements-b39fcf3e12b98c8404fc320e13c19fb2\"><strong>JEUDI 13 MARS 2025 \u00c0 18H<\/strong><\/p>\n\n\n\n<p class=\"has-text-align-center has-foreground-color has-text-color has-link-color has-large-font-size wp-elements-3afaca731ca02a7a91267c9f34e353de\"><strong>Conf\u00e9rence <em>\u00ab<\/em> <em>LES CENSURES ET L&rsquo;ART<\/em> <em>\u00bb<\/em><\/strong><\/p>\n\n\n\n<p class=\"has-text-align-center has-foreground-color has-text-color has-link-color wp-elements-fb34c5c8147da9979e10382b74b1c71d\"><strong>Pr\u00e9sent\u00e9e par Romain MATHIEU<\/strong>                                                                   <em>Historien et Docteur en Histoire de l\u2019Art, critique pour Art Press et enseignant \u00e0 l\u2019\u00e9cole Sup\u00e9rieure d\u2019Art et de Design de Saint-Etienne<\/em> <\/p>\n\n\n\n<figure class=\"wp-block-image aligncenter size-full\"><img loading=\"lazy\" decoding=\"async\" width=\"320\" height=\"213\" src=\"https:\/\/www.acapp.fr\/wp-content\/uploads\/2025\/01\/Censure.jpg\" alt=\"\" class=\"wp-image-852\" srcset=\"https:\/\/www.acapp.fr\/wp-content\/uploads\/2025\/01\/Censure.jpg 320w, https:\/\/www.acapp.fr\/wp-content\/uploads\/2025\/01\/Censure-300x200.jpg 300w\" sizes=\"auto, (max-width: 320px) 100vw, 320px\" \/><\/figure>\n\n\n<p><span style=\"color: #000000;\">En 2020, des mus\u00e9es am\u00e9ricains et la Tate Modern \u00e0 Londres annulaient la r\u00e9trospective de l&rsquo;artiste Philip Guston par crainte que les repr\u00e9sentations renvoyant au Ku Klux Klan blessent des personnes afro-am\u00e9ricaines alors m\u00eame que ces peintures sont pour l&rsquo;auteur, et comme le reconnaissent les directeurs de ces institutions, une critique de ce groupuscule raciste. Une situation parmi d&rsquo;autres qui montre l&rsquo;\u00e9volution de la censure contemporaine, une censure qui n&rsquo;est plus simplement \u00e9tatique mais port\u00e9e par diff\u00e9rents groupes sociaux dans des soci\u00e9t\u00e9s tr\u00e8s fragment\u00e9es. Nous aborderons cette nouvelle actualit\u00e9 de la censure ainsi que l&rsquo;\u00e9volution de ses formes, apr\u00e8s un vingti\u00e8me si\u00e8cle qui a fait de la libert\u00e9 d&rsquo;expression un principe majeur de nos soci\u00e9t\u00e9s.<\/span><\/p>\n\n\n<p class=\"has-text-align-center has-foreground-color has-text-color has-link-color wp-elements-6aaa4f11f365e8c92518058f980c68ed\"><strong>Auditorium Andr\u00e9 No\u00ebl \u2013 H\u00f4tel de ville<\/strong>                                                      <strong>Esplanade Bernardin Laugier \u2013 Istres<\/strong><\/p>\n\n\n\n<p class=\"has-text-align-center has-foreground-color has-text-color has-link-color wp-elements-d463d3215525820fc5338109cace33c6\"><strong>Inscription gratuite mais obligatoire<\/strong><\/p>\n","protected":false},"excerpt":{"rendered":"<p>JEUDI 13 MARS 2025 \u00c0 18H Conf\u00e9rence \u00ab LES CENSURES ET L&rsquo;ART \u00bb Pr\u00e9sent\u00e9e par Romain MATHIEU Historien et Docteur en Histoire de l\u2019Art, critique pour Art Press et enseignant \u00e0 l\u2019\u00e9cole Sup\u00e9rieure d\u2019Art et de Design de Saint-Etienne En 2020, des mus\u00e9es am\u00e9ricains et la Tate Modern \u00e0 Londres annulaient la r\u00e9trospective de l&rsquo;artiste [&hellip;]<\/p>\n","protected":false},"author":1,"featured_media":0,"parent":172,"menu_order":0,"comment_status":"closed","ping_status":"closed","template":"","meta":{"footnotes":""},"class_list":["post-851","page","type-page","status-publish","hentry"],"_links":{"self":[{"href":"https:\/\/www.acapp.fr\/index.php\/wp-json\/wp\/v2\/pages\/851","targetHints":{"allow":["GET"]}}],"collection":[{"href":"https:\/\/www.acapp.fr\/index.php\/wp-json\/wp\/v2\/pages"}],"about":[{"href":"https:\/\/www.acapp.fr\/index.php\/wp-json\/wp\/v2\/types\/page"}],"author":[{"embeddable":true,"href":"https:\/\/www.acapp.fr\/index.php\/wp-json\/wp\/v2\/users\/1"}],"replies":[{"embeddable":true,"href":"https:\/\/www.acapp.fr\/index.php\/wp-json\/wp\/v2\/comments?post=851"}],"version-history":[{"count":2,"href":"https:\/\/www.acapp.fr\/index.php\/wp-json\/wp\/v2\/pages\/851\/revisions"}],"predecessor-version":[{"id":855,"href":"https:\/\/www.acapp.fr\/index.php\/wp-json\/wp\/v2\/pages\/851\/revisions\/855"}],"up":[{"embeddable":true,"href":"https:\/\/www.acapp.fr\/index.php\/wp-json\/wp\/v2\/pages\/172"}],"wp:attachment":[{"href":"https:\/\/www.acapp.fr\/index.php\/wp-json\/wp\/v2\/media?parent=851"}],"curies":[{"name":"wp","href":"https:\/\/api.w.org\/{rel}","templated":true}]}}