{"id":842,"date":"2025-01-31T18:09:10","date_gmt":"2025-01-31T17:09:10","guid":{"rendered":"https:\/\/www.acapp.fr\/?page_id=842"},"modified":"2025-01-31T18:09:10","modified_gmt":"2025-01-31T17:09:10","slug":"aix-caumont","status":"publish","type":"page","link":"https:\/\/www.acapp.fr\/index.php\/sorties-culturelles\/aix-caumont\/","title":{"rendered":"AIX CAUMONT"},"content":{"rendered":"\n<h1 class=\"wp-block-heading has-text-align-center has-foreground-color has-secondary-background-color has-text-color has-background has-link-color has-large-font-size wp-elements-796a2ae4fb27f65494bd9cd2c7584dfc\"><strong>SORTIE CULTURELLE \u00c0 AIX EN PROVENCE<\/strong> <strong>\u00e0 l\u2019H\u00f4tel de Caumont<\/strong><\/h1>\n\n\n\n<p class=\"has-text-align-center has-foreground-color has-vertical-secondary-to-background-gradient-background has-text-color has-background has-link-color has-large-font-size wp-elements-f764a21ac80afbfe3edfcee4306b8c18\"><strong>Exposition <a>Steve Mc Curry\u00a0: regards<\/a><\/strong><\/p>\n\n\n\n<p class=\"has-text-align-center has-large-font-size\"><strong>Mardi 11 mars 2025<\/strong><\/p>\n\n\n<p style=\"text-align: center;\"><span style=\"color: #000000;\"><strong>2 groupes de 25 personnes <\/strong><\/span><\/p>\n<p style=\"text-align: center;\"><span style=\"color: #000000;\"><strong><u>1<sup>er<\/sup> groupe \u00e0 10h45 Rendez-vous \u00e0 10h30 devant l\u2019H\u00f4tel de Caumont<\/u><\/strong><\/span><\/p>\n<p style=\"text-align: center;\"><span style=\"color: #000000;\"><strong><u>2<sup>\u00e8me<\/sup> groupe \u00e0 15h15 Rendez-vous \u00e0 15h00 devant l\u2019H\u00f4tel de Caumont<\/u><\/strong><\/span><\/p>\n\n\n<p class=\"has-text-align-center has-foreground-color has-text-color has-link-color has-large-font-size wp-elements-5e882aa61f39ca7a723dc4596a67d645\"><strong><u>Prix<\/u>\u00a0: 10 euros<\/strong><\/p>\n\n\n\n<figure class=\"wp-block-image aligncenter size-full\"><img loading=\"lazy\" decoding=\"async\" width=\"506\" height=\"567\" src=\"https:\/\/www.acapp.fr\/wp-content\/uploads\/2025\/01\/Mc-Curry-1.jpg\" alt=\"\" class=\"wp-image-844\" srcset=\"https:\/\/www.acapp.fr\/wp-content\/uploads\/2025\/01\/Mc-Curry-1.jpg 506w, https:\/\/www.acapp.fr\/wp-content\/uploads\/2025\/01\/Mc-Curry-1-268x300.jpg 268w\" sizes=\"auto, (max-width: 506px) 100vw, 506px\" \/><\/figure>\n\n\n<p><strong><span style=\"color: #000000;\">Visite guid\u00e9e de l\u2019exposition Steve Mc Curry\u00a0: regards<\/span><\/strong><\/p>\n<p><span style=\"color: #000000;\">L\u2019exposition Steve McCurry, pr\u00e9sent\u00e9e cet hiver \u00e0 Caumont-Centre d\u2019art, rassemble les 80 \u0153uvres les plus embl\u00e9matiques du c\u00e9l\u00e8bre photographe am\u00e9ricain contemporain, ainsi que de r\u00e9cents clich\u00e9s encore jamais expos\u00e9s en France. Cette exposition recouvre pr\u00e8s de 40 ans de carri\u00e8re du photographe et illustre ses nombreux voyages, de l\u2019Inde au Japon, en passant par le Pakistan et l\u2019Asie du Sud Est. Le c\u00e9l\u00e8bre clich\u00e9 de Sharbat Gula, la jeune Afghane photographi\u00e9e par McCurry en 1984 dans un camp de r\u00e9fugi\u00e9s \u00e0 Peshawar au Pakistan, est devenu une ic\u00f4ne absolue de la photographie mondiale. Entre traditions ancestrales et cultures contemporaines, les clich\u00e9s du photographe immortalisent des portraits et des paysages \u00e0 la valeur aussi bien documentaire qu\u2019artistique.<\/span><\/p>\n\n\n<p class=\"has-text-align-center has-foreground-color has-text-color has-link-color has-large-font-size wp-elements-0f81d105b2a8ec20b3cb55776a758d6b\"><strong>Date de d\u00e9but d\u2019inscription\u00a0: mardi 25 f\u00e9vrier<\/strong><\/p>\n\n\n\n<p class=\"has-text-align-center has-foreground-color has-text-color has-link-color wp-elements-26837c49b503c8692eadd3bb375320a0\"><strong>Merci de r\u00e9gler le plus vite possible apr\u00e8s votre inscription<\/strong><\/p>\n\n\n\n<p class=\"has-foreground-color has-text-color has-link-color wp-elements-a9eb6aeed2a83141751f11f3481f6fda\"><strong>R\u00e8glement\u00a0\u00e0 l\u2019inscription : 10\u20ac, esp\u00e8ce ou ch\u00e8que libell\u00e9 au nom de l\u2019ACAPP.<\/strong><\/p>\n\n\n\n<p class=\"has-foreground-color has-text-color has-link-color wp-elements-cd084811eb37edf8ddd548f839df8a74\"><strong>Inscriptions\u00a0: sur place ou par t\u00e9l\u00e9phone: <\/strong>ACAPP 6 rue Juiverie 13800 Istres<\/p>\n\n\n\n<p><\/p>\n","protected":false},"excerpt":{"rendered":"<p>SORTIE CULTURELLE \u00c0 AIX EN PROVENCE \u00e0 l\u2019H\u00f4tel de Caumont Exposition Steve Mc Curry\u00a0: regards Mardi 11 mars 2025 2 groupes de 25 personnes 1er groupe \u00e0 10h45 Rendez-vous \u00e0 10h30 devant l\u2019H\u00f4tel de Caumont 2\u00e8me groupe \u00e0 15h15 Rendez-vous \u00e0 15h00 devant l\u2019H\u00f4tel de Caumont Prix\u00a0: 10 euros Visite guid\u00e9e de l\u2019exposition Steve Mc [&hellip;]<\/p>\n","protected":false},"author":1,"featured_media":0,"parent":103,"menu_order":0,"comment_status":"closed","ping_status":"closed","template":"","meta":{"footnotes":""},"class_list":["post-842","page","type-page","status-publish","hentry"],"_links":{"self":[{"href":"https:\/\/www.acapp.fr\/index.php\/wp-json\/wp\/v2\/pages\/842","targetHints":{"allow":["GET"]}}],"collection":[{"href":"https:\/\/www.acapp.fr\/index.php\/wp-json\/wp\/v2\/pages"}],"about":[{"href":"https:\/\/www.acapp.fr\/index.php\/wp-json\/wp\/v2\/types\/page"}],"author":[{"embeddable":true,"href":"https:\/\/www.acapp.fr\/index.php\/wp-json\/wp\/v2\/users\/1"}],"replies":[{"embeddable":true,"href":"https:\/\/www.acapp.fr\/index.php\/wp-json\/wp\/v2\/comments?post=842"}],"version-history":[{"count":1,"href":"https:\/\/www.acapp.fr\/index.php\/wp-json\/wp\/v2\/pages\/842\/revisions"}],"predecessor-version":[{"id":845,"href":"https:\/\/www.acapp.fr\/index.php\/wp-json\/wp\/v2\/pages\/842\/revisions\/845"}],"up":[{"embeddable":true,"href":"https:\/\/www.acapp.fr\/index.php\/wp-json\/wp\/v2\/pages\/103"}],"wp:attachment":[{"href":"https:\/\/www.acapp.fr\/index.php\/wp-json\/wp\/v2\/media?parent=842"}],"curies":[{"name":"wp","href":"https:\/\/api.w.org\/{rel}","templated":true}]}}