{"id":828,"date":"2025-01-29T17:09:17","date_gmt":"2025-01-29T16:09:17","guid":{"rendered":"https:\/\/www.acapp.fr\/?page_id=828"},"modified":"2025-02-01T10:48:33","modified_gmt":"2025-02-01T09:48:33","slug":"nu","status":"publish","type":"page","link":"https:\/\/www.acapp.fr\/index.php\/ateliers\/nu\/","title":{"rendered":"Nu"},"content":{"rendered":"\n<p class=\"has-text-align-center has-secondary-background-color has-background has-large-font-size\"><strong>Stage \u00ab&nbsp;Initiation au dessin de mod\u00e8le vivant \u00bb<\/strong><\/p>\n\n\n\n<p class=\"has-text-align-center has-foreground-color has-text-color has-link-color has-medium-font-size wp-elements-eda8ccd1dbca2d7938c9b398b432748e\"><strong>Anim\u00e9 par Annie Martin, professeur aux beaux-arts<\/strong><\/p>\n\n\n\n<figure class=\"wp-block-image aligncenter size-full is-resized\"><img loading=\"lazy\" decoding=\"async\" width=\"267\" height=\"189\" src=\"https:\/\/www.acapp.fr\/wp-content\/uploads\/2025\/01\/modele-vivant.jpg\" alt=\"\" class=\"wp-image-829\" style=\"width:428px;height:auto\"\/><\/figure>\n\n\n<p><strong><span style=\"color: #000000;\">Le mod\u00e8le vivant permet une \u00e9tude de la morphologie, des proportions, des volumes, des ombres, des lignes et de la gestuelle du corps humain. Le sujet, la vari\u00e9t\u00e9 infinie des morphologies et des poses possibles, font de l\u2019\u00e9tude du mod\u00e8le et de la repr\u00e9sentation du corps un exercice de base dans toutes les disciplines graphiques et plastiques.<\/span><\/strong><\/p>\n\n\n<p class=\"has-text-align-center has-foreground-color has-text-color has-link-color wp-elements-ef4dc1ed512624be1190807209381d57\"><a><strong>Les samedis 1<sup>er<\/sup> et 15 mars 2025<\/strong><\/a><\/p>\n\n\n\n<p class=\"has-text-align-center has-foreground-color has-text-color has-link-color wp-elements-b7e9b32d4479d484ab5a67103354811a\"><strong>De 9h30 \u00e0 12h et de 14h \u00e0 16h30<\/strong> <strong>\u00e0 l&rsquo;atelier de l&rsquo;ACAPP<\/strong><\/p>\n\n\n\n<p class=\"has-text-align-center has-foreground-color has-text-color has-link-color has-large-font-size wp-elements-1e9de9e7361268f77a1c4f025c7b9767\"><strong>Tarif : 40 euros<\/strong><\/p>\n\n\n\n<p class=\"has-foreground-color has-text-color has-link-color wp-elements-22675ef482af5fd80fb7ebcd7e7a8398\"><strong>Inscription \u00e0 r\u00e9ception de l&rsquo;information<\/strong><\/p>\n\n\n\n<p><\/p>\n","protected":false},"excerpt":{"rendered":"<p>Stage \u00ab&nbsp;Initiation au dessin de mod\u00e8le vivant \u00bb Anim\u00e9 par Annie Martin, professeur aux beaux-arts Le mod\u00e8le vivant permet une \u00e9tude de la morphologie, des proportions, des volumes, des ombres, des lignes et de la gestuelle du corps humain. Le sujet, la vari\u00e9t\u00e9 infinie des morphologies et des poses possibles, font de l\u2019\u00e9tude du mod\u00e8le [&hellip;]<\/p>\n","protected":false},"author":1,"featured_media":0,"parent":84,"menu_order":0,"comment_status":"closed","ping_status":"closed","template":"","meta":{"footnotes":""},"class_list":["post-828","page","type-page","status-publish","hentry"],"_links":{"self":[{"href":"https:\/\/www.acapp.fr\/index.php\/wp-json\/wp\/v2\/pages\/828","targetHints":{"allow":["GET"]}}],"collection":[{"href":"https:\/\/www.acapp.fr\/index.php\/wp-json\/wp\/v2\/pages"}],"about":[{"href":"https:\/\/www.acapp.fr\/index.php\/wp-json\/wp\/v2\/types\/page"}],"author":[{"embeddable":true,"href":"https:\/\/www.acapp.fr\/index.php\/wp-json\/wp\/v2\/users\/1"}],"replies":[{"embeddable":true,"href":"https:\/\/www.acapp.fr\/index.php\/wp-json\/wp\/v2\/comments?post=828"}],"version-history":[{"count":2,"href":"https:\/\/www.acapp.fr\/index.php\/wp-json\/wp\/v2\/pages\/828\/revisions"}],"predecessor-version":[{"id":869,"href":"https:\/\/www.acapp.fr\/index.php\/wp-json\/wp\/v2\/pages\/828\/revisions\/869"}],"up":[{"embeddable":true,"href":"https:\/\/www.acapp.fr\/index.php\/wp-json\/wp\/v2\/pages\/84"}],"wp:attachment":[{"href":"https:\/\/www.acapp.fr\/index.php\/wp-json\/wp\/v2\/media?parent=828"}],"curies":[{"name":"wp","href":"https:\/\/api.w.org\/{rel}","templated":true}]}}