{"id":821,"date":"2025-01-29T10:07:42","date_gmt":"2025-01-29T09:07:42","guid":{"rendered":"https:\/\/www.acapp.fr\/?page_id=821"},"modified":"2025-02-28T18:12:42","modified_gmt":"2025-02-28T17:12:42","slug":"carrieres","status":"publish","type":"page","link":"https:\/\/www.acapp.fr\/index.php\/sorties-culturelles\/carrieres\/","title":{"rendered":"Carrieres"},"content":{"rendered":"\n<h1 class=\"wp-block-heading has-text-align-center has-foreground-color has-secondary-background-color has-text-color has-background has-link-color has-large-font-size wp-elements-66d502a0ad695b3d71f517b75d362a86\"><strong>SORTIE CULTURELLE AUX BAUX DE PROVENCE  CARRIERES DE LUMIERES<\/strong><\/h1>\n\n\n\n<h1 class=\"wp-block-heading has-foreground-color has-secondary-background-color has-text-color has-background has-link-color has-large-font-size wp-elements-08bac504a2d37f4fab2d95a54d6cc4c5\"><strong>Visite des expositions&nbsp;\u00ab <a>Monet, Impression soleil levant <\/a>\u00bb et \u00ab&nbsp;Le Douanier, au pays des r\u00eaves \u00bb<\/strong><\/h1>\n\n\n\n<p class=\"has-text-align-center has-large-font-size\"><strong>Vendredi 7 f\u00e9vrier 2025 en autocar<\/strong><\/p>\n\n\n\n<figure class=\"wp-block-image aligncenter size-full\"><img loading=\"lazy\" decoding=\"async\" width=\"540\" height=\"312\" src=\"https:\/\/www.acapp.fr\/wp-content\/uploads\/2025\/01\/2022-04-28.jpg\" alt=\"\" class=\"wp-image-822\" srcset=\"https:\/\/www.acapp.fr\/wp-content\/uploads\/2025\/01\/2022-04-28.jpg 540w, https:\/\/www.acapp.fr\/wp-content\/uploads\/2025\/01\/2022-04-28-300x173.jpg 300w\" sizes=\"auto, (max-width: 540px) 100vw, 540px\" \/><\/figure>\n\n\n<p><span style=\"color: #000000;\"><strong><u>Monet, Impression soleil levant <\/u><\/strong><\/span><\/p>\n<p><span style=\"color: #000000;\">\u00c0 travers cette r\u00e9trospective num\u00e9rique, sa palette lumineuse et ses compositions saisies sur le vif animeront les parois centenaires de ce lieu historique. <\/span><span style=\"color: #000000;\">Comme un \u00e9cho aux 150 ans de l\u2019impressionnisme, cette monographie nous offre une lecture audacieuse de l\u2019\u0153uvre de Claude Monet, entre ses p\u00e9riples, ses lieux de cr\u00e9ation devenus c\u00e9l\u00e8bres et ses s\u00e9ries embl\u00e9matiques, le tout s\u2019animant \u00e0 travers le prisme de l\u2019art num\u00e9rique. <\/span><span style=\"color: #000000;\">Une exp\u00e9rience \u00e0 la hauteur de la r\u00e9volution qu\u2019a repr\u00e9sent\u00e9e l\u2019av\u00e8nement de ce mouvement et la renomm\u00e9e internationale de l\u2019artiste.<\/span><\/p>\n<p><span style=\"color: #000000;\"><strong><u>Le Douanier, au pays des r\u00eaves <\/u><\/strong><\/span><\/p>\n<p><span style=\"color: #000000;\">A la fin du XIXe si\u00e8cle, ce peintre autodidacte et pionnier de l\u2019art na\u00eff puise son inspiration en observant en d\u00e9tail la v\u00e9g\u00e9tation et les animaux venus d\u2019ailleurs, depuis les serres et la m\u00e9nagerie du Jardin des plantes de Paris. <\/span><span style=\"color: #000000;\">Raill\u00e9e par ses contemporains, mais admir\u00e9e par les avant-gardistes tels que Delaunay, Apollinaire, Picasso ou encore Kandinsky, sa peinture id\u00e9aliste aux couleurs vives et perspectives maladroites, permettra ensuite de s\u2019affranchir des normes acad\u00e9miques de l\u2019\u00e9poque en ouvrant les voies de la modernit\u00e9 en peinture. <\/span><span style=\"color: #000000;\">Henri Rousseau fait red\u00e9couvrir aux visiteurs le Paris de l\u2019\u00e8re industrielle, peupl\u00e9 de personnages fig\u00e9s qui nous observent sous un ciel o\u00f9 flottent les zeppelins et les montgolfi\u00e8res. Sans jamais avoir quitt\u00e9 la France, il tisse aussi le r\u00e9cit color\u00e9 au c\u0153ur d\u2019un royaume v\u00e9g\u00e9tal dense o\u00f9 les yeux des tigres percent les feuillages et les paysages nous transportent vers des contr\u00e9es imaginaires.<\/span><\/p>\n<p><span style=\"color: #000000;\">Dans cet univers parall\u00e8le o\u00f9 la r\u00e9alit\u00e9 du quotidien est envahie par une profusion de d\u00e9tails oniriques, celui qui \u00e9tait surnomm\u00e9 \u00ab Douanier \u00bb en raison de son m\u00e9tier \u00e0 l\u2019octroi de Paris, nous invite \u00e0 s\u2019\u00e9vader en r\u00eavant les yeux grands ouverts, depuis la France vers une jungle au parfum d\u2019Eden.<\/span><\/p>\n\n\n<figure class=\"wp-block-gallery has-nested-images columns-default is-cropped wp-block-gallery-1 is-layout-flex wp-block-gallery-is-layout-flex\">\n<figure class=\"wp-block-image size-large\"><a href=\"https:\/\/www.acapp.fr\/wp-content\/uploads\/2025\/02\/20250207_105632.jpg\"><img loading=\"lazy\" decoding=\"async\" width=\"480\" height=\"640\" data-id=\"878\" src=\"https:\/\/www.acapp.fr\/wp-content\/uploads\/2025\/02\/20250207_105632.jpg\" alt=\"\" class=\"wp-image-878\" srcset=\"https:\/\/www.acapp.fr\/wp-content\/uploads\/2025\/02\/20250207_105632.jpg 480w, https:\/\/www.acapp.fr\/wp-content\/uploads\/2025\/02\/20250207_105632-225x300.jpg 225w\" sizes=\"auto, (max-width: 480px) 100vw, 480px\" \/><\/a><\/figure>\n\n\n\n<figure class=\"wp-block-image size-large\"><a href=\"https:\/\/www.acapp.fr\/wp-content\/uploads\/2025\/02\/20250207_110129.jpg\"><img loading=\"lazy\" decoding=\"async\" width=\"640\" height=\"480\" data-id=\"872\" src=\"https:\/\/www.acapp.fr\/wp-content\/uploads\/2025\/02\/20250207_110129.jpg\" alt=\"\" class=\"wp-image-872\" srcset=\"https:\/\/www.acapp.fr\/wp-content\/uploads\/2025\/02\/20250207_110129.jpg 640w, https:\/\/www.acapp.fr\/wp-content\/uploads\/2025\/02\/20250207_110129-300x225.jpg 300w\" sizes=\"auto, (max-width: 640px) 100vw, 640px\" \/><\/a><\/figure>\n\n\n\n<figure class=\"wp-block-image size-large\"><a href=\"https:\/\/www.acapp.fr\/wp-content\/uploads\/2025\/02\/20250207_110344.jpg\"><img loading=\"lazy\" decoding=\"async\" width=\"640\" height=\"480\" data-id=\"877\" src=\"https:\/\/www.acapp.fr\/wp-content\/uploads\/2025\/02\/20250207_110344.jpg\" alt=\"\" class=\"wp-image-877\" srcset=\"https:\/\/www.acapp.fr\/wp-content\/uploads\/2025\/02\/20250207_110344.jpg 640w, https:\/\/www.acapp.fr\/wp-content\/uploads\/2025\/02\/20250207_110344-300x225.jpg 300w\" sizes=\"auto, (max-width: 640px) 100vw, 640px\" \/><\/a><\/figure>\n\n\n\n<figure class=\"wp-block-image size-large\"><a href=\"https:\/\/www.acapp.fr\/wp-content\/uploads\/2025\/02\/20250207_111125.jpg\"><img loading=\"lazy\" decoding=\"async\" width=\"640\" height=\"480\" data-id=\"880\" src=\"https:\/\/www.acapp.fr\/wp-content\/uploads\/2025\/02\/20250207_111125.jpg\" alt=\"\" class=\"wp-image-880\" srcset=\"https:\/\/www.acapp.fr\/wp-content\/uploads\/2025\/02\/20250207_111125.jpg 640w, https:\/\/www.acapp.fr\/wp-content\/uploads\/2025\/02\/20250207_111125-300x225.jpg 300w\" sizes=\"auto, (max-width: 640px) 100vw, 640px\" \/><\/a><\/figure>\n\n\n\n<figure class=\"wp-block-image size-large\"><a href=\"https:\/\/www.acapp.fr\/wp-content\/uploads\/2025\/02\/20250207_111532.jpg\"><img loading=\"lazy\" decoding=\"async\" width=\"480\" height=\"640\" data-id=\"874\" src=\"https:\/\/www.acapp.fr\/wp-content\/uploads\/2025\/02\/20250207_111532.jpg\" alt=\"\" class=\"wp-image-874\" srcset=\"https:\/\/www.acapp.fr\/wp-content\/uploads\/2025\/02\/20250207_111532.jpg 480w, https:\/\/www.acapp.fr\/wp-content\/uploads\/2025\/02\/20250207_111532-225x300.jpg 225w\" sizes=\"auto, (max-width: 480px) 100vw, 480px\" \/><\/a><\/figure>\n\n\n\n<figure class=\"wp-block-image size-large\"><a href=\"https:\/\/www.acapp.fr\/wp-content\/uploads\/2025\/02\/20250207_112110.jpg\"><img loading=\"lazy\" decoding=\"async\" width=\"640\" height=\"480\" data-id=\"881\" src=\"https:\/\/www.acapp.fr\/wp-content\/uploads\/2025\/02\/20250207_112110.jpg\" alt=\"\" class=\"wp-image-881\" srcset=\"https:\/\/www.acapp.fr\/wp-content\/uploads\/2025\/02\/20250207_112110.jpg 640w, https:\/\/www.acapp.fr\/wp-content\/uploads\/2025\/02\/20250207_112110-300x225.jpg 300w\" sizes=\"auto, (max-width: 640px) 100vw, 640px\" \/><\/a><\/figure>\n\n\n\n<figure class=\"wp-block-image size-large\"><a href=\"https:\/\/www.acapp.fr\/wp-content\/uploads\/2025\/02\/20250207_113155.jpg\"><img loading=\"lazy\" decoding=\"async\" width=\"640\" height=\"480\" data-id=\"875\" src=\"https:\/\/www.acapp.fr\/wp-content\/uploads\/2025\/02\/20250207_113155.jpg\" alt=\"\" class=\"wp-image-875\" srcset=\"https:\/\/www.acapp.fr\/wp-content\/uploads\/2025\/02\/20250207_113155.jpg 640w, https:\/\/www.acapp.fr\/wp-content\/uploads\/2025\/02\/20250207_113155-300x225.jpg 300w\" sizes=\"auto, (max-width: 640px) 100vw, 640px\" \/><\/a><\/figure>\n\n\n\n<figure class=\"wp-block-image size-large\"><a href=\"https:\/\/www.acapp.fr\/wp-content\/uploads\/2025\/02\/IMG-20250208-WA0000.jpg\"><img loading=\"lazy\" decoding=\"async\" width=\"768\" height=\"1024\" data-id=\"876\" src=\"https:\/\/www.acapp.fr\/wp-content\/uploads\/2025\/02\/IMG-20250208-WA0000-768x1024.jpg\" alt=\"\" class=\"wp-image-876\" srcset=\"https:\/\/www.acapp.fr\/wp-content\/uploads\/2025\/02\/IMG-20250208-WA0000-768x1024.jpg 768w, https:\/\/www.acapp.fr\/wp-content\/uploads\/2025\/02\/IMG-20250208-WA0000-225x300.jpg 225w, https:\/\/www.acapp.fr\/wp-content\/uploads\/2025\/02\/IMG-20250208-WA0000-1152x1536.jpg 1152w, https:\/\/www.acapp.fr\/wp-content\/uploads\/2025\/02\/IMG-20250208-WA0000.jpg 1500w\" sizes=\"auto, (max-width: 768px) 100vw, 768px\" \/><\/a><\/figure>\n\n\n\n<figure class=\"wp-block-image size-large\"><a href=\"https:\/\/www.acapp.fr\/wp-content\/uploads\/2025\/02\/IMG-20250208-WA0001.jpg\"><img loading=\"lazy\" decoding=\"async\" width=\"768\" height=\"1024\" data-id=\"879\" src=\"https:\/\/www.acapp.fr\/wp-content\/uploads\/2025\/02\/IMG-20250208-WA0001-768x1024.jpg\" alt=\"\" class=\"wp-image-879\" srcset=\"https:\/\/www.acapp.fr\/wp-content\/uploads\/2025\/02\/IMG-20250208-WA0001-768x1024.jpg 768w, https:\/\/www.acapp.fr\/wp-content\/uploads\/2025\/02\/IMG-20250208-WA0001-225x300.jpg 225w, https:\/\/www.acapp.fr\/wp-content\/uploads\/2025\/02\/IMG-20250208-WA0001-1152x1536.jpg 1152w, https:\/\/www.acapp.fr\/wp-content\/uploads\/2025\/02\/IMG-20250208-WA0001.jpg 1500w\" sizes=\"auto, (max-width: 768px) 100vw, 768px\" \/><\/a><\/figure>\n<\/figure>\n\n\n\n<p class=\"has-foreground-color has-text-color has-link-color wp-elements-29c2f043d3a38d32b0327849d2d96eaf\"><em>Cr\u00e9dit photo : Maurice Canovas<\/em><\/p>\n","protected":false},"excerpt":{"rendered":"<p>SORTIE CULTURELLE AUX BAUX DE PROVENCE CARRIERES DE LUMIERES Visite des expositions&nbsp;\u00ab Monet, Impression soleil levant \u00bb et \u00ab&nbsp;Le Douanier, au pays des r\u00eaves \u00bb Vendredi 7 f\u00e9vrier 2025 en autocar Monet, Impression soleil levant \u00c0 travers cette r\u00e9trospective num\u00e9rique, sa palette lumineuse et ses compositions saisies sur le vif animeront les parois centenaires de [&hellip;]<\/p>\n","protected":false},"author":1,"featured_media":0,"parent":103,"menu_order":0,"comment_status":"closed","ping_status":"closed","template":"","meta":{"footnotes":""},"class_list":["post-821","page","type-page","status-publish","hentry"],"_links":{"self":[{"href":"https:\/\/www.acapp.fr\/index.php\/wp-json\/wp\/v2\/pages\/821","targetHints":{"allow":["GET"]}}],"collection":[{"href":"https:\/\/www.acapp.fr\/index.php\/wp-json\/wp\/v2\/pages"}],"about":[{"href":"https:\/\/www.acapp.fr\/index.php\/wp-json\/wp\/v2\/types\/page"}],"author":[{"embeddable":true,"href":"https:\/\/www.acapp.fr\/index.php\/wp-json\/wp\/v2\/users\/1"}],"replies":[{"embeddable":true,"href":"https:\/\/www.acapp.fr\/index.php\/wp-json\/wp\/v2\/comments?post=821"}],"version-history":[{"count":4,"href":"https:\/\/www.acapp.fr\/index.php\/wp-json\/wp\/v2\/pages\/821\/revisions"}],"predecessor-version":[{"id":916,"href":"https:\/\/www.acapp.fr\/index.php\/wp-json\/wp\/v2\/pages\/821\/revisions\/916"}],"up":[{"embeddable":true,"href":"https:\/\/www.acapp.fr\/index.php\/wp-json\/wp\/v2\/pages\/103"}],"wp:attachment":[{"href":"https:\/\/www.acapp.fr\/index.php\/wp-json\/wp\/v2\/media?parent=821"}],"curies":[{"name":"wp","href":"https:\/\/api.w.org\/{rel}","templated":true}]}}