{"id":777,"date":"2025-01-28T10:02:42","date_gmt":"2025-01-28T09:02:42","guid":{"rendered":"https:\/\/www.acapp.fr\/?page_id=777"},"modified":"2025-01-28T10:37:06","modified_gmt":"2025-01-28T09:37:06","slug":"galette","status":"publish","type":"page","link":"https:\/\/www.acapp.fr\/index.php\/actions\/galette\/","title":{"rendered":"galette"},"content":{"rendered":"\n<p class=\"has-foreground-color has-text-color has-link-color wp-elements-9217ea4d42f2a37e9509f972c414d086\"><strong>Le 10 janvier 2025 s\u2019est tenue la galette des rois de l\u2019ACAPP \u00e0 laquelle ont particip\u00e9 plus de 150 adh\u00e9rents.<\/strong><\/p>\n\n\n\n<p class=\"has-foreground-color has-text-color has-link-color wp-elements-bffbb018cdfa647b73de7f039f2e1422\"><strong>Un GRAND merci \u00e0 tous les b\u00e9n\u00e9voles qui nous ont aid\u00e9 \u00e0 organiser cette soir\u00e9e festive.<\/strong><\/p>\n\n\n\n<figure class=\"wp-block-gallery has-nested-images columns-2 is-cropped wp-block-gallery-1 is-layout-flex wp-block-gallery-is-layout-flex\">\n<figure class=\"wp-block-image size-full\"><a href=\"https:\/\/www.acapp.fr\/wp-content\/uploads\/2025\/01\/DSC_0364.jpg\"><img loading=\"lazy\" decoding=\"async\" width=\"582\" height=\"408\" data-id=\"791\" src=\"https:\/\/www.acapp.fr\/wp-content\/uploads\/2025\/01\/DSC_0364.jpg\" alt=\"\" class=\"wp-image-791\" srcset=\"https:\/\/www.acapp.fr\/wp-content\/uploads\/2025\/01\/DSC_0364.jpg 582w, https:\/\/www.acapp.fr\/wp-content\/uploads\/2025\/01\/DSC_0364-300x210.jpg 300w\" sizes=\"auto, (max-width: 582px) 100vw, 582px\" \/><\/a><\/figure>\n\n\n\n<figure class=\"wp-block-image size-full\"><a href=\"https:\/\/www.acapp.fr\/wp-content\/uploads\/2025\/01\/DSC_0363.jpg\"><img loading=\"lazy\" decoding=\"async\" width=\"582\" height=\"390\" data-id=\"790\" src=\"https:\/\/www.acapp.fr\/wp-content\/uploads\/2025\/01\/DSC_0363.jpg\" alt=\"\" class=\"wp-image-790\" srcset=\"https:\/\/www.acapp.fr\/wp-content\/uploads\/2025\/01\/DSC_0363.jpg 582w, https:\/\/www.acapp.fr\/wp-content\/uploads\/2025\/01\/DSC_0363-300x201.jpg 300w\" sizes=\"auto, (max-width: 582px) 100vw, 582px\" \/><\/a><\/figure>\n\n\n\n<figure class=\"wp-block-image size-full\"><a href=\"https:\/\/www.acapp.fr\/wp-content\/uploads\/2025\/01\/DSC_0360.jpg\"><img loading=\"lazy\" decoding=\"async\" width=\"582\" height=\"390\" data-id=\"789\" src=\"https:\/\/www.acapp.fr\/wp-content\/uploads\/2025\/01\/DSC_0360.jpg\" alt=\"\" class=\"wp-image-789\" srcset=\"https:\/\/www.acapp.fr\/wp-content\/uploads\/2025\/01\/DSC_0360.jpg 582w, https:\/\/www.acapp.fr\/wp-content\/uploads\/2025\/01\/DSC_0360-300x201.jpg 300w\" sizes=\"auto, (max-width: 582px) 100vw, 582px\" \/><\/a><\/figure>\n\n\n\n<figure class=\"wp-block-image size-full\"><a href=\"https:\/\/www.acapp.fr\/wp-content\/uploads\/2025\/01\/DSC_0358.jpg\"><img loading=\"lazy\" decoding=\"async\" width=\"582\" height=\"393\" data-id=\"788\" src=\"https:\/\/www.acapp.fr\/wp-content\/uploads\/2025\/01\/DSC_0358.jpg\" alt=\"\" class=\"wp-image-788\" srcset=\"https:\/\/www.acapp.fr\/wp-content\/uploads\/2025\/01\/DSC_0358.jpg 582w, https:\/\/www.acapp.fr\/wp-content\/uploads\/2025\/01\/DSC_0358-300x203.jpg 300w\" sizes=\"auto, (max-width: 582px) 100vw, 582px\" \/><\/a><\/figure>\n\n\n\n<figure class=\"wp-block-image size-full\"><a href=\"https:\/\/www.acapp.fr\/wp-content\/uploads\/2025\/01\/DSC_0355.jpg\"><img loading=\"lazy\" decoding=\"async\" width=\"582\" height=\"390\" data-id=\"787\" src=\"https:\/\/www.acapp.fr\/wp-content\/uploads\/2025\/01\/DSC_0355.jpg\" alt=\"\" class=\"wp-image-787\" srcset=\"https:\/\/www.acapp.fr\/wp-content\/uploads\/2025\/01\/DSC_0355.jpg 582w, https:\/\/www.acapp.fr\/wp-content\/uploads\/2025\/01\/DSC_0355-300x201.jpg 300w\" sizes=\"auto, (max-width: 582px) 100vw, 582px\" \/><\/a><\/figure>\n\n\n\n<figure class=\"wp-block-image size-full\"><a href=\"https:\/\/www.acapp.fr\/wp-content\/uploads\/2025\/01\/DSC_0354.jpg\"><img loading=\"lazy\" decoding=\"async\" width=\"582\" height=\"430\" data-id=\"786\" src=\"https:\/\/www.acapp.fr\/wp-content\/uploads\/2025\/01\/DSC_0354.jpg\" alt=\"\" class=\"wp-image-786\" srcset=\"https:\/\/www.acapp.fr\/wp-content\/uploads\/2025\/01\/DSC_0354.jpg 582w, https:\/\/www.acapp.fr\/wp-content\/uploads\/2025\/01\/DSC_0354-300x222.jpg 300w\" sizes=\"auto, (max-width: 582px) 100vw, 582px\" \/><\/a><\/figure>\n\n\n\n<figure class=\"wp-block-image size-full\"><a href=\"https:\/\/www.acapp.fr\/wp-content\/uploads\/2025\/01\/DSC_0351.jpg\"><img loading=\"lazy\" decoding=\"async\" width=\"672\" height=\"477\" data-id=\"785\" src=\"https:\/\/www.acapp.fr\/wp-content\/uploads\/2025\/01\/DSC_0351.jpg\" alt=\"\" class=\"wp-image-785\" srcset=\"https:\/\/www.acapp.fr\/wp-content\/uploads\/2025\/01\/DSC_0351.jpg 672w, https:\/\/www.acapp.fr\/wp-content\/uploads\/2025\/01\/DSC_0351-300x213.jpg 300w\" sizes=\"auto, (max-width: 672px) 100vw, 672px\" \/><\/a><\/figure>\n\n\n\n<figure class=\"wp-block-image size-full\"><a href=\"https:\/\/www.acapp.fr\/wp-content\/uploads\/2025\/01\/DSC_0350.jpg\"><img loading=\"lazy\" decoding=\"async\" width=\"672\" height=\"405\" data-id=\"784\" src=\"https:\/\/www.acapp.fr\/wp-content\/uploads\/2025\/01\/DSC_0350.jpg\" alt=\"\" class=\"wp-image-784\" srcset=\"https:\/\/www.acapp.fr\/wp-content\/uploads\/2025\/01\/DSC_0350.jpg 672w, https:\/\/www.acapp.fr\/wp-content\/uploads\/2025\/01\/DSC_0350-300x181.jpg 300w\" sizes=\"auto, (max-width: 672px) 100vw, 672px\" \/><\/a><\/figure>\n\n\n\n<figure class=\"wp-block-image size-full\"><a href=\"https:\/\/www.acapp.fr\/wp-content\/uploads\/2025\/01\/DSC_0348.jpg\"><img loading=\"lazy\" decoding=\"async\" width=\"603\" height=\"504\" data-id=\"783\" src=\"https:\/\/www.acapp.fr\/wp-content\/uploads\/2025\/01\/DSC_0348.jpg\" alt=\"\" class=\"wp-image-783\" srcset=\"https:\/\/www.acapp.fr\/wp-content\/uploads\/2025\/01\/DSC_0348.jpg 603w, https:\/\/www.acapp.fr\/wp-content\/uploads\/2025\/01\/DSC_0348-300x251.jpg 300w\" sizes=\"auto, (max-width: 603px) 100vw, 603px\" \/><\/a><\/figure>\n\n\n\n<figure class=\"wp-block-image size-full\"><a href=\"https:\/\/www.acapp.fr\/wp-content\/uploads\/2025\/01\/DSC_0347.jpg\"><img loading=\"lazy\" decoding=\"async\" width=\"672\" height=\"486\" data-id=\"782\" src=\"https:\/\/www.acapp.fr\/wp-content\/uploads\/2025\/01\/DSC_0347.jpg\" alt=\"\" class=\"wp-image-782\" srcset=\"https:\/\/www.acapp.fr\/wp-content\/uploads\/2025\/01\/DSC_0347.jpg 672w, https:\/\/www.acapp.fr\/wp-content\/uploads\/2025\/01\/DSC_0347-300x217.jpg 300w\" sizes=\"auto, (max-width: 672px) 100vw, 672px\" \/><\/a><\/figure>\n\n\n\n<figure class=\"wp-block-image size-full\"><a href=\"https:\/\/www.acapp.fr\/wp-content\/uploads\/2025\/01\/DSC_0344.jpg\"><img loading=\"lazy\" decoding=\"async\" width=\"610\" height=\"504\" data-id=\"781\" src=\"https:\/\/www.acapp.fr\/wp-content\/uploads\/2025\/01\/DSC_0344.jpg\" alt=\"\" class=\"wp-image-781\" srcset=\"https:\/\/www.acapp.fr\/wp-content\/uploads\/2025\/01\/DSC_0344.jpg 610w, https:\/\/www.acapp.fr\/wp-content\/uploads\/2025\/01\/DSC_0344-300x248.jpg 300w\" sizes=\"auto, (max-width: 610px) 100vw, 610px\" \/><\/a><\/figure>\n\n\n\n<figure class=\"wp-block-image size-full\"><a href=\"https:\/\/www.acapp.fr\/wp-content\/uploads\/2025\/01\/DSC_0342.jpg\"><img loading=\"lazy\" decoding=\"async\" width=\"672\" height=\"450\" data-id=\"780\" src=\"https:\/\/www.acapp.fr\/wp-content\/uploads\/2025\/01\/DSC_0342.jpg\" alt=\"\" class=\"wp-image-780\" srcset=\"https:\/\/www.acapp.fr\/wp-content\/uploads\/2025\/01\/DSC_0342.jpg 672w, https:\/\/www.acapp.fr\/wp-content\/uploads\/2025\/01\/DSC_0342-300x201.jpg 300w\" sizes=\"auto, (max-width: 672px) 100vw, 672px\" \/><\/a><\/figure>\n\n\n\n<figure class=\"wp-block-image size-full\"><a href=\"https:\/\/www.acapp.fr\/wp-content\/uploads\/2025\/01\/DSC_0339-1.jpg\"><img loading=\"lazy\" decoding=\"async\" width=\"582\" height=\"390\" data-id=\"779\" src=\"https:\/\/www.acapp.fr\/wp-content\/uploads\/2025\/01\/DSC_0339-1.jpg\" alt=\"\" class=\"wp-image-779\" srcset=\"https:\/\/www.acapp.fr\/wp-content\/uploads\/2025\/01\/DSC_0339-1.jpg 582w, https:\/\/www.acapp.fr\/wp-content\/uploads\/2025\/01\/DSC_0339-1-300x201.jpg 300w\" sizes=\"auto, (max-width: 582px) 100vw, 582px\" \/><\/a><\/figure>\n<\/figure>\n\n\n\n<p class=\"has-foreground-color has-text-color has-link-color has-small-font-size wp-elements-ef372c86bd207e0cdc8612e2f51f583d\"><em>Cr\u00e9dit photos : Maurice Canovas<\/em><\/p>\n\n\n\n<p><\/p>\n","protected":false},"excerpt":{"rendered":"<p>Le 10 janvier 2025 s\u2019est tenue la galette des rois de l\u2019ACAPP \u00e0 laquelle ont particip\u00e9 plus de 150 adh\u00e9rents. Un GRAND merci \u00e0 tous les b\u00e9n\u00e9voles qui nous ont aid\u00e9 \u00e0 organiser cette soir\u00e9e festive. Cr\u00e9dit photos : Maurice Canovas<\/p>\n","protected":false},"author":1,"featured_media":0,"parent":272,"menu_order":0,"comment_status":"closed","ping_status":"closed","template":"","meta":{"footnotes":""},"class_list":["post-777","page","type-page","status-publish","hentry"],"_links":{"self":[{"href":"https:\/\/www.acapp.fr\/index.php\/wp-json\/wp\/v2\/pages\/777","targetHints":{"allow":["GET"]}}],"collection":[{"href":"https:\/\/www.acapp.fr\/index.php\/wp-json\/wp\/v2\/pages"}],"about":[{"href":"https:\/\/www.acapp.fr\/index.php\/wp-json\/wp\/v2\/types\/page"}],"author":[{"embeddable":true,"href":"https:\/\/www.acapp.fr\/index.php\/wp-json\/wp\/v2\/users\/1"}],"replies":[{"embeddable":true,"href":"https:\/\/www.acapp.fr\/index.php\/wp-json\/wp\/v2\/comments?post=777"}],"version-history":[{"count":7,"href":"https:\/\/www.acapp.fr\/index.php\/wp-json\/wp\/v2\/pages\/777\/revisions"}],"predecessor-version":[{"id":804,"href":"https:\/\/www.acapp.fr\/index.php\/wp-json\/wp\/v2\/pages\/777\/revisions\/804"}],"up":[{"embeddable":true,"href":"https:\/\/www.acapp.fr\/index.php\/wp-json\/wp\/v2\/pages\/272"}],"wp:attachment":[{"href":"https:\/\/www.acapp.fr\/index.php\/wp-json\/wp\/v2\/media?parent=777"}],"curies":[{"name":"wp","href":"https:\/\/api.w.org\/{rel}","templated":true}]}}