{"id":744,"date":"2025-01-05T18:35:03","date_gmt":"2025-01-05T17:35:03","guid":{"rendered":"https:\/\/www.acapp.fr\/?page_id=744"},"modified":"2025-01-05T18:35:03","modified_gmt":"2025-01-05T17:35:03","slug":"histoire-deaux","status":"publish","type":"page","link":"https:\/\/www.acapp.fr\/index.php\/conferences\/histoire-deaux\/","title":{"rendered":"histoire d&rsquo;eaux"},"content":{"rendered":"\n<h2 class=\"wp-block-heading alignwide has-vivid-red-color has-text-color has-link-color wp-elements-a15cbe00c433e3ed5187c93a88d6b9ff\" style=\"font-size:42px\"><strong>MARDI 25 f\u00e9vrier 2025 \u00c0 18H<\/strong><\/h2>\n\n\n\n<figure class=\"wp-block-image aligncenter size-full is-resized\"><img loading=\"lazy\" decoding=\"async\" width=\"640\" height=\"327\" src=\"https:\/\/www.acapp.fr\/wp-content\/uploads\/2025\/01\/eaux.jpg\" alt=\"\" class=\"wp-image-745\" style=\"width:583px;height:auto\" srcset=\"https:\/\/www.acapp.fr\/wp-content\/uploads\/2025\/01\/eaux.jpg 640w, https:\/\/www.acapp.fr\/wp-content\/uploads\/2025\/01\/eaux-300x153.jpg 300w\" sizes=\"auto, (max-width: 640px) 100vw, 640px\" \/><\/figure>\n\n\n\n<p class=\"has-text-align-center has-vivid-red-color has-text-color has-link-color has-large-font-size wp-elements-fe2dc49c7607b250ca9459adbf076cdc\"><strong><em>\u00ab\u00a0<strong><em>Histoire d\u2019eaux : utilisations et significations de l\u2019eau dans l\u2019art, de l\u2019antiquit\u00e9 au XX\u00e8me si\u00e8cle<\/em><\/strong> \u00bb<\/em><\/strong><\/p>\n\n\n\n<p class=\"has-text-align-center has-foreground-color has-text-color has-link-color wp-elements-0107d076ec995090b142669f4dfcda27\" style=\"font-size:17px\"><strong>Pr\u00e9sent\u00e9e par Jean-Philippe LAGRUE Arch\u00e9ologue                                                                     &#8211; conf\u00e9rencier en Histoire de l&rsquo;Art<\/strong><\/p>\n\n\n\n<p class=\"has-foreground-color has-text-color has-background has-link-color wp-elements-554c7ecaa2cc52ec069c945d3cf4ce9d\" style=\"background-color:#e9faf9\">Si \u00ab H2O \u00bb est la formule chimique de l\u2019eau, cet \u00e9l\u00e9ment est en revanche nettement plus compliqu\u00e9 \u00e0 saisir et capter pour les artistes, peintres et sculpteurs, qui l\u2019ont repr\u00e9sent\u00e9 au fil du temps, dans toutes ses significations et utilisations. Dans les mythologies celte et grecque, comme dans la religion jud\u00e9o-chr\u00e9tienne, elle est source de vie, purifiante et r\u00e9g\u00e9n\u00e9rante. Dans la vie de tous les jours, elle est une ressource \u00e9conomique, un lieu de loisirs et d\u2019activit\u00e9s sportives. A fleur d\u2019eau ou dans les abysses, cette conf\u00e9rence pr\u00e9sentera donc toutes ces facettes et les \u00ab ressources \u00bb in\u00e9puisables utilis\u00e9es par les artistes pour mat\u00e9rialiser et finalement rendre hommage, \u00e0 toutes les formes et utilisations prises par l\u2019\u00e9l\u00e9ment liquide.<\/p>\n\n\n\n<p class=\"has-text-align-center has-foreground-color has-text-color has-link-color has-medium-font-size wp-elements-b24d8450a7b4c14336123c2b6f2658e9\"><strong>Auditorium Andr\u00e9 No\u00ebl \u2013 H\u00f4tel de ville<\/strong><\/p>\n\n\n\n<p class=\"has-text-align-center has-foreground-color has-text-color has-link-color has-medium-font-size wp-elements-77a518d03b64ef7ea01c4044c189d635\"><strong>Esplanade Bernardin Laugier \u2013 Istres<\/strong> <\/p>\n\n\n\n<p class=\"has-text-align-center has-foreground-color has-text-color has-link-color wp-elements-013b26abf220685927b9de5bf73ca840\" style=\"font-size:1rem\"><strong><em>(L\u2019INSCRIPTION EST GRATUITE MAIS OBLIGATOIRE<\/em>)<\/strong><\/p>\n\n\n\n<p><\/p>\n","protected":false},"excerpt":{"rendered":"<p>MARDI 25 f\u00e9vrier 2025 \u00c0 18H \u00ab\u00a0Histoire d\u2019eaux : utilisations et significations de l\u2019eau dans l\u2019art, de l\u2019antiquit\u00e9 au XX\u00e8me si\u00e8cle \u00bb Pr\u00e9sent\u00e9e par Jean-Philippe LAGRUE Arch\u00e9ologue &#8211; conf\u00e9rencier en Histoire de l&rsquo;Art Si \u00ab H2O \u00bb est la formule chimique de l\u2019eau, cet \u00e9l\u00e9ment est en revanche nettement plus compliqu\u00e9 \u00e0 saisir et capter [&hellip;]<\/p>\n","protected":false},"author":1,"featured_media":0,"parent":172,"menu_order":0,"comment_status":"closed","ping_status":"closed","template":"","meta":{"footnotes":""},"class_list":["post-744","page","type-page","status-publish","hentry"],"_links":{"self":[{"href":"https:\/\/www.acapp.fr\/index.php\/wp-json\/wp\/v2\/pages\/744","targetHints":{"allow":["GET"]}}],"collection":[{"href":"https:\/\/www.acapp.fr\/index.php\/wp-json\/wp\/v2\/pages"}],"about":[{"href":"https:\/\/www.acapp.fr\/index.php\/wp-json\/wp\/v2\/types\/page"}],"author":[{"embeddable":true,"href":"https:\/\/www.acapp.fr\/index.php\/wp-json\/wp\/v2\/users\/1"}],"replies":[{"embeddable":true,"href":"https:\/\/www.acapp.fr\/index.php\/wp-json\/wp\/v2\/comments?post=744"}],"version-history":[{"count":1,"href":"https:\/\/www.acapp.fr\/index.php\/wp-json\/wp\/v2\/pages\/744\/revisions"}],"predecessor-version":[{"id":746,"href":"https:\/\/www.acapp.fr\/index.php\/wp-json\/wp\/v2\/pages\/744\/revisions\/746"}],"up":[{"embeddable":true,"href":"https:\/\/www.acapp.fr\/index.php\/wp-json\/wp\/v2\/pages\/172"}],"wp:attachment":[{"href":"https:\/\/www.acapp.fr\/index.php\/wp-json\/wp\/v2\/media?parent=744"}],"curies":[{"name":"wp","href":"https:\/\/api.w.org\/{rel}","templated":true}]}}