{"id":67,"date":"2024-08-18T11:10:32","date_gmt":"2024-08-18T09:10:32","guid":{"rendered":"https:\/\/www.acapp.fr\/?page_id=67"},"modified":"2025-09-30T07:46:49","modified_gmt":"2025-09-30T05:46:49","slug":"qui-sommes-nous","status":"publish","type":"page","link":"https:\/\/www.acapp.fr\/index.php\/qui-sommes-nous\/","title":{"rendered":"Qui sommes nous ?"},"content":{"rendered":"\n<p class=\"has-foreground-color has-text-color has-background has-link-color wp-elements-2e8606ebfd3f890fbc157468dd975abd\" style=\"background:linear-gradient(135deg,rgb(11,149,229) 0%,rgb(224,218,81) 100%)\"><strong>Avec pr\u00e8s de 500 adh\u00e9rents, l\u2019Association Culture, Arts Plastiques et Patrimoine (ACAPP) :<\/strong><\/p>\n\n\n\n<ul style=\"background:linear-gradient(135deg,rgb(238,238,238) 0%,rgb(255,255,255) 13%,rgb(169,184,195) 100%)\" class=\"wp-block-list has-foreground-color has-text-color has-background has-link-color wp-elements-31d9f4e27a1485e72a77d63cbbb3bb5b\">\n<li>aide \u00e0 promouvoir et \u00e0 d\u00e9velopper des activit\u00e9s li\u00e9es aux arts visuels \u00e0 travers la formation, la diffusion, la sensibilisation et l\u2019initiation visant un public adulte<\/li>\n\n\n\n<li>aide \u00e0 la valorisation et \u00e0 la conservation du patrimoine en tenant compte des besoins de la population <\/li>\n\n\n\n<li>aide au soutien et au rayonnement des structures pr\u00e9sentant au public les diff\u00e9rentes formes d\u2019art, comme les mus\u00e9es et les centres d\u2019art et des actions culturelles du territoire<\/li>\n\n\n\n<li>ces actions pourront \u00eatre men\u00e9es en partenariat avec diff\u00e9rentes structures visant \u00e0 offrir tout au long de l\u2019ann\u00e9e \u00e0 ses adh\u00e9rents une programmation riche et vari\u00e9e<\/li>\n<\/ul>\n\n\n\n<p><\/p>\n\n\n\n<div class=\"wp-block-columns is-layout-flex wp-container-core-columns-is-layout-28f84493 wp-block-columns-is-layout-flex\">\n<div class=\"wp-block-column is-layout-flow wp-block-column-is-layout-flow\">\n<p class=\"has-text-align-center has-foreground-color has-vertical-secondary-to-background-gradient-background has-text-color has-background has-link-color wp-elements-fed1c7ffd14f139ef03357c9b1d219be\"><strong>Fran\u00e7oise LEZER<\/strong> <em>Pr\u00e9sidente<\/em><\/p>\n<\/div>\n\n\n\n<div class=\"wp-block-column is-layout-flow wp-block-column-is-layout-flow\">\n<p class=\"has-text-align-center has-foreground-color has-vertical-secondary-to-tertiary-gradient-background has-text-color has-background has-link-color wp-elements-98aedddf9ff7b52cd95ee796854c5272\"><strong>Jo\u00ebl DELANDE<\/strong> <em>Tr\u00e9sorier<\/em><\/p>\n<\/div>\n\n\n\n<div class=\"wp-block-column is-layout-flow wp-block-column-is-layout-flow\">\n<p class=\"has-text-align-center has-foreground-color has-vertical-secondary-to-tertiary-gradient-background has-text-color has-background has-link-color wp-elements-820f86fd8acf5e977503bdd482eb278c\"><strong>Isabelle PROLA<\/strong> <em>Secr\u00e9taire<\/em><\/p>\n<\/div>\n<\/div>\n\n\n\n<p><\/p>\n","protected":false},"excerpt":{"rendered":"<p>Avec pr\u00e8s de 500 adh\u00e9rents, l\u2019Association Culture, Arts Plastiques et Patrimoine (ACAPP) : Fran\u00e7oise LEZER Pr\u00e9sidente Jo\u00ebl DELANDE Tr\u00e9sorier Isabelle PROLA Secr\u00e9taire<\/p>\n","protected":false},"author":1,"featured_media":0,"parent":0,"menu_order":0,"comment_status":"closed","ping_status":"closed","template":"","meta":{"footnotes":""},"class_list":["post-67","page","type-page","status-publish","hentry"],"_links":{"self":[{"href":"https:\/\/www.acapp.fr\/index.php\/wp-json\/wp\/v2\/pages\/67","targetHints":{"allow":["GET"]}}],"collection":[{"href":"https:\/\/www.acapp.fr\/index.php\/wp-json\/wp\/v2\/pages"}],"about":[{"href":"https:\/\/www.acapp.fr\/index.php\/wp-json\/wp\/v2\/types\/page"}],"author":[{"embeddable":true,"href":"https:\/\/www.acapp.fr\/index.php\/wp-json\/wp\/v2\/users\/1"}],"replies":[{"embeddable":true,"href":"https:\/\/www.acapp.fr\/index.php\/wp-json\/wp\/v2\/comments?post=67"}],"version-history":[{"count":11,"href":"https:\/\/www.acapp.fr\/index.php\/wp-json\/wp\/v2\/pages\/67\/revisions"}],"predecessor-version":[{"id":1159,"href":"https:\/\/www.acapp.fr\/index.php\/wp-json\/wp\/v2\/pages\/67\/revisions\/1159"}],"wp:attachment":[{"href":"https:\/\/www.acapp.fr\/index.php\/wp-json\/wp\/v2\/media?parent=67"}],"curies":[{"name":"wp","href":"https:\/\/api.w.org\/{rel}","templated":true}]}}