{"id":666,"date":"2024-11-27T11:24:44","date_gmt":"2024-11-27T10:24:44","guid":{"rendered":"https:\/\/www.acapp.fr\/?page_id=666"},"modified":"2025-01-21T10:39:44","modified_gmt":"2025-01-21T09:39:44","slug":"gargas","status":"publish","type":"page","link":"https:\/\/www.acapp.fr\/index.php\/sorties-culturelles\/gargas\/","title":{"rendered":"gargas"},"content":{"rendered":"\n<p class=\"has-text-align-center has-foreground-color has-secondary-background-color has-text-color has-background has-link-color has-large-font-size wp-elements-0bd2cb76349ba5daba35d84e02435fca\"><strong>SORTIE CULTURELLE A GARGAS<\/strong>                    <strong>(Lustrerie Mathieu)<\/strong><\/p>\n\n\n\n<p class=\"has-text-align-center has-large-font-size\"><strong>Mardi 14 janvier 2025<\/strong><\/p>\n\n\n\n<p class=\"has-foreground-color has-text-color has-link-color wp-elements-25321e1fb3799a5cb0ce548df41124ce\"><strong>Dans le cadre de ses missions, l\u2019ACAPP a propos\u00e9 une sortie culturelle \u00e0 Gargas afin de visiter la lustrerie Mathieu.<\/strong><\/p>\n\n\n\n<figure class=\"wp-block-gallery has-nested-images columns-default is-cropped wp-block-gallery-1 is-layout-flex wp-block-gallery-is-layout-flex\">\n<figure class=\"wp-block-image size-large\"><a href=\"https:\/\/www.acapp.fr\/wp-content\/uploads\/2024\/11\/luberon-museum-main-big-img.png\" target=\"_blank\" rel=\" noreferrer noopener\"><img loading=\"lazy\" decoding=\"async\" width=\"962\" height=\"735\" data-id=\"667\" src=\"https:\/\/www.acapp.fr\/wp-content\/uploads\/2024\/11\/luberon-museum-main-big-img.png\" alt=\"\" class=\"wp-image-667\" srcset=\"https:\/\/www.acapp.fr\/wp-content\/uploads\/2024\/11\/luberon-museum-main-big-img.png 962w, https:\/\/www.acapp.fr\/wp-content\/uploads\/2024\/11\/luberon-museum-main-big-img-300x229.png 300w, https:\/\/www.acapp.fr\/wp-content\/uploads\/2024\/11\/luberon-museum-main-big-img-768x587.png 768w\" sizes=\"auto, (max-width: 962px) 100vw, 962px\" \/><\/a><\/figure>\n\n\n\n<figure class=\"wp-block-image size-large\"><a href=\"https:\/\/www.acapp.fr\/wp-content\/uploads\/2024\/11\/lustrerie-mathieu-reedition-lustre-kremlin.jpg\" target=\"_blank\" rel=\" noreferrer noopener\"><img loading=\"lazy\" decoding=\"async\" width=\"340\" height=\"450\" data-id=\"668\" src=\"https:\/\/www.acapp.fr\/wp-content\/uploads\/2024\/11\/lustrerie-mathieu-reedition-lustre-kremlin.jpg\" alt=\"\" class=\"wp-image-668\" srcset=\"https:\/\/www.acapp.fr\/wp-content\/uploads\/2024\/11\/lustrerie-mathieu-reedition-lustre-kremlin.jpg 340w, https:\/\/www.acapp.fr\/wp-content\/uploads\/2024\/11\/lustrerie-mathieu-reedition-lustre-kremlin-227x300.jpg 227w\" sizes=\"auto, (max-width: 340px) 100vw, 340px\" \/><\/a><\/figure>\n<\/figure>\n\n\n<p><span style=\"color: #000000;\"><strong>La lustrerie Mathieu est une entreprise familiale qui restaure, cr\u00e9e ou r\u00e9\u00e9dite des lustres d\u2019exception. L\u2019entreprise est partenaire des maisons de luxe Herm\u00e8s, Cartier, Vuitton, des mus\u00e9es et collections du monde entier et participe \u00e0 la restauration des Monuments Historiques. Ces suspensions se retrouvent au Ch\u00e2teau de Versailles, \u00e0 Notre Dame de Paris, au Kremlin ou dans les palais des maharadjas&#8230;<\/strong><\/span><\/p>\n<p><span style=\"color: #000000;\"><strong>Ils sont une trentaine d\u2019artisans capables de refaire \u00e0 l\u2019identique des lustres du XVI\u00e8me si\u00e8cle. Ils assemblent \u00e0 chaud ou \u00e0 froid, des pi\u00e8ces de bronze, de laiton, de la porcelaine et des cristaux. Nous visiterons les ateliers derri\u00e8re une baie vitr\u00e9e.<\/strong><\/span><\/p>\n\n\n<p class=\"has-foreground-color has-text-color has-link-color wp-elements-07e20301b3a539187df4230e90abccb8\"><strong>Vous pouvez t\u00e9l\u00e9charger ci-dessous le diaporama complet de la visite.<\/strong><\/p>\n\n\n\n<div class=\"wp-block-file aligncenter has-vivid-green-cyan-background-color has-background\"><a id=\"wp-block-file--media-33a408b3-966e-48ba-a705-5e25fa6dbe8f\" href=\"https:\/\/www.acapp.fr\/wp-content\/uploads\/2025\/01\/Lustrerie-Mathieu.pdf\"><strong>Lustrerie-Mathieu<\/strong><\/a><a href=\"https:\/\/www.acapp.fr\/wp-content\/uploads\/2025\/01\/Lustrerie-Mathieu.pdf\" class=\"wp-block-file__button wp-element-button\" download aria-describedby=\"wp-block-file--media-33a408b3-966e-48ba-a705-5e25fa6dbe8f\">T\u00e9l\u00e9charger<\/a><\/div>\n\n\n\n<p><\/p>\n","protected":false},"excerpt":{"rendered":"<p>SORTIE CULTURELLE A GARGAS (Lustrerie Mathieu) Mardi 14 janvier 2025 Dans le cadre de ses missions, l\u2019ACAPP a propos\u00e9 une sortie culturelle \u00e0 Gargas afin de visiter la lustrerie Mathieu. La lustrerie Mathieu est une entreprise familiale qui restaure, cr\u00e9e ou r\u00e9\u00e9dite des lustres d\u2019exception. L\u2019entreprise est partenaire des maisons de luxe Herm\u00e8s, Cartier, Vuitton, [&hellip;]<\/p>\n","protected":false},"author":1,"featured_media":0,"parent":103,"menu_order":0,"comment_status":"closed","ping_status":"closed","template":"","meta":{"footnotes":""},"class_list":["post-666","page","type-page","status-publish","hentry"],"_links":{"self":[{"href":"https:\/\/www.acapp.fr\/index.php\/wp-json\/wp\/v2\/pages\/666","targetHints":{"allow":["GET"]}}],"collection":[{"href":"https:\/\/www.acapp.fr\/index.php\/wp-json\/wp\/v2\/pages"}],"about":[{"href":"https:\/\/www.acapp.fr\/index.php\/wp-json\/wp\/v2\/types\/page"}],"author":[{"embeddable":true,"href":"https:\/\/www.acapp.fr\/index.php\/wp-json\/wp\/v2\/users\/1"}],"replies":[{"embeddable":true,"href":"https:\/\/www.acapp.fr\/index.php\/wp-json\/wp\/v2\/comments?post=666"}],"version-history":[{"count":7,"href":"https:\/\/www.acapp.fr\/index.php\/wp-json\/wp\/v2\/pages\/666\/revisions"}],"predecessor-version":[{"id":773,"href":"https:\/\/www.acapp.fr\/index.php\/wp-json\/wp\/v2\/pages\/666\/revisions\/773"}],"up":[{"embeddable":true,"href":"https:\/\/www.acapp.fr\/index.php\/wp-json\/wp\/v2\/pages\/103"}],"wp:attachment":[{"href":"https:\/\/www.acapp.fr\/index.php\/wp-json\/wp\/v2\/media?parent=666"}],"curies":[{"name":"wp","href":"https:\/\/api.w.org\/{rel}","templated":true}]}}