{"id":662,"date":"2024-11-27T10:54:04","date_gmt":"2024-11-27T09:54:04","guid":{"rendered":"https:\/\/www.acapp.fr\/?page_id=662"},"modified":"2025-01-28T10:57:04","modified_gmt":"2025-01-28T09:57:04","slug":"gravure-2","status":"publish","type":"page","link":"https:\/\/www.acapp.fr\/index.php\/ateliers\/gravure-2\/","title":{"rendered":"gravure"},"content":{"rendered":"\n<p class=\"has-text-align-center has-foreground-color has-secondary-background-color has-text-color has-background has-link-color has-x-large-font-size wp-elements-947bab02d1b524b8c690f582fd6df032\">ATELIER GRAVURE<\/p>\n\n\n\n<figure class=\"wp-block-image aligncenter size-full\"><img loading=\"lazy\" decoding=\"async\" width=\"225\" height=\"225\" src=\"https:\/\/www.acapp.fr\/wp-content\/uploads\/2024\/11\/gravure.jpg\" alt=\"\" class=\"wp-image-660\" srcset=\"https:\/\/www.acapp.fr\/wp-content\/uploads\/2024\/11\/gravure.jpg 225w, https:\/\/www.acapp.fr\/wp-content\/uploads\/2024\/11\/gravure-150x150.jpg 150w\" sizes=\"auto, (max-width: 225px) 100vw, 225px\" \/><\/figure>\n\n\n\n<p class=\"has-text-align-center\"><strong>Anim\u00e9 par Nadine Fernandez<\/strong><\/p>\n\n\n\n<p class=\"has-text-align-center\"><strong>\u00ab&nbsp;De l\u2019empreinte \u00e0 la gravure&nbsp;\u00bb<\/strong><\/p>\n\n\n<p><span style=\"color: #000000;\">Lors de cet atelier, les adh\u00e9rents ont pu pratiquer des techniques d\u2019impression : monotypes, gravures \u00ab taille douce \u00bb \u00e0 la pointe s\u00e8che, tailles d\u2019\u00e9pargne, et ont utilis\u00e9 une presse et du mat\u00e9riel sp\u00e9cifique. Ils ont d\u00e9couvert \u00e9galement la \u00ab petite histoire \u00bb de l\u2019estampe et les diff\u00e9rents proc\u00e9d\u00e9s connus.<\/span><\/p>\n<p><span style=\"color: #000000;\">Les diff\u00e9rentes techniques qui ont \u00e9t\u00e9 propos\u00e9es :<\/span><\/p>\n<p><span style=\"color: #000000;\">&#8211; R\u00e9aliser un monotype : Sur une \u00ab plaque \u00bb, cr\u00e9er une composition, l\u2019encrer et l\u2019imprimer. La diversit\u00e9 des empreintes est fonction de la diversit\u00e9 des mat\u00e9riaux et outils utilis\u00e9s pour laisser des traces : Tissus, fil, carton ondul\u00e9, v\u00e9g\u00e9taux\u2026<\/span><\/p>\n<p><span style=\"color: #000000;\">&#8211; R\u00e9aliser une gravure en taille douce : sur des plaques de plastique transparent, graver \u00e0 la pointe s\u00e8che. Encrer, imprimer. Ce travail peut n\u00e9cessiter une pr\u00e9paration de croquis sur papier avant de passer \u00e0 la gravure de la plaque.<\/span><\/p>\n<p><span style=\"color: #000000;\">&#8211; D\u00e9couverte de l\u2019utilisation du carborundum sur carton ou plaque plastique collage de carborundum, encrage impression \u00e0 la presse.<\/span><\/p>\n\n\n<figure class=\"wp-block-gallery has-nested-images columns-2 is-cropped wp-block-gallery-1 is-layout-flex wp-block-gallery-is-layout-flex\">\n<figure class=\"wp-block-image size-large\"><a href=\"https:\/\/www.acapp.fr\/wp-content\/uploads\/2025\/01\/GRAVURE-8.jpg\"><img loading=\"lazy\" decoding=\"async\" width=\"640\" height=\"428\" data-id=\"815\" src=\"https:\/\/www.acapp.fr\/wp-content\/uploads\/2025\/01\/GRAVURE-8.jpg\" alt=\"\" class=\"wp-image-815\" srcset=\"https:\/\/www.acapp.fr\/wp-content\/uploads\/2025\/01\/GRAVURE-8.jpg 640w, https:\/\/www.acapp.fr\/wp-content\/uploads\/2025\/01\/GRAVURE-8-300x201.jpg 300w\" sizes=\"auto, (max-width: 640px) 100vw, 640px\" \/><\/a><\/figure>\n\n\n\n<figure class=\"wp-block-image size-large\"><a href=\"https:\/\/www.acapp.fr\/wp-content\/uploads\/2025\/01\/GRAVURE-10-scaled.jpg\"><img loading=\"lazy\" decoding=\"async\" width=\"1024\" height=\"792\" data-id=\"814\" src=\"https:\/\/www.acapp.fr\/wp-content\/uploads\/2025\/01\/GRAVURE-10-1024x792.jpg\" alt=\"\" class=\"wp-image-814\" srcset=\"https:\/\/www.acapp.fr\/wp-content\/uploads\/2025\/01\/GRAVURE-10-1024x792.jpg 1024w, https:\/\/www.acapp.fr\/wp-content\/uploads\/2025\/01\/GRAVURE-10-300x232.jpg 300w, https:\/\/www.acapp.fr\/wp-content\/uploads\/2025\/01\/GRAVURE-10-768x594.jpg 768w, https:\/\/www.acapp.fr\/wp-content\/uploads\/2025\/01\/GRAVURE-10-1536x1187.jpg 1536w, https:\/\/www.acapp.fr\/wp-content\/uploads\/2025\/01\/GRAVURE-10-2048x1583.jpg 2048w\" sizes=\"auto, (max-width: 1024px) 100vw, 1024px\" \/><\/a><\/figure>\n\n\n\n<figure class=\"wp-block-image size-large\"><a href=\"https:\/\/www.acapp.fr\/wp-content\/uploads\/2025\/01\/GRAVURE-9.jpg\"><img loading=\"lazy\" decoding=\"async\" width=\"640\" height=\"428\" data-id=\"813\" src=\"https:\/\/www.acapp.fr\/wp-content\/uploads\/2025\/01\/GRAVURE-9.jpg\" alt=\"\" class=\"wp-image-813\" srcset=\"https:\/\/www.acapp.fr\/wp-content\/uploads\/2025\/01\/GRAVURE-9.jpg 640w, https:\/\/www.acapp.fr\/wp-content\/uploads\/2025\/01\/GRAVURE-9-300x201.jpg 300w\" sizes=\"auto, (max-width: 640px) 100vw, 640px\" \/><\/a><\/figure>\n\n\n\n<figure class=\"wp-block-image size-large\"><a href=\"https:\/\/www.acapp.fr\/wp-content\/uploads\/2025\/01\/GRAVURE-7.jpg\"><img loading=\"lazy\" decoding=\"async\" width=\"640\" height=\"428\" data-id=\"812\" src=\"https:\/\/www.acapp.fr\/wp-content\/uploads\/2025\/01\/GRAVURE-7.jpg\" alt=\"\" class=\"wp-image-812\" srcset=\"https:\/\/www.acapp.fr\/wp-content\/uploads\/2025\/01\/GRAVURE-7.jpg 640w, https:\/\/www.acapp.fr\/wp-content\/uploads\/2025\/01\/GRAVURE-7-300x201.jpg 300w\" sizes=\"auto, (max-width: 640px) 100vw, 640px\" \/><\/a><\/figure>\n\n\n\n<figure class=\"wp-block-image size-large\"><a href=\"https:\/\/www.acapp.fr\/wp-content\/uploads\/2025\/01\/GRAVURE-2.jpg\"><img loading=\"lazy\" decoding=\"async\" width=\"448\" height=\"260\" data-id=\"811\" src=\"https:\/\/www.acapp.fr\/wp-content\/uploads\/2025\/01\/GRAVURE-2.jpg\" alt=\"\" class=\"wp-image-811\" srcset=\"https:\/\/www.acapp.fr\/wp-content\/uploads\/2025\/01\/GRAVURE-2.jpg 448w, https:\/\/www.acapp.fr\/wp-content\/uploads\/2025\/01\/GRAVURE-2-300x174.jpg 300w\" sizes=\"auto, (max-width: 448px) 100vw, 448px\" \/><\/a><\/figure>\n\n\n\n<figure class=\"wp-block-image size-large\"><a href=\"https:\/\/www.acapp.fr\/wp-content\/uploads\/2025\/01\/GRAVURE.jpg\"><img loading=\"lazy\" decoding=\"async\" width=\"640\" height=\"478\" data-id=\"810\" src=\"https:\/\/www.acapp.fr\/wp-content\/uploads\/2025\/01\/GRAVURE.jpg\" alt=\"\" class=\"wp-image-810\" srcset=\"https:\/\/www.acapp.fr\/wp-content\/uploads\/2025\/01\/GRAVURE.jpg 640w, https:\/\/www.acapp.fr\/wp-content\/uploads\/2025\/01\/GRAVURE-300x224.jpg 300w\" sizes=\"auto, (max-width: 640px) 100vw, 640px\" \/><\/a><\/figure>\n\n\n\n<figure class=\"wp-block-image size-large\"><a href=\"https:\/\/www.acapp.fr\/wp-content\/uploads\/2025\/01\/GRAVURE-6.jpg\"><img loading=\"lazy\" decoding=\"async\" width=\"536\" height=\"480\" data-id=\"809\" src=\"https:\/\/www.acapp.fr\/wp-content\/uploads\/2025\/01\/GRAVURE-6.jpg\" alt=\"\" class=\"wp-image-809\" srcset=\"https:\/\/www.acapp.fr\/wp-content\/uploads\/2025\/01\/GRAVURE-6.jpg 536w, https:\/\/www.acapp.fr\/wp-content\/uploads\/2025\/01\/GRAVURE-6-300x269.jpg 300w\" sizes=\"auto, (max-width: 536px) 100vw, 536px\" \/><\/a><\/figure>\n\n\n\n<figure class=\"wp-block-image size-large\"><a href=\"https:\/\/www.acapp.fr\/wp-content\/uploads\/2025\/01\/GRAVURE-3.jpg\"><img loading=\"lazy\" decoding=\"async\" width=\"640\" height=\"450\" data-id=\"808\" src=\"https:\/\/www.acapp.fr\/wp-content\/uploads\/2025\/01\/GRAVURE-3.jpg\" alt=\"\" class=\"wp-image-808\" srcset=\"https:\/\/www.acapp.fr\/wp-content\/uploads\/2025\/01\/GRAVURE-3.jpg 640w, https:\/\/www.acapp.fr\/wp-content\/uploads\/2025\/01\/GRAVURE-3-300x211.jpg 300w\" sizes=\"auto, (max-width: 640px) 100vw, 640px\" \/><\/a><\/figure>\n\n\n\n<figure class=\"wp-block-image size-large\"><a href=\"https:\/\/www.acapp.fr\/wp-content\/uploads\/2025\/01\/GRAVURE-5.jpg\"><img loading=\"lazy\" decoding=\"async\" width=\"448\" height=\"301\" data-id=\"807\" src=\"https:\/\/www.acapp.fr\/wp-content\/uploads\/2025\/01\/GRAVURE-5.jpg\" alt=\"\" class=\"wp-image-807\" srcset=\"https:\/\/www.acapp.fr\/wp-content\/uploads\/2025\/01\/GRAVURE-5.jpg 448w, https:\/\/www.acapp.fr\/wp-content\/uploads\/2025\/01\/GRAVURE-5-300x202.jpg 300w\" sizes=\"auto, (max-width: 448px) 100vw, 448px\" \/><\/a><\/figure>\n\n\n\n<figure class=\"wp-block-image size-large\"><a href=\"https:\/\/www.acapp.fr\/wp-content\/uploads\/2025\/01\/CRAVURES-1.jpg\"><img loading=\"lazy\" decoding=\"async\" width=\"640\" height=\"428\" data-id=\"806\" src=\"https:\/\/www.acapp.fr\/wp-content\/uploads\/2025\/01\/CRAVURES-1.jpg\" alt=\"\" class=\"wp-image-806\" srcset=\"https:\/\/www.acapp.fr\/wp-content\/uploads\/2025\/01\/CRAVURES-1.jpg 640w, https:\/\/www.acapp.fr\/wp-content\/uploads\/2025\/01\/CRAVURES-1-300x201.jpg 300w\" sizes=\"auto, (max-width: 640px) 100vw, 640px\" \/><\/a><\/figure>\n<\/figure>\n\n\n\n<p class=\"has-foreground-color has-text-color has-link-color has-small-font-size wp-elements-ef372c86bd207e0cdc8612e2f51f583d\"><em>Cr\u00e9dit photos : Maurice Canovas<\/em><\/p>\n","protected":false},"excerpt":{"rendered":"<p>ATELIER GRAVURE Anim\u00e9 par Nadine Fernandez \u00ab&nbsp;De l\u2019empreinte \u00e0 la gravure&nbsp;\u00bb Lors de cet atelier, les adh\u00e9rents ont pu pratiquer des techniques d\u2019impression : monotypes, gravures \u00ab taille douce \u00bb \u00e0 la pointe s\u00e8che, tailles d\u2019\u00e9pargne, et ont utilis\u00e9 une presse et du mat\u00e9riel sp\u00e9cifique. Ils ont d\u00e9couvert \u00e9galement la \u00ab petite histoire \u00bb de [&hellip;]<\/p>\n","protected":false},"author":1,"featured_media":0,"parent":84,"menu_order":0,"comment_status":"closed","ping_status":"closed","template":"","meta":{"footnotes":""},"class_list":["post-662","page","type-page","status-publish","hentry"],"_links":{"self":[{"href":"https:\/\/www.acapp.fr\/index.php\/wp-json\/wp\/v2\/pages\/662","targetHints":{"allow":["GET"]}}],"collection":[{"href":"https:\/\/www.acapp.fr\/index.php\/wp-json\/wp\/v2\/pages"}],"about":[{"href":"https:\/\/www.acapp.fr\/index.php\/wp-json\/wp\/v2\/types\/page"}],"author":[{"embeddable":true,"href":"https:\/\/www.acapp.fr\/index.php\/wp-json\/wp\/v2\/users\/1"}],"replies":[{"embeddable":true,"href":"https:\/\/www.acapp.fr\/index.php\/wp-json\/wp\/v2\/comments?post=662"}],"version-history":[{"count":6,"href":"https:\/\/www.acapp.fr\/index.php\/wp-json\/wp\/v2\/pages\/662\/revisions"}],"predecessor-version":[{"id":819,"href":"https:\/\/www.acapp.fr\/index.php\/wp-json\/wp\/v2\/pages\/662\/revisions\/819"}],"up":[{"embeddable":true,"href":"https:\/\/www.acapp.fr\/index.php\/wp-json\/wp\/v2\/pages\/84"}],"wp:attachment":[{"href":"https:\/\/www.acapp.fr\/index.php\/wp-json\/wp\/v2\/media?parent=662"}],"curies":[{"name":"wp","href":"https:\/\/api.w.org\/{rel}","templated":true}]}}