{"id":652,"date":"2024-11-26T11:20:09","date_gmt":"2024-11-26T10:20:09","guid":{"rendered":"https:\/\/www.acapp.fr\/?page_id=652"},"modified":"2026-01-06T06:49:00","modified_gmt":"2026-01-06T05:49:00","slug":"pastel-sec","status":"publish","type":"page","link":"https:\/\/www.acapp.fr\/index.php\/ateliers\/pastel-sec\/","title":{"rendered":"Pastel sec 2026"},"content":{"rendered":"\n<p class=\"has-text-align-center has-secondary-background-color has-background has-large-font-size\"><strong>Stage \u00ab&nbsp;Initiation aux pastels secs \u00bb<\/strong> <\/p>\n\n\n\n<p class=\"has-text-align-center has-foreground-color has-text-color has-link-color wp-elements-23c08cb899e115daccdf19398506da08\"><strong>Anim\u00e9 par Serge Galasso, peintre<\/strong><\/p>\n\n\n<div>\n<p><span style=\"color: #000000;\"><b>D\u00e9couvrez le PASTEL SEC en participant \u00e0 ces ateliers ouvert \u00e0 la fois aux d\u00e9butants et aux pratiquants confirm\u00e9s, anim\u00e9 par l\u2019artiste Serge Galasso.<\/b><\/span><\/p>\n<p><span style=\"color: #000000;\">Au programme : l\u2019exploration de la douceur des couleurs, de leurs nuances subtiles mais aussi de leur puissance expressive.<\/span><\/p>\n<p><span style=\"color: #000000;\"><i><b>Dans une atmosph\u00e8re bienveillante, vous apprendrez \u00e0 ma\u00eetriser les gestes, les superpositions et les contrastes pour donner vie \u00e0 vos cr\u00e9ations pastel.<\/b><\/i><\/span><\/p>\n<\/div>\n\n\n<div class=\"wp-block-group is-nowrap is-layout-flex wp-container-core-group-is-layout-6c531013 wp-block-group-is-layout-flex\">\n<figure class=\"wp-block-image size-full is-resized\"><img loading=\"lazy\" decoding=\"async\" width=\"493\" height=\"650\" src=\"https:\/\/www.acapp.fr\/wp-content\/uploads\/2024\/11\/Pastel-sec.jpg\" alt=\"\" class=\"wp-image-653\" style=\"width:282px;height:auto\" srcset=\"https:\/\/www.acapp.fr\/wp-content\/uploads\/2024\/11\/Pastel-sec.jpg 493w, https:\/\/www.acapp.fr\/wp-content\/uploads\/2024\/11\/Pastel-sec-228x300.jpg 228w\" sizes=\"auto, (max-width: 493px) 100vw, 493px\" \/><\/figure>\n\n\n\n<p><\/p>\n<\/div>\n\n\n<p style=\"text-align: center;\"><span style=\"color: #000000;\"><strong>Les samedis 24 janvier, 7 f\u00e9vrier et 14 mars 2026 de 9h30 \u00e0 11h30 et de 14h30 \u00e0 16h30<\/strong><\/span><\/p>\n<p style=\"text-align: center;\"><span style=\"color: #000000;\"><strong>Inscription \u00e0 r\u00e9ception du flyer<\/strong><\/span><\/p>\n<div>\n<p style=\"text-align: center;\"><span style=\"color: #ff0000;\"><b>Tarif\u00a0: 20\u20ac la s\u00e9ance, si vous prenez les trois 10 \u20ac sont offerts (soit 50\u20ac les trois s\u00e9ances)<\/b><\/span><\/p>\n<p style=\"text-align: center;\"><span style=\"color: #000000;\"><b>Mat\u00e9riel fourni<\/b><\/span><\/p>\n<p style=\"text-align: center;\"><span style=\"color: #000000;\"><i><b>(Si vous disposez de mat\u00e9riel, pastels, crayon, mer\u00e7i de les apporter)<\/b><\/i><\/span><\/p>\n<p>&nbsp;<\/p>\n<\/div>\n<p style=\"text-align: center;\"><span style=\"color: #000000;\"><strong>Atelier de l\u2019ACAPP<\/strong><\/span><\/p>\n<p style=\"text-align: center;\"><span style=\"color: #000000;\"><strong>CEC Les Heures Claires \u2013 Istres<\/strong><\/span><\/p>\n<p style=\"text-align: center;\"><span style=\"color: #000000;\"><strong>\u00a0<\/strong><\/span><\/p>\n<p style=\"text-align: center;\"><span style=\"color: #000000;\"><strong>Renseignements et inscriptions aupr\u00e8s de l\u2019ACAPP<\/strong><\/span><\/p>","protected":false},"excerpt":{"rendered":"<p>Stage \u00ab&nbsp;Initiation aux pastels secs \u00bb Anim\u00e9 par Serge Galasso, peintre D\u00e9couvrez le PASTEL SEC en participant \u00e0 ces ateliers ouvert \u00e0 la fois aux d\u00e9butants et aux pratiquants confirm\u00e9s, anim\u00e9 par l\u2019artiste Serge Galasso. Au programme : l\u2019exploration de la douceur des couleurs, de leurs nuances subtiles mais aussi de leur puissance expressive. Dans [&hellip;]<\/p>\n","protected":false},"author":1,"featured_media":0,"parent":84,"menu_order":0,"comment_status":"closed","ping_status":"closed","template":"","meta":{"footnotes":""},"class_list":["post-652","page","type-page","status-publish","hentry"],"_links":{"self":[{"href":"https:\/\/www.acapp.fr\/index.php\/wp-json\/wp\/v2\/pages\/652","targetHints":{"allow":["GET"]}}],"collection":[{"href":"https:\/\/www.acapp.fr\/index.php\/wp-json\/wp\/v2\/pages"}],"about":[{"href":"https:\/\/www.acapp.fr\/index.php\/wp-json\/wp\/v2\/types\/page"}],"author":[{"embeddable":true,"href":"https:\/\/www.acapp.fr\/index.php\/wp-json\/wp\/v2\/users\/1"}],"replies":[{"embeddable":true,"href":"https:\/\/www.acapp.fr\/index.php\/wp-json\/wp\/v2\/comments?post=652"}],"version-history":[{"count":3,"href":"https:\/\/www.acapp.fr\/index.php\/wp-json\/wp\/v2\/pages\/652\/revisions"}],"predecessor-version":[{"id":1282,"href":"https:\/\/www.acapp.fr\/index.php\/wp-json\/wp\/v2\/pages\/652\/revisions\/1282"}],"up":[{"embeddable":true,"href":"https:\/\/www.acapp.fr\/index.php\/wp-json\/wp\/v2\/pages\/84"}],"wp:attachment":[{"href":"https:\/\/www.acapp.fr\/index.php\/wp-json\/wp\/v2\/media?parent=652"}],"curies":[{"name":"wp","href":"https:\/\/api.w.org\/{rel}","templated":true}]}}