{"id":566,"date":"2024-10-20T10:06:12","date_gmt":"2024-10-20T08:06:12","guid":{"rendered":"https:\/\/www.acapp.fr\/?page_id=566"},"modified":"2024-12-10T10:23:56","modified_gmt":"2024-12-10T09:23:56","slug":"baux-de-provence","status":"publish","type":"page","link":"https:\/\/www.acapp.fr\/index.php\/sorties-culturelles\/baux-de-provence\/","title":{"rendered":"BAUX DE PROVENCE"},"content":{"rendered":"\n<p class=\"has-text-align-center has-foreground-color has-secondary-background-color has-text-color has-background has-link-color has-large-font-size wp-elements-05f1c257d7736a9fd9bfc2c9d94f73fb\"><strong>LES BAUX DE PROVENCE<\/strong><\/p>\n\n\n\n<p class=\"has-text-align-center has-foreground-color has-light-green-cyan-background-color has-text-color has-background has-link-color has-medium-font-size wp-elements-4c7d2d7dab8ebc19eb820ff3102cbbfb\"><strong>Vendredi 8 novembre 2024<\/strong><\/p>\n\n\n<p><span style=\"color: #000000;\"><u><strong>Visite des Carri\u00e8res de Lumi\u00e8res.<\/strong><\/u><\/span><\/p>\n<p><span style=\"color: #000000;\">L\u2019exposition \u00ab <strong>L\u2019\u00c9gypte des pharaons de Kh\u00e9ops \u00e0 Rams\u00e8s II <\/strong>\u00bb vous propose de remonter le temps et red\u00e9couvrir l\u2019\u00c9gypte des pharaons \u00e0 travers les chefs-d&rsquo;\u0153uvre de cette civilisation mythique qui s\u2019\u00e9tend sur trois mill\u00e9naires et fascine toutes les g\u00e9n\u00e9rations.<\/span><\/p>\n<p><em><span style=\"color: #000000;\">Au XIXe si\u00e8cle, les portes de l\u2019Orient s\u2019ouvrent pour les peintres occidentaux attir\u00e9s par les myst\u00e8res des terres lointaines. \u00c9blouis par la lumi\u00e8re du grand Sud qui r\u00e9v\u00e8le les reliefs des paysages arides et les couleurs des architectures aux motifs spectaculaires, <strong>les Orientalistes Delacroix, G\u00e9r\u00f4me, Ingres<\/strong> et d\u2019autres noms majeurs de l\u2019expression europ\u00e9enne, invitent \u00e0 une v\u00e9ritable exp\u00e9dition picturale vers un nouveau monde exotique et envo\u00fbtant de l\u2019Orient r\u00eav\u00e9.<\/span><\/em><\/p>\n\n\n<figure class=\"wp-block-image aligncenter size-full\"><img loading=\"lazy\" decoding=\"async\" width=\"365\" height=\"536\" src=\"https:\/\/www.acapp.fr\/wp-content\/uploads\/2024\/11\/SORTIE-les-BAUX-de-PROVENCE-8-nov-2024-2.jpg\" alt=\"\" class=\"wp-image-599\" srcset=\"https:\/\/www.acapp.fr\/wp-content\/uploads\/2024\/11\/SORTIE-les-BAUX-de-PROVENCE-8-nov-2024-2.jpg 365w, https:\/\/www.acapp.fr\/wp-content\/uploads\/2024\/11\/SORTIE-les-BAUX-de-PROVENCE-8-nov-2024-2-204x300.jpg 204w\" sizes=\"auto, (max-width: 365px) 100vw, 365px\" \/><\/figure>\n\n\n\n<figure class=\"wp-block-gallery has-nested-images columns-default is-cropped wp-block-gallery-1 is-layout-flex wp-block-gallery-is-layout-flex\">\n<figure class=\"wp-block-image size-full\"><a href=\"https:\/\/www.acapp.fr\/wp-content\/uploads\/2024\/11\/SORTIE-les-BAUX-de-PROVENCE-8-nov-2024-33.jpg\" target=\"_blank\" rel=\" noreferrer noopener\"><img loading=\"lazy\" decoding=\"async\" width=\"604\" height=\"453\" data-id=\"617\" src=\"https:\/\/www.acapp.fr\/wp-content\/uploads\/2024\/11\/SORTIE-les-BAUX-de-PROVENCE-8-nov-2024-33.jpg\" alt=\"\" class=\"wp-image-617\" srcset=\"https:\/\/www.acapp.fr\/wp-content\/uploads\/2024\/11\/SORTIE-les-BAUX-de-PROVENCE-8-nov-2024-33.jpg 604w, https:\/\/www.acapp.fr\/wp-content\/uploads\/2024\/11\/SORTIE-les-BAUX-de-PROVENCE-8-nov-2024-33-300x225.jpg 300w\" sizes=\"auto, (max-width: 604px) 100vw, 604px\" \/><\/a><\/figure>\n\n\n\n<figure class=\"wp-block-image size-full\"><a href=\"https:\/\/www.acapp.fr\/wp-content\/uploads\/2024\/11\/SORTIE-les-BAUX-de-PROVENCE-8-nov-2024-43.jpg\" target=\"_blank\" rel=\" noreferrer noopener\"><img loading=\"lazy\" decoding=\"async\" width=\"604\" height=\"453\" data-id=\"616\" src=\"https:\/\/www.acapp.fr\/wp-content\/uploads\/2024\/11\/SORTIE-les-BAUX-de-PROVENCE-8-nov-2024-43.jpg\" alt=\"\" class=\"wp-image-616\" srcset=\"https:\/\/www.acapp.fr\/wp-content\/uploads\/2024\/11\/SORTIE-les-BAUX-de-PROVENCE-8-nov-2024-43.jpg 604w, https:\/\/www.acapp.fr\/wp-content\/uploads\/2024\/11\/SORTIE-les-BAUX-de-PROVENCE-8-nov-2024-43-300x225.jpg 300w\" sizes=\"auto, (max-width: 604px) 100vw, 604px\" \/><\/a><\/figure>\n\n\n\n<figure class=\"wp-block-image size-full\"><a href=\"https:\/\/www.acapp.fr\/wp-content\/uploads\/2024\/11\/SORTIE-les-BAUX-de-PROVENCE-8-nov-2024-25.jpg\" target=\"_blank\" rel=\" noreferrer noopener\"><img loading=\"lazy\" decoding=\"async\" width=\"362\" height=\"483\" data-id=\"615\" src=\"https:\/\/www.acapp.fr\/wp-content\/uploads\/2024\/11\/SORTIE-les-BAUX-de-PROVENCE-8-nov-2024-25.jpg\" alt=\"\" class=\"wp-image-615\" srcset=\"https:\/\/www.acapp.fr\/wp-content\/uploads\/2024\/11\/SORTIE-les-BAUX-de-PROVENCE-8-nov-2024-25.jpg 362w, https:\/\/www.acapp.fr\/wp-content\/uploads\/2024\/11\/SORTIE-les-BAUX-de-PROVENCE-8-nov-2024-25-225x300.jpg 225w\" sizes=\"auto, (max-width: 362px) 100vw, 362px\" \/><\/a><\/figure>\n\n\n\n<figure class=\"wp-block-image size-full\"><a href=\"https:\/\/www.acapp.fr\/wp-content\/uploads\/2024\/11\/SORTIE-les-BAUX-de-PROVENCE-8-nov-2024-39.jpg\" target=\"_blank\" rel=\" noreferrer noopener\"><img loading=\"lazy\" decoding=\"async\" width=\"604\" height=\"453\" data-id=\"614\" src=\"https:\/\/www.acapp.fr\/wp-content\/uploads\/2024\/11\/SORTIE-les-BAUX-de-PROVENCE-8-nov-2024-39.jpg\" alt=\"\" class=\"wp-image-614\" srcset=\"https:\/\/www.acapp.fr\/wp-content\/uploads\/2024\/11\/SORTIE-les-BAUX-de-PROVENCE-8-nov-2024-39.jpg 604w, https:\/\/www.acapp.fr\/wp-content\/uploads\/2024\/11\/SORTIE-les-BAUX-de-PROVENCE-8-nov-2024-39-300x225.jpg 300w\" sizes=\"auto, (max-width: 604px) 100vw, 604px\" \/><\/a><\/figure>\n\n\n\n<figure class=\"wp-block-image size-full\"><a href=\"https:\/\/www.acapp.fr\/wp-content\/uploads\/2024\/11\/SORTIE-les-BAUX-de-PROVENCE-8-nov-2024-29.jpg\" target=\"_blank\" rel=\" noreferrer noopener\"><img loading=\"lazy\" decoding=\"async\" width=\"604\" height=\"453\" data-id=\"613\" src=\"https:\/\/www.acapp.fr\/wp-content\/uploads\/2024\/11\/SORTIE-les-BAUX-de-PROVENCE-8-nov-2024-29.jpg\" alt=\"\" class=\"wp-image-613\" srcset=\"https:\/\/www.acapp.fr\/wp-content\/uploads\/2024\/11\/SORTIE-les-BAUX-de-PROVENCE-8-nov-2024-29.jpg 604w, https:\/\/www.acapp.fr\/wp-content\/uploads\/2024\/11\/SORTIE-les-BAUX-de-PROVENCE-8-nov-2024-29-300x225.jpg 300w\" sizes=\"auto, (max-width: 604px) 100vw, 604px\" \/><\/a><\/figure>\n\n\n\n<figure class=\"wp-block-image size-full\"><a href=\"https:\/\/www.acapp.fr\/wp-content\/uploads\/2024\/11\/SORTIE-les-BAUX-de-PROVENCE-8-nov-2024-46.jpg\" target=\"_blank\" rel=\" noreferrer noopener\"><img loading=\"lazy\" decoding=\"async\" width=\"604\" height=\"453\" data-id=\"612\" src=\"https:\/\/www.acapp.fr\/wp-content\/uploads\/2024\/11\/SORTIE-les-BAUX-de-PROVENCE-8-nov-2024-46.jpg\" alt=\"\" class=\"wp-image-612\" srcset=\"https:\/\/www.acapp.fr\/wp-content\/uploads\/2024\/11\/SORTIE-les-BAUX-de-PROVENCE-8-nov-2024-46.jpg 604w, https:\/\/www.acapp.fr\/wp-content\/uploads\/2024\/11\/SORTIE-les-BAUX-de-PROVENCE-8-nov-2024-46-300x225.jpg 300w\" sizes=\"auto, (max-width: 604px) 100vw, 604px\" \/><\/a><\/figure>\n\n\n\n<figure class=\"wp-block-image size-full\"><a href=\"https:\/\/www.acapp.fr\/wp-content\/uploads\/2024\/11\/SORTIE-les-BAUX-de-PROVENCE-8-nov-2024-24.jpg\" target=\"_blank\" rel=\" noreferrer noopener\"><img loading=\"lazy\" decoding=\"async\" width=\"795\" height=\"548\" data-id=\"611\" src=\"https:\/\/www.acapp.fr\/wp-content\/uploads\/2024\/11\/SORTIE-les-BAUX-de-PROVENCE-8-nov-2024-24.jpg\" alt=\"\" class=\"wp-image-611\" srcset=\"https:\/\/www.acapp.fr\/wp-content\/uploads\/2024\/11\/SORTIE-les-BAUX-de-PROVENCE-8-nov-2024-24.jpg 795w, https:\/\/www.acapp.fr\/wp-content\/uploads\/2024\/11\/SORTIE-les-BAUX-de-PROVENCE-8-nov-2024-24-300x207.jpg 300w, https:\/\/www.acapp.fr\/wp-content\/uploads\/2024\/11\/SORTIE-les-BAUX-de-PROVENCE-8-nov-2024-24-768x529.jpg 768w\" sizes=\"auto, (max-width: 795px) 100vw, 795px\" \/><\/a><\/figure>\n\n\n\n<figure class=\"wp-block-image size-full\"><a href=\"https:\/\/www.acapp.fr\/wp-content\/uploads\/2024\/11\/SORTIE-les-BAUX-de-PROVENCE-8-nov-2024-42.jpg\" target=\"_blank\" rel=\" noreferrer noopener\"><img loading=\"lazy\" decoding=\"async\" width=\"453\" height=\"604\" data-id=\"610\" src=\"https:\/\/www.acapp.fr\/wp-content\/uploads\/2024\/11\/SORTIE-les-BAUX-de-PROVENCE-8-nov-2024-42.jpg\" alt=\"\" class=\"wp-image-610\" srcset=\"https:\/\/www.acapp.fr\/wp-content\/uploads\/2024\/11\/SORTIE-les-BAUX-de-PROVENCE-8-nov-2024-42.jpg 453w, https:\/\/www.acapp.fr\/wp-content\/uploads\/2024\/11\/SORTIE-les-BAUX-de-PROVENCE-8-nov-2024-42-225x300.jpg 225w\" sizes=\"auto, (max-width: 453px) 100vw, 453px\" \/><\/a><\/figure>\n\n\n\n<figure class=\"wp-block-image size-full\"><a href=\"https:\/\/www.acapp.fr\/wp-content\/uploads\/2024\/11\/SORTIE-les-BAUX-de-PROVENCE-8-nov-2024-38.jpg\" target=\"_blank\" rel=\" noreferrer noopener\"><img loading=\"lazy\" decoding=\"async\" width=\"604\" height=\"453\" data-id=\"609\" src=\"https:\/\/www.acapp.fr\/wp-content\/uploads\/2024\/11\/SORTIE-les-BAUX-de-PROVENCE-8-nov-2024-38.jpg\" alt=\"\" class=\"wp-image-609\" srcset=\"https:\/\/www.acapp.fr\/wp-content\/uploads\/2024\/11\/SORTIE-les-BAUX-de-PROVENCE-8-nov-2024-38.jpg 604w, https:\/\/www.acapp.fr\/wp-content\/uploads\/2024\/11\/SORTIE-les-BAUX-de-PROVENCE-8-nov-2024-38-300x225.jpg 300w\" sizes=\"auto, (max-width: 604px) 100vw, 604px\" \/><\/a><\/figure>\n\n\n\n<figure class=\"wp-block-image size-full\"><a href=\"https:\/\/www.acapp.fr\/wp-content\/uploads\/2024\/11\/SORTIE-les-BAUX-de-PROVENCE-8-nov-2024-4.jpg\" target=\"_blank\" rel=\" noreferrer noopener\"><img loading=\"lazy\" decoding=\"async\" width=\"504\" height=\"378\" data-id=\"600\" src=\"https:\/\/www.acapp.fr\/wp-content\/uploads\/2024\/11\/SORTIE-les-BAUX-de-PROVENCE-8-nov-2024-4.jpg\" alt=\"\" class=\"wp-image-600\" srcset=\"https:\/\/www.acapp.fr\/wp-content\/uploads\/2024\/11\/SORTIE-les-BAUX-de-PROVENCE-8-nov-2024-4.jpg 504w, https:\/\/www.acapp.fr\/wp-content\/uploads\/2024\/11\/SORTIE-les-BAUX-de-PROVENCE-8-nov-2024-4-300x225.jpg 300w\" sizes=\"auto, (max-width: 504px) 100vw, 504px\" \/><\/a><\/figure>\n\n\n\n<figure class=\"wp-block-image size-full\"><a href=\"https:\/\/www.acapp.fr\/wp-content\/uploads\/2024\/11\/SORTIE-les-BAUX-de-PROVENCE-8-nov-2024-3.jpg\" target=\"_blank\" rel=\" noreferrer noopener\"><img loading=\"lazy\" decoding=\"async\" width=\"651\" height=\"479\" data-id=\"601\" src=\"https:\/\/www.acapp.fr\/wp-content\/uploads\/2024\/11\/SORTIE-les-BAUX-de-PROVENCE-8-nov-2024-3.jpg\" alt=\"\" class=\"wp-image-601\" srcset=\"https:\/\/www.acapp.fr\/wp-content\/uploads\/2024\/11\/SORTIE-les-BAUX-de-PROVENCE-8-nov-2024-3.jpg 651w, https:\/\/www.acapp.fr\/wp-content\/uploads\/2024\/11\/SORTIE-les-BAUX-de-PROVENCE-8-nov-2024-3-300x221.jpg 300w\" sizes=\"auto, (max-width: 651px) 100vw, 651px\" \/><\/a><\/figure>\n\n\n\n<figure class=\"wp-block-image size-full\"><a href=\"https:\/\/www.acapp.fr\/wp-content\/uploads\/2024\/11\/SORTIE-les-BAUX-de-PROVENCE-8-nov-2024-15.jpg\" target=\"_blank\" rel=\" noreferrer noopener\"><img loading=\"lazy\" decoding=\"async\" width=\"453\" height=\"604\" data-id=\"602\" src=\"https:\/\/www.acapp.fr\/wp-content\/uploads\/2024\/11\/SORTIE-les-BAUX-de-PROVENCE-8-nov-2024-15.jpg\" alt=\"\" class=\"wp-image-602\" srcset=\"https:\/\/www.acapp.fr\/wp-content\/uploads\/2024\/11\/SORTIE-les-BAUX-de-PROVENCE-8-nov-2024-15.jpg 453w, https:\/\/www.acapp.fr\/wp-content\/uploads\/2024\/11\/SORTIE-les-BAUX-de-PROVENCE-8-nov-2024-15-225x300.jpg 225w\" sizes=\"auto, (max-width: 453px) 100vw, 453px\" \/><\/a><\/figure>\n\n\n\n<figure class=\"wp-block-image size-full\"><a href=\"https:\/\/www.acapp.fr\/wp-content\/uploads\/2024\/11\/SORTIE-les-BAUX-de-PROVENCE-8-nov-2024-37.jpg\" target=\"_blank\" rel=\" noreferrer noopener\"><img loading=\"lazy\" decoding=\"async\" width=\"604\" height=\"453\" data-id=\"603\" src=\"https:\/\/www.acapp.fr\/wp-content\/uploads\/2024\/11\/SORTIE-les-BAUX-de-PROVENCE-8-nov-2024-37.jpg\" alt=\"\" class=\"wp-image-603\" srcset=\"https:\/\/www.acapp.fr\/wp-content\/uploads\/2024\/11\/SORTIE-les-BAUX-de-PROVENCE-8-nov-2024-37.jpg 604w, https:\/\/www.acapp.fr\/wp-content\/uploads\/2024\/11\/SORTIE-les-BAUX-de-PROVENCE-8-nov-2024-37-300x225.jpg 300w\" sizes=\"auto, (max-width: 604px) 100vw, 604px\" \/><\/a><\/figure>\n\n\n\n<figure class=\"wp-block-image size-full\"><a href=\"https:\/\/www.acapp.fr\/wp-content\/uploads\/2024\/11\/SORTIE-les-BAUX-de-PROVENCE-8-nov-2024-20.jpg\" target=\"_blank\" rel=\" noreferrer noopener\"><img loading=\"lazy\" decoding=\"async\" width=\"397\" height=\"580\" data-id=\"604\" src=\"https:\/\/www.acapp.fr\/wp-content\/uploads\/2024\/11\/SORTIE-les-BAUX-de-PROVENCE-8-nov-2024-20.jpg\" alt=\"\" class=\"wp-image-604\" srcset=\"https:\/\/www.acapp.fr\/wp-content\/uploads\/2024\/11\/SORTIE-les-BAUX-de-PROVENCE-8-nov-2024-20.jpg 397w, https:\/\/www.acapp.fr\/wp-content\/uploads\/2024\/11\/SORTIE-les-BAUX-de-PROVENCE-8-nov-2024-20-205x300.jpg 205w\" sizes=\"auto, (max-width: 397px) 100vw, 397px\" \/><\/a><\/figure>\n\n\n\n<figure class=\"wp-block-image size-full\"><a href=\"https:\/\/www.acapp.fr\/wp-content\/uploads\/2024\/11\/SORTIE-les-BAUX-de-PROVENCE-8-nov-2024-23.jpg\" target=\"_blank\" rel=\" noreferrer noopener\"><img loading=\"lazy\" decoding=\"async\" width=\"806\" height=\"604\" data-id=\"605\" src=\"https:\/\/www.acapp.fr\/wp-content\/uploads\/2024\/11\/SORTIE-les-BAUX-de-PROVENCE-8-nov-2024-23.jpg\" alt=\"\" class=\"wp-image-605\" srcset=\"https:\/\/www.acapp.fr\/wp-content\/uploads\/2024\/11\/SORTIE-les-BAUX-de-PROVENCE-8-nov-2024-23.jpg 806w, https:\/\/www.acapp.fr\/wp-content\/uploads\/2024\/11\/SORTIE-les-BAUX-de-PROVENCE-8-nov-2024-23-300x225.jpg 300w, https:\/\/www.acapp.fr\/wp-content\/uploads\/2024\/11\/SORTIE-les-BAUX-de-PROVENCE-8-nov-2024-23-768x576.jpg 768w\" sizes=\"auto, (max-width: 806px) 100vw, 806px\" \/><\/a><\/figure>\n\n\n\n<figure class=\"wp-block-image size-full\"><a href=\"https:\/\/www.acapp.fr\/wp-content\/uploads\/2024\/11\/SORTIE-les-BAUX-de-PROVENCE-8-nov-2024-31.jpg\" target=\"_blank\" rel=\" noreferrer noopener\"><img loading=\"lazy\" decoding=\"async\" width=\"422\" height=\"564\" data-id=\"606\" src=\"https:\/\/www.acapp.fr\/wp-content\/uploads\/2024\/11\/SORTIE-les-BAUX-de-PROVENCE-8-nov-2024-31.jpg\" alt=\"\" class=\"wp-image-606\" srcset=\"https:\/\/www.acapp.fr\/wp-content\/uploads\/2024\/11\/SORTIE-les-BAUX-de-PROVENCE-8-nov-2024-31.jpg 422w, https:\/\/www.acapp.fr\/wp-content\/uploads\/2024\/11\/SORTIE-les-BAUX-de-PROVENCE-8-nov-2024-31-224x300.jpg 224w\" sizes=\"auto, (max-width: 422px) 100vw, 422px\" \/><\/a><\/figure>\n\n\n\n<figure class=\"wp-block-image size-full\"><a href=\"https:\/\/www.acapp.fr\/wp-content\/uploads\/2024\/11\/SORTIE-les-BAUX-de-PROVENCE-8-nov-2024-19.jpg\" target=\"_blank\" rel=\" noreferrer noopener\"><img loading=\"lazy\" decoding=\"async\" width=\"604\" height=\"453\" data-id=\"607\" src=\"https:\/\/www.acapp.fr\/wp-content\/uploads\/2024\/11\/SORTIE-les-BAUX-de-PROVENCE-8-nov-2024-19.jpg\" alt=\"\" class=\"wp-image-607\" srcset=\"https:\/\/www.acapp.fr\/wp-content\/uploads\/2024\/11\/SORTIE-les-BAUX-de-PROVENCE-8-nov-2024-19.jpg 604w, https:\/\/www.acapp.fr\/wp-content\/uploads\/2024\/11\/SORTIE-les-BAUX-de-PROVENCE-8-nov-2024-19-300x225.jpg 300w\" sizes=\"auto, (max-width: 604px) 100vw, 604px\" \/><\/a><\/figure>\n\n\n\n<figure class=\"wp-block-image size-full\"><a href=\"https:\/\/www.acapp.fr\/wp-content\/uploads\/2024\/11\/SORTIE-les-BAUX-de-PROVENCE-8-nov-2024-30.jpg\" target=\"_blank\" rel=\" noreferrer noopener\"><img loading=\"lazy\" decoding=\"async\" width=\"422\" height=\"564\" data-id=\"608\" src=\"https:\/\/www.acapp.fr\/wp-content\/uploads\/2024\/11\/SORTIE-les-BAUX-de-PROVENCE-8-nov-2024-30.jpg\" alt=\"\" class=\"wp-image-608\" srcset=\"https:\/\/www.acapp.fr\/wp-content\/uploads\/2024\/11\/SORTIE-les-BAUX-de-PROVENCE-8-nov-2024-30.jpg 422w, https:\/\/www.acapp.fr\/wp-content\/uploads\/2024\/11\/SORTIE-les-BAUX-de-PROVENCE-8-nov-2024-30-224x300.jpg 224w\" sizes=\"auto, (max-width: 422px) 100vw, 422px\" \/><\/a><\/figure>\n<\/figure>\n\n\n<p><span style=\"color: #000000;\"><strong>Visite de l\u2019exposition \u00ab Autour du Fauvisme en Provence \u00bb du Mus\u00e9e Yves Brayer<\/strong><\/span><\/p>\n<p><span style=\"color: #000000;\"><em>Paul C\u00e9zanne est consid\u00e9r\u00e9 comme l\u2019inspirateur d\u2019une jeune g\u00e9n\u00e9ration qui allait remettre en cause l\u2019histoire de l\u2019art. D\u00e8s l\u2019ann\u00e9e suivante, au Salon d\u2019Automne de 1905, les \u0153uvres d\u2019un groupe d\u2019artistes peintres sont r\u00e9unis dans une m\u00eame salle et provoquent un fameux scandale. Louis Vauxcelles, par boutade, les baptise \u00ab Fauves \u00bb, ils vont repr\u00e9senter l\u2019avant-garde de la peinture pour une courte p\u00e9riode. C\u2019est dans cette filiation que l\u2019exposition des \u0153uvres de peintres proven\u00e7aux sera propos\u00e9e au Mus\u00e9e Brayer, autour de Paul C\u00e9zanne, des huiles de Ren\u00e9 Seyssaud, Charles Camoin, Pierre Giriaud, \u2026.<\/em><\/span><\/p>\n\n\n<figure class=\"wp-block-gallery has-nested-images columns-default is-cropped wp-block-gallery-2 is-layout-flex wp-block-gallery-is-layout-flex\">\n<figure class=\"wp-block-image size-full\"><a href=\"https:\/\/www.acapp.fr\/wp-content\/uploads\/2024\/11\/SORTIE-les-BAUX-de-PROVENCE-8-nov-2024-104.jpg\" target=\"_blank\" rel=\" noreferrer noopener\"><img loading=\"lazy\" decoding=\"async\" width=\"1008\" height=\"756\" data-id=\"620\" src=\"https:\/\/www.acapp.fr\/wp-content\/uploads\/2024\/11\/SORTIE-les-BAUX-de-PROVENCE-8-nov-2024-104.jpg\" alt=\"\" class=\"wp-image-620\" srcset=\"https:\/\/www.acapp.fr\/wp-content\/uploads\/2024\/11\/SORTIE-les-BAUX-de-PROVENCE-8-nov-2024-104.jpg 1008w, https:\/\/www.acapp.fr\/wp-content\/uploads\/2024\/11\/SORTIE-les-BAUX-de-PROVENCE-8-nov-2024-104-300x225.jpg 300w, https:\/\/www.acapp.fr\/wp-content\/uploads\/2024\/11\/SORTIE-les-BAUX-de-PROVENCE-8-nov-2024-104-768x576.jpg 768w\" sizes=\"auto, (max-width: 1008px) 100vw, 1008px\" \/><\/a><\/figure>\n\n\n\n<figure class=\"wp-block-image size-full\"><a href=\"https:\/\/www.acapp.fr\/wp-content\/uploads\/2024\/11\/SORTIE-les-BAUX-de-PROVENCE-8-nov-2024-105.jpg\" target=\"_blank\" rel=\" noreferrer noopener\"><img loading=\"lazy\" decoding=\"async\" width=\"504\" height=\"378\" data-id=\"621\" src=\"https:\/\/www.acapp.fr\/wp-content\/uploads\/2024\/11\/SORTIE-les-BAUX-de-PROVENCE-8-nov-2024-105.jpg\" alt=\"\" class=\"wp-image-621\" srcset=\"https:\/\/www.acapp.fr\/wp-content\/uploads\/2024\/11\/SORTIE-les-BAUX-de-PROVENCE-8-nov-2024-105.jpg 504w, https:\/\/www.acapp.fr\/wp-content\/uploads\/2024\/11\/SORTIE-les-BAUX-de-PROVENCE-8-nov-2024-105-300x225.jpg 300w\" sizes=\"auto, (max-width: 504px) 100vw, 504px\" \/><\/a><\/figure>\n\n\n\n<figure class=\"wp-block-image size-full\"><a href=\"https:\/\/www.acapp.fr\/wp-content\/uploads\/2024\/11\/SORTIE-les-BAUX-de-PROVENCE-8-nov-2024-106.jpg\" target=\"_blank\" rel=\" noreferrer noopener\"><img loading=\"lazy\" decoding=\"async\" width=\"1002\" height=\"655\" data-id=\"622\" src=\"https:\/\/www.acapp.fr\/wp-content\/uploads\/2024\/11\/SORTIE-les-BAUX-de-PROVENCE-8-nov-2024-106.jpg\" alt=\"\" class=\"wp-image-622\" srcset=\"https:\/\/www.acapp.fr\/wp-content\/uploads\/2024\/11\/SORTIE-les-BAUX-de-PROVENCE-8-nov-2024-106.jpg 1002w, https:\/\/www.acapp.fr\/wp-content\/uploads\/2024\/11\/SORTIE-les-BAUX-de-PROVENCE-8-nov-2024-106-300x196.jpg 300w, https:\/\/www.acapp.fr\/wp-content\/uploads\/2024\/11\/SORTIE-les-BAUX-de-PROVENCE-8-nov-2024-106-768x502.jpg 768w\" sizes=\"auto, (max-width: 1002px) 100vw, 1002px\" \/><\/a><\/figure>\n\n\n\n<figure class=\"wp-block-image size-full\"><a href=\"https:\/\/www.acapp.fr\/wp-content\/uploads\/2024\/11\/SORTIE-les-BAUX-de-PROVENCE-8-nov-2024-107.jpg\" target=\"_blank\" rel=\" noreferrer noopener\"><img loading=\"lazy\" decoding=\"async\" width=\"806\" height=\"604\" data-id=\"623\" src=\"https:\/\/www.acapp.fr\/wp-content\/uploads\/2024\/11\/SORTIE-les-BAUX-de-PROVENCE-8-nov-2024-107.jpg\" alt=\"\" class=\"wp-image-623\" srcset=\"https:\/\/www.acapp.fr\/wp-content\/uploads\/2024\/11\/SORTIE-les-BAUX-de-PROVENCE-8-nov-2024-107.jpg 806w, https:\/\/www.acapp.fr\/wp-content\/uploads\/2024\/11\/SORTIE-les-BAUX-de-PROVENCE-8-nov-2024-107-300x225.jpg 300w, https:\/\/www.acapp.fr\/wp-content\/uploads\/2024\/11\/SORTIE-les-BAUX-de-PROVENCE-8-nov-2024-107-768x576.jpg 768w\" sizes=\"auto, (max-width: 806px) 100vw, 806px\" \/><\/a><\/figure>\n\n\n\n<figure class=\"wp-block-image size-full\"><a href=\"https:\/\/www.acapp.fr\/wp-content\/uploads\/2024\/11\/SORTIE-les-BAUX-de-PROVENCE-8-nov-2024-108.jpg\" target=\"_blank\" rel=\" noreferrer noopener\"><img loading=\"lazy\" decoding=\"async\" width=\"639\" height=\"509\" data-id=\"624\" src=\"https:\/\/www.acapp.fr\/wp-content\/uploads\/2024\/11\/SORTIE-les-BAUX-de-PROVENCE-8-nov-2024-108.jpg\" alt=\"\" class=\"wp-image-624\" srcset=\"https:\/\/www.acapp.fr\/wp-content\/uploads\/2024\/11\/SORTIE-les-BAUX-de-PROVENCE-8-nov-2024-108.jpg 639w, https:\/\/www.acapp.fr\/wp-content\/uploads\/2024\/11\/SORTIE-les-BAUX-de-PROVENCE-8-nov-2024-108-300x239.jpg 300w\" sizes=\"auto, (max-width: 639px) 100vw, 639px\" \/><\/a><\/figure>\n<\/figure>\n\n\n\n<p class=\"has-foreground-color has-text-color has-link-color has-small-font-size wp-elements-ef372c86bd207e0cdc8612e2f51f583d\"><em>Cr\u00e9dit photos : Maurice Canovas<\/em><\/p>\n","protected":false},"excerpt":{"rendered":"<p>LES BAUX DE PROVENCE Vendredi 8 novembre 2024 Visite des Carri\u00e8res de Lumi\u00e8res. L\u2019exposition \u00ab L\u2019\u00c9gypte des pharaons de Kh\u00e9ops \u00e0 Rams\u00e8s II \u00bb vous propose de remonter le temps et red\u00e9couvrir l\u2019\u00c9gypte des pharaons \u00e0 travers les chefs-d&rsquo;\u0153uvre de cette civilisation mythique qui s\u2019\u00e9tend sur trois mill\u00e9naires et fascine toutes les g\u00e9n\u00e9rations. Au XIXe [&hellip;]<\/p>\n","protected":false},"author":1,"featured_media":0,"parent":103,"menu_order":0,"comment_status":"closed","ping_status":"closed","template":"","meta":{"footnotes":""},"class_list":["post-566","page","type-page","status-publish","hentry"],"_links":{"self":[{"href":"https:\/\/www.acapp.fr\/index.php\/wp-json\/wp\/v2\/pages\/566","targetHints":{"allow":["GET"]}}],"collection":[{"href":"https:\/\/www.acapp.fr\/index.php\/wp-json\/wp\/v2\/pages"}],"about":[{"href":"https:\/\/www.acapp.fr\/index.php\/wp-json\/wp\/v2\/types\/page"}],"author":[{"embeddable":true,"href":"https:\/\/www.acapp.fr\/index.php\/wp-json\/wp\/v2\/users\/1"}],"replies":[{"embeddable":true,"href":"https:\/\/www.acapp.fr\/index.php\/wp-json\/wp\/v2\/comments?post=566"}],"version-history":[{"count":11,"href":"https:\/\/www.acapp.fr\/index.php\/wp-json\/wp\/v2\/pages\/566\/revisions"}],"predecessor-version":[{"id":729,"href":"https:\/\/www.acapp.fr\/index.php\/wp-json\/wp\/v2\/pages\/566\/revisions\/729"}],"up":[{"embeddable":true,"href":"https:\/\/www.acapp.fr\/index.php\/wp-json\/wp\/v2\/pages\/103"}],"wp:attachment":[{"href":"https:\/\/www.acapp.fr\/index.php\/wp-json\/wp\/v2\/media?parent=566"}],"curies":[{"name":"wp","href":"https:\/\/api.w.org\/{rel}","templated":true}]}}