{"id":560,"date":"2024-10-19T11:22:43","date_gmt":"2024-10-19T09:22:43","guid":{"rendered":"https:\/\/www.acapp.fr\/?page_id=560"},"modified":"2024-10-19T11:22:43","modified_gmt":"2024-10-19T09:22:43","slug":"miss-tic","status":"publish","type":"page","link":"https:\/\/www.acapp.fr\/index.php\/conferences\/miss-tic\/","title":{"rendered":"MISS TIC"},"content":{"rendered":"\n<h2 class=\"wp-block-heading alignwide has-vivid-red-color has-text-color has-link-color wp-elements-ee39cec192e4b73fb5b81784e0f2ac5e\" style=\"font-size:42px\"><strong>MARDI 12 NOVEMBRE 2024 \u00c0 18H<\/strong><\/h2>\n\n\n\n<figure class=\"wp-block-image aligncenter size-full is-resized\"><img loading=\"lazy\" decoding=\"async\" width=\"1123\" height=\"527\" src=\"https:\/\/www.acapp.fr\/wp-content\/uploads\/2024\/10\/Miss-Tic.jpg\" alt=\"\" class=\"wp-image-561\" style=\"width:601px;height:auto\" srcset=\"https:\/\/www.acapp.fr\/wp-content\/uploads\/2024\/10\/Miss-Tic.jpg 1123w, https:\/\/www.acapp.fr\/wp-content\/uploads\/2024\/10\/Miss-Tic-300x141.jpg 300w, https:\/\/www.acapp.fr\/wp-content\/uploads\/2024\/10\/Miss-Tic-1024x481.jpg 1024w, https:\/\/www.acapp.fr\/wp-content\/uploads\/2024\/10\/Miss-Tic-768x360.jpg 768w\" sizes=\"auto, (max-width: 1123px) 100vw, 1123px\" \/><\/figure>\n\n\n\n<p class=\"has-text-align-center has-foreground-color has-text-color has-link-color has-medium-font-size wp-elements-5156e916cfb4213079d7aeb9a658b778\"><strong>En pr\u00e9ambule \u00e0 notre sortie de d\u00e9cembre 2024 au Palais des Papes<\/strong><\/p>\n\n\n\n<p class=\"has-text-align-center has-vivid-red-color has-text-color has-link-color has-large-font-size wp-elements-3e462a7bd700e40eab8b91c4c0d3b30f\"><strong> Conf\u00e9rence \u00ab\u00a0Miss Tic\u00a0\u00bb<\/strong><\/p>\n\n\n\n<p class=\"has-text-align-center has-foreground-color has-text-color has-link-color has-small-font-size wp-elements-602ed53303aa29b3dee41d0760792fdb\"><strong>\u00a0(R\u00e9serv\u00e9e aux adh\u00e9rents de l\u2019ACAPP)<\/strong><strong><em> <\/em><\/strong><\/p>\n\n\n\n<p class=\"has-text-align-center has-foreground-color has-text-color has-link-color wp-elements-88d466a6821dd8c113f8597db00f47dc\" style=\"font-size:17px\"><strong>Pr\u00e9sent\u00e9e par Eva ESTIENNE &#8211; Conf\u00e9renci\u00e8re en Histoire de l&rsquo;Art<\/strong><\/p>\n\n\n\n<p class=\"has-foreground-color has-text-color has-background has-link-color wp-elements-2fac9f30cf5183009975f46d9d8c5db0\" style=\"background-color:#e9faf9\">Miss Tic, pionni\u00e8re du street art, a su imposer sa voix dans l&rsquo;espace urbain d\u00e8s les ann\u00e9es 1980, en m\u00ealant po\u00e9sie incisive et images f\u00e9minines fortes. Issue de la sc\u00e8ne artistique parisienne, elle s&rsquo;inspire des mouvements de contre-culture et du graffiti pour exprimer des messages profond\u00e9ment engag\u00e9s, souvent f\u00e9ministes. Ses \u0153uvres, marqu\u00e9es par un style graphique minimaliste, interrogent les st\u00e9r\u00e9otypes de genre tout en c\u00e9l\u00e9brant la libert\u00e9 et l&rsquo;\u00e9mancipation. Toujours influente aujourd&rsquo;hui, elle est \u00e0 l&rsquo;honneur au Palais des Papes \u00e0 Avignon, o\u00f9 une exposition c\u00e9l\u00e8bre son h\u00e9ritage artistique et militant<\/p>\n\n\n\n<p class=\"has-text-align-center has-foreground-color has-text-color has-link-color has-medium-font-size wp-elements-b24d8450a7b4c14336123c2b6f2658e9\"><strong>Auditorium Andr\u00e9 No\u00ebl \u2013 H\u00f4tel de ville<\/strong><\/p>\n\n\n\n<p class=\"has-text-align-center has-foreground-color has-text-color has-link-color has-medium-font-size wp-elements-77a518d03b64ef7ea01c4044c189d635\"><strong>Esplanade Bernardin Laugier \u2013 Istres<\/strong> <\/p>\n\n\n\n<p class=\"has-foreground-color has-text-color has-link-color wp-elements-1cdbbec1d65c2a55c920341cc7f316b8\" style=\"font-size:0.7rem\"><strong><em>(L\u2019INSCRIPTION EST GRATUITE MAIS OBLIGATOIRE<\/em>)<\/strong><\/p>\n\n\n\n<p class=\"has-foreground-color has-text-color has-link-color wp-elements-e2e03f9dc6588dc84da787aa8655a498\"><strong>Inscription et renseignement aupr\u00e8s de l&rsquo;ACAPP<\/strong><\/p>\n\n\n\n<p><\/p>\n","protected":false},"excerpt":{"rendered":"<p>MARDI 12 NOVEMBRE 2024 \u00c0 18H En pr\u00e9ambule \u00e0 notre sortie de d\u00e9cembre 2024 au Palais des Papes Conf\u00e9rence \u00ab\u00a0Miss Tic\u00a0\u00bb \u00a0(R\u00e9serv\u00e9e aux adh\u00e9rents de l\u2019ACAPP) Pr\u00e9sent\u00e9e par Eva ESTIENNE &#8211; Conf\u00e9renci\u00e8re en Histoire de l&rsquo;Art Miss Tic, pionni\u00e8re du street art, a su imposer sa voix dans l&rsquo;espace urbain d\u00e8s les ann\u00e9es 1980, en [&hellip;]<\/p>\n","protected":false},"author":1,"featured_media":0,"parent":172,"menu_order":0,"comment_status":"closed","ping_status":"closed","template":"","meta":{"footnotes":""},"class_list":["post-560","page","type-page","status-publish","hentry"],"_links":{"self":[{"href":"https:\/\/www.acapp.fr\/index.php\/wp-json\/wp\/v2\/pages\/560","targetHints":{"allow":["GET"]}}],"collection":[{"href":"https:\/\/www.acapp.fr\/index.php\/wp-json\/wp\/v2\/pages"}],"about":[{"href":"https:\/\/www.acapp.fr\/index.php\/wp-json\/wp\/v2\/types\/page"}],"author":[{"embeddable":true,"href":"https:\/\/www.acapp.fr\/index.php\/wp-json\/wp\/v2\/users\/1"}],"replies":[{"embeddable":true,"href":"https:\/\/www.acapp.fr\/index.php\/wp-json\/wp\/v2\/comments?post=560"}],"version-history":[{"count":1,"href":"https:\/\/www.acapp.fr\/index.php\/wp-json\/wp\/v2\/pages\/560\/revisions"}],"predecessor-version":[{"id":562,"href":"https:\/\/www.acapp.fr\/index.php\/wp-json\/wp\/v2\/pages\/560\/revisions\/562"}],"up":[{"embeddable":true,"href":"https:\/\/www.acapp.fr\/index.php\/wp-json\/wp\/v2\/pages\/172"}],"wp:attachment":[{"href":"https:\/\/www.acapp.fr\/index.php\/wp-json\/wp\/v2\/media?parent=560"}],"curies":[{"name":"wp","href":"https:\/\/api.w.org\/{rel}","templated":true}]}}