{"id":553,"date":"2024-10-19T11:01:24","date_gmt":"2024-10-19T09:01:24","guid":{"rendered":"https:\/\/www.acapp.fr\/?page_id=553"},"modified":"2024-10-19T11:04:50","modified_gmt":"2024-10-19T09:04:50","slug":"expression-libre","status":"publish","type":"page","link":"https:\/\/www.acapp.fr\/index.php\/ateliers\/expression-libre\/","title":{"rendered":"Expression libre"},"content":{"rendered":"\n<p class=\"has-text-align-center has-foreground-color has-secondary-background-color has-text-color has-background has-link-color has-x-large-font-size wp-elements-d325a55a2278cf6f4dd6a5e24d5ce022\">ATELIER EXPRESSION LIBRE<\/p>\n\n\n<p><span style=\"color: #000000;\"><strong><em>Cet atelier permettra d\u2019explorer son \u00eatre dans le fond, le ludique et le spontan\u00e9. Nul besoin d\u2019avoir des connaissances en art. Il s\u2019agit d\u2019exprimer et de cr\u00e9er \u00e0 partir de ses ressentis. Cet atelier fonctionnera un vendredi sur deux et les \u00e9l\u00e8ves pourront le vendredi qui suit, continuer \u00e0 travailler en ayant acc\u00e8s \u00e0 l\u2019atelier librement (sans intervenant).<\/em><\/strong><\/span><\/p>\n\n\n<p><\/p>\n\n\n\n<figure class=\"wp-block-image aligncenter size-full is-resized\"><img loading=\"lazy\" decoding=\"async\" width=\"221\" height=\"148\" src=\"https:\/\/www.acapp.fr\/wp-content\/uploads\/2024\/10\/Expression-libre.jpg\" alt=\"\" class=\"wp-image-554\" style=\"width:399px;height:auto\"\/><\/figure>\n\n\n<p style=\"text-align: center;\"><span style=\"color: #000000;\"><strong>Un vendredi sur deux <\/strong><\/span><\/p>\n<p style=\"text-align: center;\"><span style=\"color: #000000;\"><strong>du 8 novembre 2024 au 23 mai 2025 <\/strong><\/span><\/p>\n<p style=\"text-align: center;\"><em><span style=\"color: #000000;\"><strong>(hors vacances scolaires, jours f\u00e9ri\u00e9s et pont de l\u2019ascension)<\/strong><\/span><\/em><\/p>\n<p style=\"text-align: center;\"><span style=\"color: #000000;\"><strong>Atelier\u00a0de 17h15 \u00e0 19h15, anim\u00e9 par Annie MARTIN<\/strong><\/span><\/p>\n<p style=\"text-align: center;\"><span style=\"color: #000000;\"><strong>\u00a0 \u00a0 \u00a0 \u00a0 \u00a0 \u00a0<\/strong><\/span><span style=\"color: #000000;\"><strong>Tarif\u00a0: 120\u20ac\u00a0<\/strong>(ou 4&#215;30\u20ac)<strong> soit 5\u20ac de l\u2019heure<\/strong><\/span><\/p>\n\n\n<p><\/p>\n\n\n<p style=\"text-align: center;\"><span style=\"color: #000000;\"><strong>Inscription \u00e0 r\u00e9ception du flyer<\/strong><\/span><\/p>\n<p style=\"text-align: center;\"><span style=\"color: #000000;\"><strong>Atelier de l\u2019ACAPP<\/strong><\/span><\/p>\n<p style=\"text-align: center;\"><span style=\"color: #000000;\"><strong>4 rue Paul Charmet \u2013 Istres<\/strong><\/span><\/p>\n<p style=\"text-align: center;\"><span style=\"color: #000000;\"><strong>Renseignements et inscriptions aupr\u00e8s de l\u2019ACAPP<\/strong><\/span><\/p>\n<p style=\"text-align: center;\"><span style=\"color: #000000;\"><strong>6 rue Juiverie \u2013 Istres \u2013 0413228133<\/strong><\/span><\/p>","protected":false},"excerpt":{"rendered":"<p>ATELIER EXPRESSION LIBRE Cet atelier permettra d\u2019explorer son \u00eatre dans le fond, le ludique et le spontan\u00e9. Nul besoin d\u2019avoir des connaissances en art. Il s\u2019agit d\u2019exprimer et de cr\u00e9er \u00e0 partir de ses ressentis. Cet atelier fonctionnera un vendredi sur deux et les \u00e9l\u00e8ves pourront le vendredi qui suit, continuer \u00e0 travailler en ayant [&hellip;]<\/p>\n","protected":false},"author":1,"featured_media":0,"parent":84,"menu_order":0,"comment_status":"closed","ping_status":"closed","template":"","meta":{"footnotes":""},"class_list":["post-553","page","type-page","status-publish","hentry"],"_links":{"self":[{"href":"https:\/\/www.acapp.fr\/index.php\/wp-json\/wp\/v2\/pages\/553","targetHints":{"allow":["GET"]}}],"collection":[{"href":"https:\/\/www.acapp.fr\/index.php\/wp-json\/wp\/v2\/pages"}],"about":[{"href":"https:\/\/www.acapp.fr\/index.php\/wp-json\/wp\/v2\/types\/page"}],"author":[{"embeddable":true,"href":"https:\/\/www.acapp.fr\/index.php\/wp-json\/wp\/v2\/users\/1"}],"replies":[{"embeddable":true,"href":"https:\/\/www.acapp.fr\/index.php\/wp-json\/wp\/v2\/comments?post=553"}],"version-history":[{"count":1,"href":"https:\/\/www.acapp.fr\/index.php\/wp-json\/wp\/v2\/pages\/553\/revisions"}],"predecessor-version":[{"id":555,"href":"https:\/\/www.acapp.fr\/index.php\/wp-json\/wp\/v2\/pages\/553\/revisions\/555"}],"up":[{"embeddable":true,"href":"https:\/\/www.acapp.fr\/index.php\/wp-json\/wp\/v2\/pages\/84"}],"wp:attachment":[{"href":"https:\/\/www.acapp.fr\/index.php\/wp-json\/wp\/v2\/media?parent=553"}],"curies":[{"name":"wp","href":"https:\/\/api.w.org\/{rel}","templated":true}]}}