{"id":547,"date":"2024-10-19T10:52:17","date_gmt":"2024-10-19T08:52:17","guid":{"rendered":"https:\/\/www.acapp.fr\/?page_id=547"},"modified":"2024-10-24T17:36:19","modified_gmt":"2024-10-24T15:36:19","slug":"dessin-et-peinture","status":"publish","type":"page","link":"https:\/\/www.acapp.fr\/index.php\/ateliers\/dessin-et-peinture\/","title":{"rendered":"Dessin et peinture"},"content":{"rendered":"\n<p class=\"has-text-align-center has-foreground-color has-secondary-background-color has-text-color has-background has-link-color has-x-large-font-size wp-elements-12bf61ced06ee4815e8ac9f5b7d74979\"><strong>COURS DE DESSIN ET PEINTURE<\/strong><\/p>\n\n\n\n<p class=\"has-text-align-center has-foreground-color has-text-color has-link-color wp-elements-908762a17ff655bc91b2cda2dcd5b016\"><strong>Anim\u00e9 par Annie Martin, professeur aux Beaux Arts<\/strong><\/p>\n\n\n<p><span style=\"color: #000000;\"><strong>Cet atelier propose d&rsquo;acqu\u00e9rir les bases du dessin, ou de consolider sa pratique par l&rsquo;exp\u00e9rimentation, par des exercices. En abordant les proportions, la perspective, la structure, la composition avec<\/strong><\/span><span style=\"color: #000000;\"><strong> diff\u00e9rents outils : crayon, fusain, stylo bille et en travaillant diff\u00e9rentes techniques estompe, hachures, \u2026<\/strong><\/span><\/p>\n<p><span style=\"color: #000000;\"><strong>La mise en couleur gr\u00e2ce au medium peinture vous sera \u00e9galement propos\u00e9e durant cet atelier.<\/strong><\/span><\/p>\n<p><span style=\"color: #000000;\"><strong>Il faut s&rsquo;accorder du temps.\u00a0 C\u2019est un atelier qui demande de la patience, et de la g\u00e9n\u00e9rosit\u00e9.<\/strong><\/span><\/p>\n\n\n<div class=\"wp-block-group is-nowrap is-layout-flex wp-container-core-group-is-layout-6c531013 wp-block-group-is-layout-flex\">\n<figure class=\"wp-block-image size-full\"><img loading=\"lazy\" decoding=\"async\" width=\"612\" height=\"363\" src=\"https:\/\/www.acapp.fr\/wp-content\/uploads\/2024\/10\/Cours-dessin-et-peinture.jpg\" alt=\"\" class=\"wp-image-548\" srcset=\"https:\/\/www.acapp.fr\/wp-content\/uploads\/2024\/10\/Cours-dessin-et-peinture.jpg 612w, https:\/\/www.acapp.fr\/wp-content\/uploads\/2024\/10\/Cours-dessin-et-peinture-300x178.jpg 300w\" sizes=\"auto, (max-width: 612px) 100vw, 612px\" \/><\/figure>\n\n\n\n<p><\/p>\n<\/div>\n\n\n<p style=\"text-align: center;\"><span style=\"color: #000000;\"><strong>Le jeudi de 9h30 \u00e0 11h30<\/strong><\/span><\/p>\n<p style=\"text-align: center;\"><span style=\"color: #000000;\"><strong>Du 7 novembre 2024 au 12 juin 2025<\/strong><\/span><\/p>\n<p style=\"text-align: center;\"><span style=\"color: #000000;\"><strong>Inscription \u00e0 r\u00e9ception du flyer<\/strong><\/span><\/p>\n<p style=\"text-align: center;\"><span style=\"color: #000000;\"><strong>Tarif : 230\u20ac (ou 4 x 57.5\u20ac) pour 23 s\u00e9ances<\/strong> <strong>soit 5\u20ac de l\u2019heure<\/strong><\/span><\/p>\n<p style=\"text-align: center;\"><span style=\"color: #000000;\"><strong>Atelier de l\u2019ACAPP<\/strong><\/span><\/p>\n<p style=\"text-align: center;\"><span style=\"color: #000000;\"><strong>4 rue Paul Charmet \u2013 Istres<\/strong><\/span><\/p>\n<p style=\"text-align: center;\"><span style=\"color: #000000;\"><strong>\u00a0<\/strong><\/span><\/p>\n<p style=\"text-align: center;\"><span style=\"color: #000000;\"><strong>Renseignements et inscriptions aupr\u00e8s de l\u2019ACAPP<\/strong><\/span><\/p>","protected":false},"excerpt":{"rendered":"<p>COURS DE DESSIN ET PEINTURE Anim\u00e9 par Annie Martin, professeur aux Beaux Arts Cet atelier propose d&rsquo;acqu\u00e9rir les bases du dessin, ou de consolider sa pratique par l&rsquo;exp\u00e9rimentation, par des exercices. En abordant les proportions, la perspective, la structure, la composition avec diff\u00e9rents outils : crayon, fusain, stylo bille et en travaillant diff\u00e9rentes techniques estompe, [&hellip;]<\/p>\n","protected":false},"author":1,"featured_media":0,"parent":84,"menu_order":0,"comment_status":"closed","ping_status":"closed","template":"","meta":{"footnotes":""},"class_list":["post-547","page","type-page","status-publish","hentry"],"_links":{"self":[{"href":"https:\/\/www.acapp.fr\/index.php\/wp-json\/wp\/v2\/pages\/547","targetHints":{"allow":["GET"]}}],"collection":[{"href":"https:\/\/www.acapp.fr\/index.php\/wp-json\/wp\/v2\/pages"}],"about":[{"href":"https:\/\/www.acapp.fr\/index.php\/wp-json\/wp\/v2\/types\/page"}],"author":[{"embeddable":true,"href":"https:\/\/www.acapp.fr\/index.php\/wp-json\/wp\/v2\/users\/1"}],"replies":[{"embeddable":true,"href":"https:\/\/www.acapp.fr\/index.php\/wp-json\/wp\/v2\/comments?post=547"}],"version-history":[{"count":3,"href":"https:\/\/www.acapp.fr\/index.php\/wp-json\/wp\/v2\/pages\/547\/revisions"}],"predecessor-version":[{"id":584,"href":"https:\/\/www.acapp.fr\/index.php\/wp-json\/wp\/v2\/pages\/547\/revisions\/584"}],"up":[{"embeddable":true,"href":"https:\/\/www.acapp.fr\/index.php\/wp-json\/wp\/v2\/pages\/84"}],"wp:attachment":[{"href":"https:\/\/www.acapp.fr\/index.php\/wp-json\/wp\/v2\/media?parent=547"}],"curies":[{"name":"wp","href":"https:\/\/api.w.org\/{rel}","templated":true}]}}