{"id":540,"date":"2024-10-19T10:37:28","date_gmt":"2024-10-19T08:37:28","guid":{"rendered":"https:\/\/www.acapp.fr\/?page_id=540"},"modified":"2024-10-19T10:37:28","modified_gmt":"2024-10-19T08:37:28","slug":"aquarelle","status":"publish","type":"page","link":"https:\/\/www.acapp.fr\/index.php\/ateliers\/aquarelle\/","title":{"rendered":"Aquarelle"},"content":{"rendered":"\n<p class=\"has-text-align-center has-foreground-color has-secondary-background-color has-text-color has-background has-link-color has-x-large-font-size wp-elements-864a8ded0e51aff73bdfac11d1c9b679\"><strong>Atelier Aquarelle<\/strong> <\/p>\n\n\n<p style=\"text-align: center;\"><span style=\"color: #000000;\"><strong>(D\u00e9butants et confirm\u00e9s)<\/strong><\/span><\/p>\n<p style=\"text-align: center;\"><span style=\"color: #000000;\"><strong>Anim\u00e9 par Serge GALASSO, peintre<\/strong><\/span><\/p>\n\n<p><span style=\"color: #000000;\"><em>Cet atelier permettra de manipuler l\u2019eau et la couleur, comprendre les bases de l\u2019aquarelle dans le plaisir de la d\u00e9couverte\u00a0: tester les superpositions color\u00e9es, exp\u00e9rimenter les effets de fusion, jouer du geste du pinceau\u2026\u00a0Une mise en application sur un sujet choisi ensemble pour s\u2019approprier la technique et aborder l\u2019aspect cr\u00e9atif de l\u2019aquarelle. <\/em><em>\u00c0<\/em> <em>partir d\u2019analyse et de d\u00e9cryptage de r\u00e9f\u00e9rences artistiques (photos, monographies, revues, &#8230;), vous aborderez les diff\u00e9rentes techniques propres \u00e0 l\u2019aquarelle. <\/em><em>\u00c0<\/em><em> travers ces exp\u00e9rimentations, vous suivrez vos pr\u00e9f\u00e9rences.<\/em><\/span><\/p>\n\n\n<figure class=\"wp-block-image aligncenter size-full is-resized\"><img loading=\"lazy\" decoding=\"async\" width=\"247\" height=\"148\" src=\"https:\/\/www.acapp.fr\/wp-content\/uploads\/2024\/10\/Aquarelle.jpg\" alt=\"\" class=\"wp-image-541\" style=\"width:515px;height:auto\"\/><\/figure>\n\n\n<p style=\"text-align: center;\"><span style=\"color: #000000;\"><strong>Tous les lundis, 3 ateliers se succ\u00e8dent\u00a0:<\/strong><\/span><\/p>\n<p style=\"text-align: center;\"><span style=\"color: #000000;\"><strong>Du 18 novembre 2024 au 19 mai 2025 <\/strong><\/span><\/p>\n<pre><em><span style=\"color: #000000;\"><strong>           (Hors vacances scolaires et jours f\u00e9ri\u00e9s)<\/strong><\/span><\/em><\/pre>\n<p style=\"text-align: center;\"><span style=\"color: #000000;\"><strong>1<sup>er<\/sup> atelier de\u00a09h30 \u00e0 11h30<\/strong><\/span><\/p>\n<p style=\"text-align: center;\"><span style=\"color: #000000;\"><strong>2<sup>\u00e8me<\/sup> atelier de 14h30 \u00e0 16h30 <\/strong><\/span><\/p>\n<p style=\"text-align: center;\"><span style=\"color: #000000;\"><strong>3<sup>\u00e8me<\/sup> atelier de 17h \u00e0 19h<\/strong><\/span><\/p>\n<p style=\"text-align: center;\"><span style=\"color: #000000;\"><strong>Inscription \u00e0 r\u00e9ception du flyer<\/strong><\/span><\/p>\n<p style=\"text-align: center;\"><span style=\"color: #000000;\"><strong>Tarif\u00a0: 200\u20ac\u00a0(ou 4&#215;50\u20ac) pour 20 s\u00e9ances soit 5\u20ac de l\u2019heure<\/strong><\/span><\/p>\n<p style=\"text-align: center;\">\u00a0<\/p>\n<p style=\"text-align: center;\"><span style=\"color: #000000;\"><strong>Atelier de l\u2019ACAPP<\/strong><\/span><\/p>\n<p style=\"text-align: center;\"><span style=\"color: #000000;\"><strong>4 rue Paul Charmet &#8211; Istres<\/strong>\u00a0\u00a0\u00a0\u00a0\u00a0\u00a0\u00a0\u00a0\u00a0\u00a0\u00a0\u00a0\u00a0\u00a0\u00a0\u00a0\u00a0<\/span><\/p>\n<p style=\"text-align: center;\"><span style=\"color: #000000;\"><strong>Renseignements et inscriptions aupr\u00e8s de l\u2019ACAPP<\/strong><\/span><\/p>\n<p style=\"text-align: center;\"><span style=\"color: #000000;\"><strong>6 rue Juiverie &#8211; Istres<\/strong> &#8211; <strong>0413228133<\/strong><\/span><\/p>","protected":false},"excerpt":{"rendered":"<p>Atelier Aquarelle (D\u00e9butants et confirm\u00e9s) Anim\u00e9 par Serge GALASSO, peintre Cet atelier permettra de manipuler l\u2019eau et la couleur, comprendre les bases de l\u2019aquarelle dans le plaisir de la d\u00e9couverte\u00a0: tester les superpositions color\u00e9es, exp\u00e9rimenter les effets de fusion, jouer du geste du pinceau\u2026\u00a0Une mise en application sur un sujet choisi ensemble pour s\u2019approprier la [&hellip;]<\/p>\n","protected":false},"author":1,"featured_media":0,"parent":84,"menu_order":0,"comment_status":"closed","ping_status":"closed","template":"","meta":{"footnotes":""},"class_list":["post-540","page","type-page","status-publish","hentry"],"_links":{"self":[{"href":"https:\/\/www.acapp.fr\/index.php\/wp-json\/wp\/v2\/pages\/540","targetHints":{"allow":["GET"]}}],"collection":[{"href":"https:\/\/www.acapp.fr\/index.php\/wp-json\/wp\/v2\/pages"}],"about":[{"href":"https:\/\/www.acapp.fr\/index.php\/wp-json\/wp\/v2\/types\/page"}],"author":[{"embeddable":true,"href":"https:\/\/www.acapp.fr\/index.php\/wp-json\/wp\/v2\/users\/1"}],"replies":[{"embeddable":true,"href":"https:\/\/www.acapp.fr\/index.php\/wp-json\/wp\/v2\/comments?post=540"}],"version-history":[{"count":1,"href":"https:\/\/www.acapp.fr\/index.php\/wp-json\/wp\/v2\/pages\/540\/revisions"}],"predecessor-version":[{"id":542,"href":"https:\/\/www.acapp.fr\/index.php\/wp-json\/wp\/v2\/pages\/540\/revisions\/542"}],"up":[{"embeddable":true,"href":"https:\/\/www.acapp.fr\/index.php\/wp-json\/wp\/v2\/pages\/84"}],"wp:attachment":[{"href":"https:\/\/www.acapp.fr\/index.php\/wp-json\/wp\/v2\/media?parent=540"}],"curies":[{"name":"wp","href":"https:\/\/api.w.org\/{rel}","templated":true}]}}