{"id":533,"date":"2024-10-15T11:42:23","date_gmt":"2024-10-15T09:42:23","guid":{"rendered":"https:\/\/www.acapp.fr\/?page_id=533"},"modified":"2025-01-11T10:39:42","modified_gmt":"2025-01-11T09:39:42","slug":"architecture","status":"publish","type":"page","link":"https:\/\/www.acapp.fr\/index.php\/actions\/architecture\/","title":{"rendered":"Architecture"},"content":{"rendered":"\n<p class=\"has-text-align-center has-foreground-color has-text-color has-link-color wp-elements-1e00d9b7781d9cb28a7e7837c496e9bd\"><strong>L\u2019Association ACAPP organise un \u00ab&nbsp;Rendez-vous d\u2019Artistes<\/strong>&nbsp;<strong>\u00bb<\/strong><\/p>\n\n\n<p style=\"text-align: center;\"><span style=\"color: #000000;\"><strong><u>Jeudi 6 f\u00e9vrier 2025 \u00e0 18h30 <\/u><\/strong><\/span><\/p>\n<p style=\"text-align: center;\"><span style=\"color: #000000;\"><strong><u>\u00a0Th\u00e8me : \u00ab ARCHITECTURE \u00bb<\/u><\/strong><\/span><\/p>\n<p style=\"text-align: center;\"><span style=\"color: #000000;\"><strong>\u00e0 L\u2019AFPA Istres<\/strong><\/span><\/p>\n<p style=\"text-align: center;\"><span style=\"color: #000000;\"><strong>Village des Solutions\u00a0: salle AFPA-B\u00e2t32, La Place<\/strong><\/span><\/p>\n<p style=\"text-align: center;\"><span style=\"color: #000000;\"><strong>60 avenue Felix Gouin &#8211; Istres<\/strong><\/span><\/p>\n\n\n<figure class=\"wp-block-gallery has-nested-images columns-default is-cropped wp-block-gallery-1 is-layout-flex wp-block-gallery-is-layout-flex\">\n<figure class=\"wp-block-image size-large\"><img loading=\"lazy\" decoding=\"async\" width=\"800\" height=\"533\" data-id=\"534\" src=\"https:\/\/www.acapp.fr\/wp-content\/uploads\/2024\/10\/architecture.jpg\" alt=\"\" class=\"wp-image-534\" srcset=\"https:\/\/www.acapp.fr\/wp-content\/uploads\/2024\/10\/architecture.jpg 800w, https:\/\/www.acapp.fr\/wp-content\/uploads\/2024\/10\/architecture-300x200.jpg 300w, https:\/\/www.acapp.fr\/wp-content\/uploads\/2024\/10\/architecture-768x512.jpg 768w\" sizes=\"auto, (max-width: 800px) 100vw, 800px\" \/><\/figure>\n\n\n\n<figure class=\"wp-block-image size-large\"><img loading=\"lazy\" decoding=\"async\" width=\"1024\" height=\"684\" data-id=\"535\" src=\"https:\/\/www.acapp.fr\/wp-content\/uploads\/2024\/10\/architecture2-1024x684.jpg\" alt=\"\" class=\"wp-image-535\" srcset=\"https:\/\/www.acapp.fr\/wp-content\/uploads\/2024\/10\/architecture2-1024x684.jpg 1024w, https:\/\/www.acapp.fr\/wp-content\/uploads\/2024\/10\/architecture2-300x200.jpg 300w, https:\/\/www.acapp.fr\/wp-content\/uploads\/2024\/10\/architecture2-768x513.jpg 768w, https:\/\/www.acapp.fr\/wp-content\/uploads\/2024\/10\/architecture2.jpg 1029w\" sizes=\"auto, (max-width: 1024px) 100vw, 1024px\" \/><\/figure>\n<\/figure>\n\n\n\n<blockquote class=\"wp-block-quote is-layout-flow wp-block-quote-is-layout-flow\">\n<p class=\"has-foreground-color has-text-color has-link-color wp-elements-1a6c9b559f3e6edc4e209959dc764cd8\"><strong>Th\u00e8me retenu par un collectif de plusieurs participants aux Rendez-vous d\u2019artistes.<\/strong><\/p>\n\n\n\n<p class=\"has-primary-color has-text-color has-link-color wp-elements-007119e55d6325a89643054f009350e3\"><strong><em>Qu&rsquo;\u00e9voque, pour vous, ce mot :&nbsp; architecture ? des images de constructions, sans doute, disons : les pyramides d&rsquo;Egypte, la tour Eiffel, les ch\u00e2teaux, les \u00e9glises, les ponts, tous ces ouvrages souvent remarquables comme le viaduc de Millau, la Sagrada Familia et plus modestement les maisons, immeubles, Skyline de New York &#8230; Autour de nous, tout est architecture ! qu&rsquo;elle soit classique ou contemporaine, qu\u2019elle s&rsquo;inspire de plus en plus de la nature : en forme de champignon comme les gardiens by the bay de Singapour, d\u2019ar\u00eates de poisson, comme la cit\u00e9 des Arts de Valence &#8230; Mais changeons d\u2019\u00e9chelle : nous aussi les \u00eatres vivants nous poss\u00e9dons un squelette et depuis l&rsquo;ossature des grands mammif\u00e8res jusqu\u2019aux fragiles coquilles des escargots, la nature nous a dot\u00e9 d&rsquo;une structure plus ou moins visible. Quant au monde v\u00e9g\u00e9tal, sa g\u00e9om\u00e9trie si vari\u00e9e et si extraordinaire suscite notre admiration et notre plaisir. Minuscules ou gigantesques, que ces merveilles inspirent votre production soit avec vos propres couleurs, soit avec vos propres outils en construisant vous-m\u00eame \u00e0 votre tour, avec des mat\u00e9riaux humbles et l\u00e9gers, pourquoi pas ? A tr\u00e8s bient\u00f4t, pour admirer ce que votre imagination en libert\u00e9 va faire \u00e9clore, toujours dans la bonne humeur et la convivialit\u00e9 !      <\/em>Liliane Jouvet<\/strong><\/p>\n<\/blockquote>\n\n\n\n<p><\/p>\n\n\n<p><span style=\"color: #000000;\"><strong>Chaque personne apportant une \u0153uvre devra le faire savoir lors de son inscription et venir 5mn avant l\u2019heure de d\u00e9but, afin d\u2019accrocher son \u0153uvre<\/strong>. <\/span><\/p>\n<p><span style=\"color: #000000;\"><strong>L\u2019ACAPP pourra fournir des petits chevalets pour poser vos \u0153uvres. Si le format est trop important ou pour les sculptures, porter votre support si vous en avez la possibilit\u00e9.<\/strong><\/span><\/p>\n<p><em><span style=\"color: #000000;\"><strong>Ap\u00e9ritif\u00a0: Le principe est le repas \u00ab tir\u00e9 du sac \u00bb \u00e0 savoir que chacun apporte un mets et le partage. L\u2019ACAPP offre les boissons.<\/strong><\/span><\/em><\/p>\n<p><span style=\"color: #000000;\"><strong>\u00a0<\/strong><\/span><span style=\"color: #000000;\"><strong><u>Date de d\u00e9but d\u2019inscription\u00a0: D\u00e8s r\u00e9ception de l\u2019information<\/u><\/strong><\/span><\/p>\n<p><span style=\"color: #000000;\"><strong><u>Date limite d\u2019inscription : vendredi 31 janvier 2025<\/u><\/strong><\/span><\/p>\n<p><span style=\"color: #000000;\"><strong><u>Inscription obligatoire<\/u> sur place ou par t\u00e9l\u00e9phone<\/strong><\/span><\/p>","protected":false},"excerpt":{"rendered":"<p>L\u2019Association ACAPP organise un \u00ab&nbsp;Rendez-vous d\u2019Artistes&nbsp;\u00bb Jeudi 6 f\u00e9vrier 2025 \u00e0 18h30 \u00a0Th\u00e8me : \u00ab ARCHITECTURE \u00bb \u00e0 L\u2019AFPA Istres Village des Solutions\u00a0: salle AFPA-B\u00e2t32, La Place 60 avenue Felix Gouin &#8211; Istres Th\u00e8me retenu par un collectif de plusieurs participants aux Rendez-vous d\u2019artistes. Qu&rsquo;\u00e9voque, pour vous, ce mot :&nbsp; architecture ? des images de [&hellip;]<\/p>\n","protected":false},"author":1,"featured_media":0,"parent":272,"menu_order":0,"comment_status":"closed","ping_status":"closed","template":"","meta":{"footnotes":""},"class_list":["post-533","page","type-page","status-publish","hentry"],"_links":{"self":[{"href":"https:\/\/www.acapp.fr\/index.php\/wp-json\/wp\/v2\/pages\/533","targetHints":{"allow":["GET"]}}],"collection":[{"href":"https:\/\/www.acapp.fr\/index.php\/wp-json\/wp\/v2\/pages"}],"about":[{"href":"https:\/\/www.acapp.fr\/index.php\/wp-json\/wp\/v2\/types\/page"}],"author":[{"embeddable":true,"href":"https:\/\/www.acapp.fr\/index.php\/wp-json\/wp\/v2\/users\/1"}],"replies":[{"embeddable":true,"href":"https:\/\/www.acapp.fr\/index.php\/wp-json\/wp\/v2\/comments?post=533"}],"version-history":[{"count":4,"href":"https:\/\/www.acapp.fr\/index.php\/wp-json\/wp\/v2\/pages\/533\/revisions"}],"predecessor-version":[{"id":757,"href":"https:\/\/www.acapp.fr\/index.php\/wp-json\/wp\/v2\/pages\/533\/revisions\/757"}],"up":[{"embeddable":true,"href":"https:\/\/www.acapp.fr\/index.php\/wp-json\/wp\/v2\/pages\/272"}],"wp:attachment":[{"href":"https:\/\/www.acapp.fr\/index.php\/wp-json\/wp\/v2\/media?parent=533"}],"curies":[{"name":"wp","href":"https:\/\/api.w.org\/{rel}","templated":true}]}}