{"id":523,"date":"2024-10-14T11:01:45","date_gmt":"2024-10-14T09:01:45","guid":{"rendered":"https:\/\/www.acapp.fr\/?page_id=523"},"modified":"2025-03-27T16:23:18","modified_gmt":"2025-03-27T15:23:18","slug":"lacs-italiens","status":"publish","type":"page","link":"https:\/\/www.acapp.fr\/index.php\/sorties-culturelles\/lacs-italiens\/","title":{"rendered":"Lacs italiens"},"content":{"rendered":"<h4 style=\"text-align: center;\"><span style=\"color: #000000;\"><strong>LA BEAUT\u00c9 DES LACS ITALIENS Du 22 au 25 avril 2025<\/strong><\/span><\/h4>\n<p><span style=\"color: #000000;\"><strong>Les lacs, aujourd&rsquo;hui paradis des touristes mais jadis lieu privil\u00e9gi\u00e9 des romantiques du si\u00e8cle dernier entretiennent de fa\u00e7on enchanteresse des paysages o\u00f9 se m\u00e9langent dans un admirable d\u00e9cor naturel montagnes et eaux.<\/strong><\/span><\/p>\n<p><span style=\"color: #000000;\"><strong><u>JOUR 1 : ISTRES \/ LAC MAJEUR<\/u><\/strong><\/span><\/p>\n<p><span style=\"color: #000000;\"><strong>Rendez-vous de tous les participants \u00e0 la gare routi\u00e8re du Palio \u00e0 Istres <\/strong>et d\u00e9part en direction de Nice et l\u2019Italie. Arr\u00eats de d\u00e9tente en cours de route. Passage de la fronti\u00e8re et poursuite du voyage le long de la riviera des fleurs. D\u00e9jeuner libre. Apr\u00e8s le repas toujours par l\u2019autoroute, nous arrivons sur les bords du lac Majeur. Installation \u00e0 l\u2019h\u00f4tel pour le s\u00e9jour. D\u00eener et logement.<\/span><\/p>\n<p><span style=\"color: #000000;\"><img loading=\"lazy\" decoding=\"async\" class=\"alignnone  wp-image-500\" src=\"https:\/\/www.acapp.fr\/wp-content\/uploads\/2024\/10\/Lac-Majeur.jpg\" alt=\"\" width=\"377\" height=\"252\" \/><\/span><\/p>\n<p><span style=\"color: #000000;\"><strong><u>JOUR 2 : LES \u00ceLES BORROM\u00c9ES \/ LAC D&rsquo;ORTA<\/u><\/strong><\/span><\/p>\n<p><span style=\"color: #000000;\">Petit-d\u00e9jeuner et d\u00e9part pour une <strong>excursion en bateau aux c\u00e9l\u00e8bres \u00eeles Borrom\u00e9es. Arr\u00eat \u00e0 l\u2019\u00eele des P\u00eacheurs <\/strong>puis arr\u00eat \u00e0 <strong>Isola Bella <\/strong>sur laquelle se trouve le <strong>merveilleux Palais Borrom\u00e9es<\/strong>, pure cr\u00e9ation de l&rsquo;homme. <strong>Visite guid\u00e9e de l&rsquo;int\u00e9rieur du palais avec la salle des m\u00e9dailles, la galerie des tapisseries, la cinqui\u00e8me grotte\u2026 <\/strong>Poursuite de la visite libre <strong>des somptueux jardins dits \u00ab \u00e0 l&rsquo;italienne \u00bb. <\/strong>De la terrasse sup\u00e9rieure, \u00e0 37 m\u00e8tres au-dessus du niveau du lac, on jouit d&rsquo;un panorama extraordinaire sur le golfe Borrom\u00e9es. Retour \u00e0 l\u2019h\u00f4tel pour le d\u00e9jeuner. Apr\u00e8s-midi libre ou <strong>excursion facultative au lac d\u2019Orta l<\/strong>\u2019un des plus petits lacs du nord mais aussi l\u2019un des plus jolis (organis\u00e9e, r\u00e9serv\u00e9e et payable sur place aupr\u00e8s de notre correspondant). Dans ce cas, arr\u00eat \u00e0 la petite ville d\u2019Orta, puis <strong>travers\u00e9e en bateau jusqu\u2019\u00e0 l\u2019\u00eele San Giulio. <\/strong>Moment de d\u00e9tente. En fin de journ\u00e9e, retour \u00e0 votre h\u00f4tel. D\u00eener et logement.<\/span><\/p>\n<p><img loading=\"lazy\" decoding=\"async\" class=\"alignnone  wp-image-526\" src=\"https:\/\/www.acapp.fr\/wp-content\/uploads\/2024\/10\/Palais-borromee-300x140.jpg\" alt=\"\" width=\"508\" height=\"237\" srcset=\"https:\/\/www.acapp.fr\/wp-content\/uploads\/2024\/10\/Palais-borromee-300x140.jpg 300w, https:\/\/www.acapp.fr\/wp-content\/uploads\/2024\/10\/Palais-borromee-1024x477.jpg 1024w, https:\/\/www.acapp.fr\/wp-content\/uploads\/2024\/10\/Palais-borromee-768x358.jpg 768w, https:\/\/www.acapp.fr\/wp-content\/uploads\/2024\/10\/Palais-borromee.jpg 1360w\" sizes=\"auto, (max-width: 508px) 100vw, 508px\" \/><img loading=\"lazy\" decoding=\"async\" class=\"wp-image-525 alignright\" src=\"https:\/\/www.acapp.fr\/wp-content\/uploads\/2024\/10\/Lac-d-Orta-300x225.jpg\" alt=\"\" width=\"332\" height=\"249\" srcset=\"https:\/\/www.acapp.fr\/wp-content\/uploads\/2024\/10\/Lac-d-Orta-300x225.jpg 300w, https:\/\/www.acapp.fr\/wp-content\/uploads\/2024\/10\/Lac-d-Orta.jpg 560w\" sizes=\"auto, (max-width: 332px) 100vw, 332px\" \/><\/p>\n<p><span style=\"color: #000000;\"><strong><u>JOUR 3 : LAC DE C\u00d4ME \/ LAC MAJEUR<\/u><\/strong><\/span><\/p>\n<p><span style=\"color: #000000;\">Petit-d\u00e9jeuner, puis rencontre avec votre accompagnateur et excursion de la <strong>journ\u00e9e au lac de C\u00f4me<\/strong>, lac qui offre la plus grande vari\u00e9t\u00e9 de paysages de tous les lacs italiens. <strong>Visite de la villa Carlotta avec sa collection de statues, mais ce sont les merveilleux jardins en terrasse <\/strong>qui constituent son attrait principal. Puis travers\u00e9<strong>e en ferry de Cadenabbia \u00e0 Bellagio. <\/strong>\u00c0 l\u2019arriv\u00e9e, d\u00e9jeuner \u00e0 Bellagio. En d\u00e9but d\u2019apr\u00e8s-midi, temps libre en pr\u00e9sence de votre accompagnateur dans cette merveilleuse ville surnomm\u00e9e la \u00ab <strong>Perle du Lac \u00bb <\/strong>situ\u00e9e sur les rives du lac de C\u00f4me et consid\u00e9r\u00e9e comme <strong>un des plus beaux villages italiens. <\/strong>Reprise du ferry jusqu\u2019\u00e0 Cadenabbia. En fin de journ\u00e9e, retour \u00e0 votre h\u00f4tel. D\u00eener et logement.<\/span><\/p>\n<p><img loading=\"lazy\" decoding=\"async\" class=\"alignnone  wp-image-527\" src=\"https:\/\/www.acapp.fr\/wp-content\/uploads\/2024\/10\/Villa-Carlotta-300x173.jpg\" alt=\"\" width=\"420\" height=\"242\" srcset=\"https:\/\/www.acapp.fr\/wp-content\/uploads\/2024\/10\/Villa-Carlotta-300x173.jpg 300w, https:\/\/www.acapp.fr\/wp-content\/uploads\/2024\/10\/Villa-Carlotta-768x444.jpg 768w, https:\/\/www.acapp.fr\/wp-content\/uploads\/2024\/10\/Villa-Carlotta.jpg 810w\" sizes=\"auto, (max-width: 420px) 100vw, 420px\" \/><\/p>\n<p><span style=\"color: #000000;\"><strong><u>JOUR 4 : LAC MAJEUR \/ ARONA \/ ISTRES<\/u><\/strong><\/span><\/p>\n<p><span style=\"color: #000000;\">Apr\u00e8s le petit-d\u00e9jeuner, <strong>d\u00e9part en direction d\u2019Arona pour voir la fameuse statue du colosse de Saint Charles Borrom\u00e9e <\/strong>qui f\u00fbt dessin\u00e9e en 1584 et termin\u00e9e seulement en 1697. Le colosse, de 23 m\u00e8tres de haut, s\u2019\u00e9l\u00e8ve sur un pi\u00e9destal de granit. Nous reprenons l\u2019autoroute de Milan, Alessandria, G\u00eanes. D\u00e9jeuner libre en cours de route. Apr\u00e8s le repas, retour vers Nice, Istres. L\u2019arriv\u00e9e est pr\u00e9vue en fin d\u2019apr\u00e8s-midi \u00e0 la gare du Palio \u00e0 Istres.<\/span><\/p>\n<p><img loading=\"lazy\" decoding=\"async\" class=\"alignnone  wp-image-524\" src=\"https:\/\/www.acapp.fr\/wp-content\/uploads\/2024\/10\/Colosse-saint-charles-borromee.jpg\" alt=\"\" width=\"263\" height=\"246\" \/><\/p>\n<p><span style=\"color: #000000;\"><strong>\u00a0<\/strong><\/span><\/p>\n<p><span style=\"color: #000000;\"><strong>Prix sur la base de 40 participants : 605 \u20ac<\/strong><\/span><\/p>\n<p><span style=\"color: #000000;\"><strong>Suppl\u00e9ment chambre individuelle : 110 \u20ac<\/strong><\/span><\/p>\n<p><span style=\"color: #000000;\"><strong>LE PRIX COMPREND :<\/strong><\/span><\/p>\n<p><span style=\"color: #000000;\">&#8211; Le transport en autocar de grand tourisme<\/span><\/p>\n<p><span style=\"color: #000000;\">&#8211; L\u2019h\u00e9bergement en chambre double en h\u00f4tel 3***<\/span><\/p>\n<p><span style=\"color: #000000;\">&#8211; <strong>La pension compl\u00e8te<\/strong><\/span><\/p>\n<p><span style=\"color: #000000;\">&#8211; <strong>Les boissons au cours des repas<\/strong><\/span><\/p>\n<p><span style=\"color: #000000;\">&#8211; Les visites mentionn\u00e9es au programme<\/span><\/p>\n<p><span style=\"color: #000000;\">&#8211; La promenade en bateau priv\u00e9 le jour 2<\/span><\/p>\n<p><span style=\"color: #000000;\">&#8211; L\u2019entr\u00e9e au Palais Borrom\u00e9es<\/span><\/p>\n<p><span style=\"color: #000000;\">&#8211; L\u2019entr\u00e9e \u00e0 la Villa Carlotta<\/span><\/p>\n<p><span style=\"color: #000000;\">&#8211; La visite guid\u00e9e du Palais Borrom\u00e9es<\/span><\/p>\n<p><span style=\"color: #000000;\">&#8211; La pr\u00e9sence d\u2019un accompagnateur en journ\u00e9e le jour 3<\/span><\/p>\n<p><span style=\"color: #000000;\">&#8211; La travers\u00e9e en ferry de Cadenabbia \u00e0 Bellagio et retour<\/span><\/p>\n<p><span style=\"color: #000000;\">&#8211; <strong>Les \u00e9couteurs individuels lors des visites<\/strong><\/span><\/p>\n<p><span style=\"color: #000000;\">&#8211; La taxe de s\u00e9jour<\/span><\/p>\n<p><span style=\"color: #000000;\">&#8211; <strong>L\u2019assurance annulation et protection sanitaire offerte<\/strong><\/span><\/p>\n<p><span style=\"color: #000000;\">&#8211; <strong>L\u2019assistance \/ rapatriement<\/strong><\/span><\/p>\n<p><span style=\"color: #000000;\"><strong>LE PRIX NE COMPREND PAS :<\/strong><\/span><\/p>\n<p><span style=\"color: #000000;\">&#8211; Les d\u00e9jeuners de route<\/span><\/p>\n<p><span style=\"color: #000000;\"><strong>FORMALITES : Carte nationale d\u2019identit\u00e9 en cours de validit\u00e9 + formalit\u00e9s sanitaires en vigueur sur la p\u00e9riode couvrant votre voyage selon les exigences gouvernementales du pays visit\u00e9.<\/strong><\/span><\/p>\n<p><span style=\"color: #000000;\"><strong><em>Ce voyage est organis\u00e9 par l\u2019agence de voyage \u00ab Voyages Sabardu \u00bb.<\/em><\/strong><\/span><\/p>\n<p><span style=\"color: #000000;\"><strong>CONDITIONS D\u2019INSCRIPTION<\/strong><\/span><\/p>\n<p><span style=\"color: #000000;\"><strong>Inscriptions \u00e0 partir du mardi 5 novembre <\/strong>au si\u00e8ge de l\u2019ACAPP 6 rue Juiverie 13800 Istres ou par t\u00e9l\u00e9phone au 04 13 22 81 33.<\/span><\/p>\n<p><span style=\"color: #000000;\">La carte d\u2019adh\u00e9rent est obligatoire pour chaque participant (15 \u20ac).<\/span><\/p>\n<p><span style=\"color: #000000;\"><strong>R\u00e8glement en 3 fois sans frais par ch\u00e8que uniquement <\/strong>(ch\u00e8ques vacances accept\u00e9s)<strong>.<\/strong><\/span><\/p>\n<p><span style=\"color: #000000;\"><strong>\u00c9CH\u00c9ANCIER OBLIGATOIRE :<\/strong><\/span><\/p>\n<p><span style=\"color: #000000;\">\u00c9tablir 2 ch\u00e8ques d\u2019un montant de <strong>200 \u20ac <\/strong>et 1 ch\u00e8que de <strong>205 <\/strong>\u20ac tous dat\u00e9s du jour de l\u2019inscription, \u00e0 l\u2019ordre de <strong>VOYAGES SABARDU.<\/strong><\/span><\/p>\n<p><span style=\"color: #000000;\">Les ch\u00e8ques seront d\u00e9pos\u00e9s par nos soins \u00e0 l\u2019agence Sabardu. La comptable de Sabardu encaissera un ch\u00e8que :<\/span><\/p>\n<ul>\n<li><span style=\"color: #000000;\"><strong>de 200 \u20ac le 15 f\u00e9vrier 2025.<\/strong><\/span><\/li>\n<li><span style=\"color: #000000;\"><strong>de 200 \u20ac le 15 mars 2025.<\/strong><\/span><\/li>\n<li><span style=\"color: #000000;\"><strong>de 205 \u20ac le 15 avril 2025.<\/strong><\/span><\/li>\n<\/ul>\n","protected":false},"excerpt":{"rendered":"<p>LA BEAUT\u00c9 DES LACS ITALIENS Du 22 au 25 avril 2025 Les lacs, aujourd&rsquo;hui paradis des touristes mais jadis lieu privil\u00e9gi\u00e9 des romantiques du si\u00e8cle dernier entretiennent de fa\u00e7on enchanteresse des paysages o\u00f9 se m\u00e9langent dans un admirable d\u00e9cor naturel montagnes et eaux. JOUR 1 : ISTRES \/ LAC MAJEUR Rendez-vous de tous les participants [&hellip;]<\/p>\n","protected":false},"author":1,"featured_media":0,"parent":103,"menu_order":0,"comment_status":"closed","ping_status":"closed","template":"","meta":{"footnotes":""},"class_list":["post-523","page","type-page","status-publish","hentry"],"_links":{"self":[{"href":"https:\/\/www.acapp.fr\/index.php\/wp-json\/wp\/v2\/pages\/523","targetHints":{"allow":["GET"]}}],"collection":[{"href":"https:\/\/www.acapp.fr\/index.php\/wp-json\/wp\/v2\/pages"}],"about":[{"href":"https:\/\/www.acapp.fr\/index.php\/wp-json\/wp\/v2\/types\/page"}],"author":[{"embeddable":true,"href":"https:\/\/www.acapp.fr\/index.php\/wp-json\/wp\/v2\/users\/1"}],"replies":[{"embeddable":true,"href":"https:\/\/www.acapp.fr\/index.php\/wp-json\/wp\/v2\/comments?post=523"}],"version-history":[{"count":4,"href":"https:\/\/www.acapp.fr\/index.php\/wp-json\/wp\/v2\/pages\/523\/revisions"}],"predecessor-version":[{"id":977,"href":"https:\/\/www.acapp.fr\/index.php\/wp-json\/wp\/v2\/pages\/523\/revisions\/977"}],"up":[{"embeddable":true,"href":"https:\/\/www.acapp.fr\/index.php\/wp-json\/wp\/v2\/pages\/103"}],"wp:attachment":[{"href":"https:\/\/www.acapp.fr\/index.php\/wp-json\/wp\/v2\/media?parent=523"}],"curies":[{"name":"wp","href":"https:\/\/api.w.org\/{rel}","templated":true}]}}