{"id":502,"date":"2024-10-14T10:40:43","date_gmt":"2024-10-14T08:40:43","guid":{"rendered":"https:\/\/www.acapp.fr\/?page_id=502"},"modified":"2024-10-23T17:41:44","modified_gmt":"2024-10-23T15:41:44","slug":"voyage-en-crete","status":"publish","type":"page","link":"https:\/\/www.acapp.fr\/index.php\/sorties-culturelles\/voyage-en-crete\/","title":{"rendered":"Voyage en Cr\u00e8te"},"content":{"rendered":"\n<div class=\"wp-block-group is-nowrap is-layout-flex wp-container-core-group-is-layout-6c531013 wp-block-group-is-layout-flex\">\n<p class=\"has-text-align-center has-foreground-color has-tertiary-background-color has-text-color has-background has-link-color wp-elements-90a4db514eb73c2fbc2522c1d9eec2b8\" style=\"font-size:1.8rem\"><strong>Retour sur le voyage en Cr\u00e8te de nos adh\u00e9rents<\/strong><\/p>\n\n\n\n<div style=\"height:45px;width:0px\" aria-hidden=\"true\" class=\"wp-block-spacer wp-container-content-95fa6ccb\"><\/div>\n<\/div>\n\n\n\n<figure class=\"wp-block-gallery has-nested-images columns-default is-cropped wp-block-gallery-1 is-layout-flex wp-block-gallery-is-layout-flex\">\n<figure class=\"wp-block-image size-large\"><a href=\"https:\/\/www.acapp.fr\/wp-content\/uploads\/2024\/10\/IMG_1320-1-scaled.jpg\"><img loading=\"lazy\" decoding=\"async\" width=\"1024\" height=\"768\" data-id=\"577\" src=\"https:\/\/www.acapp.fr\/wp-content\/uploads\/2024\/10\/IMG_1320-1-1024x768.jpg\" alt=\"\" class=\"wp-image-577\" srcset=\"https:\/\/www.acapp.fr\/wp-content\/uploads\/2024\/10\/IMG_1320-1-1024x768.jpg 1024w, https:\/\/www.acapp.fr\/wp-content\/uploads\/2024\/10\/IMG_1320-1-300x225.jpg 300w, https:\/\/www.acapp.fr\/wp-content\/uploads\/2024\/10\/IMG_1320-1-768x576.jpg 768w, https:\/\/www.acapp.fr\/wp-content\/uploads\/2024\/10\/IMG_1320-1-1536x1152.jpg 1536w, https:\/\/www.acapp.fr\/wp-content\/uploads\/2024\/10\/IMG_1320-1-2048x1536.jpg 2048w\" sizes=\"auto, (max-width: 1024px) 100vw, 1024px\" \/><\/a><\/figure>\n<\/figure>\n\n\n\n<p class=\"has-foreground-color has-text-color has-link-color wp-elements-6bcfd257f6b768fa5f23b6033082839d\"><strong>La Cr\u00e8te est la plus grande et la plus m\u00e9ridionale des \u00eeles grecques, elle se drape de ses plus belles couleurs et offre aux visiteurs un paysage riche de contrastes. Ce voyage r\u00e9v\u00e8le la d\u00e9couverte des grands sites de la Cr\u00e8te minoenne comme Knossos, mais \u00e9galement le vieux pays cr\u00e9tois qui, par son authenticit\u00e9, touche tous les voyageurs et apporte tout simplement des moments rares.<\/strong><\/p>\n\n\n\n<figure class=\"wp-block-gallery has-nested-images columns-default is-cropped wp-block-gallery-2 is-layout-flex wp-block-gallery-is-layout-flex\">\n<figure class=\"wp-block-image size-large\"><a href=\"https:\/\/www.acapp.fr\/wp-content\/uploads\/2024\/10\/PXL_20240924_094312710.jpg\"><img loading=\"lazy\" decoding=\"async\" width=\"1024\" height=\"576\" data-id=\"503\" src=\"https:\/\/www.acapp.fr\/wp-content\/uploads\/2024\/10\/PXL_20240924_094312710-1024x576.jpg\" alt=\"\" class=\"wp-image-503\" srcset=\"https:\/\/www.acapp.fr\/wp-content\/uploads\/2024\/10\/PXL_20240924_094312710-1024x576.jpg 1024w, https:\/\/www.acapp.fr\/wp-content\/uploads\/2024\/10\/PXL_20240924_094312710-300x169.jpg 300w, https:\/\/www.acapp.fr\/wp-content\/uploads\/2024\/10\/PXL_20240924_094312710-768x432.jpg 768w, https:\/\/www.acapp.fr\/wp-content\/uploads\/2024\/10\/PXL_20240924_094312710.jpg 1128w\" sizes=\"auto, (max-width: 1024px) 100vw, 1024px\" \/><\/a><\/figure>\n\n\n\n<figure class=\"wp-block-image size-large\"><a href=\"https:\/\/www.acapp.fr\/wp-content\/uploads\/2024\/10\/PXL_20240925_065530474.jpg\"><img loading=\"lazy\" decoding=\"async\" width=\"1024\" height=\"619\" data-id=\"504\" src=\"https:\/\/www.acapp.fr\/wp-content\/uploads\/2024\/10\/PXL_20240925_065530474-1024x619.jpg\" alt=\"\" class=\"wp-image-504\" srcset=\"https:\/\/www.acapp.fr\/wp-content\/uploads\/2024\/10\/PXL_20240925_065530474-1024x619.jpg 1024w, https:\/\/www.acapp.fr\/wp-content\/uploads\/2024\/10\/PXL_20240925_065530474-300x181.jpg 300w, https:\/\/www.acapp.fr\/wp-content\/uploads\/2024\/10\/PXL_20240925_065530474-768x464.jpg 768w, https:\/\/www.acapp.fr\/wp-content\/uploads\/2024\/10\/PXL_20240925_065530474.jpg 1501w\" sizes=\"auto, (max-width: 1024px) 100vw, 1024px\" \/><\/a><\/figure>\n\n\n\n<figure class=\"wp-block-image size-large\"><a href=\"https:\/\/www.acapp.fr\/wp-content\/uploads\/2024\/10\/PXL_20240925_124400102.jpg\"><img loading=\"lazy\" decoding=\"async\" width=\"1024\" height=\"576\" data-id=\"505\" src=\"https:\/\/www.acapp.fr\/wp-content\/uploads\/2024\/10\/PXL_20240925_124400102-1024x576.jpg\" alt=\"\" class=\"wp-image-505\" srcset=\"https:\/\/www.acapp.fr\/wp-content\/uploads\/2024\/10\/PXL_20240925_124400102-1024x576.jpg 1024w, https:\/\/www.acapp.fr\/wp-content\/uploads\/2024\/10\/PXL_20240925_124400102-300x169.jpg 300w, https:\/\/www.acapp.fr\/wp-content\/uploads\/2024\/10\/PXL_20240925_124400102-768x432.jpg 768w, https:\/\/www.acapp.fr\/wp-content\/uploads\/2024\/10\/PXL_20240925_124400102.jpg 1209w\" sizes=\"auto, (max-width: 1024px) 100vw, 1024px\" \/><\/a><\/figure>\n\n\n\n<figure class=\"wp-block-image size-large\"><a href=\"https:\/\/www.acapp.fr\/wp-content\/uploads\/2024\/10\/PXL_20240925_135833996-1.jpg\"><img loading=\"lazy\" decoding=\"async\" width=\"1024\" height=\"576\" data-id=\"506\" src=\"https:\/\/www.acapp.fr\/wp-content\/uploads\/2024\/10\/PXL_20240925_135833996-1-1024x576.jpg\" alt=\"\" class=\"wp-image-506\" srcset=\"https:\/\/www.acapp.fr\/wp-content\/uploads\/2024\/10\/PXL_20240925_135833996-1-1024x576.jpg 1024w, https:\/\/www.acapp.fr\/wp-content\/uploads\/2024\/10\/PXL_20240925_135833996-1-300x169.jpg 300w, https:\/\/www.acapp.fr\/wp-content\/uploads\/2024\/10\/PXL_20240925_135833996-1-768x432.jpg 768w, https:\/\/www.acapp.fr\/wp-content\/uploads\/2024\/10\/PXL_20240925_135833996-1.jpg 1209w\" sizes=\"auto, (max-width: 1024px) 100vw, 1024px\" \/><\/a><\/figure>\n\n\n\n<figure class=\"wp-block-image size-large\"><a href=\"https:\/\/www.acapp.fr\/wp-content\/uploads\/2024\/10\/PXL_20240926_074425883.jpg\"><img loading=\"lazy\" decoding=\"async\" width=\"1024\" height=\"560\" data-id=\"507\" src=\"https:\/\/www.acapp.fr\/wp-content\/uploads\/2024\/10\/PXL_20240926_074425883-1024x560.jpg\" alt=\"\" class=\"wp-image-507\" srcset=\"https:\/\/www.acapp.fr\/wp-content\/uploads\/2024\/10\/PXL_20240926_074425883-1024x560.jpg 1024w, https:\/\/www.acapp.fr\/wp-content\/uploads\/2024\/10\/PXL_20240926_074425883-300x164.jpg 300w, https:\/\/www.acapp.fr\/wp-content\/uploads\/2024\/10\/PXL_20240926_074425883-768x420.jpg 768w, https:\/\/www.acapp.fr\/wp-content\/uploads\/2024\/10\/PXL_20240926_074425883.jpg 1162w\" sizes=\"auto, (max-width: 1024px) 100vw, 1024px\" \/><\/a><\/figure>\n\n\n\n<figure class=\"wp-block-image size-large\"><a href=\"https:\/\/www.acapp.fr\/wp-content\/uploads\/2024\/10\/PXL_20240926_080055725.jpg\"><img loading=\"lazy\" decoding=\"async\" width=\"1024\" height=\"576\" data-id=\"508\" src=\"https:\/\/www.acapp.fr\/wp-content\/uploads\/2024\/10\/PXL_20240926_080055725-1024x576.jpg\" alt=\"\" class=\"wp-image-508\" srcset=\"https:\/\/www.acapp.fr\/wp-content\/uploads\/2024\/10\/PXL_20240926_080055725-1024x576.jpg 1024w, https:\/\/www.acapp.fr\/wp-content\/uploads\/2024\/10\/PXL_20240926_080055725-300x169.jpg 300w, https:\/\/www.acapp.fr\/wp-content\/uploads\/2024\/10\/PXL_20240926_080055725-768x432.jpg 768w, https:\/\/www.acapp.fr\/wp-content\/uploads\/2024\/10\/PXL_20240926_080055725.jpg 1209w\" sizes=\"auto, (max-width: 1024px) 100vw, 1024px\" \/><\/a><\/figure>\n\n\n\n<figure class=\"wp-block-image size-large\"><a href=\"https:\/\/www.acapp.fr\/wp-content\/uploads\/2024\/10\/PXL_20240927_131345186.jpg\"><img loading=\"lazy\" decoding=\"async\" width=\"1024\" height=\"576\" data-id=\"509\" src=\"https:\/\/www.acapp.fr\/wp-content\/uploads\/2024\/10\/PXL_20240927_131345186-1024x576.jpg\" alt=\"\" class=\"wp-image-509\" srcset=\"https:\/\/www.acapp.fr\/wp-content\/uploads\/2024\/10\/PXL_20240927_131345186-1024x576.jpg 1024w, https:\/\/www.acapp.fr\/wp-content\/uploads\/2024\/10\/PXL_20240927_131345186-300x169.jpg 300w, https:\/\/www.acapp.fr\/wp-content\/uploads\/2024\/10\/PXL_20240927_131345186-768x432.jpg 768w, https:\/\/www.acapp.fr\/wp-content\/uploads\/2024\/10\/PXL_20240927_131345186.jpg 1209w\" sizes=\"auto, (max-width: 1024px) 100vw, 1024px\" \/><\/a><\/figure>\n\n\n\n<figure class=\"wp-block-image size-large\"><a href=\"https:\/\/www.acapp.fr\/wp-content\/uploads\/2024\/10\/PXL_20240928_082916323.jpg\"><img loading=\"lazy\" decoding=\"async\" width=\"1024\" height=\"630\" data-id=\"510\" src=\"https:\/\/www.acapp.fr\/wp-content\/uploads\/2024\/10\/PXL_20240928_082916323-1024x630.jpg\" alt=\"\" class=\"wp-image-510\" srcset=\"https:\/\/www.acapp.fr\/wp-content\/uploads\/2024\/10\/PXL_20240928_082916323-1024x630.jpg 1024w, https:\/\/www.acapp.fr\/wp-content\/uploads\/2024\/10\/PXL_20240928_082916323-300x184.jpg 300w, https:\/\/www.acapp.fr\/wp-content\/uploads\/2024\/10\/PXL_20240928_082916323-768x472.jpg 768w, https:\/\/www.acapp.fr\/wp-content\/uploads\/2024\/10\/PXL_20240928_082916323.jpg 1106w\" sizes=\"auto, (max-width: 1024px) 100vw, 1024px\" \/><\/a><\/figure>\n\n\n\n<figure class=\"wp-block-image size-large\"><a href=\"https:\/\/www.acapp.fr\/wp-content\/uploads\/2024\/10\/PXL_20240928_083746950.jpg\"><img loading=\"lazy\" decoding=\"async\" width=\"576\" height=\"1024\" data-id=\"511\" src=\"https:\/\/www.acapp.fr\/wp-content\/uploads\/2024\/10\/PXL_20240928_083746950-576x1024.jpg\" alt=\"\" class=\"wp-image-511\" srcset=\"https:\/\/www.acapp.fr\/wp-content\/uploads\/2024\/10\/PXL_20240928_083746950-576x1024.jpg 576w, https:\/\/www.acapp.fr\/wp-content\/uploads\/2024\/10\/PXL_20240928_083746950-169x300.jpg 169w, https:\/\/www.acapp.fr\/wp-content\/uploads\/2024\/10\/PXL_20240928_083746950.jpg 680w\" sizes=\"auto, (max-width: 576px) 100vw, 576px\" \/><\/a><\/figure>\n\n\n\n<figure class=\"wp-block-image size-large\"><a href=\"https:\/\/www.acapp.fr\/wp-content\/uploads\/2024\/10\/PXL_20240928_105015225.jpg\"><img loading=\"lazy\" decoding=\"async\" width=\"1008\" height=\"567\" data-id=\"512\" src=\"https:\/\/www.acapp.fr\/wp-content\/uploads\/2024\/10\/PXL_20240928_105015225.jpg\" alt=\"\" class=\"wp-image-512\" srcset=\"https:\/\/www.acapp.fr\/wp-content\/uploads\/2024\/10\/PXL_20240928_105015225.jpg 1008w, https:\/\/www.acapp.fr\/wp-content\/uploads\/2024\/10\/PXL_20240928_105015225-300x169.jpg 300w, https:\/\/www.acapp.fr\/wp-content\/uploads\/2024\/10\/PXL_20240928_105015225-768x432.jpg 768w\" sizes=\"auto, (max-width: 1008px) 100vw, 1008px\" \/><\/a><\/figure>\n\n\n\n<figure class=\"wp-block-image size-large\"><a href=\"https:\/\/www.acapp.fr\/wp-content\/uploads\/2024\/10\/PXL_20240928_135450789.MP1_.jpg\"><img loading=\"lazy\" decoding=\"async\" width=\"1008\" height=\"567\" data-id=\"513\" src=\"https:\/\/www.acapp.fr\/wp-content\/uploads\/2024\/10\/PXL_20240928_135450789.MP1_.jpg\" alt=\"\" class=\"wp-image-513\" srcset=\"https:\/\/www.acapp.fr\/wp-content\/uploads\/2024\/10\/PXL_20240928_135450789.MP1_.jpg 1008w, https:\/\/www.acapp.fr\/wp-content\/uploads\/2024\/10\/PXL_20240928_135450789.MP1_-300x169.jpg 300w, https:\/\/www.acapp.fr\/wp-content\/uploads\/2024\/10\/PXL_20240928_135450789.MP1_-768x432.jpg 768w\" sizes=\"auto, (max-width: 1008px) 100vw, 1008px\" \/><\/a><\/figure>\n\n\n\n<figure class=\"wp-block-image size-large\"><a href=\"https:\/\/www.acapp.fr\/wp-content\/uploads\/2024\/10\/PXL_20240929_061309193.MP_.jpg\"><img loading=\"lazy\" decoding=\"async\" width=\"1008\" height=\"567\" data-id=\"514\" src=\"https:\/\/www.acapp.fr\/wp-content\/uploads\/2024\/10\/PXL_20240929_061309193.MP_.jpg\" alt=\"\" class=\"wp-image-514\" srcset=\"https:\/\/www.acapp.fr\/wp-content\/uploads\/2024\/10\/PXL_20240929_061309193.MP_.jpg 1008w, https:\/\/www.acapp.fr\/wp-content\/uploads\/2024\/10\/PXL_20240929_061309193.MP_-300x169.jpg 300w, https:\/\/www.acapp.fr\/wp-content\/uploads\/2024\/10\/PXL_20240929_061309193.MP_-768x432.jpg 768w\" sizes=\"auto, (max-width: 1008px) 100vw, 1008px\" \/><\/a><\/figure>\n\n\n\n<figure class=\"wp-block-image size-large\"><a href=\"https:\/\/www.acapp.fr\/wp-content\/uploads\/2024\/10\/PXL_20240929_061907589.MP1_.jpg\"><img loading=\"lazy\" decoding=\"async\" width=\"1008\" height=\"567\" data-id=\"515\" src=\"https:\/\/www.acapp.fr\/wp-content\/uploads\/2024\/10\/PXL_20240929_061907589.MP1_.jpg\" alt=\"\" class=\"wp-image-515\" srcset=\"https:\/\/www.acapp.fr\/wp-content\/uploads\/2024\/10\/PXL_20240929_061907589.MP1_.jpg 1008w, https:\/\/www.acapp.fr\/wp-content\/uploads\/2024\/10\/PXL_20240929_061907589.MP1_-300x169.jpg 300w, https:\/\/www.acapp.fr\/wp-content\/uploads\/2024\/10\/PXL_20240929_061907589.MP1_-768x432.jpg 768w\" sizes=\"auto, (max-width: 1008px) 100vw, 1008px\" \/><\/a><\/figure>\n\n\n\n<figure class=\"wp-block-image size-large\"><a href=\"https:\/\/www.acapp.fr\/wp-content\/uploads\/2024\/10\/PXL_20240929_062847281.MP_.jpg\"><img loading=\"lazy\" decoding=\"async\" width=\"1008\" height=\"567\" data-id=\"516\" src=\"https:\/\/www.acapp.fr\/wp-content\/uploads\/2024\/10\/PXL_20240929_062847281.MP_.jpg\" alt=\"\" class=\"wp-image-516\" srcset=\"https:\/\/www.acapp.fr\/wp-content\/uploads\/2024\/10\/PXL_20240929_062847281.MP_.jpg 1008w, https:\/\/www.acapp.fr\/wp-content\/uploads\/2024\/10\/PXL_20240929_062847281.MP_-300x169.jpg 300w, https:\/\/www.acapp.fr\/wp-content\/uploads\/2024\/10\/PXL_20240929_062847281.MP_-768x432.jpg 768w\" sizes=\"auto, (max-width: 1008px) 100vw, 1008px\" \/><\/a><\/figure>\n\n\n\n<figure class=\"wp-block-image size-large\"><a href=\"https:\/\/www.acapp.fr\/wp-content\/uploads\/2024\/10\/PXL_20240929_063416794.MP_.jpg\"><img loading=\"lazy\" decoding=\"async\" width=\"1008\" height=\"567\" data-id=\"517\" src=\"https:\/\/www.acapp.fr\/wp-content\/uploads\/2024\/10\/PXL_20240929_063416794.MP_.jpg\" alt=\"\" class=\"wp-image-517\" srcset=\"https:\/\/www.acapp.fr\/wp-content\/uploads\/2024\/10\/PXL_20240929_063416794.MP_.jpg 1008w, https:\/\/www.acapp.fr\/wp-content\/uploads\/2024\/10\/PXL_20240929_063416794.MP_-300x169.jpg 300w, https:\/\/www.acapp.fr\/wp-content\/uploads\/2024\/10\/PXL_20240929_063416794.MP_-768x432.jpg 768w\" sizes=\"auto, (max-width: 1008px) 100vw, 1008px\" \/><\/a><\/figure>\n\n\n\n<figure class=\"wp-block-image size-large\"><a href=\"https:\/\/www.acapp.fr\/wp-content\/uploads\/2024\/10\/PXL_20240929_124131149.MP_.jpg\"><img loading=\"lazy\" decoding=\"async\" width=\"1008\" height=\"567\" data-id=\"518\" src=\"https:\/\/www.acapp.fr\/wp-content\/uploads\/2024\/10\/PXL_20240929_124131149.MP_.jpg\" alt=\"\" class=\"wp-image-518\" srcset=\"https:\/\/www.acapp.fr\/wp-content\/uploads\/2024\/10\/PXL_20240929_124131149.MP_.jpg 1008w, https:\/\/www.acapp.fr\/wp-content\/uploads\/2024\/10\/PXL_20240929_124131149.MP_-300x169.jpg 300w, https:\/\/www.acapp.fr\/wp-content\/uploads\/2024\/10\/PXL_20240929_124131149.MP_-768x432.jpg 768w\" sizes=\"auto, (max-width: 1008px) 100vw, 1008px\" \/><\/a><\/figure>\n\n\n\n<figure class=\"wp-block-image size-large\"><a href=\"https:\/\/www.acapp.fr\/wp-content\/uploads\/2024\/10\/PXL_20240929_131214939.MP_.jpg\"><img loading=\"lazy\" decoding=\"async\" width=\"1008\" height=\"567\" data-id=\"519\" src=\"https:\/\/www.acapp.fr\/wp-content\/uploads\/2024\/10\/PXL_20240929_131214939.MP_.jpg\" alt=\"\" class=\"wp-image-519\" srcset=\"https:\/\/www.acapp.fr\/wp-content\/uploads\/2024\/10\/PXL_20240929_131214939.MP_.jpg 1008w, https:\/\/www.acapp.fr\/wp-content\/uploads\/2024\/10\/PXL_20240929_131214939.MP_-300x169.jpg 300w, https:\/\/www.acapp.fr\/wp-content\/uploads\/2024\/10\/PXL_20240929_131214939.MP_-768x432.jpg 768w\" sizes=\"auto, (max-width: 1008px) 100vw, 1008px\" \/><\/a><\/figure>\n\n\n\n<figure class=\"wp-block-image size-large\"><a href=\"https:\/\/www.acapp.fr\/wp-content\/uploads\/2024\/10\/PXL_20240930_064833277.MP_.jpg\"><img loading=\"lazy\" decoding=\"async\" width=\"1008\" height=\"567\" data-id=\"520\" src=\"https:\/\/www.acapp.fr\/wp-content\/uploads\/2024\/10\/PXL_20240930_064833277.MP_.jpg\" alt=\"\" class=\"wp-image-520\" srcset=\"https:\/\/www.acapp.fr\/wp-content\/uploads\/2024\/10\/PXL_20240930_064833277.MP_.jpg 1008w, https:\/\/www.acapp.fr\/wp-content\/uploads\/2024\/10\/PXL_20240930_064833277.MP_-300x169.jpg 300w, https:\/\/www.acapp.fr\/wp-content\/uploads\/2024\/10\/PXL_20240930_064833277.MP_-768x432.jpg 768w\" sizes=\"auto, (max-width: 1008px) 100vw, 1008px\" \/><\/a><\/figure>\n<\/figure>\n\n\n\n<div class=\"wp-block-group is-layout-constrained wp-block-group-is-layout-constrained\">\n<div class=\"wp-block-columns is-layout-flex wp-container-core-columns-is-layout-28f84493 wp-block-columns-is-layout-flex\">\n<div class=\"wp-block-column is-layout-flow wp-block-column-is-layout-flow\" style=\"flex-basis:100%\">\n<p><span style=\"color: #339966;\"><strong><u>VAI<\/u><\/strong><\/span><\/p>\n<p><span style=\"color: #000000;\"><strong>Consid\u00e9r\u00e9e comme l&rsquo;une des plages les plus belles et les plus pittoresques de Cr\u00e8te, la plage de palmiers de Vai \u00e9tonne. Sa particularit\u00e9 est sans conteste sa for\u00eat de palmiers, la plus grande d&rsquo;Europe, poussant naturellement jusqu&rsquo;\u00e0 la plage.<\/strong><\/span><\/p>\n<p><span style=\"color: #008000;\"><strong><u>TOPLOU<\/u><\/strong><\/span><\/p>\n<p><span style=\"color: #000000;\"><strong>Visite du monast\u00e8re de Toplou. C&rsquo;est l&rsquo;un des monast\u00e8res les plus impressionnants et les plus historiques de Cr\u00e8te. C&rsquo;est un v\u00e9ritable bastion et un mus\u00e9e vivant de l&rsquo;histoire monastique de l&rsquo;\u00eele. Le sol se couvre de mosa\u00efques en galets, des ic\u00f4nes remarquables ornent les murs. La petite \u00e9glise \u00e0 deux nefs est consacr\u00e9e \u00e0 la Vierge et \u00e0 Saint-Jean Th\u00e9ologien.<\/strong><\/span><\/p>\n<p><span style=\"color: #008000;\"><strong><u>KRITSA<\/u><\/strong><\/span><\/p>\n<p><span style=\"color: #000000;\"><strong>Village r\u00e9put\u00e9 pour ses broderies. Construit sur une colline, il offre une vue panoramique sur la campagne environnante et sa beaut\u00e9 est renforc\u00e9e par le charme du village avec ses \u00e9troites rues pav\u00e9es et ses maisons traditionnelles. Visite de la chapelle de Panagia Kera, datant du XV\u00e8me si\u00e8cle qui compte parmi les plus importantes et les mieux pr\u00e9serv\u00e9es de Cr\u00e8te. On y d\u00e9couvre de superbes fresques byzantines.<\/strong><\/span><\/p>\n<p><span style=\"color: #008000;\"><strong><u>ELOUNDA \/ SPINALONGA<\/u><\/strong><\/span><\/p>\n<p><span style=\"color: #000000;\"><strong>Elounda, petit port de p\u00eache, puis travers\u00e9e en \u00ab ca\u00efque \u00bb, petit bateau local jusqu\u2019\u00e0 Spinalonga. Visite de la forteresse v\u00e9nitienne d\u00e9sormais cit\u00e9 d\u00e9serte, d\u00e9couverte des fortifications qui entourent presque enti\u00e8rement la petite superficie de l\u2019\u00eele et qui t\u00e9moignent d\u2019un pass\u00e9 tumultueux. Durant l\u2019Antiquit\u00e9 l\u2019\u00eele a servi \u00e0 d\u00e9fendre la r\u00e9gion et on y a construit une forteresse robuste afin de prot\u00e9ger les lieux, dont la ville d\u2019Elounda.<\/strong><\/span><\/p>\n<p><span style=\"color: #008000;\"><strong><u>KNOSSOS \/ HERAKLION<\/u><\/strong><\/span><\/p>\n<p><span style=\"color: #000000;\"><strong>Visite du c\u00e9l\u00e8bre palais de Knossos. Ce palais minoen est remarquable par son \u00e9l\u00e9gance et sa complexit\u00e9. C\u2019est \u00e0 partir de ce palais que fut mis \u00e0 jour le fabuleux pass\u00e9 du plus puissant des rois de la Cr\u00e8te appel\u00e9 Minos. Ses vestiges comprennent en effet des colonnes, murs, frises et fresques color\u00e9es qui donnent un aper\u00e7u de ce \u00e0 quoi ressemblait l&rsquo;\u00e9difice il y a plus de 3 000 ans. Visiter le palais minoen de Knossos, c&rsquo;est voyager dans les profondeurs de la plus ancienne civilisation d&rsquo;Europe, dans les l\u00e9gendes du roi Minos et du Minotaure et dans des \u0153uvres d&rsquo;art qui continuent \u00e0 inspirer les artistes d\u2019aujourd&rsquo;hui.<\/strong><\/span><\/p>\n<p><span style=\"color: #000000;\"><strong>Visite du mus\u00e9e arch\u00e9ologique d\u2019H\u00e9raklion regroupant les principales pi\u00e8ces d\u2019une collection minoenne unique qui permet d\u2019offrir un panorama complet de cette civilisation. Ce mus\u00e9e est l\u2019un des plus anciens et plus remarquables mus\u00e9es arch\u00e9ologiques de Gr\u00e8ce.<\/strong><\/span><\/p>\n<p><span style=\"color: #008000;\"><strong><u>RETHYMNON \/ ARKADI<\/u><\/strong><\/span><\/p>\n<p><span style=\"color: #000000;\"><strong>Visite de R\u00e9thymnon, la ville aux fortes influences architecturales byzantine, v\u00e9nitienne et ottomane. D\u00e9couverte de la vieille ville au charme oriental, de son port v\u00e9nitien et de ses ruelles commer\u00e7antes. Visite du c\u00e9l\u00e8bre monast\u00e8re d\u2019Arkadi, construit au XVI\u00e8me si\u00e8cle, dans un site remarquable et haut lieu de l\u2019histoire moderne de la Cr\u00e8te. Visite de la n\u00e9cropole minoenne d\u2019Armeni. Ce site arch\u00e9ologique d\u2019exception est compos\u00e9 de 280 tombes creus\u00e9es dans la pierre.<\/strong><\/span><\/p>\n<p><span style=\"color: #008000;\"><strong><u>PHAISTOS \/ MATALA<\/u><\/strong><\/span><\/p>\n<p><span style=\"color: #000000;\"><strong>Visite guid\u00e9e du site grandiose de Phaistos, un des vestiges les plus importants de la plus ancienne civilisation d&rsquo;Europe. Au cours de la visite, vous traverserez plus de 4 000 ans d&rsquo;histoire \u00e0 la d\u00e9couverte des ruines du palais Minoen, rivalisant de beaut\u00e9 avec Knossos et abritant de nombreux vestiges. B\u00e2ti sur une colline surplombant la plaine fertile de Massara, le site de Phaistos offre une vue imprenable sur le mont Psiloritis. L\u2019excursion se poursuit avec la d\u00e9couverte du site de Gortys, antique capitale romaine de la Messara et grande m\u00e9tropole religieuse au IV\u00e8me si\u00e8cle avant J.C. D\u00e9couverte du petit port de p\u00eache de Matala, aux falaises creus\u00e9es d\u2019une multitude de petites grottes bord\u00e9es d\u2019une longue plage de sable.<\/strong><\/span><\/p>\n<p><span style=\"color: #008000;\"><strong><u>LA CHANEE \/ AKROTIRI<\/u><\/strong><\/span><\/p>\n<p><span style=\"color: #000000;\"><strong>La Chan\u00e9e, ancienne capitale de la Cr\u00e8te surnomm\u00e9e \u00ab Venise de la Cr\u00e8te \u00bb, qui a gard\u00e9 tout son charme d&rsquo;antan avec ses demeures aristocratiques classiques, ses minarets, ses fontaines et son vieux port. De nombreuses constructions t\u00e9moignent de son histoire mouvement\u00e9e, offrant un m\u00e9lange d\u2019architecture ottomane et v\u00e9nitienne. Visite guid\u00e9e de la ville puis d\u00e9couverte de son march\u00e9 couvert, inspir\u00e9 du march\u00e9 de Marseille et install\u00e9 dans un magnifique b\u00e2timent. Il abrite la richesse de produits cr\u00e9tois : viande, poisson, fromages locaux, plantes aromatiques\u2026 Visite de la presqu\u2019\u00eele d\u2019Akrotiri et visite du monast\u00e8re d\u2019Agia Triada, magnifique t\u00e9moignage de l&rsquo;architecture Renaissance cr\u00e9toise.<\/strong><\/span><\/p>\n<\/div>\n<\/div>\n<\/div>\n\n\n\n<p><\/p>\n","protected":false},"excerpt":{"rendered":"<p>Retour sur le voyage en Cr\u00e8te de nos adh\u00e9rents La Cr\u00e8te est la plus grande et la plus m\u00e9ridionale des \u00eeles grecques, elle se drape de ses plus belles couleurs et offre aux visiteurs un paysage riche de contrastes. Ce voyage r\u00e9v\u00e8le la d\u00e9couverte des grands sites de la Cr\u00e8te minoenne comme Knossos, mais \u00e9galement [&hellip;]<\/p>\n","protected":false},"author":1,"featured_media":0,"parent":103,"menu_order":0,"comment_status":"closed","ping_status":"closed","template":"","meta":{"footnotes":""},"class_list":["post-502","page","type-page","status-publish","hentry"],"_links":{"self":[{"href":"https:\/\/www.acapp.fr\/index.php\/wp-json\/wp\/v2\/pages\/502","targetHints":{"allow":["GET"]}}],"collection":[{"href":"https:\/\/www.acapp.fr\/index.php\/wp-json\/wp\/v2\/pages"}],"about":[{"href":"https:\/\/www.acapp.fr\/index.php\/wp-json\/wp\/v2\/types\/page"}],"author":[{"embeddable":true,"href":"https:\/\/www.acapp.fr\/index.php\/wp-json\/wp\/v2\/users\/1"}],"replies":[{"embeddable":true,"href":"https:\/\/www.acapp.fr\/index.php\/wp-json\/wp\/v2\/comments?post=502"}],"version-history":[{"count":6,"href":"https:\/\/www.acapp.fr\/index.php\/wp-json\/wp\/v2\/pages\/502\/revisions"}],"predecessor-version":[{"id":629,"href":"https:\/\/www.acapp.fr\/index.php\/wp-json\/wp\/v2\/pages\/502\/revisions\/629"}],"up":[{"embeddable":true,"href":"https:\/\/www.acapp.fr\/index.php\/wp-json\/wp\/v2\/pages\/103"}],"wp:attachment":[{"href":"https:\/\/www.acapp.fr\/index.php\/wp-json\/wp\/v2\/media?parent=502"}],"curies":[{"name":"wp","href":"https:\/\/api.w.org\/{rel}","templated":true}]}}