{"id":349,"date":"2024-09-24T11:41:56","date_gmt":"2024-09-24T09:41:56","guid":{"rendered":"https:\/\/www.acapp.fr\/?page_id=349"},"modified":"2025-09-13T10:35:00","modified_gmt":"2025-09-13T08:35:00","slug":"expositions","status":"publish","type":"page","link":"https:\/\/www.acapp.fr\/index.php\/expositions\/","title":{"rendered":"Expositions"},"content":{"rendered":"\n<h2 class=\"wp-block-heading has-text-align-center has-foreground-color has-luminous-vivid-amber-background-color has-text-color has-background has-link-color wp-elements-e0443b93f918b7d086e23f7e79e88074\"><strong>SAISON 2025 \/ 2026<\/strong><\/h2>\n\n\n\n<h2 class=\"wp-block-heading has-text-align-center has-foreground-color has-secondary-background-color has-text-color has-background has-link-color wp-elements-f257a0e149aa212a07c0e80f6581d0ba\"><strong>SAISON 2024 \/ 2025<\/strong><\/h2>\n\n\n\n<div class=\"wp-block-media-text is-stacked-on-mobile\"><figure class=\"wp-block-media-text__media\"><img loading=\"lazy\" decoding=\"async\" width=\"496\" height=\"674\" src=\"https:\/\/www.acapp.fr\/wp-content\/uploads\/2024\/09\/Artotheque-miramas.jpg\" alt=\"\" class=\"wp-image-350 size-full\" srcset=\"https:\/\/www.acapp.fr\/wp-content\/uploads\/2024\/09\/Artotheque-miramas.jpg 496w, https:\/\/www.acapp.fr\/wp-content\/uploads\/2024\/09\/Artotheque-miramas-221x300.jpg 221w\" sizes=\"auto, (max-width: 496px) 100vw, 496px\" \/><\/figure><div class=\"wp-block-media-text__content\">\n<p class=\"has-foreground-color has-text-color has-link-color wp-elements-b429cbc2780900a5adfdf5803f5311a3\">L&rsquo;artoth\u00e8que est heureuse de vous convier \u00e0 sa nouvelle exposition. <\/p>\n\n\n\n<p class=\"has-foreground-color has-text-color has-link-color wp-elements-9f14015208857940b98d62e5c408976f\">Ils vous attendent pour la grande journ\u00e9e festive de la m\u00e9diath\u00e8que intercommunale de Miramas, le 21 septembre, o\u00f9 vous pourrez, entre autres, rencontrer les artistes et pratiquer un atelier de typographie.<\/p>\n\n\n\n<p class=\"has-vivid-green-cyan-color has-text-color has-link-color wp-elements-b5202b3bfbc5ae09bb313b4ae42ae64a\"><strong><a href=\"https:\/\/www.acapp.fr\/index.php\/expositions\/artotheque\/\" data-type=\"page\" data-id=\"352\">Photos de cette journ\u00e9e ici<\/a><\/strong><\/p>\n<\/div><\/div>\n\n\n\n<div style=\"height:100px\" aria-hidden=\"true\" class=\"wp-block-spacer\"><\/div>\n","protected":false},"excerpt":{"rendered":"<p>SAISON 2025 \/ 2026 SAISON 2024 \/ 2025 L&rsquo;artoth\u00e8que est heureuse de vous convier \u00e0 sa nouvelle exposition. Ils vous attendent pour la grande journ\u00e9e festive de la m\u00e9diath\u00e8que intercommunale de Miramas, le 21 septembre, o\u00f9 vous pourrez, entre autres, rencontrer les artistes et pratiquer un atelier de typographie. Photos de cette journ\u00e9e ici<\/p>\n","protected":false},"author":1,"featured_media":0,"parent":0,"menu_order":0,"comment_status":"closed","ping_status":"closed","template":"","meta":{"footnotes":""},"class_list":["post-349","page","type-page","status-publish","hentry"],"_links":{"self":[{"href":"https:\/\/www.acapp.fr\/index.php\/wp-json\/wp\/v2\/pages\/349","targetHints":{"allow":["GET"]}}],"collection":[{"href":"https:\/\/www.acapp.fr\/index.php\/wp-json\/wp\/v2\/pages"}],"about":[{"href":"https:\/\/www.acapp.fr\/index.php\/wp-json\/wp\/v2\/types\/page"}],"author":[{"embeddable":true,"href":"https:\/\/www.acapp.fr\/index.php\/wp-json\/wp\/v2\/users\/1"}],"replies":[{"embeddable":true,"href":"https:\/\/www.acapp.fr\/index.php\/wp-json\/wp\/v2\/comments?post=349"}],"version-history":[{"count":4,"href":"https:\/\/www.acapp.fr\/index.php\/wp-json\/wp\/v2\/pages\/349\/revisions"}],"predecessor-version":[{"id":1097,"href":"https:\/\/www.acapp.fr\/index.php\/wp-json\/wp\/v2\/pages\/349\/revisions\/1097"}],"wp:attachment":[{"href":"https:\/\/www.acapp.fr\/index.php\/wp-json\/wp\/v2\/media?parent=349"}],"curies":[{"name":"wp","href":"https:\/\/api.w.org\/{rel}","templated":true}]}}