{"id":330,"date":"2024-09-24T09:37:40","date_gmt":"2024-09-24T07:37:40","guid":{"rendered":"https:\/\/www.acapp.fr\/?page_id=330"},"modified":"2024-09-29T11:21:28","modified_gmt":"2024-09-29T09:21:28","slug":"tempera-2","status":"publish","type":"page","link":"https:\/\/www.acapp.fr\/index.php\/ateliers\/tempera-2\/","title":{"rendered":"Tempera"},"content":{"rendered":"\n<p class=\"has-text-align-center has-foreground-color has-tertiary-background-color has-text-color has-background has-link-color has-large-font-size wp-elements-c877ef5c3e0522b14f2c154650f5e85a\"><strong>Photos de la 1\u00e8re journ\u00e9e de l&rsquo;atelier d&rsquo;initiation \u00e0 la tempera \u00e0 l&rsquo;\u0153uf<\/strong><\/p>\n\n\n\n<p><\/p>\n\n\n\n<figure class=\"wp-block-gallery has-nested-images columns-default is-cropped wp-block-gallery-1 is-layout-flex wp-block-gallery-is-layout-flex\">\n<figure class=\"wp-block-image size-large\"><a href=\"https:\/\/www.acapp.fr\/wp-content\/uploads\/2024\/09\/2024-ATELIER-TEMPERA-002-scaled.jpg\" target=\"_blank\" rel=\"noopener\"><img loading=\"lazy\" decoding=\"async\" width=\"1024\" height=\"752\" data-id=\"340\" src=\"https:\/\/www.acapp.fr\/wp-content\/uploads\/2024\/09\/2024-ATELIER-TEMPERA-002-1024x752.jpg\" alt=\"\" class=\"wp-image-340\" srcset=\"https:\/\/www.acapp.fr\/wp-content\/uploads\/2024\/09\/2024-ATELIER-TEMPERA-002-1024x752.jpg 1024w, https:\/\/www.acapp.fr\/wp-content\/uploads\/2024\/09\/2024-ATELIER-TEMPERA-002-300x220.jpg 300w, https:\/\/www.acapp.fr\/wp-content\/uploads\/2024\/09\/2024-ATELIER-TEMPERA-002-768x564.jpg 768w, https:\/\/www.acapp.fr\/wp-content\/uploads\/2024\/09\/2024-ATELIER-TEMPERA-002-1536x1127.jpg 1536w, https:\/\/www.acapp.fr\/wp-content\/uploads\/2024\/09\/2024-ATELIER-TEMPERA-002-2048x1503.jpg 2048w\" sizes=\"auto, (max-width: 1024px) 100vw, 1024px\" \/><\/a><\/figure>\n\n\n\n<figure class=\"wp-block-image size-large\"><a href=\"https:\/\/www.acapp.fr\/wp-content\/uploads\/2024\/09\/2024-ATELIER-TEMPERA-003-scaled.jpg\" target=\"_blank\" rel=\"noopener\"><img loading=\"lazy\" decoding=\"async\" width=\"1024\" height=\"848\" data-id=\"331\" src=\"https:\/\/www.acapp.fr\/wp-content\/uploads\/2024\/09\/2024-ATELIER-TEMPERA-003-1024x848.jpg\" alt=\"\" class=\"wp-image-331\" srcset=\"https:\/\/www.acapp.fr\/wp-content\/uploads\/2024\/09\/2024-ATELIER-TEMPERA-003-1024x848.jpg 1024w, https:\/\/www.acapp.fr\/wp-content\/uploads\/2024\/09\/2024-ATELIER-TEMPERA-003-300x248.jpg 300w, https:\/\/www.acapp.fr\/wp-content\/uploads\/2024\/09\/2024-ATELIER-TEMPERA-003-768x636.jpg 768w, https:\/\/www.acapp.fr\/wp-content\/uploads\/2024\/09\/2024-ATELIER-TEMPERA-003-1536x1272.jpg 1536w, https:\/\/www.acapp.fr\/wp-content\/uploads\/2024\/09\/2024-ATELIER-TEMPERA-003-2048x1696.jpg 2048w\" sizes=\"auto, (max-width: 1024px) 100vw, 1024px\" \/><\/a><\/figure>\n\n\n\n<figure class=\"wp-block-image size-full\"><a href=\"https:\/\/www.acapp.fr\/wp-content\/uploads\/2024\/09\/2024-ATELIER-TEMPERA-004-scaled.jpg\" target=\"_blank\" rel=\"noopener\"><img loading=\"lazy\" decoding=\"async\" width=\"2560\" height=\"1609\" data-id=\"333\" src=\"https:\/\/www.acapp.fr\/wp-content\/uploads\/2024\/09\/2024-ATELIER-TEMPERA-004-scaled.jpg\" alt=\"\" class=\"wp-image-333\" srcset=\"https:\/\/www.acapp.fr\/wp-content\/uploads\/2024\/09\/2024-ATELIER-TEMPERA-004-scaled.jpg 2560w, https:\/\/www.acapp.fr\/wp-content\/uploads\/2024\/09\/2024-ATELIER-TEMPERA-004-300x189.jpg 300w, https:\/\/www.acapp.fr\/wp-content\/uploads\/2024\/09\/2024-ATELIER-TEMPERA-004-1024x643.jpg 1024w, https:\/\/www.acapp.fr\/wp-content\/uploads\/2024\/09\/2024-ATELIER-TEMPERA-004-768x483.jpg 768w, https:\/\/www.acapp.fr\/wp-content\/uploads\/2024\/09\/2024-ATELIER-TEMPERA-004-1536x965.jpg 1536w, https:\/\/www.acapp.fr\/wp-content\/uploads\/2024\/09\/2024-ATELIER-TEMPERA-004-2048x1287.jpg 2048w\" sizes=\"auto, (max-width: 2560px) 100vw, 2560px\" \/><\/a><\/figure>\n\n\n\n<figure class=\"wp-block-image size-large\"><a href=\"https:\/\/www.acapp.fr\/wp-content\/uploads\/2024\/09\/2024-ATELIER-TEMPERA-006-scaled.jpg\" target=\"_blank\" rel=\"noopener\"><img loading=\"lazy\" decoding=\"async\" width=\"1024\" height=\"727\" data-id=\"342\" src=\"https:\/\/www.acapp.fr\/wp-content\/uploads\/2024\/09\/2024-ATELIER-TEMPERA-006-1024x727.jpg\" alt=\"\" class=\"wp-image-342\" srcset=\"https:\/\/www.acapp.fr\/wp-content\/uploads\/2024\/09\/2024-ATELIER-TEMPERA-006-1024x727.jpg 1024w, https:\/\/www.acapp.fr\/wp-content\/uploads\/2024\/09\/2024-ATELIER-TEMPERA-006-300x213.jpg 300w, https:\/\/www.acapp.fr\/wp-content\/uploads\/2024\/09\/2024-ATELIER-TEMPERA-006-768x545.jpg 768w, https:\/\/www.acapp.fr\/wp-content\/uploads\/2024\/09\/2024-ATELIER-TEMPERA-006-1536x1091.jpg 1536w, https:\/\/www.acapp.fr\/wp-content\/uploads\/2024\/09\/2024-ATELIER-TEMPERA-006-2048x1454.jpg 2048w\" sizes=\"auto, (max-width: 1024px) 100vw, 1024px\" \/><\/a><\/figure>\n\n\n\n<figure class=\"wp-block-image size-large\"><a href=\"https:\/\/www.acapp.fr\/wp-content\/uploads\/2024\/09\/2024-ATELIER-TEMPERA-007-scaled.jpg\" target=\"_blank\" rel=\"noopener\"><img loading=\"lazy\" decoding=\"async\" width=\"1024\" height=\"700\" data-id=\"341\" src=\"https:\/\/www.acapp.fr\/wp-content\/uploads\/2024\/09\/2024-ATELIER-TEMPERA-007-1024x700.jpg\" alt=\"\" class=\"wp-image-341\" srcset=\"https:\/\/www.acapp.fr\/wp-content\/uploads\/2024\/09\/2024-ATELIER-TEMPERA-007-1024x700.jpg 1024w, https:\/\/www.acapp.fr\/wp-content\/uploads\/2024\/09\/2024-ATELIER-TEMPERA-007-300x205.jpg 300w, https:\/\/www.acapp.fr\/wp-content\/uploads\/2024\/09\/2024-ATELIER-TEMPERA-007-768x525.jpg 768w, https:\/\/www.acapp.fr\/wp-content\/uploads\/2024\/09\/2024-ATELIER-TEMPERA-007-1536x1050.jpg 1536w, https:\/\/www.acapp.fr\/wp-content\/uploads\/2024\/09\/2024-ATELIER-TEMPERA-007-2048x1400.jpg 2048w\" sizes=\"auto, (max-width: 1024px) 100vw, 1024px\" \/><\/a><\/figure>\n\n\n\n<figure class=\"wp-block-image size-large\"><a href=\"https:\/\/www.acapp.fr\/wp-content\/uploads\/2024\/09\/2024-ATELIER-TEMPERA-011-scaled.jpg\" target=\"_blank\" rel=\"noopener\"><img loading=\"lazy\" decoding=\"async\" width=\"1024\" height=\"606\" data-id=\"338\" src=\"https:\/\/www.acapp.fr\/wp-content\/uploads\/2024\/09\/2024-ATELIER-TEMPERA-011-1024x606.jpg\" alt=\"\" class=\"wp-image-338\" srcset=\"https:\/\/www.acapp.fr\/wp-content\/uploads\/2024\/09\/2024-ATELIER-TEMPERA-011-1024x606.jpg 1024w, https:\/\/www.acapp.fr\/wp-content\/uploads\/2024\/09\/2024-ATELIER-TEMPERA-011-300x178.jpg 300w, https:\/\/www.acapp.fr\/wp-content\/uploads\/2024\/09\/2024-ATELIER-TEMPERA-011-768x455.jpg 768w, https:\/\/www.acapp.fr\/wp-content\/uploads\/2024\/09\/2024-ATELIER-TEMPERA-011-1536x910.jpg 1536w, https:\/\/www.acapp.fr\/wp-content\/uploads\/2024\/09\/2024-ATELIER-TEMPERA-011-2048x1213.jpg 2048w\" sizes=\"auto, (max-width: 1024px) 100vw, 1024px\" \/><\/a><\/figure>\n\n\n\n<figure class=\"wp-block-image size-large\"><a href=\"https:\/\/www.acapp.fr\/wp-content\/uploads\/2024\/09\/2024-ATELIER-TEMPERA-013-1-scaled.jpg\" target=\"_blank\" rel=\"noopener\"><img loading=\"lazy\" decoding=\"async\" width=\"757\" height=\"1024\" data-id=\"343\" src=\"https:\/\/www.acapp.fr\/wp-content\/uploads\/2024\/09\/2024-ATELIER-TEMPERA-013-1-757x1024.jpg\" alt=\"\" class=\"wp-image-343\" srcset=\"https:\/\/www.acapp.fr\/wp-content\/uploads\/2024\/09\/2024-ATELIER-TEMPERA-013-1-757x1024.jpg 757w, https:\/\/www.acapp.fr\/wp-content\/uploads\/2024\/09\/2024-ATELIER-TEMPERA-013-1-222x300.jpg 222w, https:\/\/www.acapp.fr\/wp-content\/uploads\/2024\/09\/2024-ATELIER-TEMPERA-013-1-768x1039.jpg 768w, https:\/\/www.acapp.fr\/wp-content\/uploads\/2024\/09\/2024-ATELIER-TEMPERA-013-1-1135x1536.jpg 1135w, https:\/\/www.acapp.fr\/wp-content\/uploads\/2024\/09\/2024-ATELIER-TEMPERA-013-1-1514x2048.jpg 1514w, https:\/\/www.acapp.fr\/wp-content\/uploads\/2024\/09\/2024-ATELIER-TEMPERA-013-1-scaled.jpg 1892w\" sizes=\"auto, (max-width: 757px) 100vw, 757px\" \/><\/a><\/figure>\n\n\n\n<figure class=\"wp-block-image size-large\"><a href=\"https:\/\/www.acapp.fr\/wp-content\/uploads\/2024\/09\/2024-ATELIER-TEMPERA-017-scaled.jpg\" target=\"_blank\" rel=\"noopener\"><img loading=\"lazy\" decoding=\"async\" width=\"1024\" height=\"643\" data-id=\"332\" src=\"https:\/\/www.acapp.fr\/wp-content\/uploads\/2024\/09\/2024-ATELIER-TEMPERA-017-1024x643.jpg\" alt=\"\" class=\"wp-image-332\" srcset=\"https:\/\/www.acapp.fr\/wp-content\/uploads\/2024\/09\/2024-ATELIER-TEMPERA-017-1024x643.jpg 1024w, https:\/\/www.acapp.fr\/wp-content\/uploads\/2024\/09\/2024-ATELIER-TEMPERA-017-300x188.jpg 300w, https:\/\/www.acapp.fr\/wp-content\/uploads\/2024\/09\/2024-ATELIER-TEMPERA-017-768x482.jpg 768w, https:\/\/www.acapp.fr\/wp-content\/uploads\/2024\/09\/2024-ATELIER-TEMPERA-017-1536x965.jpg 1536w, https:\/\/www.acapp.fr\/wp-content\/uploads\/2024\/09\/2024-ATELIER-TEMPERA-017-2048x1287.jpg 2048w\" sizes=\"auto, (max-width: 1024px) 100vw, 1024px\" \/><\/a><\/figure>\n\n\n\n<figure class=\"wp-block-image size-large\"><a href=\"https:\/\/www.acapp.fr\/wp-content\/uploads\/2024\/09\/2024-ATELIER-TEMPERA-022-scaled.jpg\" target=\"_blank\" rel=\"noopener\"><img loading=\"lazy\" decoding=\"async\" width=\"1024\" height=\"694\" data-id=\"335\" src=\"https:\/\/www.acapp.fr\/wp-content\/uploads\/2024\/09\/2024-ATELIER-TEMPERA-022-1024x694.jpg\" alt=\"\" class=\"wp-image-335\" srcset=\"https:\/\/www.acapp.fr\/wp-content\/uploads\/2024\/09\/2024-ATELIER-TEMPERA-022-1024x694.jpg 1024w, https:\/\/www.acapp.fr\/wp-content\/uploads\/2024\/09\/2024-ATELIER-TEMPERA-022-300x203.jpg 300w, https:\/\/www.acapp.fr\/wp-content\/uploads\/2024\/09\/2024-ATELIER-TEMPERA-022-768x520.jpg 768w, https:\/\/www.acapp.fr\/wp-content\/uploads\/2024\/09\/2024-ATELIER-TEMPERA-022-1536x1041.jpg 1536w, https:\/\/www.acapp.fr\/wp-content\/uploads\/2024\/09\/2024-ATELIER-TEMPERA-022-2048x1388.jpg 2048w\" sizes=\"auto, (max-width: 1024px) 100vw, 1024px\" \/><\/a><\/figure>\n\n\n\n<figure class=\"wp-block-image size-large\"><a href=\"https:\/\/www.acapp.fr\/wp-content\/uploads\/2024\/09\/2024-ATELIER-TEMPERA-025-scaled.jpg\" target=\"_blank\" rel=\"noopener\"><img loading=\"lazy\" decoding=\"async\" width=\"1024\" height=\"685\" data-id=\"334\" src=\"https:\/\/www.acapp.fr\/wp-content\/uploads\/2024\/09\/2024-ATELIER-TEMPERA-025-1024x685.jpg\" alt=\"\" class=\"wp-image-334\" srcset=\"https:\/\/www.acapp.fr\/wp-content\/uploads\/2024\/09\/2024-ATELIER-TEMPERA-025-1024x685.jpg 1024w, https:\/\/www.acapp.fr\/wp-content\/uploads\/2024\/09\/2024-ATELIER-TEMPERA-025-300x201.jpg 300w, https:\/\/www.acapp.fr\/wp-content\/uploads\/2024\/09\/2024-ATELIER-TEMPERA-025-768x514.jpg 768w, https:\/\/www.acapp.fr\/wp-content\/uploads\/2024\/09\/2024-ATELIER-TEMPERA-025-1536x1028.jpg 1536w, https:\/\/www.acapp.fr\/wp-content\/uploads\/2024\/09\/2024-ATELIER-TEMPERA-025-2048x1371.jpg 2048w\" sizes=\"auto, (max-width: 1024px) 100vw, 1024px\" \/><\/a><\/figure>\n\n\n\n<figure class=\"wp-block-image size-large\"><a href=\"https:\/\/www.acapp.fr\/wp-content\/uploads\/2024\/09\/2024-ATELIER-TEMPERA-029-scaled.jpg\" target=\"_blank\" rel=\"noopener\"><img loading=\"lazy\" decoding=\"async\" width=\"1024\" height=\"564\" data-id=\"339\" src=\"https:\/\/www.acapp.fr\/wp-content\/uploads\/2024\/09\/2024-ATELIER-TEMPERA-029-1024x564.jpg\" alt=\"\" class=\"wp-image-339\" srcset=\"https:\/\/www.acapp.fr\/wp-content\/uploads\/2024\/09\/2024-ATELIER-TEMPERA-029-1024x564.jpg 1024w, https:\/\/www.acapp.fr\/wp-content\/uploads\/2024\/09\/2024-ATELIER-TEMPERA-029-300x165.jpg 300w, https:\/\/www.acapp.fr\/wp-content\/uploads\/2024\/09\/2024-ATELIER-TEMPERA-029-768x423.jpg 768w, https:\/\/www.acapp.fr\/wp-content\/uploads\/2024\/09\/2024-ATELIER-TEMPERA-029-1536x847.jpg 1536w, https:\/\/www.acapp.fr\/wp-content\/uploads\/2024\/09\/2024-ATELIER-TEMPERA-029-2048x1129.jpg 2048w\" sizes=\"auto, (max-width: 1024px) 100vw, 1024px\" \/><\/a><\/figure>\n<\/figure>\n","protected":false},"excerpt":{"rendered":"<p>Photos de la 1\u00e8re journ\u00e9e de l&rsquo;atelier d&rsquo;initiation \u00e0 la tempera \u00e0 l&rsquo;\u0153uf<\/p>\n","protected":false},"author":1,"featured_media":0,"parent":84,"menu_order":0,"comment_status":"closed","ping_status":"closed","template":"","meta":{"footnotes":""},"class_list":["post-330","page","type-page","status-publish","hentry"],"_links":{"self":[{"href":"https:\/\/www.acapp.fr\/index.php\/wp-json\/wp\/v2\/pages\/330","targetHints":{"allow":["GET"]}}],"collection":[{"href":"https:\/\/www.acapp.fr\/index.php\/wp-json\/wp\/v2\/pages"}],"about":[{"href":"https:\/\/www.acapp.fr\/index.php\/wp-json\/wp\/v2\/types\/page"}],"author":[{"embeddable":true,"href":"https:\/\/www.acapp.fr\/index.php\/wp-json\/wp\/v2\/users\/1"}],"replies":[{"embeddable":true,"href":"https:\/\/www.acapp.fr\/index.php\/wp-json\/wp\/v2\/comments?post=330"}],"version-history":[{"count":2,"href":"https:\/\/www.acapp.fr\/index.php\/wp-json\/wp\/v2\/pages\/330\/revisions"}],"predecessor-version":[{"id":449,"href":"https:\/\/www.acapp.fr\/index.php\/wp-json\/wp\/v2\/pages\/330\/revisions\/449"}],"up":[{"embeddable":true,"href":"https:\/\/www.acapp.fr\/index.php\/wp-json\/wp\/v2\/pages\/84"}],"wp:attachment":[{"href":"https:\/\/www.acapp.fr\/index.php\/wp-json\/wp\/v2\/media?parent=330"}],"curies":[{"name":"wp","href":"https:\/\/api.w.org\/{rel}","templated":true}]}}