{"id":316,"date":"2024-09-22T08:56:35","date_gmt":"2024-09-22T06:56:35","guid":{"rendered":"https:\/\/www.acapp.fr\/?page_id=316"},"modified":"2024-09-22T09:18:54","modified_gmt":"2024-09-22T07:18:54","slug":"sortie-bonnieux","status":"publish","type":"page","link":"https:\/\/www.acapp.fr\/index.php\/sorties-culturelles\/sortie-bonnieux\/","title":{"rendered":"Sortie bonnieux"},"content":{"rendered":"\n<p class=\"has-foreground-color has-secondary-background-color has-text-color has-background has-link-color has-large-font-size wp-elements-a1ad965ebb329543daaba4385f60a8e4\"><strong>Retour sur la sortie culturelle \u00e0 Bonnieux le 6 septembre 2024.<\/strong><\/p>\n\n\n\n<p class=\"has-foreground-color has-text-color has-link-color wp-elements-580bceb8c2e3586feb26ea34cad3ca35\"><strong>Au menu, visite guid\u00e9e de l&rsquo;\u00e9glise Louise BOURGEOIS et visite guid\u00e9e de l&rsquo;exposition \u00ab\u00a0Bandiagara\u00a0\u00bb \u00e0 la Fondation Blach\u00e8re.<\/strong><\/p>\n\n\n\n<p><\/p>\n\n\n\n<div class=\"wp-block-media-text is-stacked-on-mobile\" style=\"grid-template-columns:35% auto\"><figure class=\"wp-block-media-text__media\"><img loading=\"lazy\" decoding=\"async\" width=\"314\" height=\"479\" src=\"https:\/\/www.acapp.fr\/wp-content\/uploads\/2024\/09\/facade_louise_bourgeois_bonnieux.jpg\" alt=\"\" class=\"wp-image-317 size-full\" srcset=\"https:\/\/www.acapp.fr\/wp-content\/uploads\/2024\/09\/facade_louise_bourgeois_bonnieux.jpg 314w, https:\/\/www.acapp.fr\/wp-content\/uploads\/2024\/09\/facade_louise_bourgeois_bonnieux-197x300.jpg 197w\" sizes=\"auto, (max-width: 314px) 100vw, 314px\" \/><\/figure><div class=\"wp-block-media-text__content\">\n<div class=\"wp-block-group is-nowrap is-layout-flex wp-container-core-group-is-layout-6c531013 wp-block-group-is-layout-flex\">\n<div class=\"wp-block-file has-link-color wp-elements-d7db68fe66687ed5c9e9de2bd28d8695\"><a id=\"wp-block-file--media-6ae19361-1a56-4749-a361-3a63dcf8d677\" href=\"https:\/\/www.acapp.fr\/wp-content\/uploads\/2024\/09\/Leglise-Louise-BOURGEOIS-a-Bonnieux84-.pdf\" target=\"_blank\" rel=\"noreferrer noopener\"><strong>L\u2019\u00e9glise Louise BOURGEOIS \u00e0 Bonnieux(84)<\/strong><\/a><a href=\"https:\/\/www.acapp.fr\/wp-content\/uploads\/2024\/09\/Leglise-Louise-BOURGEOIS-a-Bonnieux84-.pdf\" class=\"wp-block-file__button wp-element-button\" download aria-describedby=\"wp-block-file--media-6ae19361-1a56-4749-a361-3a63dcf8d677\">T\u00e9l\u00e9charger<\/a><\/div>\n<\/div>\n<\/div><\/div>\n\n\n\n<p><\/p>\n\n\n\n<div style=\"height:51px\" aria-hidden=\"true\" class=\"wp-block-spacer\"><\/div>\n\n\n\n<div class=\"wp-block-media-text has-media-on-the-right is-stacked-on-mobile\"><div class=\"wp-block-media-text__content\">\n<div class=\"wp-block-group is-nowrap is-layout-flex wp-container-core-group-is-layout-6c531013 wp-block-group-is-layout-flex\">\n<div class=\"wp-block-file has-link-color wp-elements-27804f073c672f138dda24ef56321fed\"><a id=\"wp-block-file--media-f8f1d76b-9e4d-4ebd-a4ab-2eb31c11f582\" href=\"https:\/\/www.acapp.fr\/wp-content\/uploads\/2024\/09\/Bandiagara-.pdf\" target=\"_blank\" rel=\"noreferrer noopener\"><strong>Bandiagara<\/strong><\/a><a href=\"https:\/\/www.acapp.fr\/wp-content\/uploads\/2024\/09\/Bandiagara-.pdf\" class=\"wp-block-file__button wp-element-button\" download aria-describedby=\"wp-block-file--media-f8f1d76b-9e4d-4ebd-a4ab-2eb31c11f582\">T\u00e9l\u00e9charger<\/a><\/div>\n<\/div>\n<\/div><figure class=\"wp-block-media-text__media\"><img loading=\"lazy\" decoding=\"async\" width=\"408\" height=\"272\" src=\"https:\/\/www.acapp.fr\/wp-content\/uploads\/2024\/09\/Fondation-blachere.jpg\" alt=\"\" class=\"wp-image-319 size-full\" srcset=\"https:\/\/www.acapp.fr\/wp-content\/uploads\/2024\/09\/Fondation-blachere.jpg 408w, https:\/\/www.acapp.fr\/wp-content\/uploads\/2024\/09\/Fondation-blachere-300x200.jpg 300w\" sizes=\"auto, (max-width: 408px) 100vw, 408px\" \/><\/figure><\/div>\n\n\n\n<div style=\"height:157px\" aria-hidden=\"true\" class=\"wp-block-spacer\"><\/div>\n","protected":false},"excerpt":{"rendered":"<p>Retour sur la sortie culturelle \u00e0 Bonnieux le 6 septembre 2024. Au menu, visite guid\u00e9e de l&rsquo;\u00e9glise Louise BOURGEOIS et visite guid\u00e9e de l&rsquo;exposition \u00ab\u00a0Bandiagara\u00a0\u00bb \u00e0 la Fondation Blach\u00e8re.<\/p>\n","protected":false},"author":1,"featured_media":0,"parent":103,"menu_order":0,"comment_status":"closed","ping_status":"closed","template":"","meta":{"footnotes":""},"class_list":["post-316","page","type-page","status-publish","hentry"],"_links":{"self":[{"href":"https:\/\/www.acapp.fr\/index.php\/wp-json\/wp\/v2\/pages\/316","targetHints":{"allow":["GET"]}}],"collection":[{"href":"https:\/\/www.acapp.fr\/index.php\/wp-json\/wp\/v2\/pages"}],"about":[{"href":"https:\/\/www.acapp.fr\/index.php\/wp-json\/wp\/v2\/types\/page"}],"author":[{"embeddable":true,"href":"https:\/\/www.acapp.fr\/index.php\/wp-json\/wp\/v2\/users\/1"}],"replies":[{"embeddable":true,"href":"https:\/\/www.acapp.fr\/index.php\/wp-json\/wp\/v2\/comments?post=316"}],"version-history":[{"count":3,"href":"https:\/\/www.acapp.fr\/index.php\/wp-json\/wp\/v2\/pages\/316\/revisions"}],"predecessor-version":[{"id":328,"href":"https:\/\/www.acapp.fr\/index.php\/wp-json\/wp\/v2\/pages\/316\/revisions\/328"}],"up":[{"embeddable":true,"href":"https:\/\/www.acapp.fr\/index.php\/wp-json\/wp\/v2\/pages\/103"}],"wp:attachment":[{"href":"https:\/\/www.acapp.fr\/index.php\/wp-json\/wp\/v2\/media?parent=316"}],"curies":[{"name":"wp","href":"https:\/\/api.w.org\/{rel}","templated":true}]}}