{"id":272,"date":"2024-09-17T10:11:29","date_gmt":"2024-09-17T08:11:29","guid":{"rendered":"https:\/\/www.acapp.fr\/?page_id=272"},"modified":"2026-01-26T16:57:37","modified_gmt":"2026-01-26T15:57:37","slug":"actions","status":"publish","type":"page","link":"https:\/\/www.acapp.fr\/index.php\/actions\/","title":{"rendered":"Actions"},"content":{"rendered":"\n<h2 class=\"wp-block-heading has-text-align-center has-foreground-color has-secondary-background-color has-text-color has-background has-link-color wp-elements-6c098856aad790af16da7346432c39c1\"><strong>SAISON 2025 \/ 2026<\/strong><\/h2>\n\n\n\n<div class=\"wp-block-media-text is-stacked-on-mobile\" style=\"grid-template-columns:49% auto\"><figure class=\"wp-block-media-text__media\"><img loading=\"lazy\" decoding=\"async\" width=\"719\" height=\"960\" src=\"https:\/\/www.acapp.fr\/wp-content\/uploads\/2026\/01\/RDV-fetes.jpg\" alt=\"\" class=\"wp-image-1335 size-full\" srcset=\"https:\/\/www.acapp.fr\/wp-content\/uploads\/2026\/01\/RDV-fetes.jpg 719w, https:\/\/www.acapp.fr\/wp-content\/uploads\/2026\/01\/RDV-fetes-225x300.jpg 225w\" sizes=\"auto, (max-width: 719px) 100vw, 719px\" \/><\/figure><div class=\"wp-block-media-text__content\">\n<p class=\"has-foreground-color has-text-color has-link-color wp-elements-116a3af79cd7eb75737d0e5f6f3f7b7e\"><strong>Rendez-vous d&rsquo;artistes \u00a0\u00bb F\u00eates et C\u00e9l\u00e9brations\u00a0\u00bb le vendredi 27 mars 2026 \u00e0 18h30<\/strong><\/p>\n\n\n\n<p class=\"has-vivid-green-cyan-color has-text-color has-link-color wp-elements-7a207f745a7dacc6cb5a9e9750f115f1\"><strong><a href=\"https:\/\/www.acapp.fr\/index.php\/actions\/rdv-fetes-2\/\" data-type=\"page\" data-id=\"1205\">Voir le programme<\/a><\/strong><\/p>\n<\/div><\/div>\n\n\n\n<div class=\"wp-block-media-text is-stacked-on-mobile\"><figure class=\"wp-block-media-text__media\"><img loading=\"lazy\" decoding=\"async\" width=\"310\" height=\"420\" src=\"https:\/\/www.acapp.fr\/wp-content\/uploads\/2025\/12\/Inconnu-grande-arche.jpg\" alt=\"\" class=\"wp-image-1244 size-full\" srcset=\"https:\/\/www.acapp.fr\/wp-content\/uploads\/2025\/12\/Inconnu-grande-arche.jpg 310w, https:\/\/www.acapp.fr\/wp-content\/uploads\/2025\/12\/Inconnu-grande-arche-221x300.jpg 221w\" sizes=\"auto, (max-width: 310px) 100vw, 310px\" \/><\/figure><div class=\"wp-block-media-text__content\">\n<p class=\"has-foreground-color has-text-color has-link-color wp-elements-2bdb95de6a2a519894b956d82861afda\"><strong>Regard cin\u00e9matographique \u00ab L&rsquo;inconnu de la Grande Arche \u00bb au cin\u00e9ma  \u00abLe Coluche\u00bb<\/strong><\/p>\n\n\n\n<p class=\"has-vivid-green-cyan-color has-text-color has-link-color wp-elements-145977ec9ffa77c8b35245415a36be50\"><strong><a href=\"https:\/\/www.acapp.fr\/index.php\/actions\/niki-2\/\" data-type=\"page\" data-id=\"643\">Voir le programme<\/a><\/strong><\/p>\n\n\n\n<p><\/p>\n<\/div><\/div>\n\n\n\n<div class=\"wp-block-media-text is-stacked-on-mobile\"><figure class=\"wp-block-media-text__media\"><img loading=\"lazy\" decoding=\"async\" width=\"202\" height=\"148\" src=\"https:\/\/www.acapp.fr\/wp-content\/uploads\/2025\/10\/Cuisine3-1.jpg\" alt=\"\" class=\"wp-image-1212 size-full\"\/><\/figure><div class=\"wp-block-media-text__content\">\n<p class=\"has-foreground-color has-text-color has-link-color wp-elements-1ffe42b104297102979f41f6f4752d3a\"><strong>Rendez-vous d&rsquo;artistes \u00a0\u00bb Cuisine\u00a0\u00bb le mardi 25 novembre 2025 \u00e0 18h30<\/strong><\/p>\n\n\n\n<p class=\"has-vivid-green-cyan-color has-text-color has-link-color wp-elements-847989e0b18d8127fae29323ae915d4b\"><strong><a href=\"https:\/\/www.acapp.fr\/index.php\/actions\/rdv-cuisine\/\" data-type=\"page\" data-id=\"1205\">Voir le programme<\/a><\/strong><\/p>\n<\/div><\/div>\n\n\n\n<h2 class=\"wp-block-heading has-text-align-center has-foreground-color has-secondary-background-color has-text-color has-background has-link-color wp-elements-f257a0e149aa212a07c0e80f6581d0ba\"><strong>SAISON 2024 \/ 2025<\/strong><\/h2>\n\n\n\n<div class=\"wp-block-media-text is-stacked-on-mobile\"><figure class=\"wp-block-media-text__media\"><img loading=\"lazy\" decoding=\"async\" width=\"968\" height=\"648\" src=\"https:\/\/www.acapp.fr\/wp-content\/uploads\/2024\/09\/2024-CONVIVIALE-023-2.jpg\" alt=\"\" class=\"wp-image-273 size-full\" srcset=\"https:\/\/www.acapp.fr\/wp-content\/uploads\/2024\/09\/2024-CONVIVIALE-023-2.jpg 968w, https:\/\/www.acapp.fr\/wp-content\/uploads\/2024\/09\/2024-CONVIVIALE-023-2-300x201.jpg 300w, https:\/\/www.acapp.fr\/wp-content\/uploads\/2024\/09\/2024-CONVIVIALE-023-2-768x514.jpg 768w\" sizes=\"auto, (max-width: 968px) 100vw, 968px\" \/><\/figure><div class=\"wp-block-media-text__content\">\n<p class=\"has-foreground-color has-text-color has-link-color wp-elements-b04607aa4de72eea0441c693dc8f8169\"><strong>La conviviale de l&rsquo;ACAPP s&rsquo;est tenue le mardi 10 septembre en pr\u00e9sence de tr\u00e8s nombreux adh\u00e9rents.<\/strong><\/p>\n\n\n\n<p class=\"has-vivid-green-cyan-color has-text-color has-link-color wp-elements-be9432b94cf648861ebcbd8ebc25f7bc\"><a href=\"https:\/\/www.acapp.fr\/index.php\/conviviale\/\" data-type=\"page\" data-id=\"225\"><strong>Voir les photos de cette soir\u00e9e<\/strong><\/a><\/p>\n<\/div><\/div>\n\n\n\n<hr class=\"wp-block-separator alignwide has-text-color has-foreground-color has-alpha-channel-opacity has-foreground-background-color has-background is-style-wide\" style=\"margin-top:var(--wp--preset--spacing--70);margin-bottom:var(--wp--preset--spacing--70)\"\/>\n\n\n\n<div class=\"wp-block-media-text is-stacked-on-mobile\"><figure class=\"wp-block-media-text__media\"><img loading=\"lazy\" decoding=\"async\" width=\"1024\" height=\"768\" src=\"https:\/\/www.acapp.fr\/wp-content\/uploads\/2024\/09\/entree-polaris-1024x768.jpg\" alt=\"\" class=\"wp-image-277 size-full\" srcset=\"https:\/\/www.acapp.fr\/wp-content\/uploads\/2024\/09\/entree-polaris-1024x768.jpg 1024w, https:\/\/www.acapp.fr\/wp-content\/uploads\/2024\/09\/entree-polaris-300x225.jpg 300w, https:\/\/www.acapp.fr\/wp-content\/uploads\/2024\/09\/entree-polaris-768x576.jpg 768w, https:\/\/www.acapp.fr\/wp-content\/uploads\/2024\/09\/entree-polaris.jpg 1204w\" sizes=\"auto, (max-width: 1024px) 100vw, 1024px\" \/><\/figure><div class=\"wp-block-media-text__content\">\n<p class=\"has-foreground-color has-text-color has-link-color wp-elements-63512e50e2b46607a772c188d35c546e\"><strong>Visite de l&rsquo;exposition \u00ab\u00a0Depuis sous la terre jusqu&rsquo;au ciel\u00a0\u00bb au Polaris centre d&rsquo;Art le mercredi 2 octobre 2024 \u00e0 10h au Polaris Centre d&rsquo;Art<\/strong><\/p>\n\n\n\n<p class=\"has-vivid-green-cyan-color has-text-color has-link-color wp-elements-d98bd7d7382ff6273d11a007957373d9\"><strong><a href=\"https:\/\/www.acapp.fr\/index.php\/actions\/polaris\/\" data-type=\"page\" data-id=\"279\">Voir le programme<\/a><\/strong><\/p>\n<\/div><\/div>\n\n\n\n<div class=\"wp-block-media-text is-stacked-on-mobile\"><figure class=\"wp-block-media-text__media\"><img loading=\"lazy\" decoding=\"async\" width=\"310\" height=\"420\" src=\"https:\/\/www.acapp.fr\/wp-content\/uploads\/2024\/11\/NIKI.jpg\" alt=\"\" class=\"wp-image-633 size-full\" srcset=\"https:\/\/www.acapp.fr\/wp-content\/uploads\/2024\/11\/NIKI.jpg 310w, https:\/\/www.acapp.fr\/wp-content\/uploads\/2024\/11\/NIKI-221x300.jpg 221w\" sizes=\"auto, (max-width: 310px) 100vw, 310px\" \/><\/figure><div class=\"wp-block-media-text__content\">\n<p class=\"has-foreground-color has-text-color has-link-color wp-elements-74ff462c3d9d6171018004529a2d312e\"><strong>Regard cin\u00e9matographique \u00ab NIKI \u00bb au cin\u00e9ma  \u00abLe Coluche\u00bb<\/strong> <\/p>\n\n\n\n<p class=\"has-vivid-green-cyan-color has-text-color has-link-color wp-elements-145977ec9ffa77c8b35245415a36be50\"><strong><a href=\"https:\/\/www.acapp.fr\/index.php\/actions\/niki-2\/\" data-type=\"page\" data-id=\"643\">Voir le programme<\/a><\/strong><\/p>\n\n\n\n<p><\/p>\n<\/div><\/div>\n\n\n\n<div class=\"wp-block-media-text is-stacked-on-mobile\"><figure class=\"wp-block-media-text__media\"><img loading=\"lazy\" decoding=\"async\" width=\"1024\" height=\"684\" src=\"https:\/\/www.acapp.fr\/wp-content\/uploads\/2024\/10\/architecture2-1024x684.jpg\" alt=\"\" class=\"wp-image-535 size-full\" srcset=\"https:\/\/www.acapp.fr\/wp-content\/uploads\/2024\/10\/architecture2-1024x684.jpg 1024w, https:\/\/www.acapp.fr\/wp-content\/uploads\/2024\/10\/architecture2-300x200.jpg 300w, https:\/\/www.acapp.fr\/wp-content\/uploads\/2024\/10\/architecture2-768x513.jpg 768w, https:\/\/www.acapp.fr\/wp-content\/uploads\/2024\/10\/architecture2.jpg 1029w\" sizes=\"auto, (max-width: 1024px) 100vw, 1024px\" \/><\/figure><div class=\"wp-block-media-text__content\">\n<p class=\"has-foreground-color has-text-color has-link-color wp-elements-646bdd6b61cea7c610eb196e22bc7cd9\"><strong>Rendez-vous d&rsquo;artistes \u00ab\u00a0Architecture\u00a0\u00bb \u00e0 l&rsquo;AFPA Istres le jeudi 6 f\u00e9vrier 2025 \u00e0 18h30<\/strong><\/p>\n\n\n\n<p class=\"has-vivid-green-cyan-color has-text-color has-link-color wp-elements-5966ff7c8ab5240165148f3204022d82\"><strong><a href=\"https:\/\/www.acapp.fr\/index.php\/actions\/architecture\/\" data-type=\"page\" data-id=\"533\">Voir le programme<\/a><\/strong><\/p>\n<\/div><\/div>\n\n\n\n<div class=\"wp-block-media-text is-stacked-on-mobile\"><figure class=\"wp-block-media-text__media\"><img loading=\"lazy\" decoding=\"async\" width=\"582\" height=\"390\" src=\"https:\/\/www.acapp.fr\/wp-content\/uploads\/2025\/01\/DSC_0339.jpg\" alt=\"\" class=\"wp-image-775 size-full\" srcset=\"https:\/\/www.acapp.fr\/wp-content\/uploads\/2025\/01\/DSC_0339.jpg 582w, https:\/\/www.acapp.fr\/wp-content\/uploads\/2025\/01\/DSC_0339-300x201.jpg 300w\" sizes=\"auto, (max-width: 582px) 100vw, 582px\" \/><\/figure><div class=\"wp-block-media-text__content\">\n<p class=\"has-foreground-color has-text-color has-link-color wp-elements-70c25ce65ae6da0b7077b5c13d0a481b\"><strong>La galette des rois de l&rsquo;ACAPP s&rsquo;est tenue le vendredi 10 janvier en pr\u00e9sence de tr\u00e8s nombreux adh\u00e9rents.<\/strong><\/p>\n\n\n\n<p class=\"has-vivid-green-cyan-color has-text-color has-link-color wp-elements-284dabc8d3cf686342244d54fe6d70f9\"><a href=\"https:\/\/www.acapp.fr\/index.php\/galette\/\" data-type=\"page\" data-id=\"225\"><strong>Voir les photos de cette soir\u00e9e<\/strong><\/a><\/p>\n<\/div><\/div>\n\n\n\n<div class=\"wp-block-media-text is-stacked-on-mobile\"><figure class=\"wp-block-media-text__media\"><img loading=\"lazy\" decoding=\"async\" width=\"1024\" height=\"666\" src=\"https:\/\/www.acapp.fr\/wp-content\/uploads\/2025\/03\/AG-ACAPP-2-1024x666.jpg\" alt=\"\" class=\"wp-image-923 size-full\" srcset=\"https:\/\/www.acapp.fr\/wp-content\/uploads\/2025\/03\/AG-ACAPP-2-1024x666.jpg 1024w, https:\/\/www.acapp.fr\/wp-content\/uploads\/2025\/03\/AG-ACAPP-2-300x195.jpg 300w, https:\/\/www.acapp.fr\/wp-content\/uploads\/2025\/03\/AG-ACAPP-2-768x500.jpg 768w, https:\/\/www.acapp.fr\/wp-content\/uploads\/2025\/03\/AG-ACAPP-2-1536x999.jpg 1536w, https:\/\/www.acapp.fr\/wp-content\/uploads\/2025\/03\/AG-ACAPP-2-2048x1332.jpg 2048w\" sizes=\"auto, (max-width: 1024px) 100vw, 1024px\" \/><\/figure><div class=\"wp-block-media-text__content\">\n<p class=\"has-foreground-color has-text-color has-link-color wp-elements-23c94ade4904e703d5c534182b3b53f1\"><strong>L&rsquo;Assembl\u00e9e G\u00e9n\u00e9rale de l&rsquo;ACAPP s&rsquo;est tenue le vendredi 21 mars en pr\u00e9sence de nombreux adh\u00e9rents.<\/strong><\/p>\n\n\n\n<p class=\"has-vivid-green-cyan-color has-text-color has-link-color wp-elements-1c9ca3831e79887341b8c7206bae4432\"><a href=\"https:\/\/www.acapp.fr\/index.php\/actions\/assemblee-generale\/\" data-type=\"page\" data-id=\"925\"><strong>Voir le retour de cette AG<\/strong><\/a><\/p>\n<\/div><\/div>\n\n\n\n<div class=\"wp-block-media-text is-stacked-on-mobile\"><figure class=\"wp-block-media-text__media\"><img loading=\"lazy\" decoding=\"async\" width=\"338\" height=\"262\" src=\"https:\/\/www.acapp.fr\/wp-content\/uploads\/2025\/04\/Portrait-1.jpg\" alt=\"\" class=\"wp-image-1026 size-full\" srcset=\"https:\/\/www.acapp.fr\/wp-content\/uploads\/2025\/04\/Portrait-1.jpg 338w, https:\/\/www.acapp.fr\/wp-content\/uploads\/2025\/04\/Portrait-1-300x233.jpg 300w\" sizes=\"auto, (max-width: 338px) 100vw, 338px\" \/><\/figure><div class=\"wp-block-media-text__content\">\n<p class=\"has-foreground-color has-text-color has-link-color wp-elements-3ad157141930809ef354c49f4700500e\"><strong>Rendez-vous d&rsquo;artistes \u00ab\u00a0Tout portrait\u00a0\u00bb le vendredi 23 mai 2025 \u00e0 18h30<\/strong><\/p>\n\n\n\n<p class=\"has-vivid-green-cyan-color has-text-color has-link-color wp-elements-b6feb22b13b92cfaa11caebcc8af5c05\"><strong><a href=\"https:\/\/www.acapp.fr\/index.php\/actions\/tout-portrait\/\" data-type=\"page\" data-id=\"1022\">Voir le programme<\/a><\/strong><\/p>\n<\/div><\/div>\n","protected":false},"excerpt":{"rendered":"<p>SAISON 2025 \/ 2026 Rendez-vous d&rsquo;artistes \u00a0\u00bb F\u00eates et C\u00e9l\u00e9brations\u00a0\u00bb le vendredi 27 mars 2026 \u00e0 18h30 Voir le programme Regard cin\u00e9matographique \u00ab L&rsquo;inconnu de la Grande Arche \u00bb au cin\u00e9ma \u00abLe Coluche\u00bb Voir le programme Rendez-vous d&rsquo;artistes \u00a0\u00bb Cuisine\u00a0\u00bb le mardi 25 novembre 2025 \u00e0 18h30 Voir le programme SAISON 2024 \/ 2025 La [&hellip;]<\/p>\n","protected":false},"author":1,"featured_media":0,"parent":0,"menu_order":0,"comment_status":"closed","ping_status":"closed","template":"","meta":{"footnotes":""},"class_list":["post-272","page","type-page","status-publish","hentry"],"_links":{"self":[{"href":"https:\/\/www.acapp.fr\/index.php\/wp-json\/wp\/v2\/pages\/272","targetHints":{"allow":["GET"]}}],"collection":[{"href":"https:\/\/www.acapp.fr\/index.php\/wp-json\/wp\/v2\/pages"}],"about":[{"href":"https:\/\/www.acapp.fr\/index.php\/wp-json\/wp\/v2\/types\/page"}],"author":[{"embeddable":true,"href":"https:\/\/www.acapp.fr\/index.php\/wp-json\/wp\/v2\/users\/1"}],"replies":[{"embeddable":true,"href":"https:\/\/www.acapp.fr\/index.php\/wp-json\/wp\/v2\/comments?post=272"}],"version-history":[{"count":20,"href":"https:\/\/www.acapp.fr\/index.php\/wp-json\/wp\/v2\/pages\/272\/revisions"}],"predecessor-version":[{"id":1340,"href":"https:\/\/www.acapp.fr\/index.php\/wp-json\/wp\/v2\/pages\/272\/revisions\/1340"}],"wp:attachment":[{"href":"https:\/\/www.acapp.fr\/index.php\/wp-json\/wp\/v2\/media?parent=272"}],"curies":[{"name":"wp","href":"https:\/\/api.w.org\/{rel}","templated":true}]}}