{"id":225,"date":"2024-09-16T10:35:08","date_gmt":"2024-09-16T08:35:08","guid":{"rendered":"https:\/\/www.acapp.fr\/?page_id=225"},"modified":"2024-09-29T11:22:07","modified_gmt":"2024-09-29T09:22:07","slug":"conviviale","status":"publish","type":"page","link":"https:\/\/www.acapp.fr\/index.php\/conviviale\/","title":{"rendered":"Conviviale 2024"},"content":{"rendered":"\n<div class=\"wp-block-cover\"><span aria-hidden=\"true\" class=\"wp-block-cover__background has-background-dim\" style=\"background-color:#957262\"><\/span><img loading=\"lazy\" decoding=\"async\" width=\"2560\" height=\"1906\" src=\"https:\/\/www.acapp.fr\/wp-content\/uploads\/2024\/09\/2024-CONVIVIALE-021-scaled.jpg\" class=\"wp-block-cover__image-background wp-post-image\" alt=\"\" data-object-fit=\"cover\" srcset=\"https:\/\/www.acapp.fr\/wp-content\/uploads\/2024\/09\/2024-CONVIVIALE-021-scaled.jpg 2560w, https:\/\/www.acapp.fr\/wp-content\/uploads\/2024\/09\/2024-CONVIVIALE-021-300x223.jpg 300w, https:\/\/www.acapp.fr\/wp-content\/uploads\/2024\/09\/2024-CONVIVIALE-021-1024x762.jpg 1024w, https:\/\/www.acapp.fr\/wp-content\/uploads\/2024\/09\/2024-CONVIVIALE-021-768x572.jpg 768w, https:\/\/www.acapp.fr\/wp-content\/uploads\/2024\/09\/2024-CONVIVIALE-021-1536x1143.jpg 1536w, https:\/\/www.acapp.fr\/wp-content\/uploads\/2024\/09\/2024-CONVIVIALE-021-2048x1525.jpg 2048w\" sizes=\"auto, (max-width: 2560px) 100vw, 2560px\" \/><div class=\"wp-block-cover__inner-container is-layout-constrained wp-block-cover-is-layout-constrained\">\n<p class=\"has-x-large-font-size\"><strong>Conviviale de l&rsquo;ACAPP du 10 septembre 2024<\/strong><\/p>\n<\/div><\/div>\n\n\n\n<p class=\"has-foreground-color has-text-color has-link-color wp-elements-beeca6af3375a664f76c779d47a7b4e8\"><strong>Le 10 septembre 2024 s&rsquo;est tenue la Conviviale de l&rsquo;ACAPP \u00e0 laquelle ont particip\u00e9 plus de 150 adh\u00e9rents.<\/strong><\/p>\n\n\n\n<p class=\"has-foreground-color has-text-color has-link-color wp-elements-bffbb018cdfa647b73de7f039f2e1422\"><strong>Un GRAND merci \u00e0 tous les b\u00e9n\u00e9voles qui nous ont aid\u00e9 \u00e0 organiser cette soir\u00e9e festive.<\/strong><\/p>\n\n\n\n<figure class=\"wp-block-gallery has-nested-images columns-2 is-cropped wp-block-gallery-1 is-layout-flex wp-block-gallery-is-layout-flex\">\n<figure class=\"wp-block-image size-full\"><a href=\"https:\/\/www.acapp.fr\/wp-content\/uploads\/2024\/09\/2024-CONVIVIALE-003-scaled.jpg\" target=\"_blank\" rel=\"noopener\"><img loading=\"lazy\" decoding=\"async\" width=\"2560\" height=\"1714\" data-id=\"228\" src=\"https:\/\/www.acapp.fr\/wp-content\/uploads\/2024\/09\/2024-CONVIVIALE-003-scaled.jpg\" alt=\"\" class=\"wp-image-228\" srcset=\"https:\/\/www.acapp.fr\/wp-content\/uploads\/2024\/09\/2024-CONVIVIALE-003-scaled.jpg 2560w, https:\/\/www.acapp.fr\/wp-content\/uploads\/2024\/09\/2024-CONVIVIALE-003-300x201.jpg 300w, https:\/\/www.acapp.fr\/wp-content\/uploads\/2024\/09\/2024-CONVIVIALE-003-1024x685.jpg 1024w, https:\/\/www.acapp.fr\/wp-content\/uploads\/2024\/09\/2024-CONVIVIALE-003-768x514.jpg 768w, https:\/\/www.acapp.fr\/wp-content\/uploads\/2024\/09\/2024-CONVIVIALE-003-1536x1028.jpg 1536w, https:\/\/www.acapp.fr\/wp-content\/uploads\/2024\/09\/2024-CONVIVIALE-003-2048x1371.jpg 2048w\" sizes=\"auto, (max-width: 2560px) 100vw, 2560px\" \/><\/a><\/figure>\n\n\n\n<figure class=\"wp-block-image size-full\"><a href=\"https:\/\/www.acapp.fr\/wp-content\/uploads\/2024\/09\/2024-CONVIVIALE-004-scaled.jpg\" target=\"_blank\" rel=\"noopener\"><img loading=\"lazy\" decoding=\"async\" width=\"2560\" height=\"1970\" data-id=\"229\" src=\"https:\/\/www.acapp.fr\/wp-content\/uploads\/2024\/09\/2024-CONVIVIALE-004-scaled.jpg\" alt=\"\" class=\"wp-image-229\" srcset=\"https:\/\/www.acapp.fr\/wp-content\/uploads\/2024\/09\/2024-CONVIVIALE-004-scaled.jpg 2560w, https:\/\/www.acapp.fr\/wp-content\/uploads\/2024\/09\/2024-CONVIVIALE-004-300x231.jpg 300w, https:\/\/www.acapp.fr\/wp-content\/uploads\/2024\/09\/2024-CONVIVIALE-004-1024x788.jpg 1024w, https:\/\/www.acapp.fr\/wp-content\/uploads\/2024\/09\/2024-CONVIVIALE-004-768x591.jpg 768w, https:\/\/www.acapp.fr\/wp-content\/uploads\/2024\/09\/2024-CONVIVIALE-004-1536x1182.jpg 1536w, https:\/\/www.acapp.fr\/wp-content\/uploads\/2024\/09\/2024-CONVIVIALE-004-2048x1576.jpg 2048w\" sizes=\"auto, (max-width: 2560px) 100vw, 2560px\" \/><\/a><\/figure>\n\n\n\n<figure class=\"wp-block-image size-full\"><a href=\"https:\/\/www.acapp.fr\/wp-content\/uploads\/2024\/09\/2024-CONVIVIALE-006-scaled.jpg\" target=\"_blank\" rel=\"noopener\"><img loading=\"lazy\" decoding=\"async\" width=\"2560\" height=\"1862\" data-id=\"231\" src=\"https:\/\/www.acapp.fr\/wp-content\/uploads\/2024\/09\/2024-CONVIVIALE-006-scaled.jpg\" alt=\"\" class=\"wp-image-231\" srcset=\"https:\/\/www.acapp.fr\/wp-content\/uploads\/2024\/09\/2024-CONVIVIALE-006-scaled.jpg 2560w, https:\/\/www.acapp.fr\/wp-content\/uploads\/2024\/09\/2024-CONVIVIALE-006-300x218.jpg 300w, https:\/\/www.acapp.fr\/wp-content\/uploads\/2024\/09\/2024-CONVIVIALE-006-1024x745.jpg 1024w, https:\/\/www.acapp.fr\/wp-content\/uploads\/2024\/09\/2024-CONVIVIALE-006-768x559.jpg 768w, https:\/\/www.acapp.fr\/wp-content\/uploads\/2024\/09\/2024-CONVIVIALE-006-1536x1117.jpg 1536w, https:\/\/www.acapp.fr\/wp-content\/uploads\/2024\/09\/2024-CONVIVIALE-006-2048x1490.jpg 2048w\" sizes=\"auto, (max-width: 2560px) 100vw, 2560px\" \/><\/a><\/figure>\n\n\n\n<figure class=\"wp-block-image size-large\"><a href=\"https:\/\/www.acapp.fr\/wp-content\/uploads\/2024\/09\/2024-CONVIVIALE-007-scaled.jpg\" target=\"_blank\" rel=\"noopener\"><img loading=\"lazy\" decoding=\"async\" width=\"1024\" height=\"797\" data-id=\"232\" src=\"https:\/\/www.acapp.fr\/wp-content\/uploads\/2024\/09\/2024-CONVIVIALE-007-1024x797.jpg\" alt=\"\" class=\"wp-image-232\" srcset=\"https:\/\/www.acapp.fr\/wp-content\/uploads\/2024\/09\/2024-CONVIVIALE-007-1024x797.jpg 1024w, https:\/\/www.acapp.fr\/wp-content\/uploads\/2024\/09\/2024-CONVIVIALE-007-300x234.jpg 300w, https:\/\/www.acapp.fr\/wp-content\/uploads\/2024\/09\/2024-CONVIVIALE-007-768x598.jpg 768w, https:\/\/www.acapp.fr\/wp-content\/uploads\/2024\/09\/2024-CONVIVIALE-007-1536x1196.jpg 1536w, https:\/\/www.acapp.fr\/wp-content\/uploads\/2024\/09\/2024-CONVIVIALE-007-2048x1595.jpg 2048w\" sizes=\"auto, (max-width: 1024px) 100vw, 1024px\" \/><\/a><\/figure>\n\n\n\n<figure class=\"wp-block-image size-large\"><a href=\"https:\/\/www.acapp.fr\/wp-content\/uploads\/2024\/09\/2024-CONVIVIALE-010-scaled.jpg\" target=\"_blank\" rel=\"noopener\"><img loading=\"lazy\" decoding=\"async\" width=\"1024\" height=\"882\" data-id=\"235\" src=\"https:\/\/www.acapp.fr\/wp-content\/uploads\/2024\/09\/2024-CONVIVIALE-010-1024x882.jpg\" alt=\"\" class=\"wp-image-235\" srcset=\"https:\/\/www.acapp.fr\/wp-content\/uploads\/2024\/09\/2024-CONVIVIALE-010-1024x882.jpg 1024w, https:\/\/www.acapp.fr\/wp-content\/uploads\/2024\/09\/2024-CONVIVIALE-010-300x258.jpg 300w, https:\/\/www.acapp.fr\/wp-content\/uploads\/2024\/09\/2024-CONVIVIALE-010-768x661.jpg 768w, https:\/\/www.acapp.fr\/wp-content\/uploads\/2024\/09\/2024-CONVIVIALE-010-1536x1323.jpg 1536w, https:\/\/www.acapp.fr\/wp-content\/uploads\/2024\/09\/2024-CONVIVIALE-010-2048x1763.jpg 2048w\" sizes=\"auto, (max-width: 1024px) 100vw, 1024px\" \/><\/a><\/figure>\n\n\n\n<figure class=\"wp-block-image size-large\"><a href=\"https:\/\/www.acapp.fr\/wp-content\/uploads\/2024\/09\/2024-CONVIVIALE-009.jpg\" target=\"_blank\" rel=\"noopener\"><img loading=\"lazy\" decoding=\"async\" width=\"1000\" height=\"1024\" data-id=\"234\" src=\"https:\/\/www.acapp.fr\/wp-content\/uploads\/2024\/09\/2024-CONVIVIALE-009-1000x1024.jpg\" alt=\"\" class=\"wp-image-234\" srcset=\"https:\/\/www.acapp.fr\/wp-content\/uploads\/2024\/09\/2024-CONVIVIALE-009-1000x1024.jpg 1000w, https:\/\/www.acapp.fr\/wp-content\/uploads\/2024\/09\/2024-CONVIVIALE-009-293x300.jpg 293w, https:\/\/www.acapp.fr\/wp-content\/uploads\/2024\/09\/2024-CONVIVIALE-009-768x786.jpg 768w, https:\/\/www.acapp.fr\/wp-content\/uploads\/2024\/09\/2024-CONVIVIALE-009-1501x1536.jpg 1501w, https:\/\/www.acapp.fr\/wp-content\/uploads\/2024\/09\/2024-CONVIVIALE-009-2001x2048.jpg 2001w\" sizes=\"auto, (max-width: 1000px) 100vw, 1000px\" \/><\/a><\/figure>\n\n\n\n<figure class=\"wp-block-image size-large\"><a href=\"https:\/\/www.acapp.fr\/wp-content\/uploads\/2024\/09\/2024-CONVIVIALE-011-scaled.jpg\" target=\"_blank\" rel=\"noopener\"><img loading=\"lazy\" decoding=\"async\" width=\"1024\" height=\"685\" data-id=\"236\" src=\"https:\/\/www.acapp.fr\/wp-content\/uploads\/2024\/09\/2024-CONVIVIALE-011-1024x685.jpg\" alt=\"\" class=\"wp-image-236\" srcset=\"https:\/\/www.acapp.fr\/wp-content\/uploads\/2024\/09\/2024-CONVIVIALE-011-1024x685.jpg 1024w, https:\/\/www.acapp.fr\/wp-content\/uploads\/2024\/09\/2024-CONVIVIALE-011-300x201.jpg 300w, https:\/\/www.acapp.fr\/wp-content\/uploads\/2024\/09\/2024-CONVIVIALE-011-768x514.jpg 768w, https:\/\/www.acapp.fr\/wp-content\/uploads\/2024\/09\/2024-CONVIVIALE-011-1536x1028.jpg 1536w, https:\/\/www.acapp.fr\/wp-content\/uploads\/2024\/09\/2024-CONVIVIALE-011-2048x1371.jpg 2048w\" sizes=\"auto, (max-width: 1024px) 100vw, 1024px\" \/><\/a><\/figure>\n\n\n\n<figure class=\"wp-block-image size-large\"><a href=\"https:\/\/www.acapp.fr\/wp-content\/uploads\/2024\/09\/2024-CONVIVIALE-012-scaled.jpg\" target=\"_blank\" rel=\"noopener\"><img loading=\"lazy\" decoding=\"async\" width=\"1024\" height=\"700\" data-id=\"237\" src=\"https:\/\/www.acapp.fr\/wp-content\/uploads\/2024\/09\/2024-CONVIVIALE-012-1024x700.jpg\" alt=\"\" class=\"wp-image-237\" srcset=\"https:\/\/www.acapp.fr\/wp-content\/uploads\/2024\/09\/2024-CONVIVIALE-012-1024x700.jpg 1024w, https:\/\/www.acapp.fr\/wp-content\/uploads\/2024\/09\/2024-CONVIVIALE-012-300x205.jpg 300w, https:\/\/www.acapp.fr\/wp-content\/uploads\/2024\/09\/2024-CONVIVIALE-012-768x525.jpg 768w, https:\/\/www.acapp.fr\/wp-content\/uploads\/2024\/09\/2024-CONVIVIALE-012-1536x1049.jpg 1536w, https:\/\/www.acapp.fr\/wp-content\/uploads\/2024\/09\/2024-CONVIVIALE-012-2048x1399.jpg 2048w\" sizes=\"auto, (max-width: 1024px) 100vw, 1024px\" \/><\/a><\/figure>\n\n\n\n<figure class=\"wp-block-image size-large\"><a href=\"https:\/\/www.acapp.fr\/wp-content\/uploads\/2024\/09\/2024-CONVIVIALE-013-scaled.jpg\" target=\"_blank\" rel=\"noopener\"><img loading=\"lazy\" decoding=\"async\" width=\"1024\" height=\"776\" data-id=\"238\" src=\"https:\/\/www.acapp.fr\/wp-content\/uploads\/2024\/09\/2024-CONVIVIALE-013-1024x776.jpg\" alt=\"\" class=\"wp-image-238\" srcset=\"https:\/\/www.acapp.fr\/wp-content\/uploads\/2024\/09\/2024-CONVIVIALE-013-1024x776.jpg 1024w, https:\/\/www.acapp.fr\/wp-content\/uploads\/2024\/09\/2024-CONVIVIALE-013-300x227.jpg 300w, https:\/\/www.acapp.fr\/wp-content\/uploads\/2024\/09\/2024-CONVIVIALE-013-768x582.jpg 768w, https:\/\/www.acapp.fr\/wp-content\/uploads\/2024\/09\/2024-CONVIVIALE-013-1536x1164.jpg 1536w, https:\/\/www.acapp.fr\/wp-content\/uploads\/2024\/09\/2024-CONVIVIALE-013-2048x1552.jpg 2048w\" sizes=\"auto, (max-width: 1024px) 100vw, 1024px\" \/><\/a><\/figure>\n\n\n\n<figure class=\"wp-block-image size-large\"><a href=\"https:\/\/www.acapp.fr\/wp-content\/uploads\/2024\/09\/2024-CONVIVIALE-015-scaled.jpg\" target=\"_blank\" rel=\"noopener\"><img loading=\"lazy\" decoding=\"async\" width=\"1024\" height=\"697\" data-id=\"240\" src=\"https:\/\/www.acapp.fr\/wp-content\/uploads\/2024\/09\/2024-CONVIVIALE-015-1024x697.jpg\" alt=\"\" class=\"wp-image-240\" srcset=\"https:\/\/www.acapp.fr\/wp-content\/uploads\/2024\/09\/2024-CONVIVIALE-015-1024x697.jpg 1024w, https:\/\/www.acapp.fr\/wp-content\/uploads\/2024\/09\/2024-CONVIVIALE-015-300x204.jpg 300w, https:\/\/www.acapp.fr\/wp-content\/uploads\/2024\/09\/2024-CONVIVIALE-015-768x523.jpg 768w, https:\/\/www.acapp.fr\/wp-content\/uploads\/2024\/09\/2024-CONVIVIALE-015-1536x1046.jpg 1536w, https:\/\/www.acapp.fr\/wp-content\/uploads\/2024\/09\/2024-CONVIVIALE-015-2048x1395.jpg 2048w\" sizes=\"auto, (max-width: 1024px) 100vw, 1024px\" \/><\/a><\/figure>\n\n\n\n<figure class=\"wp-block-image size-large\"><a href=\"https:\/\/www.acapp.fr\/wp-content\/uploads\/2024\/09\/2024-CONVIVIALE-017-scaled.jpg\" target=\"_blank\" rel=\"noopener\"><img loading=\"lazy\" decoding=\"async\" width=\"1024\" height=\"685\" data-id=\"242\" src=\"https:\/\/www.acapp.fr\/wp-content\/uploads\/2024\/09\/2024-CONVIVIALE-017-1024x685.jpg\" alt=\"\" class=\"wp-image-242\" srcset=\"https:\/\/www.acapp.fr\/wp-content\/uploads\/2024\/09\/2024-CONVIVIALE-017-1024x685.jpg 1024w, https:\/\/www.acapp.fr\/wp-content\/uploads\/2024\/09\/2024-CONVIVIALE-017-300x201.jpg 300w, https:\/\/www.acapp.fr\/wp-content\/uploads\/2024\/09\/2024-CONVIVIALE-017-768x514.jpg 768w, https:\/\/www.acapp.fr\/wp-content\/uploads\/2024\/09\/2024-CONVIVIALE-017-1536x1028.jpg 1536w, https:\/\/www.acapp.fr\/wp-content\/uploads\/2024\/09\/2024-CONVIVIALE-017-2048x1371.jpg 2048w\" sizes=\"auto, (max-width: 1024px) 100vw, 1024px\" \/><\/a><\/figure>\n\n\n\n<figure class=\"wp-block-image size-large\"><a href=\"https:\/\/www.acapp.fr\/wp-content\/uploads\/2024\/09\/2024-CONVIVIALE-018-scaled.jpg\" target=\"_blank\" rel=\"noopener\"><img loading=\"lazy\" decoding=\"async\" width=\"1024\" height=\"685\" data-id=\"243\" src=\"https:\/\/www.acapp.fr\/wp-content\/uploads\/2024\/09\/2024-CONVIVIALE-018-1024x685.jpg\" alt=\"\" class=\"wp-image-243\" srcset=\"https:\/\/www.acapp.fr\/wp-content\/uploads\/2024\/09\/2024-CONVIVIALE-018-1024x685.jpg 1024w, https:\/\/www.acapp.fr\/wp-content\/uploads\/2024\/09\/2024-CONVIVIALE-018-300x201.jpg 300w, https:\/\/www.acapp.fr\/wp-content\/uploads\/2024\/09\/2024-CONVIVIALE-018-768x514.jpg 768w, https:\/\/www.acapp.fr\/wp-content\/uploads\/2024\/09\/2024-CONVIVIALE-018-1536x1028.jpg 1536w, https:\/\/www.acapp.fr\/wp-content\/uploads\/2024\/09\/2024-CONVIVIALE-018-2048x1371.jpg 2048w\" sizes=\"auto, (max-width: 1024px) 100vw, 1024px\" \/><\/a><\/figure>\n\n\n\n<figure class=\"wp-block-image size-large\"><a href=\"https:\/\/www.acapp.fr\/wp-content\/uploads\/2024\/09\/2024-CONVIVIALE-019-scaled.jpg\" target=\"_blank\" rel=\"noopener\"><img loading=\"lazy\" decoding=\"async\" width=\"1024\" height=\"769\" data-id=\"244\" src=\"https:\/\/www.acapp.fr\/wp-content\/uploads\/2024\/09\/2024-CONVIVIALE-019-1024x769.jpg\" alt=\"\" class=\"wp-image-244\" srcset=\"https:\/\/www.acapp.fr\/wp-content\/uploads\/2024\/09\/2024-CONVIVIALE-019-1024x769.jpg 1024w, https:\/\/www.acapp.fr\/wp-content\/uploads\/2024\/09\/2024-CONVIVIALE-019-300x225.jpg 300w, https:\/\/www.acapp.fr\/wp-content\/uploads\/2024\/09\/2024-CONVIVIALE-019-768x577.jpg 768w, https:\/\/www.acapp.fr\/wp-content\/uploads\/2024\/09\/2024-CONVIVIALE-019-1536x1153.jpg 1536w, https:\/\/www.acapp.fr\/wp-content\/uploads\/2024\/09\/2024-CONVIVIALE-019-2048x1537.jpg 2048w\" sizes=\"auto, (max-width: 1024px) 100vw, 1024px\" \/><\/a><\/figure>\n\n\n\n<figure class=\"wp-block-image size-large\"><a href=\"https:\/\/www.acapp.fr\/wp-content\/uploads\/2024\/09\/2024-CONVIVIALE-020-scaled.jpg\" target=\"_blank\" rel=\"noopener\"><img loading=\"lazy\" decoding=\"async\" width=\"1024\" height=\"632\" data-id=\"245\" src=\"https:\/\/www.acapp.fr\/wp-content\/uploads\/2024\/09\/2024-CONVIVIALE-020-1024x632.jpg\" alt=\"\" class=\"wp-image-245\" srcset=\"https:\/\/www.acapp.fr\/wp-content\/uploads\/2024\/09\/2024-CONVIVIALE-020-1024x632.jpg 1024w, https:\/\/www.acapp.fr\/wp-content\/uploads\/2024\/09\/2024-CONVIVIALE-020-300x185.jpg 300w, https:\/\/www.acapp.fr\/wp-content\/uploads\/2024\/09\/2024-CONVIVIALE-020-768x474.jpg 768w, https:\/\/www.acapp.fr\/wp-content\/uploads\/2024\/09\/2024-CONVIVIALE-020-1536x949.jpg 1536w, https:\/\/www.acapp.fr\/wp-content\/uploads\/2024\/09\/2024-CONVIVIALE-020-2048x1265.jpg 2048w\" sizes=\"auto, (max-width: 1024px) 100vw, 1024px\" \/><\/a><\/figure>\n\n\n\n<figure class=\"wp-block-image size-large\"><a href=\"https:\/\/www.acapp.fr\/wp-content\/uploads\/2024\/09\/2024-CONVIVIALE-021-scaled.jpg\" target=\"_blank\" rel=\"noopener\"><img loading=\"lazy\" decoding=\"async\" width=\"1024\" height=\"762\" data-id=\"246\" src=\"https:\/\/www.acapp.fr\/wp-content\/uploads\/2024\/09\/2024-CONVIVIALE-021-1024x762.jpg\" alt=\"\" class=\"wp-image-246\" srcset=\"https:\/\/www.acapp.fr\/wp-content\/uploads\/2024\/09\/2024-CONVIVIALE-021-1024x762.jpg 1024w, https:\/\/www.acapp.fr\/wp-content\/uploads\/2024\/09\/2024-CONVIVIALE-021-300x223.jpg 300w, https:\/\/www.acapp.fr\/wp-content\/uploads\/2024\/09\/2024-CONVIVIALE-021-768x572.jpg 768w, https:\/\/www.acapp.fr\/wp-content\/uploads\/2024\/09\/2024-CONVIVIALE-021-1536x1143.jpg 1536w, https:\/\/www.acapp.fr\/wp-content\/uploads\/2024\/09\/2024-CONVIVIALE-021-2048x1525.jpg 2048w\" sizes=\"auto, (max-width: 1024px) 100vw, 1024px\" \/><\/a><\/figure>\n\n\n\n<figure class=\"wp-block-image size-large\"><a href=\"https:\/\/www.acapp.fr\/wp-content\/uploads\/2024\/09\/2024-CONVIVIALE-022-scaled.jpg\" target=\"_blank\" rel=\"noopener\"><img loading=\"lazy\" decoding=\"async\" width=\"1024\" height=\"685\" data-id=\"247\" src=\"https:\/\/www.acapp.fr\/wp-content\/uploads\/2024\/09\/2024-CONVIVIALE-022-1024x685.jpg\" alt=\"\" class=\"wp-image-247\" srcset=\"https:\/\/www.acapp.fr\/wp-content\/uploads\/2024\/09\/2024-CONVIVIALE-022-1024x685.jpg 1024w, https:\/\/www.acapp.fr\/wp-content\/uploads\/2024\/09\/2024-CONVIVIALE-022-300x201.jpg 300w, https:\/\/www.acapp.fr\/wp-content\/uploads\/2024\/09\/2024-CONVIVIALE-022-768x514.jpg 768w, https:\/\/www.acapp.fr\/wp-content\/uploads\/2024\/09\/2024-CONVIVIALE-022-1536x1028.jpg 1536w, https:\/\/www.acapp.fr\/wp-content\/uploads\/2024\/09\/2024-CONVIVIALE-022-2048x1371.jpg 2048w\" sizes=\"auto, (max-width: 1024px) 100vw, 1024px\" \/><\/a><\/figure>\n\n\n\n<figure class=\"wp-block-image size-large\"><a href=\"https:\/\/www.acapp.fr\/wp-content\/uploads\/2024\/09\/2024-CONVIVIALE-023-scaled.jpg\" target=\"_blank\" rel=\"noopener\"><img loading=\"lazy\" decoding=\"async\" width=\"1024\" height=\"685\" data-id=\"248\" src=\"https:\/\/www.acapp.fr\/wp-content\/uploads\/2024\/09\/2024-CONVIVIALE-023-1024x685.jpg\" alt=\"\" class=\"wp-image-248\" srcset=\"https:\/\/www.acapp.fr\/wp-content\/uploads\/2024\/09\/2024-CONVIVIALE-023-1024x685.jpg 1024w, https:\/\/www.acapp.fr\/wp-content\/uploads\/2024\/09\/2024-CONVIVIALE-023-300x201.jpg 300w, https:\/\/www.acapp.fr\/wp-content\/uploads\/2024\/09\/2024-CONVIVIALE-023-768x514.jpg 768w, https:\/\/www.acapp.fr\/wp-content\/uploads\/2024\/09\/2024-CONVIVIALE-023-1536x1028.jpg 1536w, https:\/\/www.acapp.fr\/wp-content\/uploads\/2024\/09\/2024-CONVIVIALE-023-2048x1371.jpg 2048w\" sizes=\"auto, (max-width: 1024px) 100vw, 1024px\" \/><\/a><\/figure>\n\n\n\n<figure class=\"wp-block-image size-large\"><a href=\"https:\/\/www.acapp.fr\/wp-content\/uploads\/2024\/09\/2024-CONVIVIALE-024-scaled.jpg\" target=\"_blank\" rel=\"noopener\"><img loading=\"lazy\" decoding=\"async\" width=\"1024\" height=\"685\" data-id=\"249\" src=\"https:\/\/www.acapp.fr\/wp-content\/uploads\/2024\/09\/2024-CONVIVIALE-024-1024x685.jpg\" alt=\"\" class=\"wp-image-249\" srcset=\"https:\/\/www.acapp.fr\/wp-content\/uploads\/2024\/09\/2024-CONVIVIALE-024-1024x685.jpg 1024w, https:\/\/www.acapp.fr\/wp-content\/uploads\/2024\/09\/2024-CONVIVIALE-024-300x201.jpg 300w, https:\/\/www.acapp.fr\/wp-content\/uploads\/2024\/09\/2024-CONVIVIALE-024-768x514.jpg 768w, https:\/\/www.acapp.fr\/wp-content\/uploads\/2024\/09\/2024-CONVIVIALE-024-1536x1028.jpg 1536w, https:\/\/www.acapp.fr\/wp-content\/uploads\/2024\/09\/2024-CONVIVIALE-024-2048x1371.jpg 2048w\" sizes=\"auto, (max-width: 1024px) 100vw, 1024px\" \/><\/a><\/figure>\n\n\n\n<figure class=\"wp-block-image size-large\"><a href=\"https:\/\/www.acapp.fr\/wp-content\/uploads\/2024\/09\/2024-CONVIVIALE-025-scaled.jpg\" target=\"_blank\" rel=\"noopener\"><img loading=\"lazy\" decoding=\"async\" width=\"1024\" height=\"685\" data-id=\"250\" src=\"https:\/\/www.acapp.fr\/wp-content\/uploads\/2024\/09\/2024-CONVIVIALE-025-1024x685.jpg\" alt=\"\" class=\"wp-image-250\" srcset=\"https:\/\/www.acapp.fr\/wp-content\/uploads\/2024\/09\/2024-CONVIVIALE-025-1024x685.jpg 1024w, https:\/\/www.acapp.fr\/wp-content\/uploads\/2024\/09\/2024-CONVIVIALE-025-300x201.jpg 300w, https:\/\/www.acapp.fr\/wp-content\/uploads\/2024\/09\/2024-CONVIVIALE-025-768x514.jpg 768w, https:\/\/www.acapp.fr\/wp-content\/uploads\/2024\/09\/2024-CONVIVIALE-025-1536x1028.jpg 1536w, https:\/\/www.acapp.fr\/wp-content\/uploads\/2024\/09\/2024-CONVIVIALE-025-2048x1371.jpg 2048w\" sizes=\"auto, (max-width: 1024px) 100vw, 1024px\" \/><\/a><\/figure>\n\n\n\n<figure class=\"wp-block-image size-large\"><a href=\"https:\/\/www.acapp.fr\/wp-content\/uploads\/2024\/09\/2024-CONVIVIALE-028-scaled.jpg\" target=\"_blank\" rel=\"noopener\"><img loading=\"lazy\" decoding=\"async\" width=\"1024\" height=\"685\" data-id=\"252\" src=\"https:\/\/www.acapp.fr\/wp-content\/uploads\/2024\/09\/2024-CONVIVIALE-028-1024x685.jpg\" alt=\"\" class=\"wp-image-252\" srcset=\"https:\/\/www.acapp.fr\/wp-content\/uploads\/2024\/09\/2024-CONVIVIALE-028-1024x685.jpg 1024w, https:\/\/www.acapp.fr\/wp-content\/uploads\/2024\/09\/2024-CONVIVIALE-028-300x201.jpg 300w, https:\/\/www.acapp.fr\/wp-content\/uploads\/2024\/09\/2024-CONVIVIALE-028-768x514.jpg 768w, https:\/\/www.acapp.fr\/wp-content\/uploads\/2024\/09\/2024-CONVIVIALE-028-1536x1028.jpg 1536w, https:\/\/www.acapp.fr\/wp-content\/uploads\/2024\/09\/2024-CONVIVIALE-028-2048x1371.jpg 2048w\" sizes=\"auto, (max-width: 1024px) 100vw, 1024px\" \/><\/a><\/figure>\n\n\n\n<figure class=\"wp-block-image size-large\"><a href=\"https:\/\/www.acapp.fr\/wp-content\/uploads\/2024\/09\/2024-CONVIVIALE-029-scaled.jpg\" target=\"_blank\" rel=\"noopener\"><img loading=\"lazy\" decoding=\"async\" width=\"1024\" height=\"685\" data-id=\"253\" src=\"https:\/\/www.acapp.fr\/wp-content\/uploads\/2024\/09\/2024-CONVIVIALE-029-1024x685.jpg\" alt=\"\" class=\"wp-image-253\" srcset=\"https:\/\/www.acapp.fr\/wp-content\/uploads\/2024\/09\/2024-CONVIVIALE-029-1024x685.jpg 1024w, https:\/\/www.acapp.fr\/wp-content\/uploads\/2024\/09\/2024-CONVIVIALE-029-300x201.jpg 300w, https:\/\/www.acapp.fr\/wp-content\/uploads\/2024\/09\/2024-CONVIVIALE-029-768x514.jpg 768w, https:\/\/www.acapp.fr\/wp-content\/uploads\/2024\/09\/2024-CONVIVIALE-029-1536x1028.jpg 1536w, https:\/\/www.acapp.fr\/wp-content\/uploads\/2024\/09\/2024-CONVIVIALE-029-2048x1371.jpg 2048w\" sizes=\"auto, (max-width: 1024px) 100vw, 1024px\" \/><\/a><\/figure>\n\n\n\n<figure class=\"wp-block-image size-large\"><a href=\"https:\/\/www.acapp.fr\/wp-content\/uploads\/2024\/09\/2024-CONVIVIALE-030-scaled.jpg\" target=\"_blank\" rel=\"noopener\"><img loading=\"lazy\" decoding=\"async\" width=\"1024\" height=\"685\" data-id=\"254\" src=\"https:\/\/www.acapp.fr\/wp-content\/uploads\/2024\/09\/2024-CONVIVIALE-030-1024x685.jpg\" alt=\"\" class=\"wp-image-254\" srcset=\"https:\/\/www.acapp.fr\/wp-content\/uploads\/2024\/09\/2024-CONVIVIALE-030-1024x685.jpg 1024w, https:\/\/www.acapp.fr\/wp-content\/uploads\/2024\/09\/2024-CONVIVIALE-030-300x201.jpg 300w, https:\/\/www.acapp.fr\/wp-content\/uploads\/2024\/09\/2024-CONVIVIALE-030-768x514.jpg 768w, https:\/\/www.acapp.fr\/wp-content\/uploads\/2024\/09\/2024-CONVIVIALE-030-1536x1028.jpg 1536w, https:\/\/www.acapp.fr\/wp-content\/uploads\/2024\/09\/2024-CONVIVIALE-030-2048x1371.jpg 2048w\" sizes=\"auto, (max-width: 1024px) 100vw, 1024px\" \/><\/a><\/figure>\n\n\n\n<figure class=\"wp-block-image size-large\"><a href=\"https:\/\/www.acapp.fr\/wp-content\/uploads\/2024\/09\/2024-CONVIVIALE-031-scaled.jpg\" target=\"_blank\" rel=\"noopener\"><img loading=\"lazy\" decoding=\"async\" width=\"1024\" height=\"713\" data-id=\"255\" src=\"https:\/\/www.acapp.fr\/wp-content\/uploads\/2024\/09\/2024-CONVIVIALE-031-1024x713.jpg\" alt=\"\" class=\"wp-image-255\" srcset=\"https:\/\/www.acapp.fr\/wp-content\/uploads\/2024\/09\/2024-CONVIVIALE-031-1024x713.jpg 1024w, https:\/\/www.acapp.fr\/wp-content\/uploads\/2024\/09\/2024-CONVIVIALE-031-300x209.jpg 300w, https:\/\/www.acapp.fr\/wp-content\/uploads\/2024\/09\/2024-CONVIVIALE-031-768x535.jpg 768w, https:\/\/www.acapp.fr\/wp-content\/uploads\/2024\/09\/2024-CONVIVIALE-031-1536x1069.jpg 1536w, https:\/\/www.acapp.fr\/wp-content\/uploads\/2024\/09\/2024-CONVIVIALE-031-2048x1425.jpg 2048w\" sizes=\"auto, (max-width: 1024px) 100vw, 1024px\" \/><\/a><\/figure>\n\n\n\n<figure class=\"wp-block-image size-large\"><a href=\"https:\/\/www.acapp.fr\/wp-content\/uploads\/2024\/09\/2024-CONVIVIALE-032-scaled.jpg\" target=\"_blank\" rel=\"noopener\"><img loading=\"lazy\" decoding=\"async\" width=\"1024\" height=\"685\" data-id=\"256\" src=\"https:\/\/www.acapp.fr\/wp-content\/uploads\/2024\/09\/2024-CONVIVIALE-032-1024x685.jpg\" alt=\"\" class=\"wp-image-256\" srcset=\"https:\/\/www.acapp.fr\/wp-content\/uploads\/2024\/09\/2024-CONVIVIALE-032-1024x685.jpg 1024w, https:\/\/www.acapp.fr\/wp-content\/uploads\/2024\/09\/2024-CONVIVIALE-032-300x201.jpg 300w, https:\/\/www.acapp.fr\/wp-content\/uploads\/2024\/09\/2024-CONVIVIALE-032-768x514.jpg 768w, https:\/\/www.acapp.fr\/wp-content\/uploads\/2024\/09\/2024-CONVIVIALE-032-1536x1028.jpg 1536w, https:\/\/www.acapp.fr\/wp-content\/uploads\/2024\/09\/2024-CONVIVIALE-032-2048x1371.jpg 2048w\" sizes=\"auto, (max-width: 1024px) 100vw, 1024px\" \/><\/a><\/figure>\n<\/figure>\n","protected":false},"excerpt":{"rendered":"<p>Le 10 septembre 2024 s&rsquo;est tenue la Conviviale de l&rsquo;ACAPP \u00e0 laquelle ont particip\u00e9 plus de 150 adh\u00e9rents. Un GRAND merci \u00e0 tous les b\u00e9n\u00e9voles qui nous ont aid\u00e9 \u00e0 organiser cette soir\u00e9e festive.<\/p>\n","protected":false},"author":1,"featured_media":246,"parent":0,"menu_order":0,"comment_status":"closed","ping_status":"closed","template":"","meta":{"footnotes":""},"class_list":["post-225","page","type-page","status-publish","has-post-thumbnail","hentry"],"_links":{"self":[{"href":"https:\/\/www.acapp.fr\/index.php\/wp-json\/wp\/v2\/pages\/225","targetHints":{"allow":["GET"]}}],"collection":[{"href":"https:\/\/www.acapp.fr\/index.php\/wp-json\/wp\/v2\/pages"}],"about":[{"href":"https:\/\/www.acapp.fr\/index.php\/wp-json\/wp\/v2\/types\/page"}],"author":[{"embeddable":true,"href":"https:\/\/www.acapp.fr\/index.php\/wp-json\/wp\/v2\/users\/1"}],"replies":[{"embeddable":true,"href":"https:\/\/www.acapp.fr\/index.php\/wp-json\/wp\/v2\/comments?post=225"}],"version-history":[{"count":10,"href":"https:\/\/www.acapp.fr\/index.php\/wp-json\/wp\/v2\/pages\/225\/revisions"}],"predecessor-version":[{"id":450,"href":"https:\/\/www.acapp.fr\/index.php\/wp-json\/wp\/v2\/pages\/225\/revisions\/450"}],"wp:featuredmedia":[{"embeddable":true,"href":"https:\/\/www.acapp.fr\/index.php\/wp-json\/wp\/v2\/media\/246"}],"wp:attachment":[{"href":"https:\/\/www.acapp.fr\/index.php\/wp-json\/wp\/v2\/media?parent=225"}],"curies":[{"name":"wp","href":"https:\/\/api.w.org\/{rel}","templated":true}]}}