{"id":191,"date":"2024-09-12T10:36:17","date_gmt":"2024-09-12T08:36:17","guid":{"rendered":"https:\/\/www.acapp.fr\/?page_id=191"},"modified":"2026-03-31T10:16:22","modified_gmt":"2026-03-31T08:16:22","slug":"publications","status":"publish","type":"page","link":"https:\/\/www.acapp.fr\/index.php\/publications\/","title":{"rendered":"Publications"},"content":{"rendered":"\n<p class=\"has-text-align-center has-vivid-red-color has-secondary-background-color has-text-color has-background has-link-color has-large-font-size wp-elements-96b4f8527ac22e8dd30ff3cb31bcf459\"><strong>SAISON 2025 \/ 2026<\/strong><\/p>\n\n\n\n<div class=\"wp-block-file aligncenter has-pale-cyan-blue-background-color has-background\"><a id=\"wp-block-file--media-e8093c75-bd0f-4a0a-b4df-5f19a6610a81\" href=\"https:\/\/www.acapp.fr\/wp-content\/uploads\/2026\/03\/Rendez-vous-dartistes-Fetes-et-celebrations.pdf\"><strong>Rendez-vous d&rsquo;artistes &#8211; F\u00eates et c\u00e9l\u00e9brations<\/strong><\/a><\/div>\n\n\n\n<p class=\"has-text-align-center has-small-font-size\"><em>R\u00e9daction : Martine Delfour<\/em><\/p>\n\n\n\n<div class=\"wp-block-file aligncenter has-pale-cyan-blue-background-color has-background\"><a id=\"wp-block-file--media-815d3180-5e82-4eb3-9c2a-f07098002787\" href=\"https:\/\/www.acapp.fr\/wp-content\/uploads\/2026\/03\/Visite-de-Cales.pdf\"><strong>Visite de Cal\u00e8s<\/strong><\/a><\/div>\n\n\n\n<p class=\"has-text-align-center has-small-font-size\"><em>R\u00e9daction : Arlette &amp; G\u00e9rard Lallement<\/em><\/p>\n\n\n\n<div class=\"wp-block-file aligncenter has-tertiary-background-color has-background\"><a id=\"wp-block-file--media-4b86018c-fd42-4c74-b661-212c4fffb666\" href=\"https:\/\/www.acapp.fr\/wp-content\/uploads\/2026\/03\/Newsletter-Mars-2026.pdf\" target=\"_blank\" rel=\"noreferrer noopener\"><strong>Newsletter Mars 2026<\/strong><\/a><\/div>\n\n\n\n<div class=\"wp-block-file aligncenter has-pale-cyan-blue-background-color has-background\"><a id=\"wp-block-file--media-f71154ef-7935-4378-9bb9-67868842a0ac\" href=\"https:\/\/www.acapp.fr\/wp-content\/uploads\/2026\/02\/Visite-de-La-Cite-Radieuse-de-Le-Corbusier.pdf\"><strong>Visite de La Cit\u00e9 Radieuse de Le Corbusier<\/strong><\/a><\/div>\n\n\n\n<p class=\"has-text-align-center has-small-font-size\"><em>R\u00e9daction : Arlette &amp; G\u00e9rard Lallement<\/em><\/p>\n\n\n\n<div class=\"wp-block-file aligncenter has-pale-cyan-blue-background-color has-background\"><a id=\"wp-block-file--media-f71154ef-7935-4378-9bb9-67868842a0ac\" href=\"https:\/\/www.acapp.fr\/wp-content\/uploads\/2026\/02\/Exposition-Marcoville-a-la-Major.pdf\"><strong>Exposition Marcoville \u00e0 la Major<\/strong><\/a><\/div>\n\n\n\n<p class=\"has-text-align-center has-small-font-size\"><em>R\u00e9daction : Arlette &amp; G\u00e9rard Lallement<\/em><\/p>\n\n\n\n<div class=\"wp-block-file aligncenter has-tertiary-background-color has-background\"><a id=\"wp-block-file--media-3e89ed0b-4c64-4bc3-888e-1a4a53de80b7\" href=\"https:\/\/www.acapp.fr\/wp-content\/uploads\/2026\/02\/Newsletter-Fevrier-2026.pdf\" target=\"_blank\" rel=\"noreferrer noopener\"><strong>Newsletter F\u00e9vrier 2026<\/strong><\/a><\/div>\n\n\n\n<div class=\"wp-block-file aligncenter has-tertiary-background-color has-background\"><a id=\"wp-block-file--media-3e89ed0b-4c64-4bc3-888e-1a4a53de80b7\" href=\"https:\/\/www.acapp.fr\/wp-content\/uploads\/2026\/02\/Newsletter-Janvier-2026.pdf\" target=\"_blank\" rel=\"noreferrer noopener\"><strong>Newsletter Janvier 2026<\/strong><\/a><\/div>\n\n\n\n<div class=\"wp-block-file aligncenter has-pale-cyan-blue-background-color has-background\"><a id=\"wp-block-file--media-5e5553ae-595a-4ce4-8343-a199d33fe22f\" href=\"https:\/\/www.acapp.fr\/wp-content\/uploads\/2025\/12\/Conference-La-fin-du-Grand-Architecte-par-Pascal-URBAIN.pdf\" target=\"_blank\" rel=\"noreferrer noopener\"><strong>Conf\u00e9rence  La fin du Grand Architecte  par Pascal URBAIN<\/strong><\/a><\/div>\n\n\n\n<p class=\"has-text-align-center has-small-font-size\"><em>R\u00e9daction : Martine Delfour<\/em><\/p>\n\n\n\n<div class=\"wp-block-file aligncenter has-tertiary-background-color has-background\"><a id=\"wp-block-file--media-68d06df8-02a1-4f87-bfb8-9650e9f07c32\" href=\"https:\/\/www.acapp.fr\/wp-content\/uploads\/2025\/12\/Newsletter-Decembre-2025.pdf\" target=\"_blank\" rel=\"noreferrer noopener\"><strong>Newsletter Decembre 2025<\/strong><\/a><\/div>\n\n\n\n<div class=\"wp-block-file aligncenter has-pale-cyan-blue-background-color has-background\"><a id=\"wp-block-file--media-497697c6-8c89-4b6e-8af3-13f556271d6f\" href=\"https:\/\/www.acapp.fr\/wp-content\/uploads\/2025\/12\/Exposition-Othoniel-a-Avignon.pdf\"><strong>Exposition Othoniel \u00e0 Avignon<\/strong><\/a><\/div>\n\n\n\n<div class=\"wp-block-file aligncenter has-pale-cyan-blue-background-color has-background\"><a id=\"wp-block-file--media-dc19e72a-e8e0-4891-9ba1-aa416232122a\" href=\"https:\/\/www.acapp.fr\/wp-content\/uploads\/2025\/12\/Exposition-Othoniel-a-Avignon-2eme-partie.pdf\"><strong>Exposition Othoniel \u00e0 Avignon 2\u00e8me partie<\/strong><\/a><\/div>\n\n\n\n<p class=\"has-text-align-center has-small-font-size\"><em>R\u00e9daction : Arlette &amp; G\u00e9rard Lallement<\/em><\/p>\n\n\n\n<div class=\"wp-block-file aligncenter has-tertiary-background-color has-background\"><a id=\"wp-block-file--media-fa389a9a-e82a-4035-9421-63c2d990d142\" href=\"https:\/\/www.acapp.fr\/wp-content\/uploads\/2025\/12\/Newsletter-Novembre-2025.pdf\" target=\"_blank\" rel=\"noreferrer noopener\"><strong>Newsletter Novembre 2025<\/strong><\/a><\/div>\n\n\n\n<div class=\"wp-block-file aligncenter has-tertiary-background-color has-background\"><a id=\"wp-block-file--media-30e3ffbb-18d3-406b-b671-49d5eb60a5e8\" href=\"https:\/\/www.acapp.fr\/wp-content\/uploads\/2025\/09\/ACCAP-2026.pdf\" target=\"_blank\" rel=\"noreferrer noopener\"><strong>ACCAP 2026<\/strong><\/a><\/div>\n\n\n\n<div class=\"wp-block-file aligncenter has-tertiary-background-color has-background\"><a id=\"wp-block-file--media-1206d427-4cde-42aa-a892-eb6ba65ad2ca\" href=\"https:\/\/www.acapp.fr\/wp-content\/uploads\/2025\/09\/Newsletter-Octobre-2025.pdf\" target=\"_blank\" rel=\"noreferrer noopener\"><strong>Newsletter Octobre 2025<\/strong><\/a><\/div>\n\n\n\n<div class=\"wp-block-file aligncenter has-pale-cyan-blue-background-color has-background\"><a id=\"wp-block-file--media-da35ce9d-98f3-48eb-bb0d-f6c080eac4e6\" href=\"https:\/\/www.acapp.fr\/wp-content\/uploads\/2025\/09\/Compte-rendu-Jas-de-Bouffan.pdf\" target=\"_blank\" rel=\"noreferrer noopener\"><strong>Compte-rendu Jas de Bouffan<\/strong><\/a><\/div>\n\n\n\n<p class=\"has-text-align-center has-small-font-size\"><em>R\u00e9daction : Arlette &amp; G\u00e9rard Lallement<\/em><\/p>\n\n\n\n<div class=\"wp-block-file aligncenter has-pale-cyan-blue-background-color has-background\"><a id=\"wp-block-file--media-e7a8694a-750e-4114-be90-5cf406e82d7c\" href=\"https:\/\/www.acapp.fr\/wp-content\/uploads\/2025\/09\/Compte-rendu-Domaine-de-Saint-Joseph-au-Tholonet.pdf\" target=\"_blank\" rel=\"noreferrer noopener\"><strong>Compte-rendu Domaine de Saint Joseph au Tholonet<\/strong><\/a><\/div>\n\n\n\n<p class=\"has-text-align-center has-small-font-size\"><em>R\u00e9daction : Arlette &amp; G\u00e9rard Lallement<\/em><\/p>\n\n\n\n<div class=\"wp-block-file aligncenter has-tertiary-background-color has-background\"><a id=\"wp-block-file--media-eb3c4f0c-3c0c-4f11-8986-6e6ca5dbcb74\" href=\"https:\/\/www.acapp.fr\/wp-content\/uploads\/2025\/09\/Newsletter-Septembre-2025.pdf\" target=\"_blank\" rel=\"noreferrer noopener\"><strong>Newsletter Septembre 2025<\/strong><\/a><\/div>\n\n\n\n<p class=\"has-text-align-center has-vivid-red-color has-secondary-background-color has-text-color has-background has-link-color has-large-font-size wp-elements-d268f0826bef051aba9ef31887f658e8\"><strong>SAISON 2024 \/ 2025<\/strong><\/p>\n\n\n\n<div class=\"wp-block-file aligncenter has-tertiary-background-color has-background\"><a id=\"wp-block-file--media-cf1969f2-4849-44f4-8b12-fa21a93041c2\" href=\"https:\/\/www.acapp.fr\/wp-content\/uploads\/2024\/09\/ACAPP-2024-2025-1.pdf\" target=\"_blank\" rel=\"noreferrer noopener\"><strong>Plaquette ACAPP-2024-2025<\/strong><\/a><\/div>\n\n\n\n<div class=\"wp-block-file aligncenter has-tertiary-background-color has-background\"><a id=\"wp-block-file--media-d43e7c8f-aeba-430f-aedc-f68f90ab0c90\" href=\"https:\/\/www.acapp.fr\/wp-content\/uploads\/2024\/09\/Newsletter-septembre-2024.pdf\" target=\"_blank\" rel=\"noreferrer noopener\"><strong>Newsletter Septembre 2024<\/strong><\/a><\/div>\n\n\n\n<div class=\"wp-block-file aligncenter has-tertiary-background-color has-background\"><a id=\"wp-block-file--media-1157fb1d-26d1-4c24-bd48-5ac77656b129\" href=\"https:\/\/www.acapp.fr\/wp-content\/uploads\/2024\/09\/Newsletter-Octobre-2024.pdf\" target=\"_blank\" rel=\"noreferrer noopener\"><strong>Newsletter Octobre 2024<\/strong><\/a><\/div>\n\n\n\n<div class=\"wp-block-file aligncenter has-tertiary-background-color has-background\"><a id=\"wp-block-file--media-14e73108-ece8-4d79-bddd-d3f4c398694c\" href=\"https:\/\/www.acapp.fr\/wp-content\/uploads\/2024\/12\/Newsletter-Novembre-2024.pdf\" target=\"_blank\" rel=\"noreferrer noopener\"><strong>Newsletter Novembre 2024<\/strong><\/a><\/div>\n\n\n\n<div class=\"wp-block-file aligncenter has-tertiary-background-color has-background\"><a id=\"wp-block-file--media-3a9f29f7-0b99-4453-bd7b-576c575c4840\" href=\"https:\/\/www.acapp.fr\/wp-content\/uploads\/2024\/12\/Newsletter-Decembre-2024.pdf\" target=\"_blank\" rel=\"noreferrer noopener\"><strong>Newsletter D\u00e9cembre 2024<\/strong><\/a><\/div>\n\n\n\n<div class=\"wp-block-file aligncenter has-tertiary-background-color has-background\"><a id=\"wp-block-file--media-14695a9a-9570-4905-96f8-8887e74e26a9\" href=\"https:\/\/www.acapp.fr\/wp-content\/uploads\/2025\/01\/Newsletter-Janvier-2025.pdf\" target=\"_blank\" rel=\"noreferrer noopener\"><strong>Newsletter Janvier 2025<\/strong><\/a><\/div>\n\n\n\n<div class=\"wp-block-file aligncenter has-tertiary-background-color has-background\"><a id=\"wp-block-file--media-9979bcd0-c85f-4e89-ad4d-5b8cee1e583c\" href=\"https:\/\/www.acapp.fr\/wp-content\/uploads\/2025\/01\/sondage-numerique-ACAPP.docx\" target=\"_blank\" rel=\"noreferrer noopener\"><strong>sondage num\u00e9rique ACAPP<\/strong><\/a><\/div>\n\n\n\n<div class=\"wp-block-file aligncenter has-tertiary-background-color has-background\"><a id=\"wp-block-file--media-08d6da4f-a294-444b-a660-623cfc8dbe85\" href=\"https:\/\/www.acapp.fr\/wp-content\/uploads\/2025\/04\/Newsletter-Fevrier-2025.pdf\" target=\"_blank\" rel=\"noreferrer noopener\"><strong>Newsletter F\u00e9vrier 2025<\/strong><\/a><\/div>\n\n\n\n<div class=\"wp-block-file aligncenter has-tertiary-background-color has-background\"><a id=\"wp-block-file--media-81c83e0a-3685-4012-a48f-414a4bccf86c\" href=\"https:\/\/www.acapp.fr\/wp-content\/uploads\/2025\/04\/Newsletter-Mars-2025.pdf\" target=\"_blank\" rel=\"noreferrer noopener\"><strong>Newsletter Mars 2025<\/strong><\/a><\/div>\n\n\n\n<div class=\"wp-block-file aligncenter has-tertiary-background-color has-background\"><a id=\"wp-block-file--media-d2849bb0-b039-4a80-9df9-f621a0463743\" href=\"https:\/\/www.acapp.fr\/wp-content\/uploads\/2025\/04\/Newsletter-Avril-2025.pdf\" target=\"_blank\" rel=\"noreferrer noopener\"><strong>Newsletter Avril 2025<\/strong><\/a><\/div>\n\n\n\n<div class=\"wp-block-file aligncenter has-tertiary-background-color has-background\"><a id=\"wp-block-file--media-9cac6e27-1dba-4238-88f0-90e1ea28e986\" href=\"https:\/\/www.acapp.fr\/wp-content\/uploads\/2025\/09\/Newsletter-Mai-2025.pdf\" target=\"_blank\" rel=\"noreferrer noopener\"><strong>Newsletter Mai 2025<\/strong><\/a><\/div>\n\n\n\n<div class=\"wp-block-file aligncenter has-tertiary-background-color has-background\"><a id=\"wp-block-file--media-d122123f-e6a1-480f-938b-b8306ea5033d\" href=\"https:\/\/www.acapp.fr\/wp-content\/uploads\/2025\/09\/Newsletter-Juin-2025.pdf\" target=\"_blank\" rel=\"noreferrer noopener\"><strong>Newsletter Juin 2025<\/strong><\/a><\/div>\n\n\n\n<div class=\"wp-block-file aligncenter has-pale-cyan-blue-background-color has-background\"><a id=\"wp-block-file--media-1cbdf173-aa59-4943-a1dc-b38eff5c5a7f\" href=\"https:\/\/www.acapp.fr\/wp-content\/uploads\/2025\/09\/Compte-rendu-sortie-Saint-Maximin.pdf\" target=\"_blank\" rel=\"noreferrer noopener\"><strong>Compte-rendu sortie Saint Maximin<\/strong><\/a><\/div>\n\n\n\n<p class=\"has-text-align-center has-small-font-size\"><em>R\u00e9daction : Arlette &amp; G\u00e9rard Lallement<\/em><\/p>\n\n\n\n<div class=\"wp-block-file aligncenter has-pale-cyan-blue-background-color has-background\"><a id=\"wp-block-file--media-5c2f34cc-c725-4a20-85a5-f9a92a5db10d\" href=\"https:\/\/www.acapp.fr\/wp-content\/uploads\/2025\/09\/CR-Le-musee-des-Gueules-rouges-Tourves.pdf\" target=\"_blank\" rel=\"noreferrer noopener\"><strong>CR Le mus\u00e9e des Gueules rouges Tourves<\/strong><\/a><\/div>\n\n\n\n<p class=\"has-text-align-center has-small-font-size\"><em>R\u00e9daction : Arlette &amp; G\u00e9rard Lallement<\/em><\/p>\n\n\n\n<p><\/p>\n","protected":false},"excerpt":{"rendered":"<p>SAISON 2025 \/ 2026 R\u00e9daction : Martine Delfour R\u00e9daction : Arlette &amp; G\u00e9rard Lallement R\u00e9daction : Arlette &amp; G\u00e9rard Lallement R\u00e9daction : Arlette &amp; G\u00e9rard Lallement R\u00e9daction : Martine Delfour R\u00e9daction : Arlette &amp; G\u00e9rard Lallement R\u00e9daction : Arlette &amp; G\u00e9rard Lallement R\u00e9daction : Arlette &amp; G\u00e9rard Lallement SAISON 2024 \/ 2025 R\u00e9daction : Arlette [&hellip;]<\/p>\n","protected":false},"author":1,"featured_media":0,"parent":0,"menu_order":0,"comment_status":"closed","ping_status":"closed","template":"","meta":{"footnotes":""},"class_list":["post-191","page","type-page","status-publish","hentry"],"_links":{"self":[{"href":"https:\/\/www.acapp.fr\/index.php\/wp-json\/wp\/v2\/pages\/191","targetHints":{"allow":["GET"]}}],"collection":[{"href":"https:\/\/www.acapp.fr\/index.php\/wp-json\/wp\/v2\/pages"}],"about":[{"href":"https:\/\/www.acapp.fr\/index.php\/wp-json\/wp\/v2\/types\/page"}],"author":[{"embeddable":true,"href":"https:\/\/www.acapp.fr\/index.php\/wp-json\/wp\/v2\/users\/1"}],"replies":[{"embeddable":true,"href":"https:\/\/www.acapp.fr\/index.php\/wp-json\/wp\/v2\/comments?post=191"}],"version-history":[{"count":22,"href":"https:\/\/www.acapp.fr\/index.php\/wp-json\/wp\/v2\/pages\/191\/revisions"}],"predecessor-version":[{"id":1412,"href":"https:\/\/www.acapp.fr\/index.php\/wp-json\/wp\/v2\/pages\/191\/revisions\/1412"}],"wp:attachment":[{"href":"https:\/\/www.acapp.fr\/index.php\/wp-json\/wp\/v2\/media?parent=191"}],"curies":[{"name":"wp","href":"https:\/\/api.w.org\/{rel}","templated":true}]}}