{"id":172,"date":"2024-09-10T11:13:58","date_gmt":"2024-09-10T09:13:58","guid":{"rendered":"https:\/\/www.acapp.fr\/?page_id=172"},"modified":"2026-03-29T11:11:02","modified_gmt":"2026-03-29T09:11:02","slug":"conferences","status":"publish","type":"page","link":"https:\/\/www.acapp.fr\/index.php\/conferences\/","title":{"rendered":"Conf\u00e9rences"},"content":{"rendered":"\n<h2 class=\"wp-block-heading has-text-align-center has-vivid-red-color has-secondary-background-color has-text-color has-background has-link-color wp-elements-1719fb1e51f2fcf4a6b82f13fb0f4fbe\" style=\"font-size:35px\"><strong>Conf\u00e9rences 2025 &#8211; 2026<\/strong><\/h2>\n\n\n\n<div class=\"wp-block-media-text is-stacked-on-mobile\"><figure class=\"wp-block-media-text__media\"><img loading=\"lazy\" decoding=\"async\" width=\"256\" height=\"294\" src=\"https:\/\/www.acapp.fr\/wp-content\/uploads\/2026\/02\/Enfant-1.jpg\" alt=\"\" class=\"wp-image-1362 size-full\"\/><\/figure><div class=\"wp-block-media-text__content\">\n<p class=\"has-foreground-color has-text-color has-link-color has-large-font-size wp-elements-ad97194e30add1c26f8b781321e8b8fa\"><strong><strong>Conf\u00e9rence&nbsp;<strong><em>\u00ab&nbsp;Maternit\u00e9 et enfance dans l\u2019art occidental, de l\u2019antiquit\u00e9 \u00e0 nos jours \u00bb<\/em><\/strong><\/strong><\/strong><\/p>\n\n\n\n<p class=\"has-foreground-color has-text-color has-link-color wp-elements-9d71f6b1bfc2c6c5f5d17da8d5742b12\"><strong>Pr\u00e9sent\u00e9e par Jean-Philippe LAGRUE<\/strong><\/p>\n\n\n\n<p class=\"has-foreground-color has-text-color has-link-color wp-elements-15d45f1deb0acc996ec3dd16ec85860a\"><strong>Arch\u00e9ologue-conf\u00e9rencier en Histoire de l\u2019Art<\/strong><\/p>\n\n\n\n<p class=\"has-vivid-green-cyan-color has-text-color has-link-color wp-elements-87ebb74887e3d220c92d59374dd3fc74\"><strong><a href=\"https:\/\/www.acapp.fr\/index.php\/conferences\/enfance\/\" data-type=\"page\" data-id=\"1080\">D\u00e9tail<\/a><\/strong><\/p>\n<\/div><\/div>\n\n\n\n<div class=\"wp-block-media-text is-stacked-on-mobile\" style=\"grid-template-columns:49% auto\"><figure class=\"wp-block-media-text__media\"><img loading=\"lazy\" decoding=\"async\" width=\"250\" height=\"309\" src=\"https:\/\/www.acapp.fr\/wp-content\/uploads\/2026\/01\/Pier_Paolo_Pasolini-1.jpg\" alt=\"\" class=\"wp-image-1315 size-full\" srcset=\"https:\/\/www.acapp.fr\/wp-content\/uploads\/2026\/01\/Pier_Paolo_Pasolini-1.jpg 250w, https:\/\/www.acapp.fr\/wp-content\/uploads\/2026\/01\/Pier_Paolo_Pasolini-1-243x300.jpg 243w\" sizes=\"auto, (max-width: 250px) 100vw, 250px\" \/><\/figure><div class=\"wp-block-media-text__content\">\n<p class=\"has-foreground-color has-text-color has-link-color has-large-font-size wp-elements-5bb418381b0fb8607ce95c8f582ed535\"><strong><strong>Conf\u00e9rence&nbsp;<strong><em>\u00ab&nbsp;Pier Paolo Pasolini : cin\u00e9ma et peinture\u00bb<\/em><\/strong><\/strong><\/strong><\/p>\n\n\n\n<p class=\"has-foreground-color has-text-color has-link-color wp-elements-31e6adb8179e48ea4687b677cee6625c\"><strong>Pr\u00e9sent\u00e9e par Laura VICHI<\/strong><\/p>\n\n\n\n<p class=\"has-foreground-color has-text-color has-link-color wp-elements-37ab4211f51027baa9af8ae03e25715b\"><strong><strong><em><strong>Docteure de l&rsquo;Universit\u00e9 de Bologne et chercheuse ind\u00e9pendante<\/strong><\/em><\/strong><\/strong><\/p>\n\n\n\n<p class=\"has-vivid-green-cyan-color has-text-color has-link-color wp-elements-5f340c0668731966aabf7aafb6fc93ea\"><strong><a href=\"https:\/\/www.acapp.fr\/index.php\/conferences\/pasolini\/\" data-type=\"page\" data-id=\"1080\">D\u00e9tail<\/a><\/strong><\/p>\n<\/div><\/div>\n\n\n\n<div class=\"wp-block-media-text is-stacked-on-mobile\" style=\"grid-template-columns:49% auto\"><figure class=\"wp-block-media-text__media\"><img loading=\"lazy\" decoding=\"async\" width=\"195\" height=\"269\" src=\"https:\/\/www.acapp.fr\/wp-content\/uploads\/2026\/01\/3eme-age-1.jpg\" alt=\"\" class=\"wp-image-1318 size-full\"\/><\/figure><div class=\"wp-block-media-text__content\">\n<p class=\"has-foreground-color has-text-color has-link-color has-large-font-size wp-elements-5d3656b554b3f1960f5cd6281bc1f6d1\"><strong><strong><strong>Conf\u00e9rence&nbsp;<em>\u00ab&nbsp;Les repr\u00e9sentations du 3\u00e8me \u00e2ge dans l\u2019art\u00bb<\/em><\/strong><\/strong><\/strong><\/p>\n\n\n\n<p class=\"has-foreground-color has-text-color has-link-color wp-elements-92c9cf37600e6dfb3d1b5b6ff85df46e\"><strong><strong>Pr\u00e9sent\u00e9e par Agn\u00e8s Guenassia<\/strong><\/strong><\/p>\n\n\n\n<p class=\"has-foreground-color has-text-color has-link-color wp-elements-4ae6a7dac9294569bf003e0c77a038b6\"><strong><strong><em><strong><em><strong>Conf\u00e9renci\u00e8re en Art Moderne et Contemporain, professeur d\u2019Arts Plastiques<\/strong><\/em><\/strong><\/em><\/strong><\/strong><\/p>\n\n\n\n<p class=\"has-vivid-green-cyan-color has-text-color has-link-color wp-elements-e39707c4aa2cb41290a31a5e822f9bfa\"><strong><a href=\"https:\/\/www.acapp.fr\/index.php\/conferences\/3eme-age\/\" data-type=\"page\" data-id=\"1080\">D\u00e9tail<\/a><\/strong><\/p>\n<\/div><\/div>\n\n\n\n<div class=\"wp-block-media-text is-stacked-on-mobile\"><figure class=\"wp-block-media-text__media\"><img loading=\"lazy\" decoding=\"async\" width=\"509\" height=\"413\" src=\"https:\/\/www.acapp.fr\/wp-content\/uploads\/2026\/01\/Terrasse-cite-radieuse.jpg\" alt=\"\" class=\"wp-image-1302 size-full\" srcset=\"https:\/\/www.acapp.fr\/wp-content\/uploads\/2026\/01\/Terrasse-cite-radieuse.jpg 509w, https:\/\/www.acapp.fr\/wp-content\/uploads\/2026\/01\/Terrasse-cite-radieuse-300x243.jpg 300w\" sizes=\"auto, (max-width: 509px) 100vw, 509px\" \/><\/figure><div class=\"wp-block-media-text__content\">\n<p class=\"has-foreground-color has-text-color has-link-color has-large-font-size wp-elements-22007247686dafa19d72188435551b94\"><strong><strong>Conf\u00e9rence&nbsp;<em>\u00ab&nbsp;Architecture moderne et urbanisme<\/em><\/strong>\u00bb<\/strong><\/p>\n\n\n\n<p class=\"has-foreground-color has-text-color has-link-color wp-elements-d29224614ced3c619b7b5738350dfa33\"><strong>Pr\u00e9sent\u00e9e par Pascal URBAIN<\/strong><\/p>\n\n\n\n<p class=\"has-foreground-color has-text-color has-link-color wp-elements-3e48040fcb1898b4781506a0c08e64e9\"><strong><strong><em>Architecte DPLG, Docteur en esth\u00e9tique Aix-Marseille<\/em><\/strong><\/strong><\/p>\n\n\n\n<p class=\"has-vivid-green-cyan-color has-text-color has-link-color wp-elements-cf1bc5c45c0543a42d12a1a6c37a1d06\"><a href=\"https:\/\/www.acapp.fr\/index.php\/conferences\/architecture-moderne\/\" data-type=\"page\" data-id=\"1080\"><strong>D\u00e9tail<\/strong><\/a><\/p>\n<\/div><\/div>\n\n\n\n<div class=\"wp-block-media-text is-stacked-on-mobile\"><figure class=\"wp-block-media-text__media\"><img loading=\"lazy\" decoding=\"async\" width=\"540\" height=\"312\" src=\"https:\/\/www.acapp.fr\/wp-content\/uploads\/2025\/09\/Dubrovnik-2-1.jpg\" alt=\"\" class=\"wp-image-1092 size-full\" srcset=\"https:\/\/www.acapp.fr\/wp-content\/uploads\/2025\/09\/Dubrovnik-2-1.jpg 540w, https:\/\/www.acapp.fr\/wp-content\/uploads\/2025\/09\/Dubrovnik-2-1-300x173.jpg 300w\" sizes=\"auto, (max-width: 540px) 100vw, 540px\" \/><\/figure><div class=\"wp-block-media-text__content\">\n<p class=\"has-foreground-color has-text-color has-link-color has-large-font-size wp-elements-0e3bfc64d5e465606fc969f573661335\"><strong><strong>Conf\u00e9rence&nbsp;<em>\u00ab&nbsp;La Croatie de l\u2019Antiquit\u00e9 au XVII\u00e8me si\u00e8cle \u00bb<\/em><\/strong>\u00bb<\/strong><\/p>\n\n\n\n<p class=\"has-foreground-color has-text-color has-link-color wp-elements-9d71f6b1bfc2c6c5f5d17da8d5742b12\"><strong>Pr\u00e9sent\u00e9e par Jean-Philippe LAGRUE<\/strong><\/p>\n\n\n\n<p class=\"has-foreground-color has-text-color has-link-color wp-elements-15d45f1deb0acc996ec3dd16ec85860a\"><strong>Arch\u00e9ologue-conf\u00e9rencier en Histoire de l\u2019Art<\/strong><\/p>\n\n\n\n<p class=\"has-vivid-green-cyan-color has-text-color has-link-color wp-elements-9b6599fc9e6c57d703d154accad01ba6\"><strong><a href=\"https:\/\/www.acapp.fr\/index.php\/conferences\/conference-croatie\/\" data-type=\"page\" data-id=\"1080\">D\u00e9tail<\/a><\/strong><\/p>\n<\/div><\/div>\n\n\n\n<div class=\"wp-block-media-text is-stacked-on-mobile\"><figure class=\"wp-block-media-text__media\"><img loading=\"lazy\" decoding=\"async\" width=\"120\" height=\"120\" src=\"https:\/\/www.acapp.fr\/wp-content\/uploads\/2025\/09\/Soulages-1.jpg\" alt=\"\" class=\"wp-image-1122 size-full\"\/><\/figure><div class=\"wp-block-media-text__content\">\n<p class=\"has-foreground-color has-text-color has-link-color has-large-font-size wp-elements-faffedf7bc1a19b4bac92da1f98b8499\"><strong>\u00ab&nbsp;Soulages<em> \u00bb<\/em><\/strong><\/p>\n\n\n\n<p class=\"has-foreground-color has-text-color has-link-color wp-elements-b07ba7fd83a0bd12132f846a6557527b\"><strong>Pr\u00e9sent\u00e9e par Romain MATHIEU<\/strong><\/p>\n\n\n\n<p class=\"has-foreground-color has-text-color has-link-color wp-elements-2fb5b0bcd6548bb30d89363e04e1f346\"><strong>Historien et Docteur en Histoire de l\u2019Art, critique pour Art Press et enseignant \u00e0 l\u2019\u00e9cole Sup\u00e9rieure d\u2019Art et de Design de Saint-Etienne<\/strong><\/p>\n\n\n\n<p class=\"has-vivid-green-cyan-color has-text-color has-link-color wp-elements-3b106619fd1f5301ce8f873acbac5caa\"><strong><a href=\"https:\/\/www.acapp.fr\/index.php\/conferences\/soulages\/\" data-type=\"page\" data-id=\"1118\">D\u00e9tail<\/a><\/strong><\/p>\n<\/div><\/div>\n\n\n\n<div class=\"wp-block-media-text is-stacked-on-mobile\"><figure class=\"wp-block-media-text__media\"><img loading=\"lazy\" decoding=\"async\" width=\"651\" height=\"900\" src=\"https:\/\/www.acapp.fr\/wp-content\/uploads\/2025\/09\/hundertwasser2-1.jpg\" alt=\"\" class=\"wp-image-1148 size-full\" srcset=\"https:\/\/www.acapp.fr\/wp-content\/uploads\/2025\/09\/hundertwasser2-1.jpg 651w, https:\/\/www.acapp.fr\/wp-content\/uploads\/2025\/09\/hundertwasser2-1-217x300.jpg 217w\" sizes=\"auto, (max-width: 651px) 100vw, 651px\" \/><\/figure><div class=\"wp-block-media-text__content\">\n<p class=\"has-foreground-color has-text-color has-link-color has-large-font-size wp-elements-2fba8041b7dcc42d0d1d3e547feb3f1b\"><strong>\u00ab&nbsp;Hundertwasser<em> \u00bb<\/em><\/strong><\/p>\n\n\n\n<p class=\"has-foreground-color has-text-color has-link-color wp-elements-fe7eb6c98931976cc25ce07a5b2a306f\"><strong>Pr\u00e9sent\u00e9e par Agn\u00e8s GUENASSIA<\/strong><\/p>\n\n\n\n<p class=\"has-foreground-color has-text-color has-link-color wp-elements-d46d9f15b4dd73bb23fe4d7c1a119fbf\"><strong><strong>Conf\u00e9renci\u00e8re en Art Moderne et Contemporain, professeur d\u2019Arts Plastiques<\/strong><\/strong><\/p>\n\n\n\n<p class=\"has-vivid-green-cyan-color has-text-color has-link-color wp-elements-f04aa1a745aacc68f1891157dcf8fa74\"><strong><a href=\"https:\/\/www.acapp.fr\/index.php\/conferences\/hundertwasser\/\" data-type=\"page\" data-id=\"1118\">D\u00e9tail<\/a><\/strong><\/p>\n<\/div><\/div>\n\n\n\n<h2 class=\"wp-block-heading has-text-align-center has-vivid-red-color has-luminous-vivid-amber-background-color has-text-color has-background has-link-color wp-elements-6b8cc7a24839f3404cd26f5a8de7a182\" style=\"font-size:35px\"><strong>Conf\u00e9rences 2024 &#8211; 2025<\/strong><\/h2>\n\n\n\n<div class=\"wp-block-media-text is-stacked-on-mobile\"><figure class=\"wp-block-media-text__media\"><img loading=\"lazy\" decoding=\"async\" width=\"269\" height=\"400\" src=\"https:\/\/www.acapp.fr\/wp-content\/uploads\/2024\/09\/giotto.jpgPortrait.jpg\" alt=\"\" class=\"wp-image-173 size-full\" srcset=\"https:\/\/www.acapp.fr\/wp-content\/uploads\/2024\/09\/giotto.jpgPortrait.jpg 269w, https:\/\/www.acapp.fr\/wp-content\/uploads\/2024\/09\/giotto.jpgPortrait-202x300.jpg 202w\" sizes=\"auto, (max-width: 269px) 100vw, 269px\" \/><\/figure><div class=\"wp-block-media-text__content\">\n<p class=\"has-foreground-color has-text-color has-link-color has-large-font-size wp-elements-636348161cee2376f163621a946d9899\"><strong>\u00ab&nbsp;L\u2019autoportrait, ou l\u2019artiste par lui-m\u00eame, de Giotto \u00e0 Bacon \u00bb<\/strong><\/p>\n\n\n\n<p class=\"has-foreground-color has-text-color has-link-color wp-elements-9d71f6b1bfc2c6c5f5d17da8d5742b12\"><strong>Pr\u00e9sent\u00e9e par Jean-Philippe LAGRUE<\/strong><\/p>\n\n\n\n<p class=\"has-foreground-color has-text-color has-link-color wp-elements-15d45f1deb0acc996ec3dd16ec85860a\"><strong>Arch\u00e9ologue-conf\u00e9rencier en Histoire de l\u2019Art<\/strong><\/p>\n\n\n\n<p class=\"has-vivid-green-cyan-color has-text-color has-link-color wp-elements-8db4194e25ef5db4d5fadc4d7316ff2c\"><strong><a href=\"https:\/\/www.acapp.fr\/index.php\/autoportrait\/\" data-type=\"page\" data-id=\"165\">D\u00e9tail<\/a><\/strong> <\/p>\n<\/div><\/div>\n\n\n\n<hr class=\"wp-block-separator has-alpha-channel-opacity is-style-wide\"\/>\n\n\n\n<div class=\"wp-block-media-text is-stacked-on-mobile\" style=\"grid-template-columns:63% auto\"><figure class=\"wp-block-media-text__media\"><img loading=\"lazy\" decoding=\"async\" width=\"1024\" height=\"481\" src=\"https:\/\/www.acapp.fr\/wp-content\/uploads\/2024\/10\/Miss-Tic-1-1024x481.jpg\" alt=\"\" class=\"wp-image-564 size-full\" srcset=\"https:\/\/www.acapp.fr\/wp-content\/uploads\/2024\/10\/Miss-Tic-1-1024x481.jpg 1024w, https:\/\/www.acapp.fr\/wp-content\/uploads\/2024\/10\/Miss-Tic-1-300x141.jpg 300w, https:\/\/www.acapp.fr\/wp-content\/uploads\/2024\/10\/Miss-Tic-1-768x360.jpg 768w, https:\/\/www.acapp.fr\/wp-content\/uploads\/2024\/10\/Miss-Tic-1.jpg 1123w\" sizes=\"auto, (max-width: 1024px) 100vw, 1024px\" \/><\/figure><div class=\"wp-block-media-text__content\">\n<p class=\"has-foreground-color has-text-color has-link-color has-large-font-size wp-elements-2ca3bb8f7c19d8facad1b7626023cc13\"><strong>\u00ab&nbsp;MISS TIC \u00bb<\/strong><\/p>\n\n\n\n<p class=\"has-foreground-color has-text-color has-link-color wp-elements-1f80c766df04f4f247d5c35461d571ce\"><strong>Pr\u00e9sent\u00e9e par Eva ESTIENNE<\/strong><\/p>\n\n\n\n<p class=\"has-foreground-color has-text-color has-link-color wp-elements-9222e1f5aa5a634f05b6432790311c77\"><strong>Conf\u00e9renci\u00e8re en Histoire de l\u2019Art<\/strong><\/p>\n\n\n\n<p class=\"has-vivid-green-cyan-color has-text-color has-link-color wp-elements-54e1d45f26f0978041db063813a11abd\"><strong><a href=\"https:\/\/www.acapp.fr\/index.php\/conferences\/miss-tic\/\" data-type=\"page\" data-id=\"560\">D\u00e9tail<\/a><\/strong><\/p>\n<\/div><\/div>\n\n\n\n<div class=\"wp-block-media-text is-stacked-on-mobile\" style=\"grid-template-columns:57% auto\"><figure class=\"wp-block-media-text__media\"><img loading=\"lazy\" decoding=\"async\" width=\"640\" height=\"327\" src=\"https:\/\/www.acapp.fr\/wp-content\/uploads\/2025\/01\/eaux-1.jpg\" alt=\"\" class=\"wp-image-748 size-full\" srcset=\"https:\/\/www.acapp.fr\/wp-content\/uploads\/2025\/01\/eaux-1.jpg 640w, https:\/\/www.acapp.fr\/wp-content\/uploads\/2025\/01\/eaux-1-300x153.jpg 300w\" sizes=\"auto, (max-width: 640px) 100vw, 640px\" \/><\/figure><div class=\"wp-block-media-text__content\">\n<p class=\"has-foreground-color has-text-color has-link-color has-large-font-size wp-elements-62ed82be9b46779095f61ee234884b35\"><strong>\u00ab&nbsp;<strong><em>Histoire d\u2019eaux : utilisations et significations de l\u2019eau dans l\u2019art, de l\u2019antiquit\u00e9 au XX\u00e8me si\u00e8cle<\/em><\/strong> \u00bb<\/strong><\/p>\n\n\n\n<p class=\"has-foreground-color has-text-color has-link-color wp-elements-9d71f6b1bfc2c6c5f5d17da8d5742b12\"><strong>Pr\u00e9sent\u00e9e par Jean-Philippe LAGRUE<\/strong><\/p>\n\n\n\n<p class=\"has-foreground-color has-text-color has-link-color wp-elements-15d45f1deb0acc996ec3dd16ec85860a\"><strong>Arch\u00e9ologue-conf\u00e9rencier en Histoire de l\u2019Art<\/strong><\/p>\n\n\n\n<p class=\"has-vivid-green-cyan-color has-text-color has-link-color wp-elements-64df04f82376420c0479b99aad1a925d\"><strong><a href=\"https:\/\/www.acapp.fr\/index.php\/conferences\/histoire-deaux\/\" data-type=\"page\" data-id=\"744\">D\u00e9tail<\/a><\/strong><\/p>\n<\/div><\/div>\n\n\n\n<div class=\"wp-block-media-text is-stacked-on-mobile\" style=\"grid-template-columns:57% auto\"><figure class=\"wp-block-media-text__media\"><img loading=\"lazy\" decoding=\"async\" width=\"320\" height=\"213\" src=\"https:\/\/www.acapp.fr\/wp-content\/uploads\/2025\/02\/Censure.jpg\" alt=\"\" class=\"wp-image-856 size-full\" srcset=\"https:\/\/www.acapp.fr\/wp-content\/uploads\/2025\/02\/Censure.jpg 320w, https:\/\/www.acapp.fr\/wp-content\/uploads\/2025\/02\/Censure-300x200.jpg 300w\" sizes=\"auto, (max-width: 320px) 100vw, 320px\" \/><\/figure><div class=\"wp-block-media-text__content\">\n<p class=\"has-foreground-color has-text-color has-link-color has-large-font-size wp-elements-021ce21ee5c750c4b51129f95520f127\"><strong>\u00ab&nbsp;<em>Les censures et l&rsquo;art \u00bb<\/em><\/strong><\/p>\n\n\n\n<p class=\"has-foreground-color has-text-color has-link-color wp-elements-62c953abe78a59e00a96c4952d568ff7\"><strong> Pr\u00e9sent\u00e9e par Romain MATHIEU<\/strong><\/p>\n\n\n\n<p class=\"has-foreground-color has-text-color has-link-color wp-elements-fe700fbf6f8aa53c0c37925888117b2a\"><strong>Historien et Docteur en Histoire de l\u2019Art, critique pour Art Press et enseignant \u00e0 l\u2019\u00e9cole Sup\u00e9rieure d\u2019Art et de Design de Saint-Etienne<\/strong><\/p>\n\n\n\n<p class=\"has-vivid-green-cyan-color has-text-color has-link-color wp-elements-ead4f4b420989bd25087007c5d266e6c\"><strong><a href=\"https:\/\/www.acapp.fr\/index.php\/conferences\/censure\/\" data-type=\"page\" data-id=\"851\">D\u00e9tail<\/a><\/strong><\/p>\n<\/div><\/div>\n\n\n\n<div class=\"wp-block-media-text is-stacked-on-mobile\" style=\"grid-template-columns:57% auto\"><figure class=\"wp-block-media-text__media\"><img loading=\"lazy\" decoding=\"async\" width=\"292\" height=\"274\" src=\"https:\/\/www.acapp.fr\/wp-content\/uploads\/2025\/03\/Atelier.jpg\" alt=\"\" class=\"wp-image-940 size-full\"\/><\/figure><div class=\"wp-block-media-text__content\">\n<p class=\"has-foreground-color has-text-color has-link-color has-large-font-size wp-elements-2c969ae41d4a989c18611651171d9191\"><strong>\u00ab&nbsp;<em>Les ateliers d&rsquo;artistes \u00bb<\/em><\/strong><\/p>\n\n\n\n<p class=\"has-foreground-color has-text-color has-link-color wp-elements-e931ab0e8d2772efe70a31927c03a517\"><strong> Pr\u00e9sent\u00e9e par Agn\u00e8s Guenassia<\/strong><\/p>\n\n\n\n<p class=\"has-foreground-color has-text-color has-link-color wp-elements-c2cbcc3f18c610af29ab2e9bb798d891\"><strong><strong>Conf\u00e9renci\u00e8re en Art Moderne et Contemporain, professeur d\u2019Arts Plastiques<\/strong><\/strong><\/p>\n\n\n\n<p class=\"has-vivid-green-cyan-color has-text-color has-link-color wp-elements-37a2fafb7dde89b250a7c2cf74997324\"><strong><a href=\"https:\/\/www.acapp.fr\/index.php\/conferences\/ateliers-artistes\/\" data-type=\"page\" data-id=\"942\">D\u00e9tail<\/a><\/strong><\/p>\n<\/div><\/div>\n\n\n\n<div class=\"wp-block-media-text is-stacked-on-mobile\" style=\"grid-template-columns:57% auto\"><figure class=\"wp-block-media-text__media\"><img loading=\"lazy\" decoding=\"async\" width=\"417\" height=\"273\" src=\"https:\/\/www.acapp.fr\/wp-content\/uploads\/2025\/04\/jeune-fille-au-piano-1.jpg\" alt=\"\" class=\"wp-image-1013 size-full\" srcset=\"https:\/\/www.acapp.fr\/wp-content\/uploads\/2025\/04\/jeune-fille-au-piano-1.jpg 417w, https:\/\/www.acapp.fr\/wp-content\/uploads\/2025\/04\/jeune-fille-au-piano-1-300x196.jpg 300w\" sizes=\"auto, (max-width: 417px) 100vw, 417px\" \/><\/figure><div class=\"wp-block-media-text__content\">\n<p class=\"has-foreground-color has-text-color has-link-color has-large-font-size wp-elements-aedaea9974b93b9f4e8b899d309bf830\"><strong>\u00ab&nbsp;<em>La musique au temps de C\u00e9zanne \u00bb<\/em><\/strong><\/p>\n\n\n\n<p class=\"has-foreground-color has-text-color has-link-color wp-elements-6bb54ff4ff3267ecb9aa863016a626b6\"><strong> Pr\u00e9sent\u00e9e par <strong>Fran\u00e7oise Espitalier-Canonge<\/strong><\/strong><\/p>\n\n\n\n<p class=\"has-foreground-color has-text-color has-link-color wp-elements-3c6bce1215e0512ddd545a4597eb40f2\"><strong><strong>Conf\u00e9renci\u00e8re <\/strong><\/strong><\/p>\n\n\n\n<p class=\"has-vivid-green-cyan-color has-text-color has-link-color wp-elements-93d6eabc1d9644b80a698f058bf5c808\"><strong><a href=\"https:\/\/www.acapp.fr\/index.php\/conferences\/musique-cezanne\/\" data-type=\"page\" data-id=\"1010\">D\u00e9tail<\/a><\/strong><\/p>\n<\/div><\/div>\n\n\n\n<p><\/p>\n","protected":false},"excerpt":{"rendered":"<p>Conf\u00e9rences 2025 &#8211; 2026 Conf\u00e9rence&nbsp;\u00ab&nbsp;Maternit\u00e9 et enfance dans l\u2019art occidental, de l\u2019antiquit\u00e9 \u00e0 nos jours \u00bb Pr\u00e9sent\u00e9e par Jean-Philippe LAGRUE Arch\u00e9ologue-conf\u00e9rencier en Histoire de l\u2019Art D\u00e9tail Conf\u00e9rence&nbsp;\u00ab&nbsp;Pier Paolo Pasolini : cin\u00e9ma et peinture\u00bb Pr\u00e9sent\u00e9e par Laura VICHI Docteure de l&rsquo;Universit\u00e9 de Bologne et chercheuse ind\u00e9pendante D\u00e9tail Conf\u00e9rence&nbsp;\u00ab&nbsp;Les repr\u00e9sentations du 3\u00e8me \u00e2ge dans l\u2019art\u00bb Pr\u00e9sent\u00e9e par [&hellip;]<\/p>\n","protected":false},"author":1,"featured_media":0,"parent":0,"menu_order":0,"comment_status":"closed","ping_status":"closed","template":"","meta":{"footnotes":""},"class_list":["post-172","page","type-page","status-publish","hentry"],"_links":{"self":[{"href":"https:\/\/www.acapp.fr\/index.php\/wp-json\/wp\/v2\/pages\/172","targetHints":{"allow":["GET"]}}],"collection":[{"href":"https:\/\/www.acapp.fr\/index.php\/wp-json\/wp\/v2\/pages"}],"about":[{"href":"https:\/\/www.acapp.fr\/index.php\/wp-json\/wp\/v2\/types\/page"}],"author":[{"embeddable":true,"href":"https:\/\/www.acapp.fr\/index.php\/wp-json\/wp\/v2\/users\/1"}],"replies":[{"embeddable":true,"href":"https:\/\/www.acapp.fr\/index.php\/wp-json\/wp\/v2\/comments?post=172"}],"version-history":[{"count":20,"href":"https:\/\/www.acapp.fr\/index.php\/wp-json\/wp\/v2\/pages\/172\/revisions"}],"predecessor-version":[{"id":1377,"href":"https:\/\/www.acapp.fr\/index.php\/wp-json\/wp\/v2\/pages\/172\/revisions\/1377"}],"wp:attachment":[{"href":"https:\/\/www.acapp.fr\/index.php\/wp-json\/wp\/v2\/media?parent=172"}],"curies":[{"name":"wp","href":"https:\/\/api.w.org\/{rel}","templated":true}]}}