{"id":165,"date":"2024-09-10T11:06:50","date_gmt":"2024-09-10T09:06:50","guid":{"rendered":"https:\/\/www.acapp.fr\/?page_id=165"},"modified":"2025-02-27T11:24:39","modified_gmt":"2025-02-27T10:24:39","slug":"autoportrait","status":"publish","type":"page","link":"https:\/\/www.acapp.fr\/index.php\/conferences\/autoportrait\/","title":{"rendered":"Autoportrait"},"content":{"rendered":"\n<h2 class=\"wp-block-heading alignwide has-vivid-red-color has-text-color has-link-color wp-elements-b418481e4f807500fca2941510e82cbe\" style=\"font-size:42px\"><strong>MARDI 21 JANVIER 2025 \u00c0 18H<\/strong><\/h2>\n\n\n\n<figure class=\"wp-block-image aligncenter size-full is-resized\"><img loading=\"lazy\" decoding=\"async\" width=\"504\" height=\"607\" src=\"https:\/\/www.acapp.fr\/wp-content\/uploads\/2024\/09\/Autoportrait.jpg\" alt=\"\" class=\"wp-image-166\" style=\"width:305px;height:auto\" srcset=\"https:\/\/www.acapp.fr\/wp-content\/uploads\/2024\/09\/Autoportrait.jpg 504w, https:\/\/www.acapp.fr\/wp-content\/uploads\/2024\/09\/Autoportrait-249x300.jpg 249w\" sizes=\"auto, (max-width: 504px) 100vw, 504px\" \/><\/figure>\n\n\n\n<p class=\"has-text-align-center has-vivid-red-color has-text-color has-link-color has-large-font-size wp-elements-a3ac3fdc16f81bf795967a885a9a8e4b\"><strong><em>\u00ab&nbsp;L\u2019autoportrait, ou l\u2019artiste par lui-m\u00eame, de Giotto \u00e0 Bacon \u00bb<\/em><\/strong><\/p>\n\n\n\n<p class=\"has-text-align-center has-foreground-color has-text-color has-link-color wp-elements-0107d076ec995090b142669f4dfcda27\" style=\"font-size:17px\"><strong>Pr\u00e9sent\u00e9e par Jean-Philippe LAGRUE Arch\u00e9ologue                                                                     &#8211; conf\u00e9rencier en Histoire de l&rsquo;Art<\/strong><\/p>\n\n\n\n<p class=\"has-foreground-color has-text-color has-background has-link-color wp-elements-eae4ce6e0eb141941c205673420bc2a1\" style=\"background-color:#e9faf9\">Pr\u00e9sent dans la peinture m\u00e9di\u00e9vale, l\u2019essor de l\u2019autoportrait ou portrait du peintre par lui-m\u00eame est au d\u00e9part intimement li\u00e9 \u00e0 des progr\u00e8s d\u2019ordre technique, soit l\u2019apparition et la diffusion des miroirs de verre, puis la d\u00e9couverte de la peinture \u00e0 l\u2019huile au XV\u00e8me si\u00e8cle. \u00ab Cach\u00e9 \u00bb, \u00ab en situation \u00bb ou sous les traits de saint Luc, ce th\u00e8me de peinture conna\u00eet \u00e0 partir de la Renaissance un d\u00e9veloppement \u00e0 part enti\u00e8re, t\u00e9moignant autant de l\u2019\u00e9volution de la peinture en tant qu\u2019art lib\u00e9ral, que de la reconnaissance sociale et artistique des peintres. Scrutant son visage et son corps, l\u2019artiste fait de sa personnalit\u00e9 physique et morale le sujet m\u00eame du tableau, selon sa propre \u00ab mani\u00e8re \u00bb et le passage du temps. En tenue d\u2019atelier (Chardin), ou dans sa sph\u00e8re priv\u00e9e (Pontormo, Courbet), avec sa famille (Largilli\u00e8re, Vig\u00e9e-Lebrun) ou avec ses amis (Fantin Latour, Ernst), le peintre \u00e9tale au grand jour sa r\u00e9ussite (V\u00e9lazquez, Poussin), ses revers de fortune (Rembrandt, Gauguin) et ses angoisses (Michel Ange, La Tour, Van Gogh). Pour d\u2019autres (Gauguin, Bacon), l\u2019autoportrait permet une r\u00e9flexion sur la vanit\u00e9 des apparences et de la gloire.<\/p>\n\n\n\n<p class=\"has-foreground-color has-text-color has-link-color has-small-font-size wp-elements-061117a3fd530b065a32ed8fa0ab883b\"><strong>Auditorium Andr\u00e9 No\u00ebl \u2013 H\u00f4tel de ville<\/strong><\/p>\n\n\n\n<p class=\"has-foreground-color has-text-color has-link-color has-small-font-size wp-elements-88ccf92bf3f1f66943a3002ca568c122\"><strong>Esplanade Bernardin Laugier \u2013 Istres<\/strong> <\/p>\n\n\n\n<p class=\"has-foreground-color has-text-color has-link-color wp-elements-4599d24248a6535f88e4b3d3cb428fc7\" style=\"font-size:0.7rem\"><em>(L\u2019INSCRIPTION EST GRATUITE MAIS OBLIGATOIRE<\/em>)<\/p>\n\n\n\n<p><\/p>\n","protected":false},"excerpt":{"rendered":"<p>MARDI 21 JANVIER 2025 \u00c0 18H \u00ab&nbsp;L\u2019autoportrait, ou l\u2019artiste par lui-m\u00eame, de Giotto \u00e0 Bacon \u00bb Pr\u00e9sent\u00e9e par Jean-Philippe LAGRUE Arch\u00e9ologue &#8211; conf\u00e9rencier en Histoire de l&rsquo;Art Pr\u00e9sent dans la peinture m\u00e9di\u00e9vale, l\u2019essor de l\u2019autoportrait ou portrait du peintre par lui-m\u00eame est au d\u00e9part intimement li\u00e9 \u00e0 des progr\u00e8s d\u2019ordre technique, soit l\u2019apparition et la [&hellip;]<\/p>\n","protected":false},"author":1,"featured_media":0,"parent":172,"menu_order":0,"comment_status":"closed","ping_status":"closed","template":"","meta":{"footnotes":""},"class_list":["post-165","page","type-page","status-publish","hentry"],"_links":{"self":[{"href":"https:\/\/www.acapp.fr\/index.php\/wp-json\/wp\/v2\/pages\/165","targetHints":{"allow":["GET"]}}],"collection":[{"href":"https:\/\/www.acapp.fr\/index.php\/wp-json\/wp\/v2\/pages"}],"about":[{"href":"https:\/\/www.acapp.fr\/index.php\/wp-json\/wp\/v2\/types\/page"}],"author":[{"embeddable":true,"href":"https:\/\/www.acapp.fr\/index.php\/wp-json\/wp\/v2\/users\/1"}],"replies":[{"embeddable":true,"href":"https:\/\/www.acapp.fr\/index.php\/wp-json\/wp\/v2\/comments?post=165"}],"version-history":[{"count":6,"href":"https:\/\/www.acapp.fr\/index.php\/wp-json\/wp\/v2\/pages\/165\/revisions"}],"predecessor-version":[{"id":658,"href":"https:\/\/www.acapp.fr\/index.php\/wp-json\/wp\/v2\/pages\/165\/revisions\/658"}],"up":[{"embeddable":true,"href":"https:\/\/www.acapp.fr\/index.php\/wp-json\/wp\/v2\/pages\/172"}],"wp:attachment":[{"href":"https:\/\/www.acapp.fr\/index.php\/wp-json\/wp\/v2\/media?parent=165"}],"curies":[{"name":"wp","href":"https:\/\/api.w.org\/{rel}","templated":true}]}}