{"id":149,"date":"2024-09-09T10:29:57","date_gmt":"2024-09-09T08:29:57","guid":{"rendered":"https:\/\/www.acapp.fr\/?page_id=149"},"modified":"2024-09-09T11:17:58","modified_gmt":"2024-09-09T09:17:58","slug":"cours-romain-mathieu","status":"publish","type":"page","link":"https:\/\/www.acapp.fr\/index.php\/cours-dhistoire-de-lart\/cours-romain-mathieu\/","title":{"rendered":"Cours Romain Mathieu"},"content":{"rendered":"\n<div class=\"wp-block-group alignwide is-layout-constrained wp-block-group-is-layout-constrained\">\n<figure class=\"wp-block-image aligncenter size-full is-resized\"><img loading=\"lazy\" decoding=\"async\" width=\"591\" height=\"436\" src=\"https:\/\/www.acapp.fr\/wp-content\/uploads\/2024\/09\/Ancien-testament-1.jpg\" alt=\"\" class=\"wp-image-151\" style=\"width:405px;height:auto\" srcset=\"https:\/\/www.acapp.fr\/wp-content\/uploads\/2024\/09\/Ancien-testament-1.jpg 591w, https:\/\/www.acapp.fr\/wp-content\/uploads\/2024\/09\/Ancien-testament-1-300x221.jpg 300w\" sizes=\"auto, (max-width: 591px) 100vw, 591px\" \/><\/figure>\n<\/div>\n\n\n\n<p class=\"has-foreground-color has-text-color has-link-color wp-elements-f5a35a0236f68c7acb5213d043b8d2cb\">Cours 15h &#8211; 16h30&nbsp;: <strong>L\u2019Ancien testament en peinture<\/strong><\/p>\n\n\n\n<p class=\"has-foreground-color has-text-color has-link-color wp-elements-ae2982c637ef5ac332fd3164f55b9251\">Apr\u00e8s les cours sur les M\u00e9tamorphoses d\u2019Ovide, nous poursuivons notre parcours dans l\u2019histoire de l\u2019art \u00e0 partir d\u2019un texte fondateur, l\u2019Ancien Testament, dont les sc\u00e8nes ont \u00e9t\u00e9 peintes par les plus grands artistes.<\/p>\n\n\n\n<p class=\"has-foreground-color has-text-color has-link-color wp-elements-8b855445d71e08652fcdbfee98727237\"><strong>Les lundis 7, 14 octobre, 4, 18, 25 novembre, 2, 9, 16 d\u00e9cembre 2024, 6 et 13 janvier 2025&nbsp;: 10 s\u00e9ances&nbsp;60\u20ac<\/strong><\/p>\n\n\n\n<p class=\"has-foreground-color has-text-color has-link-color wp-elements-0c2af68aab80671111e0857190ff02b2\">Cours 17h \u2013 18h30<strong>&nbsp;: Les premi\u00e8res avant-gardes<\/strong><\/p>\n\n\n\n<p class=\"has-foreground-color has-text-color has-link-color wp-elements-88dbdf51dc17ffde7c27e99d730a35f5\">Le d\u00e9but du XXe si\u00e8cle voit une effervescence artistique o\u00f9 les artistes s\u2019associent pour revendiquer dans chaque groupe une nouvelle esth\u00e9tique : fauvisme, cubisme, futurisme surr\u00e9alisme\u2026 Par-del\u00e0, les noms de ces mouvements ce sont des artistes majeurs, tels que Matisse, Picasso, Mir\u00f3, dont les \u0153uvres vont transformer notre conception de l\u2019art.<\/p>\n\n\n\n<p class=\"has-foreground-color has-text-color has-link-color wp-elements-80f299b454ee612a956a3d3d5f34d95b\"><a><strong>Les lundis 7, 14 octobre, 4, 18, 25 novembre, 2, 9, 16 d\u00e9cembre 2024, 6 et 13 janvier 2025&nbsp;<\/strong><\/a><strong>: 10 s\u00e9ances&nbsp;60\u20ac<\/strong><\/p>\n\n\n\n<p class=\"has-foreground-color has-text-color has-link-color wp-elements-e46beec5210919026d4a30aa2f4e1a1c\"><strong>Si les deux modules sont pris le tarif global est de 110\u20ac.<\/strong><\/p>\n\n\n\n<p class=\"has-foreground-color has-text-color has-link-color wp-elements-c142c1466d1b09117a3930a817a1a61f\"><strong>Salle Fellini 1 \u2013 CEC Les Heures Claires \u2013 Istres<\/strong><\/p>\n\n\n\n<p class=\"has-foreground-color has-text-color has-link-color wp-elements-8c7e69bd72746b04c3cc1ff0124eecc4\"><strong>Renseignement et inscription aupr\u00e8s de l\u2019ACAPP \u2013 T\u00e9l : 04 13 22 81 33<\/strong><\/p>\n","protected":false},"excerpt":{"rendered":"<p>Cours 15h &#8211; 16h30&nbsp;: L\u2019Ancien testament en peinture Apr\u00e8s les cours sur les M\u00e9tamorphoses d\u2019Ovide, nous poursuivons notre parcours dans l\u2019histoire de l\u2019art \u00e0 partir d\u2019un texte fondateur, l\u2019Ancien Testament, dont les sc\u00e8nes ont \u00e9t\u00e9 peintes par les plus grands artistes. Les lundis 7, 14 octobre, 4, 18, 25 novembre, 2, 9, 16 d\u00e9cembre 2024, [&hellip;]<\/p>\n","protected":false},"author":1,"featured_media":0,"parent":138,"menu_order":0,"comment_status":"closed","ping_status":"closed","template":"","meta":{"footnotes":""},"class_list":["post-149","page","type-page","status-publish","hentry"],"_links":{"self":[{"href":"https:\/\/www.acapp.fr\/index.php\/wp-json\/wp\/v2\/pages\/149","targetHints":{"allow":["GET"]}}],"collection":[{"href":"https:\/\/www.acapp.fr\/index.php\/wp-json\/wp\/v2\/pages"}],"about":[{"href":"https:\/\/www.acapp.fr\/index.php\/wp-json\/wp\/v2\/types\/page"}],"author":[{"embeddable":true,"href":"https:\/\/www.acapp.fr\/index.php\/wp-json\/wp\/v2\/users\/1"}],"replies":[{"embeddable":true,"href":"https:\/\/www.acapp.fr\/index.php\/wp-json\/wp\/v2\/comments?post=149"}],"version-history":[{"count":2,"href":"https:\/\/www.acapp.fr\/index.php\/wp-json\/wp\/v2\/pages\/149\/revisions"}],"predecessor-version":[{"id":153,"href":"https:\/\/www.acapp.fr\/index.php\/wp-json\/wp\/v2\/pages\/149\/revisions\/153"}],"up":[{"embeddable":true,"href":"https:\/\/www.acapp.fr\/index.php\/wp-json\/wp\/v2\/pages\/138"}],"wp:attachment":[{"href":"https:\/\/www.acapp.fr\/index.php\/wp-json\/wp\/v2\/media?parent=149"}],"curies":[{"name":"wp","href":"https:\/\/api.w.org\/{rel}","templated":true}]}}