{"id":1402,"date":"2026-03-31T09:20:44","date_gmt":"2026-03-31T07:20:44","guid":{"rendered":"https:\/\/www.acapp.fr\/?page_id=1402"},"modified":"2026-03-31T09:20:44","modified_gmt":"2026-03-31T07:20:44","slug":"toscane","status":"publish","type":"page","link":"https:\/\/www.acapp.fr\/index.php\/sorties-culturelles\/toscane\/","title":{"rendered":"Toscane"},"content":{"rendered":"\n<p class=\"has-text-align-center has-secondary-background-color has-background has-large-font-size\"><strong>TOSCANE dont LE JARDIN DES TAROTS<\/strong><\/p>\n\n\n\n<p class=\"has-text-align-center has-large-font-size\"><strong>DU 19 AU 22 MAI 2026<\/strong><\/p>\n\n\n\n<p class=\"has-text-align-center has-foreground-color has-text-color has-link-color has-large-font-size wp-elements-a5c8977efc42d74f11fb3d3c44692141\"><strong>\u00c9chapp\u00e9e Toscane : Pise, Pitigliano, Sienne et Lucques<\/strong><\/p>\n\n\n<p><span style=\"color: #000000;\">D\u00e9couvrez les tr\u00e9sors cach\u00e9s et les villes embl\u00e9matiques de la Toscane et de ses environs lors d\u2019un circuit inoubliable de 4 jours. De la majest\u00e9 de la Place des Miracles \u00e0 Pise \u00e0 l\u2019atmosph\u00e8re m\u00e9di\u00e9vale de Sienne, en passant par l\u2019insolite Jardin des Tarots, laissez-vous charmer par la richesse culturelle et la beaut\u00e9 des paysages italiens.<\/span><\/p>\n\n<p><span style=\"color: #ff0000;\"><strong>Jour 1 : Pise- Montecatini <\/strong><\/span><\/p>\n<p><span style=\"color: #000000;\"><strong>Matin :<\/strong> D\u00e9part d\u2019Istres en autocar Grand Tourisme. Profitez du voyage pour vous impr\u00e9gner de l\u2019ambiance de l\u2019Italie. D\u00e9jeuner en cours de route.<\/span><\/p>\n<p><span style=\"color: #000000;\"><strong>Apr\u00e8s-midi :<\/strong> Arriv\u00e9e \u00e0 Pise. Votre d\u00e9couverte commence par la remise de vos \u00e9couteurs individuels pour un confort de visite optimal tout au long du s\u00e9jour. Un petit train vous m\u00e8nera du parking au coeur du centre historique.<\/span><\/p>\n<p><span style=\"color: #000000;\"><strong>Visite guid\u00e9e de Pise :<\/strong> Plongez dans l\u2019histoire de cette ville universitaire, class\u00e9e au patrimoine mondial de l\u2019UNESCO. La Piazza dei Miracoli (Place des Miracles) vous r\u00e9v\u00e9lera ses joyaux : la Cath\u00e9drale (chef-d\u2019\u0153uvre de l\u2019art roman), le Baptist\u00e8re et, bien s\u00fbr, la c\u00e9l\u00e8bre Tour Pench\u00e9e, symbole iconique de l\u2019Italie.<\/span><\/p>\n<p><span style=\"color: #000000;\"><strong>Soir :<\/strong> Continuation vers la r\u00e9gion de Montecatini. Installation et nuit \u00e0 l\u2019h\u00f4tel.<\/span><\/p>\n<p><span style=\"color: #ff0000;\"><strong>Jour 2 : Entre Cit\u00e9s \u00c9trusques et Art Fantastique <\/strong><\/span><\/p>\n<p><span style=\"color: #000000;\"><strong>Matin :<\/strong> Petit d\u00e9jeuner \u00e0 l\u2019h\u00f4tel. Visite guid\u00e9e de Pitigliano : Surnomm\u00e9e la \u201cPetite J\u00e9rusalem\u201d, cette cit\u00e9 \u00e9trusque spectaculaire, perch\u00e9e sur un \u00e9peron de tuf volcanique, vous offre un panorama \u00e0 couper le souffle. La visite guid\u00e9e d\u2019une demi-journ\u00e9e vous m\u00e8nera \u00e0 travers ses ruelles pittoresques. Immersion historique : Entr\u00e9e au Mus\u00e9e Arch\u00e9ologique et d\u00e9couverte du Quartier Juif, t\u00e9moignage poignant de D\u00e9jeuner : D\u00e9jeuner typique au restaurant \u00e0 Pitigliano, boissons et caf\u00e9 inclus.<\/span><\/p>\n<p><span style=\"color: #000000;\"><strong>Apr\u00e8s-midi :<\/strong> Visite guid\u00e9e du Jardin des Tarots (Pescia Fiorentina). Laissez-vous transporter dans l\u2019univers onirique de Niki de Saint Phalle. Ce jardin artistique, inspir\u00e9 des arcanes du tarot, est une \u0153uvre monumentale et color\u00e9e, v\u00e9ritable hymne \u00e0 la cr\u00e9ativit\u00e9.<\/span><\/p>\n<p><span style=\"color: #000000;\"><strong>Soir :<\/strong> Installation, d\u00eener et nuit \u00e0 l\u2019h\u00f4tel dans la r\u00e9gion du Lac de Bolsena.<\/span><\/p>\n<p><span style=\"color: #000000;\"><strong>\u00a0<\/strong><\/span><span style=\"color: #ff0000;\"><strong>Jour 3 : Sienne, Coeur du Moyen \u00c2ge <\/strong><\/span><\/p>\n<p><span style=\"color: #000000;\"><strong>Matin :<\/strong> Petit d\u00e9jeuner \u00e0 l\u2019h\u00f4tel. D\u00e9part pour Sienne.<\/span><\/p>\n<p><span style=\"color: #000000;\"><strong>Visite guid\u00e9e de Sienne :<\/strong> Explorez le centre historique de Sienne, l\u2019un des mieux pr\u00e9serv\u00e9s d\u2019Europe. La promenade vous fera admirer les palais gothiques et Renaissance, t\u00e9moins de l\u2019\u00e2ge d\u2019or de la ville.<\/span><\/p>\n<p><span style=\"color: #000000;\"><strong>Les incontournables :<\/strong> D\u00e9couvrez la Piazza del Campo, c\u00e9l\u00e8bre pour sa forme en coquille et le Palio, le Palais Public, la Tour du Mangia et la Fontaine Gaia.<\/span><\/p>\n<p><span style=\"color: #000000;\"><strong>Entr\u00e9e Cath\u00e9drale :<\/strong> Visite de la majestueuse Cath\u00e9drale de Sienne, un chef-d\u2019oeuvre de l\u2019architecture gothique italienne.<\/span><\/p>\n<p><span style=\"color: #000000;\"><strong>D\u00e9jeuner :<\/strong> D\u00e9jeuner de groupe (3 plats) au restaurant \u00e0 Sienne, boissons comprises.<\/span><\/p>\n<p><span style=\"color: #000000;\"><strong>Apr\u00e8s-midi :<\/strong> Temps libre \u00e0 Sienne pour fl\u00e2ner \u00e0 votre guise, ou possibilit\u00e9 de visiter la ville m\u00e9di\u00e9vale de San Gimignano (selon l\u2019option choisie), c\u00e9l\u00e8bre pour ses tours.<\/span><\/p>\n<p><span style=\"color: #000000;\"><strong>Soir :<\/strong> Arriv\u00e9e, d\u00eener et nuit \u00e0 l\u2019h\u00f4tel \u00e0 Montecatini.<\/span><\/p>\n<p><span style=\"color: #ff0000;\"><strong>Jour 4 : Lucques, la Fortifi\u00e9e et Retour <\/strong><\/span><\/p>\n<p><span style=\"color: #000000;\"><strong>Matin :<\/strong> D\u00e9part pour Lucques.<\/span><\/p>\n<p><span style=\"color: #000000;\"><strong>Visite guid\u00e9e de Lucques :<\/strong> D\u00e9couvrez cette ville typique de la Renaissance, enti\u00e8rement ceinte d\u2019imposants remparts. La visite vous m\u00e8nera \u00e0 la Cath\u00e9drale San Martino (ext\u00e9rieur), \u00e0 la pittoresque Via Guinigi, au Palais Guinigi et \u00e0 la singuli\u00e8re Piazza del Mercato, construite sur les fondations d\u2019un amphith\u00e9\u00e2tre romain.<\/span><\/p>\n<p><span style=\"color: #000000;\"><strong>D\u00e9jeuner :<\/strong> D\u00e9jeuner libre. Profitez-en pour d\u00e9guster une derni\u00e8re sp\u00e9cialit\u00e9 locale.<\/span><\/p>\n<p><span style=\"color: #000000;\"><strong>Apr\u00e8s-midi :<\/strong> Route retour vers Istres en autocar Grand Tourisme. <\/span><\/p>\n\n\n<hr class=\"wp-block-separator has-alpha-channel-opacity\"\/>\n\n\n<p><span style=\"color: #000000;\">Prix par personne 691 \u20ac &#8211; valable \u00e0 partir de 40 personnes<\/span><\/p>\n<p><span style=\"color: #000000;\">Prix par personne 750 \u20ac &#8211; valable \u00e0 partir de 30 personnes<\/span><\/p>\n<p><span style=\"color: #000000;\">Prix par personne 877 \u20ac &#8211; valable \u00e0 partir de 20 personnes<\/span><\/p>\n\n<p><span style=\"color: #000000;\"><strong>Le prix comprend : <\/strong><\/span><\/p>\n<p><span style=\"color: #000000;\">&#8211; Le Transport en Autocar de Grand Tourisme<\/span><\/p>\n<p><span style=\"color: #000000;\">&#8211; Le logement en h\u00f4tel 4 \u00e9toiles en demi-pension boissons comprises<\/span><\/p>\n<p><span style=\"color: #000000;\">2 nuits dans la r\u00e9gion de Montecatini Terme<\/span><\/p>\n<p><span style=\"color: #000000;\">1 nuit dans la r\u00e9gion du Lac De Bolsena<\/span><\/p>\n<p><span style=\"color: #000000;\">&#8211; Taxe de s\u00e9jour pour le s\u00e9jour<\/span><\/p>\n<p><span style=\"color: #000000;\">&#8211; 1 D\u00e9jeuner boissons comprises au restaurant \u00e0 Pitigliano<\/span><\/p>\n<p><span style=\"color: #000000;\">&#8211; 1 D\u00e9jeuner au restaurant \u00e0 Sienne avec menu groupe 3 plats boissons comprises<\/span><\/p>\n<p><span style=\"color: #000000;\">&#8211; 1 Visite guid\u00e9e de Pise en demi-journ\u00e9e<\/span><\/p>\n<p><span style=\"color: #000000;\">&#8211; 1 Visite guid\u00e9e de Pitigliano en demi-journ\u00e9e<\/span><\/p>\n<p><span style=\"color: #000000;\">&#8211; 1 Visite guid\u00e9e du jardin des tarots \u00e0 Pescia Fiorentina en demi-journ\u00e9e<\/span><\/p>\n<p><span style=\"color: #000000;\">&#8211; 1 Visite guid\u00e9e de Sienne en demi-journ\u00e9e<\/span><\/p>\n<p><span style=\"color: #000000;\">&#8211; 1 Visite guid\u00e9e de Lucques en demi-journ\u00e9e :<\/span><\/p>\n<p><span style=\"color: #000000;\">&#8211; 1 Billet cumulatif pour les entr\u00e9es au Baptist\u00e8re et \u00e0 la Cathedrale de Pise<\/span><\/p>\n<p><span style=\"color: #000000;\">&#8211; 1 Entr\u00e9e AI Giardini dei tarocchi a Capalbio<\/span><\/p>\n<p><span style=\"color: #000000;\">&#8211; 1 Entr\u00e9e au Mus\u00e9e Archeologique de Pitigliano<\/span><\/p>\n<p><span style=\"color: #000000;\">&#8211; 1 Entr\u00e9e \u00e0 la cath\u00e9drale de Sienne<\/span><\/p>\n<p><span style=\"color: #000000;\">&#8211; 1 Entr\u00e9e \u00e0 la cath\u00e9drale de Lucques<\/span><\/p>\n<p><span style=\"color: #000000;\">&#8211; 1 Petit train \u00e0 Pise du parking au centre historique aller\/retour<\/span><\/p>\n<p><span style=\"color: #000000;\">&#8211; 1 Ecouteurs \u00e0 disposition 4 jours<\/span><\/p>\n<p><span style=\"color: #000000;\"><strong>Le prix ne comprend pas : <\/strong><\/span><\/p>\n<p><span style=\"color: #000000;\">&#8211; Les entr\u00e9es aux visites autres que celles mentionn\u00e9es. Nous consulter pour d\u2019autres entr\u00e9es.<\/span><\/p>\n<p><span style=\"color: #000000;\">&#8211; Les caf\u00e9s le soir aux diners<\/span><\/p>\n<p><span style=\"color: #000000;\">&#8211; Suppl\u00e9ment single 120\u20ac (maximum 4) si plus nous consulter<\/span><\/p>\n<p><span style=\"color: #000000;\">&#8211; Tout ce qui n\u2019est pas mentionn\u00e9 dans le programme<\/span><\/p>\n<p><span style=\"color: #000000;\">&#8211; Vos d\u00e9penses personnelles<\/span><\/p>\n<p><span style=\"color: #000000;\">&#8211; Assurance annulation +15 \u20ac<\/span><\/p>","protected":false},"excerpt":{"rendered":"<p>TOSCANE dont LE JARDIN DES TAROTS DU 19 AU 22 MAI 2026 \u00c9chapp\u00e9e Toscane : Pise, Pitigliano, Sienne et Lucques D\u00e9couvrez les tr\u00e9sors cach\u00e9s et les villes embl\u00e9matiques de la Toscane et de ses environs lors d\u2019un circuit inoubliable de 4 jours. De la majest\u00e9 de la Place des Miracles \u00e0 Pise \u00e0 l\u2019atmosph\u00e8re m\u00e9di\u00e9vale [&hellip;]<\/p>\n","protected":false},"author":1,"featured_media":0,"parent":103,"menu_order":0,"comment_status":"closed","ping_status":"closed","template":"","meta":{"footnotes":""},"class_list":["post-1402","page","type-page","status-publish","hentry"],"_links":{"self":[{"href":"https:\/\/www.acapp.fr\/index.php\/wp-json\/wp\/v2\/pages\/1402","targetHints":{"allow":["GET"]}}],"collection":[{"href":"https:\/\/www.acapp.fr\/index.php\/wp-json\/wp\/v2\/pages"}],"about":[{"href":"https:\/\/www.acapp.fr\/index.php\/wp-json\/wp\/v2\/types\/page"}],"author":[{"embeddable":true,"href":"https:\/\/www.acapp.fr\/index.php\/wp-json\/wp\/v2\/users\/1"}],"replies":[{"embeddable":true,"href":"https:\/\/www.acapp.fr\/index.php\/wp-json\/wp\/v2\/comments?post=1402"}],"version-history":[{"count":1,"href":"https:\/\/www.acapp.fr\/index.php\/wp-json\/wp\/v2\/pages\/1402\/revisions"}],"predecessor-version":[{"id":1403,"href":"https:\/\/www.acapp.fr\/index.php\/wp-json\/wp\/v2\/pages\/1402\/revisions\/1403"}],"up":[{"embeddable":true,"href":"https:\/\/www.acapp.fr\/index.php\/wp-json\/wp\/v2\/pages\/103"}],"wp:attachment":[{"href":"https:\/\/www.acapp.fr\/index.php\/wp-json\/wp\/v2\/media?parent=1402"}],"curies":[{"name":"wp","href":"https:\/\/api.w.org\/{rel}","templated":true}]}}