{"id":1396,"date":"2026-03-30T18:25:55","date_gmt":"2026-03-30T16:25:55","guid":{"rendered":"https:\/\/www.acapp.fr\/?page_id=1396"},"modified":"2026-03-31T18:51:53","modified_gmt":"2026-03-31T16:51:53","slug":"lauris","status":"publish","type":"page","link":"https:\/\/www.acapp.fr\/index.php\/lauris\/","title":{"rendered":"Lauris"},"content":{"rendered":"\n<p class=\"has-text-align-center has-vivid-red-color has-secondary-background-color has-text-color has-background has-link-color has-large-font-size wp-elements-1bc1808f08853c92e8080f753a492d86\"><strong>SORTIE CULTURELLE A LAURIS<\/strong><\/p>\n\n\n\n<p class=\"has-text-align-center has-foreground-color has-text-color has-link-color has-large-font-size wp-elements-bfa1387725a560218cb2675a8ea2d9de\"><strong>Visite guid\u00e9e du jardin des plantes tinctoriales &amp; Ateliers<\/strong><\/p>\n\n\n\n<p class=\"has-text-align-center has-vivid-red-color has-text-color has-link-color has-large-font-size wp-elements-2d95f53bdab0becfac2d3f02369fada1\"><strong>Mardi 19 mai 2026 (en autocar)<\/strong><\/p>\n\n\n\n<p class=\"has-text-align-center has-vivid-red-color has-text-color has-link-color has-large-font-size wp-elements-bafb4ad0110f9b2b711b703057c165c9\"><strong>Prix : 25\u20ac<\/strong><\/p>\n\n\n\n<p class=\"has-foreground-color has-text-color has-link-color wp-elements-23dc69cc78e7208bc6170c0fb67cc031\">Rendez-vous \u00e0 <strong>8h15<\/strong> au parking du conservatoire de musique pour un d\u00e9part \u00e0 <strong>8h30.<\/strong><\/p>\n\n\n\n<figure class=\"wp-block-image aligncenter size-full is-resized\"><img loading=\"lazy\" decoding=\"async\" width=\"540\" height=\"312\" src=\"https:\/\/www.acapp.fr\/wp-content\/uploads\/2026\/03\/lauris.jpg\" alt=\"\" class=\"wp-image-1397\" style=\"width:349px;height:auto\" srcset=\"https:\/\/www.acapp.fr\/wp-content\/uploads\/2026\/03\/lauris.jpg 540w, https:\/\/www.acapp.fr\/wp-content\/uploads\/2026\/03\/lauris-300x173.jpg 300w\" sizes=\"auto, (max-width: 540px) 100vw, 540px\" \/><\/figure>\n\n\n<p><span style=\"color: #000000;\"><strong>Lauris<\/strong> est un village du Luberon, perch\u00e9 sur la falaise surplombant la Durance.<\/span><\/p>\n<p><span style=\"color: #000000;\">Mi-mai est le meilleur moment pour visiter ce jardin en fleurs enti\u00e8rement consacr\u00e9 aux plantes tinctoriales. Le jardin compte environ 300 plantes. Des totems donnent des explications et des anecdotes m\u00e9connues pour chaque couleur. A la fin de la visite d\u2019environ 1h, vous assisterez \u00e0 une d\u00e9monstration de \u00ab frapp\u00e9 de feuilles \u00bb<\/span><\/p>\n\n\n<figure class=\"wp-block-image aligncenter size-full is-resized\"><img loading=\"lazy\" decoding=\"async\" width=\"540\" height=\"312\" src=\"https:\/\/www.acapp.fr\/wp-content\/uploads\/2026\/03\/Jardin-tectorial.jpg\" alt=\"\" class=\"wp-image-1398\" style=\"width:287px;height:auto\" srcset=\"https:\/\/www.acapp.fr\/wp-content\/uploads\/2026\/03\/Jardin-tectorial.jpg 540w, https:\/\/www.acapp.fr\/wp-content\/uploads\/2026\/03\/Jardin-tectorial-300x173.jpg 300w\" sizes=\"auto, (max-width: 540px) 100vw, 540px\" \/><\/figure>\n\n\n<p><span style=\"color: #000000;\"><strong><u>Le matin\u00a0: <\/u><\/strong><\/span><\/p>\n<ul>\n<li><span style=\"color: #000000;\"><strong><u>Visite guid\u00e9e du jardin des plantes tinctoriales et atelier fabrication d\u2019encres et peinture v\u00e9g\u00e9tale. <\/u><\/strong><\/span><\/li>\n<li><span style=\"color: #000000;\"><strong>1<sup>er<\/sup> groupe<\/strong> : visite guid\u00e9e suivie d\u2019une d\u00e9monstration de \u00ab frapp\u00e9 de feuilles \u00bb qui r\u00e9v\u00e8le le tanin de la plante et peut inspirer des cr\u00e9ations artistiques. <\/span><\/li>\n<li><span style=\"color: #000000;\"><strong>2<sup>\u00e8me<\/sup> groupe<\/strong> : atelier fabrication d\u2019encres et de peinture v\u00e9g\u00e9tale avec des plantes issues du jardin. Chaque personne du 2<sup>\u00e8me<\/sup> groupe devra venir avec un tablier protecteur et avec 3 \u00e0 5 petits bocaux pour emporter les encres r\u00e9alis\u00e9es ainsi qu\u2019un godet pour la peinture (couvercle de bocal, coquillage\u2026).<\/span><\/li>\n<\/ul>\n<p><span style=\"color: #000000;\"><strong><u>D\u00e9jeuner libre au jardin ou au restaurant\u00a0\u00ab\u00a0La table de Margot\u00a0\u00bb\u00a0: Menu 25\u20ac (entr\u00e9e + plat ou plat + dessert, le caf\u00e9 est inclus)<\/u><\/strong><\/span><\/p>\n<p><span style=\"color: #000000;\"><strong><u>Au choix\u00a0: <\/u><\/strong><\/span><\/p>\n<p><span style=\"color: #000000;\"><strong>Entr\u00e9e\u00a0:\u00a0 <\/strong>Piquillos au chorizo ou brick courgette-f\u00eata-olives<\/span><\/p>\n<p><span style=\"color: #000000;\"><strong>Plats :<\/strong> Dos de lieu noir au four avec l\u00e9gumes et riz ou andouillette de Lauris, pomme de terre saut\u00e9es, salade<\/span><\/p>\n<p><span style=\"color: #000000;\"><strong>Desserts :<\/strong> Moelleux \u00e0 la ch\u00e2taigne, glace, chantilly ou panna cotta aux fruits rouges, sabl\u00e9<\/span><\/p>\n<p><span style=\"color: #000000;\"><strong><u>L\u2019Apr\u00e8s-midi\u00a0: <\/u><\/strong><\/span><\/p>\n<ul>\n<li><span style=\"color: #000000;\"><strong><u>Visite guid\u00e9e du jardin des plantes tinctoriales et ateliers Shibori. \u00a0<\/u><\/strong><\/span><\/li>\n<li><span style=\"color: #000000;\"><strong>2<sup>\u00e8me<\/sup> groupe<\/strong> : visite guid\u00e9e suivie d\u2019une d\u00e9monstration de \u00ab frapp\u00e9 de feuilles \u00bb qui r\u00e9v\u00e8le le tanin de la plante et peut inspirer des cr\u00e9ations artistiques. <\/span><\/li>\n<li><span style=\"color: #000000;\"><strong>1<sup>er<\/sup> groupe<\/strong> : atelier technique japonaise de teinture \u00e0 l\u2019indigo naturel, avec pliage, nouage et torsion de tissu. Il faudra amener un tablier protecteur. Le tissu \u00e0 teindre vous sera fourni.<\/span><\/li>\n<\/ul>\n<p><span style=\"color: #000000;\"><strong>Attention : le jardin est difficilement accessible aux<\/strong> <strong>personnes \u00e0 mobilit\u00e9 r\u00e9duite. Il y a des marches sans rampe et des obstacles.<\/strong><\/span><\/p>\n\n\n<p class=\"has-text-align-center has-large-font-size\"><strong>Date de d\u00e9but d\u2019inscription&nbsp;: LUNDI 4 MAI<\/strong><\/p>\n\n\n<p><span style=\"color: #000000;\"><strong>R\u00e8glement \u00e0 l\u2019inscription<\/strong> : <strong>25\u20ac<\/strong>, CB, esp\u00e8ce ou ch\u00e8que libell\u00e9 au nom de l\u2019<strong>ACAPP<\/strong>.<\/span><\/p>\n<p><span style=\"color: #000000;\">\u00a0\u00a0\u00a0\u00a0\u00a0\u00a0\u00a0\u00a0\u00a0\u00a0\u00a0\u00a0\u00a0\u00a0\u00a0\u00a0\u00a0\u00a0\u00a0\u00a0\u00a0\u00a0\u00a0\u00a0\u00a0\u00a0\u00a0\u00a0\u00a0\u00a0\u00a0\u00a0\u00a0\u00a0\u00a0 \u00a0\u00a0\u00a0\u00a0 <strong>25\u20ac<\/strong> ch\u00e8que \u00e0 l\u2019ordre de \u00ab\u00a0<strong>Ma tasse de th\u00e9 <\/strong>\u00bb<\/span><\/p>\n\n\n<p class=\"has-foreground-color has-text-color has-link-color wp-elements-fd31b2410645ce569c24fa09b0f07643\"><strong>En cas de probl\u00e8me le jour de la sortie Anne GLATIGNY&nbsp;: 06.02.27.78.44<\/strong><\/p>\n","protected":false},"excerpt":{"rendered":"<p>SORTIE CULTURELLE A LAURIS Visite guid\u00e9e du jardin des plantes tinctoriales &amp; Ateliers Mardi 19 mai 2026 (en autocar) Prix : 25\u20ac Rendez-vous \u00e0 8h15 au parking du conservatoire de musique pour un d\u00e9part \u00e0 8h30. Lauris est un village du Luberon, perch\u00e9 sur la falaise surplombant la Durance. Mi-mai est le meilleur moment pour [&hellip;]<\/p>\n","protected":false},"author":1,"featured_media":0,"parent":0,"menu_order":0,"comment_status":"closed","ping_status":"closed","template":"","meta":{"footnotes":""},"class_list":["post-1396","page","type-page","status-publish","hentry"],"_links":{"self":[{"href":"https:\/\/www.acapp.fr\/index.php\/wp-json\/wp\/v2\/pages\/1396","targetHints":{"allow":["GET"]}}],"collection":[{"href":"https:\/\/www.acapp.fr\/index.php\/wp-json\/wp\/v2\/pages"}],"about":[{"href":"https:\/\/www.acapp.fr\/index.php\/wp-json\/wp\/v2\/types\/page"}],"author":[{"embeddable":true,"href":"https:\/\/www.acapp.fr\/index.php\/wp-json\/wp\/v2\/users\/1"}],"replies":[{"embeddable":true,"href":"https:\/\/www.acapp.fr\/index.php\/wp-json\/wp\/v2\/comments?post=1396"}],"version-history":[{"count":3,"href":"https:\/\/www.acapp.fr\/index.php\/wp-json\/wp\/v2\/pages\/1396\/revisions"}],"predecessor-version":[{"id":1416,"href":"https:\/\/www.acapp.fr\/index.php\/wp-json\/wp\/v2\/pages\/1396\/revisions\/1416"}],"wp:attachment":[{"href":"https:\/\/www.acapp.fr\/index.php\/wp-json\/wp\/v2\/media?parent=1396"}],"curies":[{"name":"wp","href":"https:\/\/api.w.org\/{rel}","templated":true}]}}