{"id":1385,"date":"2026-03-30T17:32:12","date_gmt":"2026-03-30T15:32:12","guid":{"rendered":"https:\/\/www.acapp.fr\/?page_id=1385"},"modified":"2026-03-30T17:32:12","modified_gmt":"2026-03-30T15:32:12","slug":"escapade-arlesienne","status":"publish","type":"page","link":"https:\/\/www.acapp.fr\/index.php\/sorties-culturelles\/escapade-arlesienne\/","title":{"rendered":"escapade arlesienne"},"content":{"rendered":"\n<p class=\"has-text-align-center has-vivid-red-color has-secondary-background-color has-text-color has-background has-link-color has-large-font-size wp-elements-30f8b5ea60d720fe8fbb791f029ff3ff\"><strong>Sortie culturelle \u00ab\u00a0ESCAPADE ARL\u00c9SIENNE\u00a0\u00bb<\/strong><\/p>\n\n\n\n<p class=\"has-text-align-center has-vivid-red-color has-text-color has-link-color has-large-font-size wp-elements-23bc4f2152429466ebb8286201f6e522\"><strong>Mercredi 6 mai 2026<\/strong><\/p>\n\n\n\n<p class=\"has-text-align-center has-vivid-red-color has-text-color has-link-color has-large-font-size wp-elements-f244d02ea61a6c2bd00537593722cd8b\"><strong>Prix : 10\u20ac<\/strong><\/p>\n\n\n\n<p class=\"has-foreground-color has-text-color has-link-color wp-elements-953b952b2833dea1dd9a3d0d2b04339f\"><strong>Le matin \u00e0 rendez-vous \u00e0 10h15 pour un d\u00e9but de visite guid\u00e9e \u00e0 10h30, au mus\u00e9e de l&rsquo;Arles Antique<\/strong><\/p>\n\n\n\n<figure class=\"wp-block-image aligncenter size-full\"><img loading=\"lazy\" decoding=\"async\" width=\"161\" height=\"161\" src=\"https:\/\/www.acapp.fr\/wp-content\/uploads\/2026\/03\/Venus.jpg\" alt=\"\" class=\"wp-image-1386\" srcset=\"https:\/\/www.acapp.fr\/wp-content\/uploads\/2026\/03\/Venus.jpg 161w, https:\/\/www.acapp.fr\/wp-content\/uploads\/2026\/03\/Venus-150x150.jpg 150w\" sizes=\"auto, (max-width: 161px) 100vw, 161px\" \/><\/figure>\n\n\n<p><span style=\"color: #000000;\"><strong><em>Rencontre avec la V\u00e9nus d\u2019Arles<\/em><\/strong><\/span><\/p>\n<p><span style=\"color: #000000;\">D\u00e9couverte lors de fouilles pr\u00e8s du th\u00e9\u00e2tre antique d\u2019Arles, elle est expos\u00e9e au mus\u00e9e du Louvres. A partir du mois d\u2019avril cette superbe statue de marbre blanc revient dans sa ville de \u00ab naissance \u00bb pour quelques mois, h\u00e9berg\u00e9e par le mus\u00e9e D\u00e9partemental de l\u2019Arles Antique.<\/span><\/p>\n\n\n<figure class=\"wp-block-image aligncenter size-full\"><img loading=\"lazy\" decoding=\"async\" width=\"250\" height=\"237\" src=\"https:\/\/www.acapp.fr\/wp-content\/uploads\/2026\/03\/P1060591_Arles_eglise_Saint-Croix_rwk.jpg\" alt=\"\" class=\"wp-image-1387\"\/><\/figure>\n\n\n\n<p class=\"has-foreground-color has-text-color has-link-color wp-elements-8838620e5367f3e1068025dc18cd4f60\"><strong>L\u2019apr\u00e8s-midi rendez- vous \u00e0 14h15 pour un d\u00e9but de visite guid\u00e9e \u00e0 14h30, rue des Porcelets &#8211; Quartier de la Roquette<\/strong><\/p>\n\n\n<p><span style=\"color: #000000;\">Cette visite guid\u00e9e vous permettra de parcourir la Roquette, quartier typique et embl\u00e9matique de la ville aux ruelles fleuries et aux cours int\u00e9rieures insoup\u00e7onn\u00e9es.<\/span><\/p>\n\n\n<p class=\"has-vivid-red-color has-text-color has-link-color has-large-font-size wp-elements-5b37f10e2388c5d167c889b8ef923ce2\"><strong>Date de d\u00e9but d\u2019inscription\u00a0: Vendredi 17 avril<\/strong><\/p>\n\n\n\n<p class=\"has-foreground-color has-text-color has-link-color wp-elements-ac6eecb162f359b8f0672f58450c5a6d\">En cas de probl\u00e8me le jour de la sortie : <strong>Mme DESARNAUD\u00a0: 06.86.95.50.62<\/strong><\/p>\n\n\n\n<figure class=\"wp-block-image aligncenter size-full\"><img loading=\"lazy\" decoding=\"async\" width=\"436\" height=\"623\" src=\"https:\/\/www.acapp.fr\/wp-content\/uploads\/2026\/03\/Plan-arles.jpg\" alt=\"\" class=\"wp-image-1388\" srcset=\"https:\/\/www.acapp.fr\/wp-content\/uploads\/2026\/03\/Plan-arles.jpg 436w, https:\/\/www.acapp.fr\/wp-content\/uploads\/2026\/03\/Plan-arles-210x300.jpg 210w\" sizes=\"auto, (max-width: 436px) 100vw, 436px\" \/><\/figure>\n","protected":false},"excerpt":{"rendered":"<p>Sortie culturelle \u00ab\u00a0ESCAPADE ARL\u00c9SIENNE\u00a0\u00bb Mercredi 6 mai 2026 Prix : 10\u20ac Le matin \u00e0 rendez-vous \u00e0 10h15 pour un d\u00e9but de visite guid\u00e9e \u00e0 10h30, au mus\u00e9e de l&rsquo;Arles Antique Rencontre avec la V\u00e9nus d\u2019Arles D\u00e9couverte lors de fouilles pr\u00e8s du th\u00e9\u00e2tre antique d\u2019Arles, elle est expos\u00e9e au mus\u00e9e du Louvres. A partir du mois [&hellip;]<\/p>\n","protected":false},"author":1,"featured_media":0,"parent":103,"menu_order":0,"comment_status":"closed","ping_status":"closed","template":"","meta":{"footnotes":""},"class_list":["post-1385","page","type-page","status-publish","hentry"],"_links":{"self":[{"href":"https:\/\/www.acapp.fr\/index.php\/wp-json\/wp\/v2\/pages\/1385","targetHints":{"allow":["GET"]}}],"collection":[{"href":"https:\/\/www.acapp.fr\/index.php\/wp-json\/wp\/v2\/pages"}],"about":[{"href":"https:\/\/www.acapp.fr\/index.php\/wp-json\/wp\/v2\/types\/page"}],"author":[{"embeddable":true,"href":"https:\/\/www.acapp.fr\/index.php\/wp-json\/wp\/v2\/users\/1"}],"replies":[{"embeddable":true,"href":"https:\/\/www.acapp.fr\/index.php\/wp-json\/wp\/v2\/comments?post=1385"}],"version-history":[{"count":1,"href":"https:\/\/www.acapp.fr\/index.php\/wp-json\/wp\/v2\/pages\/1385\/revisions"}],"predecessor-version":[{"id":1389,"href":"https:\/\/www.acapp.fr\/index.php\/wp-json\/wp\/v2\/pages\/1385\/revisions\/1389"}],"up":[{"embeddable":true,"href":"https:\/\/www.acapp.fr\/index.php\/wp-json\/wp\/v2\/pages\/103"}],"wp:attachment":[{"href":"https:\/\/www.acapp.fr\/index.php\/wp-json\/wp\/v2\/media?parent=1385"}],"curies":[{"name":"wp","href":"https:\/\/api.w.org\/{rel}","templated":true}]}}