{"id":138,"date":"2024-09-09T10:05:33","date_gmt":"2024-09-09T08:05:33","guid":{"rendered":"https:\/\/www.acapp.fr\/?page_id=138"},"modified":"2025-09-29T10:18:51","modified_gmt":"2025-09-29T08:18:51","slug":"cours-dhistoire-de-lart","status":"publish","type":"page","link":"https:\/\/www.acapp.fr\/index.php\/cours-dhistoire-de-lart\/","title":{"rendered":"Cours d&rsquo;histoire de l&rsquo;art"},"content":{"rendered":"\n<p style=\"margin-top:0;margin-bottom:0\"><\/p>\n\n\n\n<h2 class=\"wp-block-heading has-text-align-center has-foreground-color has-secondary-background-color has-text-color has-background has-link-color wp-elements-6c098856aad790af16da7346432c39c1\"><strong>SAISON 2025 \/ 2026<\/strong><\/h2>\n\n\n\n<div class=\"wp-block-media-text alignwide is-stacked-on-mobile is-vertically-aligned-center\" style=\"grid-template-columns:36% auto\"><figure class=\"wp-block-media-text__media\"><img loading=\"lazy\" decoding=\"async\" width=\"194\" height=\"182\" src=\"https:\/\/www.acapp.fr\/wp-content\/uploads\/2024\/09\/JP-Lagrue-1.jpg\" alt=\"\" class=\"wp-image-140 size-full\"\/><\/figure><div class=\"wp-block-media-text__content\">\n<p class=\"has-foreground-color has-text-color has-link-color has-small-font-size wp-elements-4665f5c5e94f4a0e4265b89b0ef5488e\"><strong>Cours de Jean-Philippe Lagrue<\/strong> <strong>arch\u00e9ologue historien d\u2019art<\/strong><\/p>\n\n\n\n<p class=\"has-vivid-red-color has-text-color has-link-color has-medium-font-size wp-elements-4079986819f9106e38215a9d5050edaf\"><strong><em>Art de l\u2019antiquit\u00e9 <\/em><\/strong><em><strong>tardive et du Haut Moyen Age (IVe-X\u00e8me si\u00e8cles)<\/strong><\/em><\/p>\n\n\n\n<p class=\"has-foreground-color has-text-color has-link-color wp-elements-a2cb78091df4fa0b716f40087479be85\"><strong>La p\u00e9riode dite \u201cHaut Moyen Age\u201d (Ve-X\u00e8me si\u00e8cles), longtemps d\u00e9finie comme barbare et obscure, est au contraire une p\u00e9riode de mutations et de cr\u00e9ations. Avec la mise en place d\u2019une nouvelle soci\u00e9t\u00e9, issue des mondes germaniques, l\u2019occident christianis\u00e9 voit la mise en place de nouveaux sch\u00e9mas iconographiques et architecturaux.<\/strong><\/p>\n\n\n\n<p class=\"has-foreground-color has-text-color has-link-color wp-elements-5fabf742ac94cb1ba1a44ac34d310efc\"><strong>19 s\u00e9ances de 17h \u00e0 18h30 d\u00e9coup\u00e9es en 3 modules<\/strong><\/p>\n\n\n\n<p class=\"has-vivid-green-cyan-color has-text-color has-link-color wp-elements-93aaaee6b68a4a30f5fd220e446c0813\"><a href=\"https:\/\/www.acapp.fr\/index.php\/cours-dhistoire-de-lart\/cours-lagrue\/\" data-type=\"page\" data-id=\"127\"><strong>Voir d\u00e9tail &#8211;><\/strong><\/a><\/p>\n\n\n\n<p><\/p>\n<\/div><\/div>\n\n\n\n<div class=\"wp-block-media-text is-stacked-on-mobile\" style=\"margin-top:0px;margin-right:0px;margin-bottom:0px;margin-left:0px;padding-top:0px;padding-right:0px;padding-bottom:0px;padding-left:0px;grid-template-columns:32% auto\"><figure class=\"wp-block-media-text__media\"><img loading=\"lazy\" decoding=\"async\" width=\"248\" height=\"333\" src=\"https:\/\/www.acapp.fr\/wp-content\/uploads\/2024\/09\/Mathieu_Romain.jpg\" alt=\"\" class=\"wp-image-144 size-full\" srcset=\"https:\/\/www.acapp.fr\/wp-content\/uploads\/2024\/09\/Mathieu_Romain.jpg 248w, https:\/\/www.acapp.fr\/wp-content\/uploads\/2024\/09\/Mathieu_Romain-223x300.jpg 223w\" sizes=\"auto, (max-width: 248px) 100vw, 248px\" \/><\/figure><div class=\"wp-block-media-text__content\">\n<p><strong>Cours d\u2019histoire de l\u2019art<\/strong><strong><\/strong><\/p>\n\n\n\n<p class=\"has-foreground-color has-text-color has-link-color has-small-font-size wp-elements-3642544d62fc920f7bab2a2e76ee784c\"><strong>Pr\u00e9sent\u00e9 par Romain MATHIEU, Historien et Docteur en Histoire de l\u2019Art, Critique pour l\u2019Art presse et enseignant \u00e0 l\u2019Ecole Sup\u00e9rieure d\u2019Art et de Design de Saint Etienne<\/strong><\/p>\n\n\n\n<p class=\"has-foreground-color has-text-color has-link-color has-small-font-size wp-elements-9ccb8be26abe1ff2e271f72ac0172c94\"><strong>2 cours se succ\u00e8dent l\u2019apr\u00e8s-midi de 15h \u00e0 16h30 et de 17h \u00e0 18h30<\/strong><\/p>\n\n\n\n<p class=\"has-foreground-color has-text-color has-link-color has-small-font-size wp-elements-6d3452bc795193383fea113cc9a18d16\">Cours 15h &#8211; 16h30&nbsp;: <strong>L\u2019Ancien testament en peinture<\/strong><\/p>\n\n\n\n<p class=\"has-foreground-color has-text-color has-link-color has-small-font-size wp-elements-35b61c6ce7b94e99ed52328f88931710\">Cours 17h \u2013 18h30<strong>\u00a0: Sweet sixties<\/strong><\/p>\n\n\n\n<p class=\"has-vivid-green-cyan-color has-text-color has-link-color has-small-font-size wp-elements-4ca05bcd8d36fd4750999e34a9262722\"><a href=\"https:\/\/www.acapp.fr\/index.php\/cours-dhistoire-de-lart\/romain-mathieu\/\" data-type=\"page\" data-id=\"149\"><strong>Voir d\u00e9tail &#8211;><\/strong><\/a><\/p>\n<\/div><\/div>\n\n\n\n<h2 class=\"wp-block-heading has-text-align-center has-foreground-color has-luminous-vivid-amber-background-color has-text-color has-background has-link-color wp-elements-7e85302f6e5adf6441ee1c500ee7435c\"><strong>SAISON 2024 \/ 2025<\/strong><\/h2>\n\n\n\n<div class=\"wp-block-media-text alignwide is-stacked-on-mobile is-vertically-aligned-center\" style=\"grid-template-columns:36% auto\"><figure class=\"wp-block-media-text__media\"><img loading=\"lazy\" decoding=\"async\" width=\"194\" height=\"182\" src=\"https:\/\/www.acapp.fr\/wp-content\/uploads\/2024\/09\/JP-Lagrue-1.jpg\" alt=\"\" class=\"wp-image-140 size-full\"\/><\/figure><div class=\"wp-block-media-text__content\">\n<p class=\"has-foreground-color has-text-color has-link-color has-small-font-size wp-elements-4665f5c5e94f4a0e4265b89b0ef5488e\"><strong>Cours de Jean-Philippe Lagrue<\/strong> <strong>arch\u00e9ologue historien d\u2019art<\/strong><\/p>\n\n\n\n<p class=\"has-vivid-red-color has-text-color has-link-color has-medium-font-size wp-elements-47d5be444d2826003ae8be37a255ca2b\"><strong><em>Art de l\u2019antiquit\u00e9 classique<\/em><\/strong><\/p>\n\n\n\n<p class=\"has-foreground-color has-text-color has-link-color wp-elements-46dad42c2892fe6900512e00f86b82c9\"><strong>Suivre l\u2019\u00e9volution de l\u2019art grec et romain, de leurs origines (-2500 av notre \u00e8re) \u00e0 la fin de la romanit\u00e9 (5e si\u00e8cle) revient \u00e0 (re)visiter les \u201cclassiques\u201d, soit les plus grands monuments ou sculptures universellement connus, qui ont en grande partie d\u00e9termin\u00e9 le cours de l\u2019art occidental jusqu\u2019au XIX\u00e8me si\u00e8cle.<\/strong><\/p>\n\n\n\n<p class=\"has-foreground-color has-text-color has-link-color wp-elements-bd93cb79d4bfd195e7e948899888d8dd\"><strong>24 s\u00e9ances de 17h \u00e0 18h30 d\u00e9coup\u00e9es en 2 modules<\/strong><\/p>\n\n\n\n<p class=\"has-vivid-green-cyan-color has-text-color has-link-color wp-elements-05dd51a4b8f3d7ad76db7633cbbe697a\"><a href=\"https:\/\/www.acapp.fr\/index.php\/cours-jean-philippe-lagrue\/\" data-type=\"page\" data-id=\"127\"><strong>Voir d\u00e9tail &#8211;&gt;<\/strong><\/a><\/p>\n\n\n\n<p><\/p>\n<\/div><\/div>\n\n\n\n<p><\/p>\n\n\n\n<div class=\"wp-block-media-text is-stacked-on-mobile\" style=\"margin-top:0px;margin-right:0px;margin-bottom:0px;margin-left:0px;padding-top:0px;padding-right:0px;padding-bottom:0px;padding-left:0px;grid-template-columns:32% auto\"><figure class=\"wp-block-media-text__media\"><img loading=\"lazy\" decoding=\"async\" width=\"248\" height=\"333\" src=\"https:\/\/www.acapp.fr\/wp-content\/uploads\/2024\/09\/Mathieu_Romain.jpg\" alt=\"\" class=\"wp-image-144 size-full\" srcset=\"https:\/\/www.acapp.fr\/wp-content\/uploads\/2024\/09\/Mathieu_Romain.jpg 248w, https:\/\/www.acapp.fr\/wp-content\/uploads\/2024\/09\/Mathieu_Romain-223x300.jpg 223w\" sizes=\"auto, (max-width: 248px) 100vw, 248px\" \/><\/figure><div class=\"wp-block-media-text__content\">\n<p><strong>Cours d\u2019histoire de l\u2019art<\/strong><strong><\/strong><\/p>\n\n\n\n<p class=\"has-foreground-color has-text-color has-link-color has-small-font-size wp-elements-3642544d62fc920f7bab2a2e76ee784c\"><strong>Pr\u00e9sent\u00e9 par Romain MATHIEU, Historien et Docteur en Histoire de l\u2019Art, Critique pour l\u2019Art presse et enseignant \u00e0 l\u2019Ecole Sup\u00e9rieure d\u2019Art et de Design de Saint Etienne<\/strong><\/p>\n\n\n\n<p class=\"has-foreground-color has-text-color has-link-color has-small-font-size wp-elements-9ccb8be26abe1ff2e271f72ac0172c94\"><strong>2 cours se succ\u00e8dent l\u2019apr\u00e8s-midi de 15h \u00e0 16h30 et de 17h \u00e0 18h30<\/strong><\/p>\n\n\n\n<p class=\"has-foreground-color has-text-color has-link-color has-small-font-size wp-elements-6d3452bc795193383fea113cc9a18d16\">Cours 15h &#8211; 16h30&nbsp;: <strong>L\u2019Ancien testament en peinture<\/strong><\/p>\n\n\n\n<p class=\"has-foreground-color has-text-color has-link-color has-small-font-size wp-elements-e18cc50e012b2d0a9da55f822cfcf9d2\">Cours 17h \u2013 18h30<strong>&nbsp;: Les premi\u00e8res avant-gardes<\/strong><\/p>\n\n\n\n<p class=\"has-vivid-green-cyan-color has-text-color has-link-color has-small-font-size wp-elements-f48443fd907dadd0cd77ec21ad50a9ac\"><a href=\"https:\/\/www.acapp.fr\/index.php\/cours-romain-mathieu\/\" data-type=\"page\" data-id=\"149\"><strong>Voir d\u00e9tail &#8211;&gt;<\/strong><\/a><\/p>\n<\/div><\/div>\n\n\n\n<p><\/p>\n","protected":false},"excerpt":{"rendered":"<p>SAISON 2025 \/ 2026 Cours de Jean-Philippe Lagrue arch\u00e9ologue historien d\u2019art Art de l\u2019antiquit\u00e9 tardive et du Haut Moyen Age (IVe-X\u00e8me si\u00e8cles) La p\u00e9riode dite \u201cHaut Moyen Age\u201d (Ve-X\u00e8me si\u00e8cles), longtemps d\u00e9finie comme barbare et obscure, est au contraire une p\u00e9riode de mutations et de cr\u00e9ations. Avec la mise en place d\u2019une nouvelle soci\u00e9t\u00e9, issue [&hellip;]<\/p>\n","protected":false},"author":1,"featured_media":0,"parent":0,"menu_order":0,"comment_status":"closed","ping_status":"closed","template":"","meta":{"footnotes":""},"class_list":["post-138","page","type-page","status-publish","hentry"],"_links":{"self":[{"href":"https:\/\/www.acapp.fr\/index.php\/wp-json\/wp\/v2\/pages\/138","targetHints":{"allow":["GET"]}}],"collection":[{"href":"https:\/\/www.acapp.fr\/index.php\/wp-json\/wp\/v2\/pages"}],"about":[{"href":"https:\/\/www.acapp.fr\/index.php\/wp-json\/wp\/v2\/types\/page"}],"author":[{"embeddable":true,"href":"https:\/\/www.acapp.fr\/index.php\/wp-json\/wp\/v2\/users\/1"}],"replies":[{"embeddable":true,"href":"https:\/\/www.acapp.fr\/index.php\/wp-json\/wp\/v2\/comments?post=138"}],"version-history":[{"count":8,"href":"https:\/\/www.acapp.fr\/index.php\/wp-json\/wp\/v2\/pages\/138\/revisions"}],"predecessor-version":[{"id":1140,"href":"https:\/\/www.acapp.fr\/index.php\/wp-json\/wp\/v2\/pages\/138\/revisions\/1140"}],"wp:attachment":[{"href":"https:\/\/www.acapp.fr\/index.php\/wp-json\/wp\/v2\/media?parent=138"}],"curies":[{"name":"wp","href":"https:\/\/api.w.org\/{rel}","templated":true}]}}