{"id":1379,"date":"2026-03-30T16:54:47","date_gmt":"2026-03-30T14:54:47","guid":{"rendered":"https:\/\/www.acapp.fr\/?page_id=1379"},"modified":"2026-03-31T18:46:29","modified_gmt":"2026-03-31T16:46:29","slug":"festival-dessin-2","status":"publish","type":"page","link":"https:\/\/www.acapp.fr\/index.php\/sorties-culturelles\/festival-dessin-2\/","title":{"rendered":"Festival dessin"},"content":{"rendered":"\n<p class=\"has-text-align-center has-secondary-background-color has-background has-large-font-size\"><strong>SORTIE CULTURELLE A ARLES <\/strong><\/p>\n\n\n\n<h2 class=\"wp-block-heading has-text-align-center has-foreground-color has-text-color has-link-color has-large-font-size wp-elements-27afe9b63c60e3a8b8ae13a037fd64cb\"><strong>. Visite guid\u00e9e des expositions au Museon Arlaten<\/strong><\/h2>\n\n\n\n<h2 class=\"wp-block-heading has-text-align-center has-foreground-color has-text-color has-link-color has-large-font-size wp-elements-f792cd7cb5f6bf74b25b8223b2512249\">. <strong>Visite guid\u00e9e des expositions au Mus\u00e9e R\u00e9attu<\/strong><\/h2>\n\n\n\n<p class=\"has-text-align-center has-foreground-color has-text-color has-link-color has-large-font-size wp-elements-21bd715b712cbf931081946f3d0c169c\">et acc\u00e8s, gr\u00e2ce au pass, aux autres expositions dans la ville<\/p>\n\n\n\n<p class=\"has-text-align-center has-foreground-color has-text-color has-link-color has-large-font-size wp-elements-72fb279d00bae41ec9d55221e5429ca6\">dans le cadre du FESTIVAL DU DESSIN<\/p>\n\n\n\n<p class=\"has-text-align-center has-vivid-red-color has-text-color has-link-color has-large-font-size wp-elements-cd8c69406116dcc143094e0f0d77786a\"><strong>Jeudi 30 Avril 2026<\/strong><\/p>\n\n\n\n<p class=\"has-text-align-center has-vivid-red-color has-text-color has-link-color has-large-font-size wp-elements-a4fa5dc996598c9cd8119614f9b89bec\"><strong>Prix : 12\u20ac<\/strong><\/p>\n\n\n\n<figure class=\"wp-block-image aligncenter size-full is-resized\"><img loading=\"lazy\" decoding=\"async\" width=\"92\" height=\"92\" src=\"https:\/\/www.acapp.fr\/wp-content\/uploads\/2026\/03\/Festival-du-dessin.jpg\" alt=\"\" class=\"wp-image-1380\" style=\"width:210px;height:auto\"\/><\/figure>\n\n\n\n<p class=\"has-foreground-color has-text-color has-link-color wp-elements-d54683932745be2506a8588cc65d9f3a\"><strong><u>Le matin visite \u00e0 10h, rendez-vous \u00e0 9h45 devant le Museon Arlaten<\/u><\/strong><\/p>\n\n\n<p><span style=\"color: #000000;\"><strong>Visite guid\u00e9e de l\u2019exposition \u00ab\u00a0VIVA L\u2019ITALIA\u00a0!\u00a0\u00bb au Museon Arlaten<\/strong><\/span><\/p>\n<p><span style=\"color: #000000;\">Tout le monde conna\u00eet les chefs-d\u2019\u0153uvre de la Renaissance, mais en ce qui concerne la peinture, la sculpture et le dessin italiens d\u2019aujourd\u2019hui, on est plus ignorant. \u00ab Viva l&rsquo;Italia ! \u00bb se propose de faire d\u00e9couvrir plusieurs g\u00e9n\u00e9rations d\u2019artistes, \u00e0 commencer par les fameuses Prisons imaginaires grav\u00e9es par Piran\u00e8se. Avec la Collezione Ramo de Milan, qui s\u2019attache \u00e0 montrer l\u2019importance du dessin italien depuis le d\u00e9but du si\u00e8cle dernier \u00e0 nos jours \u2014 vous pourrez d\u00e9couvrir \u00a0les grands noms du XXe si\u00e8cle : les artistes du Futurisme italien, de l\u2019Arte povera, ainsi que Giorgio de Chirico, Alberto Savinio ou encore Giorgio Morandi ainsi que d\u2019autres collections priv\u00e9es et publiques tels que les dessins de Pier Paolo Pasolini, Federico Fellini, Dino Buzzati, Guido Crepax \u2014 le cr\u00e9ateur de la bande dessin\u00e9e Valentina \u2014 et, plus contemporain, l\u2019illustrateur Lorenzo Mattotti.<\/span><\/p>\n<p><span style=\"color: #000000;\">L&rsquo;occasion de porter sur ce grand pays artistique un regard renouvel\u00e9.<\/span><\/p>\n\n\n<p class=\"has-foreground-color has-text-color has-link-color wp-elements-9f7d8d1fd785277211b034bc5198ebd5\"><strong>D\u00e9jeuner libre<\/strong><\/p>\n\n\n\n<p class=\"has-foreground-color has-text-color has-link-color wp-elements-1e2b66558d914ac82aceb8c043d147ea\"><strong><u>L\u2019apr\u00e8s-midi visite \u00e0 14h, rendez-vous \u00e0 13h45 devant le Mus\u00e9e R\u00e9attu<\/u><\/strong><\/p>\n\n\n\n<p class=\"has-foreground-color has-text-color has-link-color wp-elements-5fcd3cbb14666646a51c33808ede4bac\"><strong>Visite guid\u00e9e des expositions de \u00ab&nbsp;Nicolas Lagneau, Jean-Jacques Lequeu, Fernand Leger et Th\u00e9ophile-Alexandre Steinlen&nbsp;\u00bb au Mus\u00e9e R\u00e9attu<\/strong><\/p>\n\n\n<p><span style=\"color: #000000;\"><strong>Nicolas Lagneau <\/strong>(\u00e0 v\u00e9cu entre le XVIe et le XVIIe si\u00e8cles)<\/span><\/p>\n<p><span style=\"color: #000000;\">On ne sait presque rien de son identit\u00e9 r\u00e9elle : il n\u2019est identifi\u00e9 que par le g\u00e9nie artistique de ses dessins, qui lui a valu, tr\u00e8s t\u00f4t, d\u2019\u00eatre consid\u00e9r\u00e9 par les plus importants collectionneurs europ\u00e9ens comme l\u2019un des plus grands dessinateurs de son \u00e9poque. Loin d\u2019att\u00e9nuer les d\u00e9fauts des visages, il les rehausse par un emploi particulier du pastel et de l\u2019estompe, qui fait ressortir les traits, l\u2019incarnat et les expressions : ses mod\u00e8les sont \u00e9tonnamment vivants \u2014 on les entendrait presque respirer.<\/span><\/p>\n<p><span style=\"color: #000000;\"><strong>Jean-Jacques Lequeu <\/strong>(N\u00e9 en 1757 \u00e0 Rouen et mort en 1826 \u00e0 Paris)<\/span><\/p>\n<p><span style=\"color: #000000;\">Son p\u00e8re, artisan menuisier r\u00e9put\u00e9, doubl\u00e9 d\u2019un habile dessinateur, est sans doute \u00e0 l\u2019origine de sa vocation. A une ou deux exceptions pr\u00e8s, il a con\u00e7u des projets architecturaux qui n\u2019ont jamais vu le jour, dans lesquels il laisse libre court \u00e0 un imaginaire d\u00e9brid\u00e9, \u00e0 la fois utopiste, parodique et d\u2019une extr\u00eame \u00e9rudition, ainsi qu\u2019\u00e0 un foisonnement de d\u00e9tails d\u2019un rare raffinement graphique et chromatique. D\u00e9daign\u00e9 de son vivant, puis oubli\u00e9 durant des d\u00e9cennies, il est red\u00e9couvert par l\u2019historien de l\u2019art Emil Kaufmann en 1949.<\/span><\/p>\n<p><span style=\"color: #000000;\"><strong>Fernand Leger <\/strong>(N\u00e9 en 1881 \u00e0 Argentan et mort en 1955 \u00e0 Gif-sur-Yvette)<\/span><\/p>\n<p><span style=\"color: #000000;\">Fils de paysans normands, il s\u2019installe \u00e0 Paris o\u00f9 il c\u00f4toie Chagall, Delaunay, Soutine, Apollinaire, Modigliani. En 1907, il d\u00e9couvre le cubisme de Braque et de Picasso, qui lui inspire son propre langage pictural \u2014 le \u00ab tubisme \u00bb.<\/span><\/p>\n<p><span style=\"color: #000000;\">Partisan d\u2019un art collectif, il fonde avec Ozenfant l\u2019Acad\u00e9mie moderne \u00e0 Montparnasse, que dirigera son \u00e9l\u00e8ve et \u00e9pouse Nadia L\u00e9ger. Conciliant le modernisme des \u00e9l\u00e9ments m\u00e9caniques avec un art social destin\u00e9 au plus grand nombre, il r\u00e9alise en 1951 ce qui sera son \u0153uvre la plus c\u00e9l\u00e8bre, <em>Les<\/em> <em>Constructeurs<\/em>, pour laquelle il ex\u00e9cute plus d\u2019une centaine de dessins et gouaches pr\u00e9paratoires.<\/span><\/p>\n<p><span style=\"color: #000000;\"><strong>Th\u00e9ophile-Alexandre Steinlen <\/strong>(N\u00e9 en 1859 \u00e0 Lausanne et mort en 1923 \u00e0 Paris)<\/span><\/p>\n<p><span style=\"color: #000000;\">Apr\u00e8s des \u00e9tudes de lettres \u00e0 l\u2019acad\u00e9mie de Lausanne, il s\u2019installe d\u00e9finitivement \u00e0 Montmartre en 1883 o\u00f9 il se lie \u00e0<\/span><\/p>\n<p><span style=\"color: #000000;\">Toulouse-Lautrec, Aristide Bruant, F\u00e9lix Vallotton, Alphonse Allais. Combattant virulent de l\u2019injustice, il collabore \u00e0 divers journaux satiriques dont <em>L\u2019Assiette au<\/em> <em>beurre <\/em>et <em>Le Rire<\/em>. Amoureux des chats, il r\u00e9alise en 1896 les c\u00e9l\u00e8bres affiches de la <em>Tourn\u00e9e du chat noir <\/em>qui assoient sa notori\u00e9t\u00e9. D\u00e9non\u00e7ant aussi bien l\u2019injustice de l\u2019affaire Dreyfus que l\u2019absurdit\u00e9 de la Premi\u00e8re Guerre mondiale, il laisse derri\u00e8re lui une \u0153uvre puissante, d\u2019une singuli\u00e8re modernit\u00e9.<\/span><\/p>\n\n\n<p class=\"has-text-align-center\"><strong><u>Le Pass vous permet d\u2019acc\u00e9der \u00e0 toutes les autres expositions.<\/u><\/strong><\/p>\n\n\n\n<p class=\"has-large-font-size\"><strong>Date de d\u00e9but d\u2019inscription&nbsp;: vendredi 17 avril<\/strong><\/p>\n\n\n\n<p><\/p>\n","protected":false},"excerpt":{"rendered":"<p>SORTIE CULTURELLE A ARLES . Visite guid\u00e9e des expositions au Museon Arlaten . Visite guid\u00e9e des expositions au Mus\u00e9e R\u00e9attu et acc\u00e8s, gr\u00e2ce au pass, aux autres expositions dans la ville dans le cadre du FESTIVAL DU DESSIN Jeudi 30 Avril 2026 Prix : 12\u20ac Le matin visite \u00e0 10h, rendez-vous \u00e0 9h45 devant le [&hellip;]<\/p>\n","protected":false},"author":1,"featured_media":0,"parent":103,"menu_order":0,"comment_status":"closed","ping_status":"closed","template":"","meta":{"footnotes":""},"class_list":["post-1379","page","type-page","status-publish","hentry"],"_links":{"self":[{"href":"https:\/\/www.acapp.fr\/index.php\/wp-json\/wp\/v2\/pages\/1379","targetHints":{"allow":["GET"]}}],"collection":[{"href":"https:\/\/www.acapp.fr\/index.php\/wp-json\/wp\/v2\/pages"}],"about":[{"href":"https:\/\/www.acapp.fr\/index.php\/wp-json\/wp\/v2\/types\/page"}],"author":[{"embeddable":true,"href":"https:\/\/www.acapp.fr\/index.php\/wp-json\/wp\/v2\/users\/1"}],"replies":[{"embeddable":true,"href":"https:\/\/www.acapp.fr\/index.php\/wp-json\/wp\/v2\/comments?post=1379"}],"version-history":[{"count":3,"href":"https:\/\/www.acapp.fr\/index.php\/wp-json\/wp\/v2\/pages\/1379\/revisions"}],"predecessor-version":[{"id":1414,"href":"https:\/\/www.acapp.fr\/index.php\/wp-json\/wp\/v2\/pages\/1379\/revisions\/1414"}],"up":[{"embeddable":true,"href":"https:\/\/www.acapp.fr\/index.php\/wp-json\/wp\/v2\/pages\/103"}],"wp:attachment":[{"href":"https:\/\/www.acapp.fr\/index.php\/wp-json\/wp\/v2\/media?parent=1379"}],"curies":[{"name":"wp","href":"https:\/\/api.w.org\/{rel}","templated":true}]}}