{"id":1365,"date":"2026-02-26T17:19:25","date_gmt":"2026-02-26T16:19:25","guid":{"rendered":"https:\/\/www.acapp.fr\/?page_id=1365"},"modified":"2026-02-26T17:19:25","modified_gmt":"2026-02-26T16:19:25","slug":"sisteron","status":"publish","type":"page","link":"https:\/\/www.acapp.fr\/index.php\/sorties-culturelles\/sisteron\/","title":{"rendered":"SISTERON"},"content":{"rendered":"\n<p class=\"has-text-align-center has-vivid-red-color has-secondary-background-color has-text-color has-background has-link-color has-large-font-size wp-elements-95013a2beab17e1117dcb525b41a8f36\"><strong>SORTIE CULTURELLE A SISTERON<\/strong><\/p>\n\n\n<p style=\"text-align: center;\"><span style=\"color: #000000;\"><strong>Visite guid\u00e9e de la ville en petit train et de la Citadelle<\/strong><\/span><\/p>\n<p style=\"text-align: center;\"><span style=\"color: #000000;\"><strong>&amp;<\/strong><\/span><\/p>\n<p style=\"text-align: center;\"><span style=\"color: #000000;\"><strong>\u00a0Visite guid\u00e9e de la vieille ville<\/strong><\/span><\/p>\n\n\n<p class=\"has-text-align-center has-vivid-red-color has-text-color has-link-color has-large-font-size wp-elements-ba4cc9867a6563f247d6b8b36eef6735\"><strong>Vendredi 10 avril 2026 (en autocar)<\/strong><\/p>\n\n\n\n<p class=\"has-text-align-center has-vivid-red-color has-text-color has-link-color has-large-font-size wp-elements-ab1c2e1797e8f8a0a578a22c396e201c\"><strong>Prix : 35\u20ac<\/strong><\/p>\n\n\n\n<figure class=\"wp-block-image aligncenter size-full\"><img loading=\"lazy\" decoding=\"async\" width=\"540\" height=\"312\" src=\"https:\/\/www.acapp.fr\/wp-content\/uploads\/2026\/02\/Sisteron-1.jpg\" alt=\"\" class=\"wp-image-1366\" srcset=\"https:\/\/www.acapp.fr\/wp-content\/uploads\/2026\/02\/Sisteron-1.jpg 540w, https:\/\/www.acapp.fr\/wp-content\/uploads\/2026\/02\/Sisteron-1-300x173.jpg 300w\" sizes=\"auto, (max-width: 540px) 100vw, 540px\" \/><\/figure>\n\n\n\n<p class=\"has-foreground-color has-text-color has-link-color wp-elements-d4c4a62643abcbfb097f91aedeeb6fe5\"><strong>Rendez-vous \u00e0 7h15 pour un d\u00e9part \u00e0 7h30 au parking du conservatoire de musique.<\/strong><\/p>\n\n\n<p><span style=\"color: #000000;\"><strong><u>Le matin : <\/u><\/strong><strong><u>Visite de <\/u><\/strong><strong><u>la Citadelle \u00e0 10h<\/u><\/strong><\/span><\/p>\n<p><span style=\"color: #000000;\">Vous monterez \u00e0 bord du petit train qui vous permettra de d\u00e9couvrir le patrimoine historique de Sisteron. Il vous d\u00e9posera au pied des escaliers de la Citadelle. Ces escaliers font partie de son charme et puis la vue se m\u00e9rite ! C&rsquo;est pourquoi vous veillerez \u00e0 \u00eatre confortablement chauss\u00e9s.<\/span><\/p>\n<p><span style=\"color: #000000;\">La Citadelle offre un panorama exceptionnel sur la ville et tous les environs, depuis sa premi\u00e8re terrasse d\u2019abord et surtout depuis le donjon et le chemin de ronde. Vous visiterez ce vaste ensemble d\u2019ouvrages militaires d\u2019\u00e9poques diverses intimement li\u00e9 \u00e0 l\u2019histoire de la ville. Maintes fois remani\u00e9, d\u00e9truit en ao\u00fbt 1944, ce monument historique est aujourd\u2019hui admirablement restaur\u00e9.<\/span><\/p>\n<p><span style=\"color: #000000;\">Une fois la visite termin\u00e9e, vous reprendrez le petit train pour revenir en centre-ville.<\/span><\/p>\n\n<p><span style=\"color: #000000;\"><strong><u>D\u00e9jeuner libre ou au restaurant (26\u20ac sans boisson \/ Choix des plats \u00e0 donner le jour de l\u2019inscription)<\/u><\/strong><\/span><\/p>\n<p><em><span style=\"color: #000000;\"><strong><u>Entr\u00e9e :<\/u><\/strong> Salade italienne fa\u00e7on Segustero (copeaux de parmesan, jambon cru, mozzarella, \u2026) ou \u0153ufs fa\u00e7on mimosa revisit\u00e9, cro\u00fbtons rissol\u00e9s au beurre et salade verte du moment<\/span><\/em><\/p>\n<p><em><span style=\"color: #000000;\"><strong><u>Plat :<\/u><\/strong> Poisson selon arrivage, garniture et sauce du jour ou Araign\u00e9e de porc, l\u00e9gumes de saison, pur\u00e9e de pommes de terre et sauce aux poivres et rhum<\/span><\/em><\/p>\n<p><em><span style=\"color: #000000;\"><strong><u>Dessert :<\/u><\/strong> Mousse au chocolat, noisettes torr\u00e9fi\u00e9es et chantilly maison ou Fromage blanc vanill\u00e9 avec coulis aux saveurs du jour et \u00ab topping \u00bb de saison<\/span><\/em><\/p>\n\n<p><span style=\"color: #000000;\"><strong><u>L\u2019Apr\u00e8s-midi : Visite guid\u00e9e de la vieille ville<\/u><\/strong><\/span><\/p>\n<p><span style=\"color: #000000;\">Sur la Route Napol\u00e9on, <strong>Sisteron<\/strong>, surnomm\u00e9e \u00ab\u00a0Porte de la Provence\u00a0\u00bb, \u00e0 la confluence du Bu\u00ebch et de la Durance, est un \u00e9ternel passage entre Alpes et M\u00e9diterran\u00e9e. Votre visite vous permettra de d\u00e9couvrir les nombreux tr\u00e9sors du centre-ville : Cath\u00e9drale, h\u00f4tels particuliers, fa\u00e7ades m\u00e9di\u00e9vales, portes sculpt\u00e9es. La ville offre un d\u00e9dale d&rsquo;escaliers et de petites rues vo\u00fbt\u00e9es baptis\u00e9es \u00ab andr\u00f4nes \u00bb o\u00f9 il est plaisant de fl\u00e2ner.<\/span><\/p>\n\n\n<p class=\"has-text-align-center has-large-font-size\"><strong>Date de d\u00e9but d\u2019inscription\u00a0: JEUDI 19 MARS 2026<\/strong><\/p>\n\n\n<p style=\"text-align: center;\"><span style=\"color: #000000;\"><strong><u>Merci de r\u00e9gler d\u00e8s votre inscription. <\/u><\/strong><\/span><\/p>\n<p><span style=\"color: #000000;\">Les ch\u00e8ques de 35\u20ac (sortie) et 26\u20ac (restaurant) sont \u00e0 libeller au nom de <strong>l\u2019ACAPP<\/strong>.<\/span><\/p>\n<p><span style=\"color: #000000;\"><strong><u>Inscriptions<\/u><\/strong><strong>\u00a0: sur place ou par t\u00e9l\u00e9phone<\/strong> <strong>: <\/strong>ACAPP \u2013 CEC \u00ab\u00a0Les heures Claires\u00a0\u00bb Av. Radolfzell, 13800 Istres<\/span><\/p>\n<p><span style=\"color: #000000;\">T\u00e9l.\u00a0: <strong>04.12.06.02.94 ou 04.12.06.02.93<\/strong>\u00a0\u00a0\u00a0\u00a0\u00a0\u00a0\u00a0\u00a0\u00a0\u00a0\u00a0\u00a0\u00a0<\/span><\/p>\n<p><span style=\"color: #000000;\"><strong>-En cas de probl\u00e8me le jour de la sortie Isabelle PROLA\u00a0: 06.76.31.94.98 <\/strong><\/span><\/p>","protected":false},"excerpt":{"rendered":"<p>SORTIE CULTURELLE A SISTERON Visite guid\u00e9e de la ville en petit train et de la Citadelle &amp; \u00a0Visite guid\u00e9e de la vieille ville Vendredi 10 avril 2026 (en autocar) Prix : 35\u20ac Rendez-vous \u00e0 7h15 pour un d\u00e9part \u00e0 7h30 au parking du conservatoire de musique. Le matin : Visite de la Citadelle \u00e0 10h [&hellip;]<\/p>\n","protected":false},"author":1,"featured_media":0,"parent":103,"menu_order":0,"comment_status":"closed","ping_status":"closed","template":"","meta":{"footnotes":""},"class_list":["post-1365","page","type-page","status-publish","hentry"],"_links":{"self":[{"href":"https:\/\/www.acapp.fr\/index.php\/wp-json\/wp\/v2\/pages\/1365","targetHints":{"allow":["GET"]}}],"collection":[{"href":"https:\/\/www.acapp.fr\/index.php\/wp-json\/wp\/v2\/pages"}],"about":[{"href":"https:\/\/www.acapp.fr\/index.php\/wp-json\/wp\/v2\/types\/page"}],"author":[{"embeddable":true,"href":"https:\/\/www.acapp.fr\/index.php\/wp-json\/wp\/v2\/users\/1"}],"replies":[{"embeddable":true,"href":"https:\/\/www.acapp.fr\/index.php\/wp-json\/wp\/v2\/comments?post=1365"}],"version-history":[{"count":1,"href":"https:\/\/www.acapp.fr\/index.php\/wp-json\/wp\/v2\/pages\/1365\/revisions"}],"predecessor-version":[{"id":1367,"href":"https:\/\/www.acapp.fr\/index.php\/wp-json\/wp\/v2\/pages\/1365\/revisions\/1367"}],"up":[{"embeddable":true,"href":"https:\/\/www.acapp.fr\/index.php\/wp-json\/wp\/v2\/pages\/103"}],"wp:attachment":[{"href":"https:\/\/www.acapp.fr\/index.php\/wp-json\/wp\/v2\/media?parent=1365"}],"curies":[{"name":"wp","href":"https:\/\/api.w.org\/{rel}","templated":true}]}}