{"id":1358,"date":"2026-02-26T16:53:05","date_gmt":"2026-02-26T15:53:05","guid":{"rendered":"https:\/\/www.acapp.fr\/?page_id=1358"},"modified":"2026-02-26T16:53:05","modified_gmt":"2026-02-26T15:53:05","slug":"enfance","status":"publish","type":"page","link":"https:\/\/www.acapp.fr\/index.php\/conferences\/enfance\/","title":{"rendered":"ENFANCE"},"content":{"rendered":"\n<p class=\"has-text-align-center has-secondary-background-color has-background has-large-font-size\"><strong>Conf\u00e9rence <em>\u00ab\u00a0Maternit\u00e9 et enfance dans l\u2019art occidental, de l\u2019antiquit\u00e9 \u00e0 nos jours \u00bb<\/em><\/strong><\/p>\n\n\n<p style=\"text-align: center;\"><span style=\"color: #000000;\"><strong>Pr\u00e9sent\u00e9e par Jean-Philippe LAGRUE<\/strong><\/span><\/p>\n<p style=\"text-align: center;\"><span style=\"color: #000000;\"><strong>Arch\u00e9ologue-conf\u00e9rencier en Histoire de l\u2019Art<\/strong><\/span><\/p>\n\n\n<p class=\"has-text-align-center has-large-font-size\"><strong>MARDI 7 AVRIL 2026 \u00c0 18H<\/strong><\/p>\n\n\n\n<figure class=\"wp-block-image aligncenter size-full\"><img loading=\"lazy\" decoding=\"async\" width=\"256\" height=\"294\" src=\"https:\/\/www.acapp.fr\/wp-content\/uploads\/2026\/02\/Enfant.jpg\" alt=\"\" class=\"wp-image-1360\"\/><\/figure>\n\n\n<p><span style=\"color: #000000;\">Dans la peinture classique, les enfants apparaissent dans l\u2019iconographie chr\u00e9tienne (Vierge \u00e0 l&rsquo;Enfant, Ch\u00e9rubin, Putto\u2026) dans quelques tableaux d\u2019histoire (Le massacre des Innocents), sous la forme de portraits officiels, et dans des \u201csc\u00e8nes de genre\u201d (Famille de paysans, petits mendiants de Murillo&#8230;). <\/span><\/p>\n<p><span style=\"color: #000000;\">Au XVIII\u00e8me si\u00e8cle, les enfants (sages) de Greuze, Chardin, Marguerite G\u00e9rard sont trait\u00e9s avec innocence et respect selon les id\u00e9es des Lumi\u00e8res. <\/span><\/p>\n<p><span style=\"color: #000000;\">Au XIX\u00e8me, les repr\u00e9sentations d\u2019enfants sont innombrables et diversifi\u00e9es : enfants bourgeois des villes ou laiss\u00e9s pour compte des quartiers mis\u00e9reux et des barricades, sont abord\u00e9s par les artistes (Impressionnistes, Nabis, Cubistes, Fauvistes\u2026) portant sur eux un regard objectif, tendre et profond. <\/span><\/p>\n<p><span style=\"color: #000000;\">D\u00e8s lors, l\u2019innocence fait place \u00e0 la gravit\u00e9 des questions que ces petits mod\u00e8les posent aux adultes sur le monde qui leur est propos\u00e9<\/span><\/p>\n\n<p style=\"text-align: center;\"><span style=\"color: #000000;\"><strong>Auditorium Charles Aznavour complexe sportif \u00ab Le Podium \u00bb, \u00e0 c\u00f4t\u00e9 du CFAI, chemin de Capeau \u2013 ISTRES <\/strong><\/span><\/p>\n\n\n<p>\u00a0<strong>(L\u2019INSCRIPTION EST GRATUITE MAIS OBLIGATOIRE)<\/strong><\/p>\n","protected":false},"excerpt":{"rendered":"<p>Conf\u00e9rence \u00ab\u00a0Maternit\u00e9 et enfance dans l\u2019art occidental, de l\u2019antiquit\u00e9 \u00e0 nos jours \u00bb Pr\u00e9sent\u00e9e par Jean-Philippe LAGRUE Arch\u00e9ologue-conf\u00e9rencier en Histoire de l\u2019Art MARDI 7 AVRIL 2026 \u00c0 18H Dans la peinture classique, les enfants apparaissent dans l\u2019iconographie chr\u00e9tienne (Vierge \u00e0 l&rsquo;Enfant, Ch\u00e9rubin, Putto\u2026) dans quelques tableaux d\u2019histoire (Le massacre des Innocents), sous la forme de [&hellip;]<\/p>\n","protected":false},"author":1,"featured_media":0,"parent":172,"menu_order":0,"comment_status":"closed","ping_status":"closed","template":"","meta":{"footnotes":""},"class_list":["post-1358","page","type-page","status-publish","hentry"],"_links":{"self":[{"href":"https:\/\/www.acapp.fr\/index.php\/wp-json\/wp\/v2\/pages\/1358","targetHints":{"allow":["GET"]}}],"collection":[{"href":"https:\/\/www.acapp.fr\/index.php\/wp-json\/wp\/v2\/pages"}],"about":[{"href":"https:\/\/www.acapp.fr\/index.php\/wp-json\/wp\/v2\/types\/page"}],"author":[{"embeddable":true,"href":"https:\/\/www.acapp.fr\/index.php\/wp-json\/wp\/v2\/users\/1"}],"replies":[{"embeddable":true,"href":"https:\/\/www.acapp.fr\/index.php\/wp-json\/wp\/v2\/comments?post=1358"}],"version-history":[{"count":1,"href":"https:\/\/www.acapp.fr\/index.php\/wp-json\/wp\/v2\/pages\/1358\/revisions"}],"predecessor-version":[{"id":1361,"href":"https:\/\/www.acapp.fr\/index.php\/wp-json\/wp\/v2\/pages\/1358\/revisions\/1361"}],"up":[{"embeddable":true,"href":"https:\/\/www.acapp.fr\/index.php\/wp-json\/wp\/v2\/pages\/172"}],"wp:attachment":[{"href":"https:\/\/www.acapp.fr\/index.php\/wp-json\/wp\/v2\/media?parent=1358"}],"curies":[{"name":"wp","href":"https:\/\/api.w.org\/{rel}","templated":true}]}}