{"id":1337,"date":"2026-01-26T16:53:57","date_gmt":"2026-01-26T15:53:57","guid":{"rendered":"https:\/\/www.acapp.fr\/?page_id=1337"},"modified":"2026-01-30T18:53:24","modified_gmt":"2026-01-30T17:53:24","slug":"rdv-fetes-2","status":"publish","type":"page","link":"https:\/\/www.acapp.fr\/index.php\/actions\/rdv-fetes-2\/","title":{"rendered":"RDV fetes"},"content":{"rendered":"\n<p class=\"has-text-align-center has-vivid-red-color has-secondary-background-color has-text-color has-background has-link-color has-large-font-size wp-elements-04ab0ddcac485752f42237b103acd5cd\"><strong>Rendez-vous d&rsquo;artistes : \u00ab F\u00caTES ET C\u00c9L\u00c9BRATIONS \u00bb<\/strong><\/p>\n\n\n\n<p class=\"has-text-align-center has-large-font-size\"><strong>Vendredi 27 mars 2026 \u00e0 18h30<\/strong><\/p>\n\n\n\n<p class=\"has-foreground-color has-text-color has-link-color wp-elements-4f03f2af78af11fcc6854329315701f9\"><strong>TOUS les adh\u00e9rents de l\u2019ACAPP sont convi\u00e9s \u00e0 partager ce moment de convivialit\u00e9<\/strong><\/p>\n\n\n\n<p class=\"has-foreground-color has-text-color has-link-color wp-elements-d807f4c40b6f07c6c38c0ff3a6d25e8e\">Seuls les adh\u00e9rents inscrits pourront y assister.<\/p>\n\n\n\n<figure class=\"wp-block-image aligncenter size-full is-resized\"><img loading=\"lazy\" decoding=\"async\" width=\"719\" height=\"960\" src=\"https:\/\/www.acapp.fr\/wp-content\/uploads\/2026\/01\/RDV-fetes-1.jpg\" alt=\"\" class=\"wp-image-1338\" style=\"aspect-ratio:0.7489692670543543;width:217px;height:auto\" srcset=\"https:\/\/www.acapp.fr\/wp-content\/uploads\/2026\/01\/RDV-fetes-1.jpg 719w, https:\/\/www.acapp.fr\/wp-content\/uploads\/2026\/01\/RDV-fetes-1-225x300.jpg 225w\" sizes=\"auto, (max-width: 719px) 100vw, 719px\" \/><\/figure>\n\n\n<p><span style=\"color: #000000;\"><strong><em>Th\u00e8me retenu par un collectif de plusieurs participants aux Rendez-vous d\u2019artistes.<\/em><\/strong><\/span><\/p>\n<p><span style=\"color: #000000;\"><em>De tout temps, les hommes ont aim\u00e9 se rassembler pour faire la f\u00eate. Chanter, danser, participer \u00e0 des d\u00e9fil\u00e9s en musique. <\/em><\/span><em><span style=\"color: #000000;\">S\u2019amuser est tr\u00e8s important pour\u00a0nous tous que ce soit pour c\u00e9l\u00e9brer des anniversaires, des mariages, tous les moments clef de notre vie, ou pour faire une pause entre de longues p\u00e9riodes de travail ; Ainsi les carnavals, les bals, qui reviennent chaque ann\u00e9e, ou la fr\u00e9quentation de lieux d\u00e9di\u00e9s, tels les cirques, les stades, les salles de spectacles. Nous vous invitons \u00e0 mettre en valeur l&rsquo;un de vos souvenirs heureux associ\u00e9 \u00e0 une f\u00eate, en faisant exploser les couleurs ! vous pouvez aussi oser l&rsquo;abstrait ! Rendez-vous en mars pour une jolie soir\u00e9e de d\u00e9couvertes dans la bonne humeur, et la convivialit\u00e9 !<\/span><\/em><\/p>\n<hr \/>\n<p><span style=\"color: #000000;\">Rappel de quelques th\u00e8mes explor\u00e9s durant les ann\u00e9es pr\u00e9c\u00e9dentes : natures mortes, le mouvement, Soulages, les formes de l&rsquo;eau, les stars font leur cin\u00e9ma, les contrastes, l\u2019univers marin, l\u2019art et la paix, l&rsquo;amour, danser; Repas partag\u00e9 comme d&rsquo;habitude et \u00e0 l&rsquo;issue de la soir\u00e9e, votre aide sera tr\u00e8s pr\u00e9cieuse pour remettre en \u00e9tat la salle d&rsquo;exposition ; merci \u00e0 tous !\u00a0 \u00a0<\/span><strong><span style=\"color: #000000;\">Liliane Jouvet<\/span><\/strong><\/p>\n\n\n<hr class=\"wp-block-separator has-alpha-channel-opacity\"\/>\n\n\n<p><span style=\"color: #000000;\"><strong>Chaque personne apportant une \u0153uvre devra le faire savoir lors de son inscription et venir 5mn avant l\u2019heure de d\u00e9but, afin d\u2019accrocher son \u0153uvre<\/strong>. L\u2019ACAPP pourra fournir des petits chevalets pour poser vos \u0153uvres. Si le format est trop important ou pour les sculptures, porter votre support si vous en avez la possibilit\u00e9.<\/span><\/p>\n\n\n<hr class=\"wp-block-separator has-alpha-channel-opacity\"\/>\n\n\n\n<p class=\"has-foreground-color has-text-color has-link-color wp-elements-e535a3cf4c5e1afe8eab7d950a8a5d53\"><strong>Ap\u00e9ritif&nbsp;: Le principe est le repas \u00ab tir\u00e9 du sac \u00bb, chacun apporte quelque chose et le partage. L\u2019ACAPP offre les boissons.<\/strong><\/p>\n\n\n\n<p class=\"has-text-align-center\"><strong><u>Date de d\u00e9but d\u2019inscription&nbsp;: D\u00e8s r\u00e9ception de l\u2019information<\/u><\/strong><\/p>\n\n\n\n<p class=\"has-text-align-center has-foreground-color has-text-color has-link-color wp-elements-df6bef05b7e43b9ea53e873e1319b763\"><strong><u>Date limite d\u2019inscription&nbsp;: jeudi 26 mars 2026<\/u><\/strong><\/p>\n\n\n\n<p><\/p>\n","protected":false},"excerpt":{"rendered":"<p>Rendez-vous d&rsquo;artistes : \u00ab F\u00caTES ET C\u00c9L\u00c9BRATIONS \u00bb Vendredi 27 mars 2026 \u00e0 18h30 TOUS les adh\u00e9rents de l\u2019ACAPP sont convi\u00e9s \u00e0 partager ce moment de convivialit\u00e9 Seuls les adh\u00e9rents inscrits pourront y assister. Th\u00e8me retenu par un collectif de plusieurs participants aux Rendez-vous d\u2019artistes. De tout temps, les hommes ont aim\u00e9 se rassembler pour [&hellip;]<\/p>\n","protected":false},"author":1,"featured_media":0,"parent":272,"menu_order":0,"comment_status":"closed","ping_status":"closed","template":"","meta":{"footnotes":""},"class_list":["post-1337","page","type-page","status-publish","hentry"],"_links":{"self":[{"href":"https:\/\/www.acapp.fr\/index.php\/wp-json\/wp\/v2\/pages\/1337","targetHints":{"allow":["GET"]}}],"collection":[{"href":"https:\/\/www.acapp.fr\/index.php\/wp-json\/wp\/v2\/pages"}],"about":[{"href":"https:\/\/www.acapp.fr\/index.php\/wp-json\/wp\/v2\/types\/page"}],"author":[{"embeddable":true,"href":"https:\/\/www.acapp.fr\/index.php\/wp-json\/wp\/v2\/users\/1"}],"replies":[{"embeddable":true,"href":"https:\/\/www.acapp.fr\/index.php\/wp-json\/wp\/v2\/comments?post=1337"}],"version-history":[{"count":3,"href":"https:\/\/www.acapp.fr\/index.php\/wp-json\/wp\/v2\/pages\/1337\/revisions"}],"predecessor-version":[{"id":1342,"href":"https:\/\/www.acapp.fr\/index.php\/wp-json\/wp\/v2\/pages\/1337\/revisions\/1342"}],"up":[{"embeddable":true,"href":"https:\/\/www.acapp.fr\/index.php\/wp-json\/wp\/v2\/pages\/272"}],"wp:attachment":[{"href":"https:\/\/www.acapp.fr\/index.php\/wp-json\/wp\/v2\/media?parent=1337"}],"curies":[{"name":"wp","href":"https:\/\/api.w.org\/{rel}","templated":true}]}}