{"id":1320,"date":"2026-01-26T16:15:30","date_gmt":"2026-01-26T15:15:30","guid":{"rendered":"https:\/\/www.acapp.fr\/?page_id=1320"},"modified":"2026-01-26T16:15:30","modified_gmt":"2026-01-26T15:15:30","slug":"haiku","status":"publish","type":"page","link":"https:\/\/www.acapp.fr\/index.php\/ateliers\/haiku\/","title":{"rendered":"Ha\u00efku"},"content":{"rendered":"\n<p class=\"has-text-align-center has-vivid-red-color has-secondary-background-color has-text-color has-background has-link-color has-large-font-size wp-elements-ce265e77daa456f22cf83baffdec442c\"><strong>Stage HA\u00cfKU DES SAISONS<\/strong><\/p>\n\n\n\n<p class=\"has-text-align-center has-foreground-color has-text-color has-link-color wp-elements-c268826b4e79a9d4f52464c85536f061\"><strong>Anim\u00e9 par Carole VACCA, relieur et C\u00e9line GRANIER, doreuse et enlumineuse<\/strong><\/p>\n\n\n\n<p class=\"has-text-align-center has-vivid-red-color has-text-color has-link-color has-large-font-size wp-elements-c4bb07b1fced8b267467eb5b38c35236\"><strong>Samedi 21 mars 2026<\/strong><\/p>\n\n\n\n<p class=\"has-text-align-center\"><strong>de 9h30 \u00e0 12h30 et de 13h30 \u00e0 16h30<\/strong><\/p>\n\n\n\n<figure class=\"wp-block-image aligncenter size-full is-resized\"><img loading=\"lazy\" decoding=\"async\" width=\"580\" height=\"580\" src=\"https:\/\/www.acapp.fr\/wp-content\/uploads\/2026\/01\/haiku.jpg\" alt=\"\" class=\"wp-image-1321\" style=\"width:311px;height:auto\" srcset=\"https:\/\/www.acapp.fr\/wp-content\/uploads\/2026\/01\/haiku.jpg 580w, https:\/\/www.acapp.fr\/wp-content\/uploads\/2026\/01\/haiku-300x300.jpg 300w, https:\/\/www.acapp.fr\/wp-content\/uploads\/2026\/01\/haiku-150x150.jpg 150w\" sizes=\"auto, (max-width: 580px) 100vw, 580px\" \/><\/figure>\n\n\n<p><span style=\"color: #000000;\">L\u2019ACAPP vous propose une journ\u00e9e de cr\u00e9ation et de jeux. De po\u00e8me en po\u00e8me d\u00e9filent les saisons. \u00c9t\u00e9, automne, hiver, printemps\u2026 Silence du vent, murmure des pins, grondement de la mer, chant des oiseaux\u2026 Ces po\u00e8mes qui s\u2019inspirent de la forme des ha\u00efkus (petits po\u00e8mes japonais de trois vers) sont un hymne \u00e0 la nature, \u00e0 sa beaut\u00e9, \u00e0 l\u2019\u00e9coulement du temps.<\/span><\/p>\n<p><span style=\"color: #000000;\"><strong><u>Les couleurs et les mots :<\/u><\/strong><\/span><\/p>\n<p><span style=\"color: #000000;\">Pliages, feuilles d&rsquo;or, pigments et haikus vous r\u00e9aliserez votre livre objet po\u00e9tique.<\/span><\/p>\n\n\n<p class=\"has-text-align-center has-foreground-color has-text-color has-link-color wp-elements-9bde65ae0cf86df87283567d7d2a0582\">Atelier de l\u2019ACAPP \u2013 CEC \u00ab\u00a0Les heures Claires\u00a0\u00bb, Av Radolfzell &#8211; Istres<\/p>\n\n\n\n<p class=\"has-text-align-center has-vivid-red-color has-text-color has-link-color has-large-font-size wp-elements-f737bb0fa48d497f1d6fa729f6fb101b\"><strong>Tarif : 30\u20ac<\/strong><\/p>\n\n\n<p><strong><span style=\"color: #000000;\">Inscription \u00e0 r\u00e9ception du flyer<\/span><\/strong><\/p>\n<p><span style=\"color: #000000;\">Renseignement et inscription aupr\u00e8s de l\u2019ACAPP<\/span><\/p>\n<p><em><span style=\"color: #000000;\">Le stage s\u2019adresse \u00e0 tous les niveaux, aussi bien d\u00e9butants que confirm\u00e9s.<\/span><\/em><\/p>","protected":false},"excerpt":{"rendered":"<p>Stage HA\u00cfKU DES SAISONS Anim\u00e9 par Carole VACCA, relieur et C\u00e9line GRANIER, doreuse et enlumineuse Samedi 21 mars 2026 de 9h30 \u00e0 12h30 et de 13h30 \u00e0 16h30 L\u2019ACAPP vous propose une journ\u00e9e de cr\u00e9ation et de jeux. De po\u00e8me en po\u00e8me d\u00e9filent les saisons. \u00c9t\u00e9, automne, hiver, printemps\u2026 Silence du vent, murmure des pins, [&hellip;]<\/p>\n","protected":false},"author":1,"featured_media":0,"parent":84,"menu_order":0,"comment_status":"closed","ping_status":"closed","template":"","meta":{"footnotes":""},"class_list":["post-1320","page","type-page","status-publish","hentry"],"_links":{"self":[{"href":"https:\/\/www.acapp.fr\/index.php\/wp-json\/wp\/v2\/pages\/1320","targetHints":{"allow":["GET"]}}],"collection":[{"href":"https:\/\/www.acapp.fr\/index.php\/wp-json\/wp\/v2\/pages"}],"about":[{"href":"https:\/\/www.acapp.fr\/index.php\/wp-json\/wp\/v2\/types\/page"}],"author":[{"embeddable":true,"href":"https:\/\/www.acapp.fr\/index.php\/wp-json\/wp\/v2\/users\/1"}],"replies":[{"embeddable":true,"href":"https:\/\/www.acapp.fr\/index.php\/wp-json\/wp\/v2\/comments?post=1320"}],"version-history":[{"count":1,"href":"https:\/\/www.acapp.fr\/index.php\/wp-json\/wp\/v2\/pages\/1320\/revisions"}],"predecessor-version":[{"id":1322,"href":"https:\/\/www.acapp.fr\/index.php\/wp-json\/wp\/v2\/pages\/1320\/revisions\/1322"}],"up":[{"embeddable":true,"href":"https:\/\/www.acapp.fr\/index.php\/wp-json\/wp\/v2\/pages\/84"}],"wp:attachment":[{"href":"https:\/\/www.acapp.fr\/index.php\/wp-json\/wp\/v2\/media?parent=1320"}],"curies":[{"name":"wp","href":"https:\/\/api.w.org\/{rel}","templated":true}]}}