{"id":1311,"date":"2026-01-26T11:27:42","date_gmt":"2026-01-26T10:27:42","guid":{"rendered":"https:\/\/www.acapp.fr\/?page_id=1311"},"modified":"2026-01-26T11:27:42","modified_gmt":"2026-01-26T10:27:42","slug":"pasolini","status":"publish","type":"page","link":"https:\/\/www.acapp.fr\/index.php\/conferences\/pasolini\/","title":{"rendered":"Pasolini"},"content":{"rendered":"\n<p class=\"has-text-align-center has-vivid-red-color has-secondary-background-color has-text-color has-background has-link-color has-large-font-size wp-elements-9664dae1d4ddc9344958bf7862a7712b\"><strong>Conf\u00e9rence <em>\u00ab\u00a0Pier Paolo Pasolini : cin\u00e9ma et peinture \u00bb<\/em><\/strong><\/p>\n\n\n\n<p class=\"has-text-align-center has-large-font-size\"><strong>VENDREDI 6 MARS 2026 \u00c0 18H<\/strong><\/p>\n\n\n\n<p class=\"has-text-align-center\"><strong>Pr\u00e9sent\u00e9e par Laura Vichi<\/strong><\/p>\n\n\n\n<p class=\"has-text-align-center has-foreground-color has-text-color has-link-color wp-elements-aab63fdb7fd3e40bdfa607e1d9453464\"><strong><em>Docteure de l&rsquo;Universit\u00e9 de Bologne et chercheuse ind\u00e9pendante<\/em><\/strong><\/p>\n\n\n\n<figure class=\"wp-block-image aligncenter size-full is-resized\"><img loading=\"lazy\" decoding=\"async\" width=\"250\" height=\"309\" src=\"https:\/\/www.acapp.fr\/wp-content\/uploads\/2026\/01\/Pier_Paolo_Pasolini.jpg\" alt=\"\" class=\"wp-image-1312\" style=\"width:185px;height:auto\" srcset=\"https:\/\/www.acapp.fr\/wp-content\/uploads\/2026\/01\/Pier_Paolo_Pasolini.jpg 250w, https:\/\/www.acapp.fr\/wp-content\/uploads\/2026\/01\/Pier_Paolo_Pasolini-243x300.jpg 243w\" sizes=\"auto, (max-width: 250px) 100vw, 250px\" \/><\/figure>\n\n\n<p><span style=\"color: #000000;\">Les relations entre Pier Paolo Pasolini et l&rsquo;art commencent tr\u00e8s t\u00f4t : il dessine, il peint et surtout il suit les cours du grand critique et historien de l&rsquo;art Roberto Longhi \u00e0 l&rsquo;universit\u00e9 de Bologne. Ces apprentissages le marquent \u00e0 vie et c&rsquo;est dans son cin\u00e9ma que le po\u00e8te et cin\u00e9aste les met \u00e0 l&rsquo;honneur en les int\u00e9grant dans son esth\u00e9tique cin\u00e9matographique. Des \u0153uvres picturales diverses, De Giotto \u00e0 Caravage, en passant par Masaccio, Rosso Fiorentino ou Pontormo, pour n&rsquo;en citer que quelques-uns, deviennent des mod\u00e8les iconographiques auxquels Pasolini se r\u00e9f\u00e8re dans la plupart de ses films, notamment en lien avec son id\u00e9e de sacr\u00e9. <\/span><\/p>\n<p><span style=\"color: #000000;\">Par cette conf\u00e9rence nous verrons comment s&rsquo;articule et d\u00e9cline la pr\u00e9sence de la peinture dans les films de Pasolini, o\u00f9 la notion de cin\u00e9ma comme art visuel devient d\u00e9cid\u00e9ment tangible.<\/span><\/p>\n\n\n<figure class=\"wp-block-image aligncenter size-full is-resized\"><img loading=\"lazy\" decoding=\"async\" width=\"593\" height=\"440\" src=\"https:\/\/www.acapp.fr\/wp-content\/uploads\/2026\/01\/Pasolini.jpg\" alt=\"\" class=\"wp-image-1313\" style=\"width:283px;height:auto\" srcset=\"https:\/\/www.acapp.fr\/wp-content\/uploads\/2026\/01\/Pasolini.jpg 593w, https:\/\/www.acapp.fr\/wp-content\/uploads\/2026\/01\/Pasolini-300x223.jpg 300w\" sizes=\"auto, (max-width: 593px) 100vw, 593px\" \/><\/figure>\n\n\n<p><span style=\"color: #000000;\"><strong>Auditorium Charles Aznavour complexe sportif \u00ab Le Podium \u00bb, \u00e0 c\u00f4t\u00e9 du CFAI, chemin de Capeau \u2013 ISTRES <\/strong><\/span><\/p>\n<p style=\"text-align: center;\"><span style=\"color: #000000;\">\u00a0(L\u2019INSCRIPTION EST GRATUITE MAIS OBLIGATOIRE)<\/span><\/p>\n<p><span style=\"color: #000000;\">*Renseignement et inscription aupr\u00e8s de l\u2019ACAPP, CEC \u00ab\u00a0Les heures Claires\u00a0\u00bb, Av Radolfzell &#8211; Istres &#8211; <\/span><\/p>","protected":false},"excerpt":{"rendered":"<p>Conf\u00e9rence \u00ab\u00a0Pier Paolo Pasolini : cin\u00e9ma et peinture \u00bb VENDREDI 6 MARS 2026 \u00c0 18H Pr\u00e9sent\u00e9e par Laura Vichi Docteure de l&rsquo;Universit\u00e9 de Bologne et chercheuse ind\u00e9pendante Les relations entre Pier Paolo Pasolini et l&rsquo;art commencent tr\u00e8s t\u00f4t : il dessine, il peint et surtout il suit les cours du grand critique et historien de [&hellip;]<\/p>\n","protected":false},"author":1,"featured_media":0,"parent":172,"menu_order":0,"comment_status":"closed","ping_status":"closed","template":"","meta":{"footnotes":""},"class_list":["post-1311","page","type-page","status-publish","hentry"],"_links":{"self":[{"href":"https:\/\/www.acapp.fr\/index.php\/wp-json\/wp\/v2\/pages\/1311","targetHints":{"allow":["GET"]}}],"collection":[{"href":"https:\/\/www.acapp.fr\/index.php\/wp-json\/wp\/v2\/pages"}],"about":[{"href":"https:\/\/www.acapp.fr\/index.php\/wp-json\/wp\/v2\/types\/page"}],"author":[{"embeddable":true,"href":"https:\/\/www.acapp.fr\/index.php\/wp-json\/wp\/v2\/users\/1"}],"replies":[{"embeddable":true,"href":"https:\/\/www.acapp.fr\/index.php\/wp-json\/wp\/v2\/comments?post=1311"}],"version-history":[{"count":1,"href":"https:\/\/www.acapp.fr\/index.php\/wp-json\/wp\/v2\/pages\/1311\/revisions"}],"predecessor-version":[{"id":1314,"href":"https:\/\/www.acapp.fr\/index.php\/wp-json\/wp\/v2\/pages\/1311\/revisions\/1314"}],"up":[{"embeddable":true,"href":"https:\/\/www.acapp.fr\/index.php\/wp-json\/wp\/v2\/pages\/172"}],"wp:attachment":[{"href":"https:\/\/www.acapp.fr\/index.php\/wp-json\/wp\/v2\/media?parent=1311"}],"curies":[{"name":"wp","href":"https:\/\/api.w.org\/{rel}","templated":true}]}}