{"id":1283,"date":"2026-01-06T07:25:01","date_gmt":"2026-01-06T06:25:01","guid":{"rendered":"https:\/\/www.acapp.fr\/?page_id=1283"},"modified":"2026-01-06T07:30:08","modified_gmt":"2026-01-06T06:30:08","slug":"3eme-age","status":"publish","type":"page","link":"https:\/\/www.acapp.fr\/index.php\/conferences\/3eme-age\/","title":{"rendered":"3eme age"},"content":{"rendered":"\n<p class=\"has-text-align-center has-vivid-red-color has-secondary-background-color has-text-color has-background has-link-color has-large-font-size wp-elements-859159884e34ae5b1303ef693fdfa371\"><strong>Conf\u00e9rence <em>\u00ab\u00a0Les repr\u00e9sentations du 3\u00e8me \u00e2ge dans l\u2019art \u00bb<\/em><\/strong><\/p>\n\n\n\n<p class=\"has-text-align-center has-vivid-red-color has-text-color has-link-color has-large-font-size wp-elements-e219a42dce3a2fa195c24ac34fc931de\"><strong>Mardi 10 f\u00e9vrier 2026 \u00e0 18h00<\/strong><\/p>\n\n\n<div>\n<p style=\"text-align: center;\"><span style=\"color: #000000;\"><b>Pr\u00e9sent\u00e9e par Agn\u00e8s Guenassia<\/b><\/span><\/p>\n<p style=\"text-align: center;\"><em><span style=\"color: #000000;\"><b>Conf\u00e9renci\u00e8re en Art Moderne et Contemporain, professeur d\u2019Arts Plastiques<\/b><\/span><\/em><\/p>\n<\/div>\n\n\n<figure class=\"wp-block-image aligncenter size-full\"><img loading=\"lazy\" decoding=\"async\" width=\"195\" height=\"269\" src=\"https:\/\/www.acapp.fr\/wp-content\/uploads\/2026\/01\/3eme-age.jpg\" alt=\"\" class=\"wp-image-1284\"\/><\/figure>\n\n\n<div>\n<p><span style=\"color: #000000;\">Les vieux, les seniors, le troisi\u00e8me \u00e2ge&#8230; comment apparaissent-ils dans l&rsquo;histoire de l&rsquo;art ?\u00a0<\/span><\/p>\n<p><span style=\"color: #000000;\">Entre beaux vieillards et vieilles avares, les deux sexes sont-ils trait\u00e9s de la m\u00eame mani\u00e8re ?\u00a0<\/span><\/p>\n<p><span style=\"color: #000000;\">Depuis quand le r\u00f4le de grands-parents est-il un sujet pour les peintres ?<\/span><\/p>\n<p><span style=\"color: #000000;\">Quels artistes ont pris pour th\u00e8me leur propre vieillissement ?<\/span><\/p>\n<p><span style=\"color: #000000;\">Une travers\u00e9e du champ artistique ancien, moderne et contemporain riche en questionnements\u00a0<\/span><\/p>\n<\/div>\n\n<div>\n<p style=\"text-align: center;\"><span style=\"color: #000000;\"><b>Auditorium Charles Aznavour complexe sportif \u00ab Le Podium \u00bb, \u00e0 c\u00f4t\u00e9 du CFAI, chemin de Capeau \u2013 ISTRES <\/b><\/span><\/p>\n<\/div>\n\n\n<p><strong>(L\u2019INSCRIPTION EST GRATUITE MAIS OBLIGATOIRE)<\/strong><\/p>\n","protected":false},"excerpt":{"rendered":"<p>Conf\u00e9rence \u00ab\u00a0Les repr\u00e9sentations du 3\u00e8me \u00e2ge dans l\u2019art \u00bb Mardi 10 f\u00e9vrier 2026 \u00e0 18h00 Pr\u00e9sent\u00e9e par Agn\u00e8s Guenassia Conf\u00e9renci\u00e8re en Art Moderne et Contemporain, professeur d\u2019Arts Plastiques Les vieux, les seniors, le troisi\u00e8me \u00e2ge&#8230; comment apparaissent-ils dans l&rsquo;histoire de l&rsquo;art ?\u00a0 Entre beaux vieillards et vieilles avares, les deux sexes sont-ils trait\u00e9s de la [&hellip;]<\/p>\n","protected":false},"author":1,"featured_media":0,"parent":172,"menu_order":0,"comment_status":"closed","ping_status":"closed","template":"","meta":{"footnotes":""},"class_list":["post-1283","page","type-page","status-publish","hentry"],"_links":{"self":[{"href":"https:\/\/www.acapp.fr\/index.php\/wp-json\/wp\/v2\/pages\/1283","targetHints":{"allow":["GET"]}}],"collection":[{"href":"https:\/\/www.acapp.fr\/index.php\/wp-json\/wp\/v2\/pages"}],"about":[{"href":"https:\/\/www.acapp.fr\/index.php\/wp-json\/wp\/v2\/types\/page"}],"author":[{"embeddable":true,"href":"https:\/\/www.acapp.fr\/index.php\/wp-json\/wp\/v2\/users\/1"}],"replies":[{"embeddable":true,"href":"https:\/\/www.acapp.fr\/index.php\/wp-json\/wp\/v2\/comments?post=1283"}],"version-history":[{"count":2,"href":"https:\/\/www.acapp.fr\/index.php\/wp-json\/wp\/v2\/pages\/1283\/revisions"}],"predecessor-version":[{"id":1286,"href":"https:\/\/www.acapp.fr\/index.php\/wp-json\/wp\/v2\/pages\/1283\/revisions\/1286"}],"up":[{"embeddable":true,"href":"https:\/\/www.acapp.fr\/index.php\/wp-json\/wp\/v2\/pages\/172"}],"wp:attachment":[{"href":"https:\/\/www.acapp.fr\/index.php\/wp-json\/wp\/v2\/media?parent=1283"}],"curies":[{"name":"wp","href":"https:\/\/api.w.org\/{rel}","templated":true}]}}