{"id":1278,"date":"2026-01-06T06:37:32","date_gmt":"2026-01-06T05:37:32","guid":{"rendered":"https:\/\/www.acapp.fr\/?page_id=1278"},"modified":"2026-01-06T06:37:32","modified_gmt":"2026-01-06T05:37:32","slug":"architecture-moderne","status":"publish","type":"page","link":"https:\/\/www.acapp.fr\/index.php\/conferences\/architecture-moderne\/","title":{"rendered":"Architecture moderne"},"content":{"rendered":"\n<p class=\"has-text-align-center has-vivid-red-color has-secondary-background-color has-text-color has-background has-link-color has-large-font-size wp-elements-6e912e9470f3f96de2cb95943ae7a20b\"><strong>Conf\u00e9rence <em>\u00ab\u00a0Les paysages perdus de la R\u00e9publique \u00bb<\/em><\/strong><\/p>\n\n\n\n<p class=\"has-text-align-center has-foreground-color has-text-color has-link-color wp-elements-9e4e3e70b5307f3f0530f2aaf983b4a7\"><strong>Pr\u00e9sent\u00e9e par Pascal URBAIN<\/strong><\/p>\n\n\n<p style=\"text-align: center;\"><em><span style=\"color: #000000;\"><b>Architecte DPLG, Docteur en esth\u00e9tique Aix-Marseille, a<\/b><b>ncien professeur et professeur \u00e9m\u00e9rite des \u00e9coles d&rsquo;architectures, Ancien architecte-conseil de l&rsquo;\u00c9tat<\/b><\/span><\/em><\/p>\n\n\n<p class=\"has-text-align-center has-vivid-red-color has-text-color has-link-color has-large-font-size wp-elements-fcbc8070422a87cd953302e6bd1096c7\"><strong>Mardi 20 Janvier 2026 \u00e0 18h00<\/strong><\/p>\n\n\n\n<figure class=\"wp-block-image aligncenter size-full is-resized\"><img loading=\"lazy\" decoding=\"async\" width=\"800\" height=\"432\" src=\"https:\/\/www.acapp.fr\/wp-content\/uploads\/2026\/01\/Cite-radieuse.jpg\" alt=\"\" class=\"wp-image-1279\" style=\"width:420px;height:auto\" srcset=\"https:\/\/www.acapp.fr\/wp-content\/uploads\/2026\/01\/Cite-radieuse.jpg 800w, https:\/\/www.acapp.fr\/wp-content\/uploads\/2026\/01\/Cite-radieuse-300x162.jpg 300w, https:\/\/www.acapp.fr\/wp-content\/uploads\/2026\/01\/Cite-radieuse-768x415.jpg 768w\" sizes=\"auto, (max-width: 800px) 100vw, 800px\" \/><\/figure>\n\n\n<div>\n<p><span style=\"color: #000000;\">Au d\u00e9but du XX\u1d49 si\u00e8cle, les architectes modernes ont d\u00e9nonc\u00e9 la ville ancienne, jug\u00e9e insalubre et incapable d\u2019accueillir l\u2019automobile. Leur r\u00eave d\u2019une ville a\u00e9r\u00e9e et rationnelle a pourtant \u00e9t\u00e9 d\u00e9pass\u00e9 par une r\u00e9alit\u00e9 plus puissante : celle des flux, qui ont fa\u00e7onn\u00e9 nos territoires bien plus que les projets architecturaux. Cette conf\u00e9rence reviendra sur quatre enjeux majeurs :<\/span><\/p>\n<p><span style=\"color: #000000;\">\u2013 les origines de la critique de la ville traditionnelle ;<\/span><\/p>\n<p><span style=\"color: #000000;\">\u2013 l\u2019impossibilit\u00e9 d\u2019adapter les centres anciens \u00e0 la voiture sans les d\u00e9truire ;<\/span><\/p>\n<p><span style=\"color: #000000;\">\u2013 les limites d\u2019un habitat dispers\u00e9 qui ab\u00eeme les campagnes ;<\/span><\/p>\n<p><span style=\"color: #000000;\">\u2013 le paradoxe d\u2019un p\u00e9ri\u2011urbain qui s\u2019\u00e9tend au nom de l\u2019\u00e9cologie.<\/span><\/p>\n<p><span style=\"color: #000000;\">En filigrane, une question centrale : comment la \u00ab ville verte \u00bb, souvent synonyme de d\u00e9pendance automobile, transforme nos paysages naturels et urbains.<\/span><\/p>\n<\/div>\n\n<div>\n<p><b>Auditorium Charles Aznavour complexe sportif \u00ab Le Podium \u00bb, \u00e0 c\u00f4t\u00e9 du CFAI, chemin de Capeau \u2013 ISTRES <\/b><\/p>\n<p><strong><span style=\"color: #000000;\">(L\u2019INSCRIPTION EST GRATUITE MAIS OBLIGATOIRE)<\/span><\/strong><\/p>\n<\/div>","protected":false},"excerpt":{"rendered":"<p>Conf\u00e9rence \u00ab\u00a0Les paysages perdus de la R\u00e9publique \u00bb Pr\u00e9sent\u00e9e par Pascal URBAIN Architecte DPLG, Docteur en esth\u00e9tique Aix-Marseille, ancien professeur et professeur \u00e9m\u00e9rite des \u00e9coles d&rsquo;architectures, Ancien architecte-conseil de l&rsquo;\u00c9tat Mardi 20 Janvier 2026 \u00e0 18h00 Au d\u00e9but du XX\u1d49 si\u00e8cle, les architectes modernes ont d\u00e9nonc\u00e9 la ville ancienne, jug\u00e9e insalubre et incapable d\u2019accueillir l\u2019automobile. [&hellip;]<\/p>\n","protected":false},"author":1,"featured_media":0,"parent":172,"menu_order":0,"comment_status":"closed","ping_status":"closed","template":"","meta":{"footnotes":""},"class_list":["post-1278","page","type-page","status-publish","hentry"],"_links":{"self":[{"href":"https:\/\/www.acapp.fr\/index.php\/wp-json\/wp\/v2\/pages\/1278","targetHints":{"allow":["GET"]}}],"collection":[{"href":"https:\/\/www.acapp.fr\/index.php\/wp-json\/wp\/v2\/pages"}],"about":[{"href":"https:\/\/www.acapp.fr\/index.php\/wp-json\/wp\/v2\/types\/page"}],"author":[{"embeddable":true,"href":"https:\/\/www.acapp.fr\/index.php\/wp-json\/wp\/v2\/users\/1"}],"replies":[{"embeddable":true,"href":"https:\/\/www.acapp.fr\/index.php\/wp-json\/wp\/v2\/comments?post=1278"}],"version-history":[{"count":1,"href":"https:\/\/www.acapp.fr\/index.php\/wp-json\/wp\/v2\/pages\/1278\/revisions"}],"predecessor-version":[{"id":1280,"href":"https:\/\/www.acapp.fr\/index.php\/wp-json\/wp\/v2\/pages\/1278\/revisions\/1280"}],"up":[{"embeddable":true,"href":"https:\/\/www.acapp.fr\/index.php\/wp-json\/wp\/v2\/pages\/172"}],"wp:attachment":[{"href":"https:\/\/www.acapp.fr\/index.php\/wp-json\/wp\/v2\/media?parent=1278"}],"curies":[{"name":"wp","href":"https:\/\/api.w.org\/{rel}","templated":true}]}}