{"id":127,"date":"2024-09-08T11:23:04","date_gmt":"2024-09-08T09:23:04","guid":{"rendered":"https:\/\/www.acapp.fr\/?page_id=127"},"modified":"2024-09-09T11:18:37","modified_gmt":"2024-09-09T09:18:37","slug":"cours-jean-philippe-lagrue","status":"publish","type":"page","link":"https:\/\/www.acapp.fr\/index.php\/cours-dhistoire-de-lart\/cours-jean-philippe-lagrue\/","title":{"rendered":"Cours Jean-Philippe Lagrue"},"content":{"rendered":"\n<figure class=\"wp-block-image aligncenter size-full\"><img loading=\"lazy\" decoding=\"async\" width=\"194\" height=\"182\" src=\"https:\/\/www.acapp.fr\/wp-content\/uploads\/2024\/09\/JP-Lagrue.jpg\" alt=\"\" class=\"wp-image-128\"\/><\/figure>\n\n\n<h5 style=\"text-align: center;\"><span style=\"color: #000080;\"><strong>Cours d\u2019histoire de l\u2019art<\/strong><\/span><\/h5>\n<p style=\"text-align: center;\"><span style=\"color: #000080;\"><strong>Pr\u00e9sent\u00e9 par Jean-Philippe LAGRUE, arch\u00e9ologue historien d\u2019art<\/strong><\/span><\/p>\n<p style=\"text-align: center;\"><span style=\"color: #000080;\"><strong><em>Art de l\u2019antiquit\u00e9 classique <\/em><\/strong><\/span><\/p>\n<p><span style=\"color: #000080;\"><strong>Suivre l\u2019\u00e9volution de l\u2019art grec et romain, de leurs origines (-2500 av notre \u00e8re) \u00e0 la fin de la romanit\u00e9 (5e si\u00e8cle) revient \u00e0 (re)visiter les \u201cclassiques\u201d, soit les plus grands monuments ou sculptures universellement connus, qui ont en grande partie d\u00e9termin\u00e9 le cours de l\u2019art occidental jusqu\u2019au XIX\u00e8me si\u00e8cle.<\/strong><\/span><\/p>\n<p><span style=\"color: #000080;\"><strong>24 s\u00e9ances <\/strong><strong>de 17h \u00e0 18h30<\/strong><strong> d\u00e9coup\u00e9es en 2 modules :<\/strong><\/span><\/p>\n\n\n<figure class=\"wp-block-image aligncenter size-full is-resized\"><img loading=\"lazy\" decoding=\"async\" width=\"738\" height=\"583\" src=\"https:\/\/www.acapp.fr\/wp-content\/uploads\/2024\/09\/Art-grec-antique.png\" alt=\"\" class=\"wp-image-129\" style=\"width:424px;height:auto\" srcset=\"https:\/\/www.acapp.fr\/wp-content\/uploads\/2024\/09\/Art-grec-antique.png 738w, https:\/\/www.acapp.fr\/wp-content\/uploads\/2024\/09\/Art-grec-antique-300x237.png 300w\" sizes=\"auto, (max-width: 738px) 100vw, 738px\" \/><\/figure>\n\n\n<p style=\"text-align: center;\"><strong><span style=\"color: #008000;\">1<sup>er<\/sup> module \u00ab L&rsquo;art grec antique (-2500 avt n.\u00e8-1er s. de notre \u00e8re) \u00bb : 15 s\u00e9ances 90\u20ac<\/span><\/strong><\/p>\n<ul>\n<li><span style=\"color: #333333;\">L\u2019Art des Cyclades (-2500 av. n. \u00e8.) <\/span><strong style=\"color: #333333; background-color: var(--wp--preset--color--background); font-family: var(--wp--preset--font-family--system-font); font-size: var(--wp--preset--font-size--medium);\">Mercredi 9 octobre 2024<\/strong><\/li>\n<\/ul>\n<ul>\n<li><span style=\"color: #333333;\">L\u2019Art cr\u00e9tois : la civilisation palatiale (2000-1500 av. n. \u00e8.) : Cnossos, Pha\u00efstos <\/span><strong style=\"color: #333333; background-color: var(--wp--preset--color--background); font-family: var(--wp--preset--font-family--system-font); font-size: var(--wp--preset--font-size--medium);\">Mercredi 16 octobre 2024<\/strong><\/li>\n<\/ul>\n<ul>\n<li><span style=\"color: #333333;\">L\u2019Art Myc\u00e9nien (13<sup>e<\/sup> \u2013 11<sup>e<\/sup> s. av. n. \u00e8.) <\/span><strong style=\"color: #333333; background-color: var(--wp--preset--color--background); font-family: var(--wp--preset--font-family--system-font); font-size: var(--wp--preset--font-size--medium);\">Mercredi 6 novembre 2024<\/strong><\/li>\n<\/ul>\n<ul>\n<li><span style=\"color: #333333;\">Pr\u00e9sentation historique\/ les d\u00e9buts de l\u2019art grec\u00a0: p\u00e9riodes g\u00e9om\u00e9trique et orientalisante (9<sup>e<\/sup>-7<sup>e<\/sup> si\u00e8cles av. n. \u00e8.) <\/span><strong style=\"color: #333333; background-color: var(--wp--preset--color--background); font-family: var(--wp--preset--font-family--system-font); font-size: var(--wp--preset--font-size--medium);\">Mercredi 13 novembre 2024<\/strong><\/li>\n<\/ul>\n<ul>\n<li><span style=\"color: #333333;\">Les dieux et les cultes (7<sup>e<\/sup> s-2<sup>e<\/sup> s av. n. \u00e8.) <\/span><strong style=\"color: #333333; background-color: var(--wp--preset--color--background); font-family: var(--wp--preset--font-family--system-font); font-size: var(--wp--preset--font-size--medium);\">Mercredi 20 novembre 2024<\/strong><\/li>\n<\/ul>\n<ul>\n<li><span style=\"color: #333333;\">L\u2019architecture religieuse, p\u00e9riode archa\u00efque (7<sup>e<\/sup>-6<sup>e<\/sup>-2<sup>e<\/sup> s av. n. \u00e8.) <\/span><strong style=\"color: #333333; background-color: var(--wp--preset--color--background); font-family: var(--wp--preset--font-family--system-font); font-size: var(--wp--preset--font-size--medium);\">Mercredi 27 novembre 2024<\/strong><\/li>\n<\/ul>\n<ul>\n<li><span style=\"color: #333333;\">La sculpture grecque, p\u00e9riode orientalisante et archa\u00efque (7<sup>e<\/sup>-6<sup>e<\/sup>-2<sup>e<\/sup> s av. n. \u00e8.) <\/span><strong style=\"color: #333333; background-color: var(--wp--preset--color--background); font-family: var(--wp--preset--font-family--system-font); font-size: var(--wp--preset--font-size--medium);\">Mercredi 4 d\u00e9cembre 2024<\/strong><\/li>\n<\/ul>\n<ul>\n<li><span style=\"color: #333333;\">La c\u00e9ramique archa\u00efque et orientalisante <\/span><strong style=\"color: #333333; background-color: var(--wp--preset--color--background); font-family: var(--wp--preset--font-family--system-font); font-size: var(--wp--preset--font-size--medium);\">Mercredi 11 d\u00e9cembre 2024<\/strong><\/li>\n<\/ul>\n<ul>\n<li><span style=\"color: #333333;\">L\u2019architecture classique : Delphes, Ath\u00e8nes Olympie <\/span><strong style=\"color: #333333; background-color: var(--wp--preset--color--background); font-family: var(--wp--preset--font-family--system-font); font-size: var(--wp--preset--font-size--medium);\">Mercredi 18 d\u00e9cembre 2024<\/strong><\/li>\n<\/ul>\n<ul>\n<li><span style=\"color: #333333;\">L\u2019architecture gymnique, de spectacle (5<sup>e<\/sup>-2<sup>e<\/sup> s av. n. \u00e8.) et classique (6<sup>e<\/sup>-4<sup>e<\/sup> s) <\/span><strong style=\"color: #333333; background-color: var(--wp--preset--color--background); font-family: var(--wp--preset--font-family--system-font); font-size: var(--wp--preset--font-size--medium);\">Mercredi 8 janvier 2025<\/strong><\/li>\n<\/ul>\n<ul>\n<li><span style=\"color: #333333;\">La sculpture, style S\u00e9v\u00e8re et classique (5<sup>e<\/sup>-4<sup>e<\/sup> s av. n. \u00e8.) <\/span><strong style=\"color: #333333; background-color: var(--wp--preset--color--background); font-family: var(--wp--preset--font-family--system-font); font-size: var(--wp--preset--font-size--medium);\">Mercredi 15 janvier 2025<\/strong><\/li>\n<\/ul>\n<ul>\n<li><span style=\"color: #333333;\">La vie quotidienne en Gr\u00e8ce classique d\u2019apr\u00e8s les vases peints <\/span><strong style=\"color: #333333; background-color: var(--wp--preset--color--background); font-family: var(--wp--preset--font-family--system-font); font-size: var(--wp--preset--font-size--medium);\">Mercredi 22 janvier 2025<\/strong><\/li>\n<\/ul>\n<ul>\n<li><span style=\"color: #333333;\">L\u2019architecture hell\u00e9nistique (3<sup>e<\/sup>-2<sup>e<\/sup> s av. n. \u00e8.) : architecture religieuse, domestique et de spectacle <\/span><strong style=\"color: #333333; background-color: var(--wp--preset--color--background); font-family: var(--wp--preset--font-family--system-font); font-size: var(--wp--preset--font-size--medium);\">Mercredi 29 janvier 2025<\/strong><\/li>\n<\/ul>\n<ul>\n<li><span style=\"color: #333333;\">L\u2019architecture hell\u00e9nistique (3e-2e s av. n. \u00e8.) <\/span><strong style=\"color: #333333; background-color: var(--wp--preset--color--background); font-family: var(--wp--preset--font-family--system-font); font-size: var(--wp--preset--font-size--medium);\">Mercredi 5 f\u00e9vrier 2025<\/strong><\/li>\n<\/ul>\n<ul>\n<li><span style=\"color: #333333;\">Les arts figur\u00e9s hell\u00e9nistiques : peinture, mosa\u00efque <\/span><strong style=\"color: #333333; background-color: var(--wp--preset--color--background); font-family: var(--wp--preset--font-family--system-font); font-size: var(--wp--preset--font-size--medium);\">Mercredi 26 f\u00e9vrier 2025<\/strong><\/li>\n<\/ul>\n\n\n<hr class=\"wp-block-separator has-text-color has-foreground-color has-alpha-channel-opacity has-foreground-background-color has-background is-style-wide\" style=\"margin-top:var(--wp--preset--spacing--80);margin-bottom:var(--wp--preset--spacing--80)\"\/>\n\n\n\n<figure class=\"wp-block-image aligncenter size-full\"><img loading=\"lazy\" decoding=\"async\" width=\"380\" height=\"414\" src=\"https:\/\/www.acapp.fr\/wp-content\/uploads\/2024\/09\/Art-romain.jpg\" alt=\"\" class=\"wp-image-131\" srcset=\"https:\/\/www.acapp.fr\/wp-content\/uploads\/2024\/09\/Art-romain.jpg 380w, https:\/\/www.acapp.fr\/wp-content\/uploads\/2024\/09\/Art-romain-275x300.jpg 275w\" sizes=\"auto, (max-width: 380px) 100vw, 380px\" \/><\/figure>\n\n\n<p style=\"text-align: center;\"><span style=\"color: #008000;\"><strong>2<sup>\u00e8me<\/sup> module \u00ab\u00a0Art et arch\u00e9ologie du monde romain (2<sup>e<\/sup> s av. n. \u00e8. \u2013 5<sup>e<\/sup> s de notre \u00e8re) \u00bb :<\/strong><\/span><\/p>\n<p style=\"text-align: center;\"><span style=\"color: #008000;\"><strong>9 s\u00e9ances, 54\u20ac<\/strong><\/span><\/p>\n<ul>\n<li><span style=\"color: #000000;\">Pr\u00e9sentation g\u00e9n\u00e9rale, histoire, g\u00e9ographie et civilisation <strong style=\"background-color: var(--wp--preset--color--background); font-family: var(--wp--preset--font-family--system-font); font-size: var(--wp--preset--font-size--medium);\">Mercredi 5 mars 2025<\/strong><\/span><\/li>\n<\/ul>\n<ul>\n<li><span style=\"color: #000000;\">\u00a0Civilisation romaine : la vie, la mort, l\u2019amour <strong style=\"background-color: var(--wp--preset--color--background); font-family: var(--wp--preset--font-family--system-font); font-size: var(--wp--preset--font-size--medium);\">Mercredi 12 mars 2025<\/strong><\/span><\/li>\n<\/ul>\n<ul>\n<li><span style=\"color: #000000;\">Architecture religieuse et publique <strong style=\"background-color: var(--wp--preset--color--background); font-family: var(--wp--preset--font-family--system-font); font-size: var(--wp--preset--font-size--medium);\">Mercredi 19 mars 2025<\/strong><\/span><\/li>\n<\/ul>\n<ul>\n<li><span style=\"color: #000000;\">\u00a0Architecture priv\u00e9e (<em>domus<\/em>) et rustique (<em>villae<\/em>) <strong style=\"background-color: var(--wp--preset--color--background); font-family: var(--wp--preset--font-family--system-font); font-size: var(--wp--preset--font-size--medium);\">Mercredi 26 mars 2025<\/strong><\/span><\/li>\n<\/ul>\n<ul>\n<li><span style=\"color: #000000;\">\u00a0Architecture de prestige, de spectacle et thermale <strong style=\"background-color: var(--wp--preset--color--background); font-family: var(--wp--preset--font-family--system-font); font-size: var(--wp--preset--font-size--medium);\">Mercredi 2 avril 2025<\/strong><\/span><\/li>\n<\/ul>\n<ul>\n<li><span style=\"color: #000000;\">\u00a0La sculpture de portrait officiel et priv\u00e9 <strong style=\"background-color: var(--wp--preset--color--background); font-family: var(--wp--preset--font-family--system-font); font-size: var(--wp--preset--font-size--medium);\">Mercredi 23 avril 2025<\/strong><\/span><\/li>\n<\/ul>\n<ul>\n<li><span style=\"color: #000000;\">Le bas-relief narratif et comm\u00e9moratif <strong style=\"background-color: var(--wp--preset--color--background); font-family: var(--wp--preset--font-family--system-font); font-size: var(--wp--preset--font-size--medium);\">Mercredi 30 avril 2025<\/strong><\/span><\/li>\n<\/ul>\n<ul>\n<li><span style=\"color: #000000;\">Peinture et mosa\u00efque <strong style=\"background-color: var(--wp--preset--color--background); font-family: var(--wp--preset--font-family--system-font); font-size: var(--wp--preset--font-size--medium);\">Mercredi 7 mai 2025<\/strong><\/span><\/li>\n<\/ul>\n<ul>\n<li><span style=\"color: #000000;\">Les industries : orf\u00e8vrerie, verre et c\u00e9ramique <strong style=\"background-color: var(--wp--preset--color--background); font-family: var(--wp--preset--font-family--system-font); font-size: var(--wp--preset--font-size--medium);\">Mercredi 14 mai 2025<\/strong><\/span><\/li>\n<\/ul>\n\n\n<hr class=\"wp-block-separator aligncenter has-text-color has-foreground-color has-alpha-channel-opacity has-foreground-background-color has-background is-style-wide\" style=\"margin-top:var(--wp--preset--spacing--60);margin-bottom:var(--wp--preset--spacing--60)\"\/>\n\n\n\n<p class=\"has-text-align-center has-foreground-color has-secondary-background-color has-text-color has-background has-link-color wp-elements-7e78b2132a8677de1f7be2a8d5f14ea2\"><a><strong>Si les deux modules sont pris le tarif global est de 134\u20ac.<\/strong><\/a><\/p>\n\n\n\n<p class=\"has-foreground-color has-text-color has-link-color wp-elements-a96c359bb4f355e9aa3df1030e40a0fc\">Auditorium Charles Aznavour complexe sportif \u00ab&nbsp;Le Podium&nbsp;\u00bb, \u00e0 c\u00f4t\u00e9 du CFAI, chemin de Capeau \u2013 ISTRES<\/p>\n\n\n\n<p class=\"has-foreground-color has-text-color has-link-color wp-elements-8c7e69bd72746b04c3cc1ff0124eecc4\"><strong>Renseignement et inscription aupr\u00e8s de l\u2019ACAPP \u2013 T\u00e9l : 04 13 22 81 33<\/strong><\/p>\n","protected":false},"excerpt":{"rendered":"<p>Cours d\u2019histoire de l\u2019art Pr\u00e9sent\u00e9 par Jean-Philippe LAGRUE, arch\u00e9ologue historien d\u2019art Art de l\u2019antiquit\u00e9 classique Suivre l\u2019\u00e9volution de l\u2019art grec et romain, de leurs origines (-2500 av notre \u00e8re) \u00e0 la fin de la romanit\u00e9 (5e si\u00e8cle) revient \u00e0 (re)visiter les \u201cclassiques\u201d, soit les plus grands monuments ou sculptures universellement connus, qui ont en grande [&hellip;]<\/p>\n","protected":false},"author":1,"featured_media":0,"parent":138,"menu_order":0,"comment_status":"closed","ping_status":"closed","template":"","meta":{"footnotes":""},"class_list":["post-127","page","type-page","status-publish","hentry"],"_links":{"self":[{"href":"https:\/\/www.acapp.fr\/index.php\/wp-json\/wp\/v2\/pages\/127","targetHints":{"allow":["GET"]}}],"collection":[{"href":"https:\/\/www.acapp.fr\/index.php\/wp-json\/wp\/v2\/pages"}],"about":[{"href":"https:\/\/www.acapp.fr\/index.php\/wp-json\/wp\/v2\/types\/page"}],"author":[{"embeddable":true,"href":"https:\/\/www.acapp.fr\/index.php\/wp-json\/wp\/v2\/users\/1"}],"replies":[{"embeddable":true,"href":"https:\/\/www.acapp.fr\/index.php\/wp-json\/wp\/v2\/comments?post=127"}],"version-history":[{"count":4,"href":"https:\/\/www.acapp.fr\/index.php\/wp-json\/wp\/v2\/pages\/127\/revisions"}],"predecessor-version":[{"id":137,"href":"https:\/\/www.acapp.fr\/index.php\/wp-json\/wp\/v2\/pages\/127\/revisions\/137"}],"up":[{"embeddable":true,"href":"https:\/\/www.acapp.fr\/index.php\/wp-json\/wp\/v2\/pages\/138"}],"wp:attachment":[{"href":"https:\/\/www.acapp.fr\/index.php\/wp-json\/wp\/v2\/media?parent=127"}],"curies":[{"name":"wp","href":"https:\/\/api.w.org\/{rel}","templated":true}]}}