{"id":1257,"date":"2025-12-02T09:40:11","date_gmt":"2025-12-02T08:40:11","guid":{"rendered":"https:\/\/www.acapp.fr\/?page_id=1257"},"modified":"2026-01-06T11:25:02","modified_gmt":"2026-01-06T10:25:02","slug":"cite-radieuse","status":"publish","type":"page","link":"https:\/\/www.acapp.fr\/index.php\/sorties-culturelles\/cite-radieuse\/","title":{"rendered":"Cite radieuse"},"content":{"rendered":"\n<p class=\"has-text-align-center has-foreground-color has-secondary-background-color has-text-color has-background has-link-color has-large-font-size wp-elements-b1600c1101b54f338f05a0711ff2f1e4\">SORTIE CULTURELLE A MARSEILLE &#8211; Cit\u00e9 radieuse et Cath\u00e9drale de La Major<\/p>\n\n\n\n<p class=\"has-text-align-center has-vivid-red-color has-text-color has-link-color has-large-font-size wp-elements-822e232905cc0afad21ef12944cc8513\"><strong>VENDREDI 23 JANVIER 2026 en autocar<\/strong><\/p>\n\n\n\n<p class=\"has-text-align-center has-vivid-red-color has-text-color has-link-color has-large-font-size wp-elements-2ad72898b893c0e3936bf24cdfe91707\"><strong>Prix : 20\u20ac<\/strong><\/p>\n\n\n<div>\n<p><span style=\"color: #000000;\"><b><u>Rendez-vous \u00e0 <\/u><\/b><b><u>8h<\/u><\/b><b><u> au parking du conservatoire de musique pour un d\u00e9part \u00e0 <\/u><\/b><b><u>8h15<\/u><\/b><\/span><\/p>\n<p><span style=\"color: #000000;\"><b>2 groupes de 25 personnes<\/b><\/span><\/p>\n<\/div>\n<p><span style=\"color: #000000;\"><strong>Le matin<\/strong>\u00a0: <\/span><br \/><span style=\"color: #000000;\">\u2022 <strong>Les deux groupes &#8211; Visite guid\u00e9e de La Cit\u00e9 Radieuse \u2013 Le Corbusier <\/strong><\/span><br \/><em><span style=\"color: #000000;\">Inscrite au Patrimoine mondial de l\u2019UNESCO, la Cit\u00e9 Radieuse \u2013 Le Corbusier est un immanquable \u00e0 visiter. En effet, cette Unit\u00e9 d\u2019habitations a tout pour vous surprendre. C\u2019est un vrai concept, jouant avec les lumi\u00e8res, les perspectives, les couleurs\u2026<\/span><\/em><br \/><em><span style=\"color: #000000;\">Bien plus qu\u2019un ensemble d\u2019appartements, c\u2019est une \u0153uvre architecturale \u00e0 part enti\u00e8re, cr\u00e9ative et avant-gardiste. Ce b\u00e2timent nouveau et moderne pour le XXe si\u00e8cle s\u2019inscrit avant tout dans la volont\u00e9 de Charles-Edouard Jeanneret (Le Corbusier) de proposer bien-\u00eatre et confort au quotidien \u00e0 tous les habitants de l\u2019unit\u00e9. Venez donc d\u00e9couvrir ce lieu incontournable de Marseille : pour les petits, les grands, la visite ravira tout le monde <\/span><\/em><br \/><strong><span style=\"color: #000000;\">Retour avec l\u2019autocar devant le Mucem<\/span><\/strong><\/p>\n<p><span style=\"color: #000000;\">\u2022 <strong>D\u00e9jeuner libre<\/strong><\/span><\/p>\n<p><span style=\"color: #000000;\"><strong>L\u2019apr\u00e8s-midi<\/strong>\u00a0: <\/span><br \/><span style=\"color: #000000;\">\u2022 <strong>Possibilit\u00e9 de la visite libre de l\u2019exposition \u00ab Lumi\u00e8res c\u00e9lestes \u00bb de l&rsquo;artiste Marcoville\u00a0 \u00e0 la Cath\u00e9drale de la Major <\/strong><\/span><br \/><em><span style=\"color: #000000;\">Marcoville, sculpteur fran\u00e7ais, r\u00e9cup\u00e8re depuis des d\u00e9cennies les d\u00e9chets, verres, m\u00e9taux, cartons, des objets de notre quotidien, dans une d\u00e9marche artistique et, anim\u00e9 par un souci \u00e9cologique. Un long travail de patience dans lequel le talent et l\u2019alchimie op\u00e8rent pour faire jaillir la lumi\u00e8re. Marcoville parvient ainsi \u00e0 cr\u00e9er des objets d\u2019art en combinant les formes et en les multipliant \u00e0 l\u2019infini pour donner jour \u00e0 une \u0153uvre onirique \u00e0 la gloire de la cr\u00e9ation. Dans cet \u00e9difice, l\u2019exposition est spectaculaire et se d\u00e9ploie en une for\u00eat d\u2019arbres exotiques de pr\u00e8s de 5 m de hauteur, une nu\u00e9e de 600 anges en verre transparent sabl\u00e9 et or le long de la nef, 50 madones grandeur nature et, devant l\u2019autel, 3 0000 poissons en verre iris\u00e9 qui s\u2019\u00e9l\u00e8vent vers le ciel, jusqu\u2019\u00e0 30 m de haut, comme un banc de poissons c\u00e9lestes. Un spectacle jamais vu dans la cath\u00e9drale ouverte sur la M\u00e9diterran\u00e9e, construite \u00e0 c\u00f4t\u00e9 de la vieille Major (IVe s.), v\u00e9ritable chef d\u2019\u0153uvre d\u2019art roman proven\u00e7al. Son style \u00ab\u00a0exotique\u00a0\u00bb et sa d\u00e9coration int\u00e9rieure somptueuse font immanquablement penser aux \u00e9glises d&rsquo;Orient. Vous pourrez y voir \u00e9galement les statues de Botinelly, celles de Carli, les autels de Cantini et le tombeau de St Eug\u00e8ne de Mazenod.<\/span><\/em><\/p>\n<p><strong><span style=\"color: #000000;\">Retour \u00e0 l\u2019autocar pour 16h30<\/span><\/strong><\/p>\n\n\n<p class=\"has-text-align-center has-large-font-size\"><strong>Date de d\u00e9but d\u2019inscription&nbsp;: VENDREDI 9 JANVIER 2026<\/strong><\/p>\n\n\n<div>\n<p><span style=\"color: #000000;\">Le ch\u00e8que de <strong>20<\/strong><b>\u20ac<\/b> est \u00e0 libeller au nom de <b>l\u2019ACAPP<\/b>.<\/span><\/p>\n<p><span style=\"color: #000000;\"><b><u>Inscriptions<\/u><\/b><b>\u00a0: sur place ou par t\u00e9l\u00e9phone<\/b> <b>: <\/b>ACAPP \u2013 CEC \u00ab\u00a0Les heures Claires\u00a0\u00bb Av. Radolfzell, 13800 Istres<\/span><\/p>\n<p><span style=\"color: #000000;\">T\u00e9l.\u00a0: <b>06 31 49 93 61<\/b>.<\/span><\/p>\n<p><span style=\"color: #000000;\"><b>&#8211;<\/b><b>En cas de probl\u00e8me le jour de la sortie Anne GLATIGNY\u00a0: 06.02.27.78.44<\/b><\/span><\/p>\n<\/div>","protected":false},"excerpt":{"rendered":"<p>SORTIE CULTURELLE A MARSEILLE &#8211; Cit\u00e9 radieuse et Cath\u00e9drale de La Major VENDREDI 23 JANVIER 2026 en autocar Prix : 20\u20ac Rendez-vous \u00e0 8h au parking du conservatoire de musique pour un d\u00e9part \u00e0 8h15 2 groupes de 25 personnes Le matin\u00a0: \u2022 Les deux groupes &#8211; Visite guid\u00e9e de La Cit\u00e9 Radieuse \u2013 Le [&hellip;]<\/p>\n","protected":false},"author":1,"featured_media":0,"parent":103,"menu_order":0,"comment_status":"closed","ping_status":"closed","template":"","meta":{"footnotes":""},"class_list":["post-1257","page","type-page","status-publish","hentry"],"_links":{"self":[{"href":"https:\/\/www.acapp.fr\/index.php\/wp-json\/wp\/v2\/pages\/1257","targetHints":{"allow":["GET"]}}],"collection":[{"href":"https:\/\/www.acapp.fr\/index.php\/wp-json\/wp\/v2\/pages"}],"about":[{"href":"https:\/\/www.acapp.fr\/index.php\/wp-json\/wp\/v2\/types\/page"}],"author":[{"embeddable":true,"href":"https:\/\/www.acapp.fr\/index.php\/wp-json\/wp\/v2\/users\/1"}],"replies":[{"embeddable":true,"href":"https:\/\/www.acapp.fr\/index.php\/wp-json\/wp\/v2\/comments?post=1257"}],"version-history":[{"count":4,"href":"https:\/\/www.acapp.fr\/index.php\/wp-json\/wp\/v2\/pages\/1257\/revisions"}],"predecessor-version":[{"id":1292,"href":"https:\/\/www.acapp.fr\/index.php\/wp-json\/wp\/v2\/pages\/1257\/revisions\/1292"}],"up":[{"embeddable":true,"href":"https:\/\/www.acapp.fr\/index.php\/wp-json\/wp\/v2\/pages\/103"}],"wp:attachment":[{"href":"https:\/\/www.acapp.fr\/index.php\/wp-json\/wp\/v2\/media?parent=1257"}],"curies":[{"name":"wp","href":"https:\/\/api.w.org\/{rel}","templated":true}]}}