{"id":1225,"date":"2025-10-29T17:34:12","date_gmt":"2025-10-29T16:34:12","guid":{"rendered":"https:\/\/www.acapp.fr\/?page_id=1225"},"modified":"2025-10-29T17:34:12","modified_gmt":"2025-10-29T16:34:12","slug":"pierre-noire","status":"publish","type":"page","link":"https:\/\/www.acapp.fr\/index.php\/ateliers\/pierre-noire\/","title":{"rendered":"Pierre noire"},"content":{"rendered":"\n<p class=\"has-text-align-center has-secondary-background-color has-background has-large-font-size\"><strong>STAGE PIERRE NOIRE<\/strong><\/p>\n\n\n\n<p class=\"has-text-align-center has-large-font-size\"><strong>SAMEDI 6 DECEMBRE 2025<\/strong><\/p>\n\n\n\n<p class=\"has-text-align-center\"><strong>de 10h \u00e0 12h30 et 13h30 \u00e016h<\/strong><\/p>\n\n\n\n<p class=\"has-text-align-center has-foreground-color has-text-color has-link-color wp-elements-8ef3ea14130c742ba836629b9ec162a6\"><em>Anim\u00e9 par Katy Serra, artiste peintre<\/em><\/p>\n\n\n\n<figure class=\"wp-block-image aligncenter size-full is-resized\"><img loading=\"lazy\" decoding=\"async\" width=\"358\" height=\"506\" src=\"https:\/\/www.acapp.fr\/wp-content\/uploads\/2025\/10\/Pierre-noire.jpg\" alt=\"\" class=\"wp-image-1226\" style=\"width:194px;height:auto\" srcset=\"https:\/\/www.acapp.fr\/wp-content\/uploads\/2025\/10\/Pierre-noire.jpg 358w, https:\/\/www.acapp.fr\/wp-content\/uploads\/2025\/10\/Pierre-noire-212x300.jpg 212w\" sizes=\"auto, (max-width: 358px) 100vw, 358px\" \/><\/figure>\n\n\n<p><span style=\"color: #000000;\">La pierre noire est utilis\u00e9e par les artistes depuis le 15\u00e8me si\u00e8cle surtout pour des esquisses ou des dessins pr\u00e9paratoires. Aujourd&rsquo;hui, beaucoup l&rsquo;utilisent pour des \u0153uvres abouties et cette technique est leur principal m\u00e9dium. Elle existe sous forme de crayons ou de craies de diff\u00e9rentes forces. Sa texture est tendre, d&rsquo;un noir intense et velout\u00e9. On l&rsquo;utilise sur papier blanc ou sur papier mi-teinte o\u00f9, associ\u00e9e \u00e0 la sanguine et \u00e0 la craie blanche, elle forme la technique des trois crayons. Pour cr\u00e9er des nuances, on att\u00e9nue le noir avec une estompe ou une gomme mie de pain mais la pierre noire ne se gomme pas compl\u00e8tement.<\/span><\/p>\n\n\n<figure class=\"wp-block-image aligncenter size-full is-resized\"><img loading=\"lazy\" decoding=\"async\" width=\"405\" height=\"298\" src=\"https:\/\/www.acapp.fr\/wp-content\/uploads\/2025\/10\/Pierre-noire-2.jpg\" alt=\"\" class=\"wp-image-1227\" style=\"width:262px;height:auto\" srcset=\"https:\/\/www.acapp.fr\/wp-content\/uploads\/2025\/10\/Pierre-noire-2.jpg 405w, https:\/\/www.acapp.fr\/wp-content\/uploads\/2025\/10\/Pierre-noire-2-300x221.jpg 300w\" sizes=\"auto, (max-width: 405px) 100vw, 405px\" \/><\/figure>\n\n\n<p><span style=\"color: #000000;\">A travers la pr\u00e9sentation du travail de certains artistes actuels, vous d\u00e9couvrirez les diff\u00e9rentes fa\u00e7ons d&rsquo;utiliser ce m\u00e9dium.<\/span><\/p>\n<p><span style=\"color: #000000;\">Vous aurez au choix trois sujets :<\/span><\/p>\n<ul>\n<li><span style=\"color: #000000;\">Une nature morte mise en place dans l&rsquo;atelier.<\/span><\/li>\n<li><span style=\"color: #000000;\">Une ou plusieurs photographies noir et blanc.<\/span><\/li>\n<li><span style=\"color: #000000;\">Un travail d&rsquo;apr\u00e8s une reproduction d&rsquo;\u0153uvre d&rsquo;art.<\/span><\/li>\n<\/ul>\n<p><span style=\"color: #000000;\"><strong>Mat\u00e9riel requis : Fourni par l\u2019ACAPP<\/strong><\/span><\/p>\n\n<p style=\"text-align: center;\"><span style=\"color: #000000;\">Atelier de l\u2019ACAPP \u2013 CEC Les Heures Claires, avenue Radolfzell &#8211; Istres<\/span><\/p>\n<p style=\"text-align: center;\"><span style=\"color: #ff0000;\"><strong>Tarif : 15\u20ac<\/strong><\/span><\/p>\n<p style=\"text-align: center;\"><span style=\"color: #000000;\">Inscription \u00e0 r\u00e9ception du flyer<\/span><\/p>\n<p><span style=\"color: #000000;\">Renseignement et inscription aupr\u00e8s de l\u2019ACAPP<\/span><\/p>\n<p><span style=\"color: #000000;\">CEC Les Heures Claires, avenue Radolfzell \u2013 ISTRES \u2013 04.13.22.81.33<\/span><\/p>\n<p><strong><em><span style=\"color: #000000;\">Le stage s\u2019adresse \u00e0 tous les niveaux, aussi bien d\u00e9butants que confirm\u00e9s.<\/span><\/em><\/strong><\/p>","protected":false},"excerpt":{"rendered":"<p>STAGE PIERRE NOIRE SAMEDI 6 DECEMBRE 2025 de 10h \u00e0 12h30 et 13h30 \u00e016h Anim\u00e9 par Katy Serra, artiste peintre La pierre noire est utilis\u00e9e par les artistes depuis le 15\u00e8me si\u00e8cle surtout pour des esquisses ou des dessins pr\u00e9paratoires. Aujourd&rsquo;hui, beaucoup l&rsquo;utilisent pour des \u0153uvres abouties et cette technique est leur principal m\u00e9dium. Elle [&hellip;]<\/p>\n","protected":false},"author":1,"featured_media":0,"parent":84,"menu_order":0,"comment_status":"closed","ping_status":"closed","template":"","meta":{"footnotes":""},"class_list":["post-1225","page","type-page","status-publish","hentry"],"_links":{"self":[{"href":"https:\/\/www.acapp.fr\/index.php\/wp-json\/wp\/v2\/pages\/1225","targetHints":{"allow":["GET"]}}],"collection":[{"href":"https:\/\/www.acapp.fr\/index.php\/wp-json\/wp\/v2\/pages"}],"about":[{"href":"https:\/\/www.acapp.fr\/index.php\/wp-json\/wp\/v2\/types\/page"}],"author":[{"embeddable":true,"href":"https:\/\/www.acapp.fr\/index.php\/wp-json\/wp\/v2\/users\/1"}],"replies":[{"embeddable":true,"href":"https:\/\/www.acapp.fr\/index.php\/wp-json\/wp\/v2\/comments?post=1225"}],"version-history":[{"count":1,"href":"https:\/\/www.acapp.fr\/index.php\/wp-json\/wp\/v2\/pages\/1225\/revisions"}],"predecessor-version":[{"id":1228,"href":"https:\/\/www.acapp.fr\/index.php\/wp-json\/wp\/v2\/pages\/1225\/revisions\/1228"}],"up":[{"embeddable":true,"href":"https:\/\/www.acapp.fr\/index.php\/wp-json\/wp\/v2\/pages\/84"}],"wp:attachment":[{"href":"https:\/\/www.acapp.fr\/index.php\/wp-json\/wp\/v2\/media?parent=1225"}],"curies":[{"name":"wp","href":"https:\/\/api.w.org\/{rel}","templated":true}]}}