{"id":1219,"date":"2025-10-29T17:04:03","date_gmt":"2025-10-29T16:04:03","guid":{"rendered":"https:\/\/www.acapp.fr\/?page_id=1219"},"modified":"2025-10-30T16:57:54","modified_gmt":"2025-10-30T15:57:54","slug":"othoniel","status":"publish","type":"page","link":"https:\/\/www.acapp.fr\/index.php\/sorties-culturelles\/othoniel\/","title":{"rendered":"Othoniel"},"content":{"rendered":"\n<p class=\"has-text-align-center has-foreground-color has-secondary-background-color has-text-color has-background has-link-color has-large-font-size wp-elements-ab26093cfa98cc7ea330fd707f8ec364\"><strong>SORTIE CULTURELLE A AVIGNON<\/strong><\/p>\n\n\n\n<p class=\"has-text-align-center\"><strong>VISITE GUIDEE DE L&rsquo;EXPOSITION \u00ab&nbsp;OTHONIEL \u00bb<\/strong><\/p>\n\n\n\n<p class=\"has-text-align-center has-large-font-size\">VENDREDI 5 DECEMBRE 2025 (en autocar)<\/p>\n\n\n\n<p class=\"has-text-align-center has-medium-font-size\"><strong>Prix : 20 euros<\/strong><\/p>\n\n\n\n<figure class=\"wp-block-image aligncenter size-full is-resized\"><img loading=\"lazy\" decoding=\"async\" width=\"455\" height=\"397\" src=\"https:\/\/www.acapp.fr\/wp-content\/uploads\/2025\/10\/Othoniel.jpg\" alt=\"\" class=\"wp-image-1220\" style=\"width:301px;height:auto\" srcset=\"https:\/\/www.acapp.fr\/wp-content\/uploads\/2025\/10\/Othoniel.jpg 455w, https:\/\/www.acapp.fr\/wp-content\/uploads\/2025\/10\/Othoniel-300x262.jpg 300w\" sizes=\"auto, (max-width: 455px) 100vw, 455px\" \/><\/figure>\n\n\n\n<p class=\"has-foreground-color has-text-color has-link-color wp-elements-eea9f5cdb7e73f4cc28f86894f3e4341\">Rendez-vous \u00e0 <strong>8h15<\/strong> au parking du conservatoire de musique pour un d\u00e9part \u00e0 <strong>8h30 &#8211;<\/strong> Retour aux alentours de <strong>18h30.<\/strong><\/p>\n\n\n\n<p class=\"has-foreground-color has-text-color has-link-color wp-elements-40c514c17df9a40ec3a493461f0f7eed\"><strong>3 groupes : 2 de 20 personnes et 1 de 19 personnes<\/strong><\/p>\n\n\n\n<p><strong>Le matin&nbsp;: les 3 groupes d\u00e9but de la visite \u00e0 10h30 puis apr\u00e8s midi libre<\/strong><\/p>\n\n\n<ul>\n<li><span style=\"color: #000000;\"><strong><u>Visite guid\u00e9e de l\u2019exposition \u00ab\u00a0OTHONIEL COSMOS ou les Fant\u00f4mes de l\u2019Amour \u00bb<\/u><\/strong><\/span><\/li>\n<\/ul>\n<p><span style=\"color: #000000;\">Art dans la ville, po\u00e9tique de la r\u00e9volte (1985 \u2013 2022) &#8211; 220 \u0153uvres, dont 160 in\u00e9dites, dans 10 lieux embl\u00e9matiques de la ville d\u2019Avignon.<\/span><\/p>\n<p><span style=\"color: #000000;\">Le Canzoni\u00e8re de P\u00e9trarque, qui v\u00e9cut \u00e0 Avignon, est d\u00e9di\u00e9 \u00e0 son amour perdu ; c\u2019est un monument de la litt\u00e9rature universelle, \u00e0 la fois sentimental et conceptuel, impr\u00e9gn\u00e9 d\u2019une grande abstraction lyrique. Jean-Michel Othoniel l\u2019a choisi comme fil conducteur pour son exposition, cr\u00e9ant un monde po\u00e9tique domin\u00e9 par un raisonnement infini, concis, abstrait et merveilleux. L\u2019exposition se d\u00e9roule comme un long sonnet, une aventure ponctu\u00e9e de stations et de p\u00e8lerinages amoureux, tout en laissant place \u00e0 l\u2019humour.<\/span><\/p>\n<p><span style=\"color: #000000;\">L\u2019exposition \u00ab OTHONIEL COSMOS ou les Fant\u00f4mes de l\u2019Amour \u00bb est con\u00e7ue comme une constellation o\u00f9 chaque lieu s\u2019enrichit mutuellement. Le Palais des Papes en est le soleil, autour duquel gravitent : la place du palais, le mus\u00e9e du Petit Palais-Louvre en Avignon, l\u2019incontournable pont d\u2019Avignon, le Mus\u00e9e Calvet, le Museum Requien le Couvent Sainte Claire, hommage direct \u00e0 P\u00e9trarque (c\u2019est l\u00e0 qu\u2019il tombe amoureux), le nouveau mus\u00e9e des bains Pommer et la Collection Lambert.<\/span><\/p>\n<p><span style=\"color: #000000;\">L\u2019id\u00e9e d\u2019une procession est au c\u0153ur de cette exposition. Le visiteur est invit\u00e9 \u00e0 naviguer d\u2019un mus\u00e9e \u00e0 l\u2019autre en suivant les \u00ab portes des navigateurs \u00bb, cr\u00e9\u00e9es par l\u2019artiste pour chaque lieu. Ces sculptures abstraites \u00e9voquent les croix des navigateurs, les cartes du ciel et le d\u00e9placement des \u00e9toiles.<\/span><\/p>\n<p><span style=\"color: #000000;\">Chaque mus\u00e9e, chaque espace, devient une \u00e9tape d\u2019un p\u00e8lerinage amoureux o\u00f9 le pass\u00e9 se r\u00e9invente sous le regard d\u2019un artiste visionnaire.<\/span><\/p>\n<ul>\n<li><span style=\"color: #000000;\"><strong><u>Groupe 1 (accompagn\u00e9 par un guide)<\/u><\/strong><\/span><\/li>\n<\/ul>\n<p><span style=\"color: #000000;\">o\u00a0\u00a0 D\u00e9but \u00e0 10h30 au <u>Palais des Papes<\/u><\/span><\/p>\n<p><span style=\"color: #000000;\">o\u00a0\u00a0 Vers 12h, au <u>mus\u00e9e du Petit Palais<\/u><\/span><\/p>\n<p><span style=\"color: #000000;\">o\u00a0\u00a0 Vers 12h30, au <u>Pont Saint-B\u00e9n\u00e9zet<\/u><\/span><\/p>\n<ul>\n<li><span style=\"color: #000000;\"><strong><u>Groupe 2 (accompagn\u00e9 par un guide)<\/u><\/strong><\/span><\/li>\n<\/ul>\n<p><span style=\"color: #000000;\">o\u00a0\u00a0 D\u00e9but \u00e0 10h30 au <u>mus\u00e9e du Petit Palais<\/u><\/span><\/p>\n<p><span style=\"color: #000000;\">o\u00a0\u00a0 Vers 11h, au <u>Palais des Papes<\/u><\/span><\/p>\n<p><span style=\"color: #000000;\">o\u00a0\u00a0 Vers 12h30, au <u>Pont Saint-B\u00e9n\u00e9zet<\/u><\/span><\/p>\n<ul>\n<li><span style=\"color: #000000;\"><strong><u>Groupe 3 (accompagn\u00e9 par un guide)<\/u><\/strong><\/span><\/li>\n<\/ul>\n<p><span style=\"color: #000000;\">o\u00a0\u00a0 D\u00e9but \u00e0 10h30 au <u>Pont Saint-B\u00e9n\u00e9zet<\/u><\/span><\/p>\n<p><span style=\"color: #000000;\">o\u00a0\u00a0 Vers 11h, au <u>mus\u00e9e du Petit Palais<\/u><\/span><\/p>\n<p><span style=\"color: #000000;\">o\u00a0\u00a0 Vers 11h30, au <u>Palais des Papes<\/u><\/span><\/p>\n<p><strong><span style=\"color: #000000;\"><u>FIN DES VISITES \u00c0 12H45 POUR LES 3 GROUPES<\/u><\/span><\/strong><\/p>\n\n\n<p class=\"has-vivid-cyan-blue-color has-secondary-background-color has-text-color has-background has-link-color has-large-font-size wp-elements-5b7e7094f190516a295d3726be5ac204\"><strong>Apr\u00e8s le repas du midi vous pourrez aller voir les autres sites (cf plus haut dans le texte) en visite libre<\/strong>.<\/p>\n\n\n\n<p><strong><u>D\u00e9jeuner au Grand Caf\u00e9 Barretta 22\u20ac sans boisson (menu en cours de pr\u00e9paration) ou d\u00e9jeuner libre&nbsp;<\/u><\/strong><\/p>\n\n\n\n<p class=\"has-text-align-center has-secondary-background-color has-background has-large-font-size\"><strong>Date de d\u00e9but d\u2019inscription&nbsp;: JEUDI 20 NOVEMBRE 2025<\/strong><\/p>\n\n\n\n<p class=\"has-foreground-color has-text-color has-link-color wp-elements-69758b0279a4f780a063e495b53e32c8\"><strong>R\u00e8glements&nbsp;: 20\u20ac, esp\u00e8ce, CB ou ch\u00e8que libell\u00e9 au nom de l\u2019ACAPP.<\/strong><\/p>\n\n\n\n<p class=\"has-foreground-color has-text-color has-link-color wp-elements-4a0206d1b47dea0ceab63442d0150042\"><strong>&nbsp;&nbsp;&nbsp;&nbsp;&nbsp;&nbsp;&nbsp;&nbsp;&nbsp;&nbsp;&nbsp; &nbsp;&nbsp;&nbsp;&nbsp;&nbsp;&nbsp;&nbsp;&nbsp;&nbsp; <\/strong><strong>22\u20ac, esp\u00e8ce ou ch\u00e8que libell\u00e9 au nom du restaurant \u00ab&nbsp;Grand Caf\u00e9 Barretta&nbsp;\u00bb<\/strong><\/p>\n\n\n\n<p><\/p>\n","protected":false},"excerpt":{"rendered":"<p>SORTIE CULTURELLE A AVIGNON VISITE GUIDEE DE L&rsquo;EXPOSITION \u00ab&nbsp;OTHONIEL \u00bb VENDREDI 5 DECEMBRE 2025 (en autocar) Prix : 20 euros Rendez-vous \u00e0 8h15 au parking du conservatoire de musique pour un d\u00e9part \u00e0 8h30 &#8211; Retour aux alentours de 18h30. 3 groupes : 2 de 20 personnes et 1 de 19 personnes Le matin&nbsp;: les [&hellip;]<\/p>\n","protected":false},"author":1,"featured_media":0,"parent":103,"menu_order":0,"comment_status":"closed","ping_status":"closed","template":"","meta":{"footnotes":""},"class_list":["post-1219","page","type-page","status-publish","hentry"],"_links":{"self":[{"href":"https:\/\/www.acapp.fr\/index.php\/wp-json\/wp\/v2\/pages\/1219","targetHints":{"allow":["GET"]}}],"collection":[{"href":"https:\/\/www.acapp.fr\/index.php\/wp-json\/wp\/v2\/pages"}],"about":[{"href":"https:\/\/www.acapp.fr\/index.php\/wp-json\/wp\/v2\/types\/page"}],"author":[{"embeddable":true,"href":"https:\/\/www.acapp.fr\/index.php\/wp-json\/wp\/v2\/users\/1"}],"replies":[{"embeddable":true,"href":"https:\/\/www.acapp.fr\/index.php\/wp-json\/wp\/v2\/comments?post=1219"}],"version-history":[{"count":3,"href":"https:\/\/www.acapp.fr\/index.php\/wp-json\/wp\/v2\/pages\/1219\/revisions"}],"predecessor-version":[{"id":1237,"href":"https:\/\/www.acapp.fr\/index.php\/wp-json\/wp\/v2\/pages\/1219\/revisions\/1237"}],"up":[{"embeddable":true,"href":"https:\/\/www.acapp.fr\/index.php\/wp-json\/wp\/v2\/pages\/103"}],"wp:attachment":[{"href":"https:\/\/www.acapp.fr\/index.php\/wp-json\/wp\/v2\/media?parent=1219"}],"curies":[{"name":"wp","href":"https:\/\/api.w.org\/{rel}","templated":true}]}}