{"id":1205,"date":"2025-10-29T09:42:20","date_gmt":"2025-10-29T08:42:20","guid":{"rendered":"https:\/\/www.acapp.fr\/?page_id=1205"},"modified":"2025-10-29T09:44:53","modified_gmt":"2025-10-29T08:44:53","slug":"rdv-cuisine","status":"publish","type":"page","link":"https:\/\/www.acapp.fr\/index.php\/actions\/rdv-cuisine\/","title":{"rendered":"RDV cuisine"},"content":{"rendered":"\n<p class=\"has-foreground-color has-text-color has-link-color wp-elements-99cfb9655e5645c73af88c48e48b25fe\"><strong>L\u2019Association ACAPP organise un \u00ab&nbsp;Rendez-vous d\u2019Artistes<\/strong>&nbsp;<strong>\u00bb<\/strong><\/p>\n\n\n\n<p class=\"has-text-align-center has-large-font-size\"><strong><u>Mardi 25 novembre \u00e0 18h30<\/u><\/strong><\/p>\n\n\n\n<p class=\"has-text-align-center has-large-font-size\"><strong><u>Th\u00e8me : \u00ab CUISINE \u00bb<\/u><\/strong><\/p>\n\n\n\n<figure class=\"wp-block-gallery has-nested-images columns-default is-cropped wp-block-gallery-1 is-layout-flex wp-block-gallery-is-layout-flex\">\n<figure class=\"wp-block-image size-thumbnail\"><img loading=\"lazy\" decoding=\"async\" width=\"150\" height=\"150\" data-id=\"1206\" src=\"https:\/\/www.acapp.fr\/wp-content\/uploads\/2025\/10\/cuisine1-150x150.jpg\" alt=\"\" class=\"wp-image-1206\" srcset=\"https:\/\/www.acapp.fr\/wp-content\/uploads\/2025\/10\/cuisine1-150x150.jpg 150w, https:\/\/www.acapp.fr\/wp-content\/uploads\/2025\/10\/cuisine1.jpg 225w\" sizes=\"auto, (max-width: 150px) 100vw, 150px\" \/><\/figure>\n\n\n\n<figure class=\"wp-block-image size-large\"><img loading=\"lazy\" decoding=\"async\" width=\"195\" height=\"259\" data-id=\"1207\" src=\"https:\/\/www.acapp.fr\/wp-content\/uploads\/2025\/10\/Cuisine2.jpg\" alt=\"\" class=\"wp-image-1207\"\/><\/figure>\n<\/figure>\n\n\n<p><span style=\"color: #000000;\"><strong>Th\u00e8me retenu par un collectif de plusieurs participants aux Rendez-vous d\u2019artistes.<\/strong><\/span><\/p>\n<p><span style=\"color: #000000;\"><strong><em>Historiquement, la cuisine a toujours \u00e9t\u00e9 le c\u0153ur de la maison, un espace pour la famille, et un lieu o\u00f9 les femmes ont exerc\u00e9 leur pouvoir, tout en partageant leurs joies et leurs peines&#8230;. C\u2019est aussi un endroit privil\u00e9gi\u00e9 par les artistes de toutes les \u00e9poques, que ce soit pour d\u00e9crire les arrivages de poisson, de gibier, ou pour faire valoir la vaisselle et la table, qu&rsquo;elle soit modeste ou richement d\u00e9cor\u00e9e. La cuisine, quel lieu inspirant pour les artistes ! Immortaliser une tomate gorg\u00e9e de soleil, un ustensile, un quartier de viande, capturer l&rsquo;ambiance d&rsquo;un repas familial comme l&rsquo;ont si bien rendu Rembrandt, C\u00e9zanne, De Vlaminck, Irving Penn et tant d&rsquo;autres.<\/em><\/strong><\/span><\/p>\n<p><span style=\"color: #000000;\"><strong><em>Alors peinture, photo, installation, vous pouvez tout vous permettre ! A vos pinceaux, vos couleurs, vos objectifs, cr\u00e9ez, cr\u00e9ez pour une rencontre dans la convivialit\u00e9 et la bonne humeur ! Liliane Jouvet\/ Dany Desarnaud<\/em><\/strong><\/span><\/p>\n\n\n<figure class=\"wp-block-image aligncenter size-full is-resized\"><img loading=\"lazy\" decoding=\"async\" width=\"202\" height=\"148\" src=\"https:\/\/www.acapp.fr\/wp-content\/uploads\/2025\/10\/Cuisine3.jpg\" alt=\"\" class=\"wp-image-1208\" style=\"width:298px;height:auto\"\/><\/figure>\n\n\n<p class=\"has-foreground-color has-text-color has-link-color wp-elements-4189516acb8e1bb5601a107f37d3aee9\"><strong>Chaque personne apportant une \u0153uvre devra le faire savoir lors de son inscription et venir 5mn avant l\u2019heure de d\u00e9but, afin d\u2019accrocher son \u0153uvre<\/strong>.<\/p>\n<p class=\"has-foreground-color has-text-color has-link-color wp-elements-d504058b8620144dc9590d96014b9545\"><strong>L\u2019ACAPP pourra fournir des petits chevalets pour poser vos \u0153uvres. Si le format est trop important ou pour les sculptures, porter votre support si vous en avez la possibilit\u00e9.<\/strong><\/p>\n<p class=\"has-foreground-color has-text-color has-link-color wp-elements-9ef99c43798ede690bd8b2d0fe0102b3\"><em><strong>Ap\u00e9ritif\u00a0: Le principe est le repas \u00ab tir\u00e9 du sac \u00bb \u00e0 savoir que chacun apporte un mets et le partage. L\u2019ACAPP offre les boissons.<\/strong><\/em><\/p>\n\n\n<p class=\"has-text-align-center\"><strong><u>Date de d\u00e9but d\u2019inscription&nbsp;: D\u00e8s r\u00e9ception de l\u2019information<\/u><\/strong><\/p>\n\n\n\n<p class=\"has-text-align-center\"><strong><u>Date limite d\u2019inscription : lundi 24 novembre 2025<\/u><\/strong><\/p>\n\n\n\n<p class=\"has-foreground-color has-text-color has-link-color wp-elements-0995547ca659b44fd1a7886ed4f6f2c4\"><strong><u>Inscription obligatoire<\/u>&nbsp;sur place ou par t\u00e9l\u00e9phone<\/strong><\/p>\n\n\n\n<p class=\"has-foreground-color has-text-color has-link-color wp-elements-35ac7ddad164a06a35daab121ed218c0\"><strong>Locaux de l&rsquo;ACAPP : <\/strong><a><strong>CEC Les Heures Claires, avenue Radolfzell &#8211; 13800 Istres<\/strong><\/a><\/p>\n","protected":false},"excerpt":{"rendered":"<p>L\u2019Association ACAPP organise un \u00ab&nbsp;Rendez-vous d\u2019Artistes&nbsp;\u00bb Mardi 25 novembre \u00e0 18h30 Th\u00e8me : \u00ab CUISINE \u00bb Th\u00e8me retenu par un collectif de plusieurs participants aux Rendez-vous d\u2019artistes. Historiquement, la cuisine a toujours \u00e9t\u00e9 le c\u0153ur de la maison, un espace pour la famille, et un lieu o\u00f9 les femmes ont exerc\u00e9 leur pouvoir, tout en [&hellip;]<\/p>\n","protected":false},"author":1,"featured_media":0,"parent":272,"menu_order":0,"comment_status":"closed","ping_status":"closed","template":"","meta":{"footnotes":""},"class_list":["post-1205","page","type-page","status-publish","hentry"],"_links":{"self":[{"href":"https:\/\/www.acapp.fr\/index.php\/wp-json\/wp\/v2\/pages\/1205","targetHints":{"allow":["GET"]}}],"collection":[{"href":"https:\/\/www.acapp.fr\/index.php\/wp-json\/wp\/v2\/pages"}],"about":[{"href":"https:\/\/www.acapp.fr\/index.php\/wp-json\/wp\/v2\/types\/page"}],"author":[{"embeddable":true,"href":"https:\/\/www.acapp.fr\/index.php\/wp-json\/wp\/v2\/users\/1"}],"replies":[{"embeddable":true,"href":"https:\/\/www.acapp.fr\/index.php\/wp-json\/wp\/v2\/comments?post=1205"}],"version-history":[{"count":3,"href":"https:\/\/www.acapp.fr\/index.php\/wp-json\/wp\/v2\/pages\/1205\/revisions"}],"predecessor-version":[{"id":1211,"href":"https:\/\/www.acapp.fr\/index.php\/wp-json\/wp\/v2\/pages\/1205\/revisions\/1211"}],"up":[{"embeddable":true,"href":"https:\/\/www.acapp.fr\/index.php\/wp-json\/wp\/v2\/pages\/272"}],"wp:attachment":[{"href":"https:\/\/www.acapp.fr\/index.php\/wp-json\/wp\/v2\/media?parent=1205"}],"curies":[{"name":"wp","href":"https:\/\/api.w.org\/{rel}","templated":true}]}}